{"id":12374,"date":"2020-11-09T08:32:18","date_gmt":"2020-11-09T08:32:18","guid":{"rendered":"https:\/\/www.deltaohm.com\/chi-siamo\/"},"modified":"2024-11-18T09:10:53","modified_gmt":"2024-11-18T09:10:53","slug":"chi-siamo","status":"publish","type":"page","link":"https:\/\/environmental.senseca.com\/it\/chi-siamo\/","title":{"rendered":"Chi siamo"},"content":{"rendered":"[blank_spacer height=&#8221;30px&#8221; width=&#8221;1\/1&#8243; el_position=&#8221;first last&#8221;] [sf_gallery gallery_id=&#8221;347&#8243; slider_transition=&#8221;slide&#8221; show_thumbs=&#8221;no&#8221; autoplay=&#8221;yes&#8221; show_captions=&#8221;yes&#8221; enable_lightbox=&#8221;yes&#8221; width=&#8221;1\/2&#8243; el_position=&#8221;first&#8221;] [spb_text_block title=&#8221;Benvenuti in Senseca&#8221; pb_margin_bottom=&#8221;no&#8221; pb_border_bottom=&#8221;no&#8221; width=&#8221;1\/2&#8243; el_position=&#8221;last&#8221;]\n<p>In Senseca Italy, nata nel 1978 come Delta OHM, ci impegniamo a guidare lo sviluppo di componenti meteorologici sostenibili ogni giorno, sia con la produzione di un portafoglio prodotti di elevato valore qualitativo, che con l&#8217;adeguata competenza scientifica. Sviluppiamo e produciamo una vasta gamma di strumenti meteorologici per misurare la velocit\u00e0 del vento, la direzione del vento, le precipitazioni, la pressione atmosferica, l&#8217;umidit\u00e0, la radiazione solare, la luce e la temperatura.<\/p>\n<p>Oltre al settore meteorologico, il nostro portafoglio prodotti include anche una vasta gamma di datalogger wireless, strumentazione professionale di misura e controllo, sensori e strumenti portatili per la misura di Suono e Vibrazioni, Microclima, CO-CO<sub>2<\/sub>-Qualit\u00e0 dell&#8217;aria, Analisi Acque, Umidit\u00e0 Relativa, Velocit\u00e0 dell&#8217;Aria, Fotometria\/Radiometria, Temperatura e Pressione.<\/p>\n<h2><strong><a href=\"https:\/\/environmental.senseca.com\/wp-content\/uploads\/document\/DeltaOHM_GHM_GROUP_diventa_Senseca.pdf\">Qui puoi trovare l&#8217;informativa ufficiale relativa alla modifica della nostra ragione sociale<\/a>.<\/strong><\/h2>\n[\/spb_text_block] [blank_spacer height=&#8221;30px&#8221; width=&#8221;1\/1&#8243; el_position=&#8221;first last&#8221;] [spb_text_block title=&#8221;ISO 9001 &#8211; ISO 14001&#8243; pb_margin_bottom=&#8221;no&#8221; pb_border_bottom=&#8221;no&#8221; width=&#8221;1\/2&#8243; el_position=&#8221;first&#8221;]\n<p>Tutti i nostri processi aziendali sono conformi alla norma internazionale ISO. Il nostro certificato ISO 9001:2015 <strong><a href=\"https:\/\/environmental.senseca.com\/wp-content\/uploads\/document\/Certificato_ISO_9001_2015_U1_ITA_2026.PDF\">\u00e8 disponibile qui per il download<\/a>.<\/strong><\/p>\n<p>Nel 2023, abbiamo inoltre ottenuto la certificazione ISO 14001 che qualifica il nostro Sistema di Gestione Integrato nelle aree della qualit\u00e0 e dell&#8217;ambiente, dimostrando il nostro impegno per aumentare la soddisfazione dei clienti e la nostra capacit\u00e0 di gestire le nostre responsabilit\u00e0 ambientali per contribuire alla sostenibilit\u00e0 del pianeta.<\/p>\n<p>Il nostro certificato ISO 14001 <a href=\"https:\/\/environmental.senseca.com\/wp-content\/uploads\/document\/Certificato_ISO_14001_2015_U1_IT_2026.PDF\"><strong>\u00e8 disponibile qui per il download<\/strong><\/a>.<\/p>\n[\/spb_text_block] [spb_text_block title=&#8221;&#8221; pb_margin_bottom=&#8221;no&#8221; pb_border_bottom=&#8221;no&#8221; width=&#8221;1\/2&#8243; el_position=&#8221;last&#8221;]\n<img decoding=\"async\" loading=\"lazy\" class=\"alignnone wp-image-15362 size-medium\" src=\"https:\/\/environmental.senseca.com\/wp-content\/uploads\/2023\/07\/9001_14001_eng_tc_p-192x300.jpg\" alt=\"\" width=\"192\" height=\"300\" srcset=\"https:\/\/environmental.senseca.com\/wp-content\/uploads\/2023\/07\/9001_14001_eng_tc_p-192x300.jpg 192w, https:\/\/environmental.senseca.com\/wp-content\/uploads\/2023\/07\/9001_14001_eng_tc_p.jpg 300w\" sizes=\"(max-width: 192px) 100vw, 192px\" \/><\/p>\n<p>&nbsp;<\/p>\n[\/spb_text_block] [blank_spacer height=&#8221;100px&#8221; width=&#8221;1\/1&#8243; el_position=&#8221;first last&#8221;] [spb_text_block pb_margin_bottom=&#8221;no&#8221; pb_border_bottom=&#8221;no&#8221; el_class=&#8221;mt0 pt0&#8243; width=&#8221;1\/4&#8243; el_position=&#8221;first&#8221;]\n<p style=\"text-align: center;\"><i class=\"ss-home sf-icon sf-icon-float-none sf-icon-medium sf-icon-\"><\/i>\n<p style=\"text-align: center;\"><div class=\"sf-count-asset\"><div class=\"count-number\" data-from=\"0\" data-to=\"1978\" data-speed=\"1000\" data-refresh-interval=\"25\" data-prefix=\"\" data-suffix=\"\" data-with-commas=\"false\"><\/div><div class=\"count-divider\"><span><\/span><\/div><h6 class=\"count-subject\">Fondazione Senseca<\/h6><\/div>\n[\/spb_text_block] [spb_text_block pb_margin_bottom=&#8221;no&#8221; pb_border_bottom=&#8221;no&#8221; el_class=&#8221;mt0 pt0&#8243; width=&#8221;1\/4&#8243;]\n<p style=\"text-align: center;\"><i class=\"ss-piechart sf-icon sf-icon-float-none sf-icon-medium sf-icon-\"><\/i>\n<p style=\"text-align: center;\"><div class=\"sf-count-asset\"><div class=\"count-number\" data-from=\"0\" data-to=\"1998\" data-speed=\"1500\" data-refresh-interval=\"25\" data-prefix=\"\" data-suffix=\"\" data-with-commas=\"false\"><\/div><div class=\"count-divider\"><span><\/span><\/div><h6 class=\"count-subject\">Primo accreditamento ISO 17025 per il laboratorio di temperatura<\/h6><\/div>\n[\/spb_text_block] [spb_text_block pb_margin_bottom=&#8221;no&#8221; pb_border_bottom=&#8221;no&#8221; el_class=&#8221;mt0 pt0&#8243; width=&#8221;1\/4&#8243;]\n<p style=\"text-align: center;\"><i class=\"ss-barchart sf-icon sf-icon-float-none sf-icon-medium sf-icon-\"><\/i>\n<p style=\"text-align: center;\"><div class=\"sf-count-asset\"><div class=\"count-number\" data-from=\"0\" data-to=\"2006\" data-speed=\"200\" data-refresh-interval=\"25\" data-prefix=\"\" data-suffix=\"\" data-with-commas=\"false\"><\/div><div class=\"count-divider\"><span><\/span><\/div><h6 class=\"count-subject\">6 laboratori accreditati ISO 17025<\/h6><\/div>\n[\/spb_text_block] [spb_text_block pb_margin_bottom=&#8221;no&#8221; pb_border_bottom=&#8221;no&#8221; el_class=&#8221;mt0 pt0&#8243; width=&#8221;1\/4&#8243; el_position=&#8221;last&#8221;]\n<p style=\"text-align: center;\"><i class=\"ss-globe sf-icon sf-icon-float-none sf-icon-medium sf-icon-\"><\/i>\n<p style=\"text-align: center;\"><div class=\"sf-count-asset\"><div class=\"count-number\" data-from=\"0\" data-to=\"2015\" data-speed=\"2000\" data-refresh-interval=\"25\" data-prefix=\"\" data-suffix=\"\" data-with-commas=\"false\"><\/div><div class=\"count-divider\"><span><\/span><\/div><h6 class=\"count-subject\">Fusione con GHM GROUP<\/h6><\/div>\n[\/spb_text_block] [blank_spacer height=&#8221;100px&#8221; width=&#8221;1\/1&#8243; el_position=&#8221;first last&#8221;] [spb_text_block title=&#8221;I nostri mercati di riferimento&#8221; pb_margin_bottom=&#8221;no&#8221; pb_border_bottom=&#8221;no&#8221; width=&#8221;1\/2&#8243; el_position=&#8221;first&#8221;]\n<p>I prodotti Senseca sono stati testati per anni in un&#8217;ampia gamma di applicazioni:<br \/>\n<ul class=\"sf-list\"> <li><i class=\"ss-link\"><\/i><span>Monitoraggio Ambientale<\/span><\/li>\n<li><i class=\"ss-link\"><\/i><span>Meteorologia<\/span><\/li>\n<li><i class=\"ss-link\"><\/i><span>Energie rinnovabili<\/span><\/li>\n<li><i class=\"ss-link\"><\/i><span>Energia solare &amp; eolica<\/span><\/li>\n<li><i class=\"ss-link\"><\/i><span>Building<\/span><\/li>\n<li><i class=\"ss-link\"><\/i><span>Building Automation<\/span><\/li>\n<li><i class=\"ss-link\"><\/i><span>Industria di processo<\/span><\/li>\n<li><i class=\"ss-link\"><\/i><span>Agricoltura &amp; Alimentare<\/span><\/li>\n<li><i class=\"ss-link\"><\/i><span>Salute &amp; Sicurezza<\/span><\/li>\n<li><i class=\"ss-link\"><\/i><span>Car Service<\/span><\/li> <\/ul>\n[\/spb_text_block] [spb_text_block title=&#8221;Delta OHM e GHM GRUP diventano Senseca&#8221; pb_margin_bottom=&#8221;no&#8221; pb_border_bottom=&#8221;no&#8221; width=&#8221;1\/2&#8243; el_position=&#8221;last&#8221;]\n<p>Nel <strong>novembre 2015<\/strong> Delta OHM \u00e8 entrata a far parte di <strong>GHM GROUP<\/strong>, un gruppo industriale tedesco con sede a Remscheid e leader nella tecnologia di misura e controllo.<\/p>\n<p>Per decenni, i nostri marchi Greisinger, Honsberg, Martens, Val.Co e Delta OHM sono stati pionieri nel campo della tecnologia di misura. Produciamo soluzioni innovative e personalizzabili secondo i pi\u00f9 elevati standard industriali e ambientali per i nostri clienti in tutto il mondo.<br \/>\nCon la fusione nel 2024 di tutti e cinque i marchi del gruppo sotto<strong> il nuovo brand Senseca<\/strong>, stiamo compiendo il passo successivo verso l&#8217;internazionalizzazione.<\/p>\n<p>La nostra nuova e agile struttura aziendale riunisce le competenze uniche dei precedenti marchi in team interdisciplinari.<br \/>\nQuesto porta a cicli di sviluppo pi\u00f9 brevi, a una pi\u00f9 rapida disponibilit\u00e0 dei prodotti e a innovazioni. Inoltre, \u00e8 possibile beneficiare di un referente unico e di un facile accesso all&#8217;intera gamma di prodotti.<br \/>\nInsieme, possiamo sfruttare le opportunit\u00e0 in un&#8217;ampia gamma di settori: energie rinnovabili, citt\u00e0 connesse, Industria 4.0, agricoltura, sanit\u00e0 e farmaceutica, nonch\u00e9 gestione delle acque, solo per citarne alcuni.<\/p>\n<p>Per maggiori informazioni su Senseca <a href=\"https:\/\/www.senseca.com\/it\/\"><strong>clicca qui<\/strong><\/a>. [\/spb_text_block]\n","protected":false},"excerpt":{"rendered":"<p>[blank_spacer height=&#8221;30px&#8221; width=&#8221;1\/1&#8243; el_position=&#8221;first last&#8221;] [sf_gallery gallery_id=&#8221;347&#8243; slider_transition=&#8221;slide&#8221; show_thumbs=&#8221;no&#8221; autoplay=&#8221;yes&#8221; show_captions=&#8221;yes&#8221; enable_lightbox=&#8221;yes&#8221; width=&#8221;1\/2&#8243; el_position=&#8221;first&#8221;] [spb_text_block title=&#8221;Benvenuti in Senseca&#8221; pb_margin_bottom=&#8221;no&#8221; pb_border_bottom=&#8221;no&#8221; width=&#8221;1\/2&#8243; el_position=&#8221;last&#8221;] In Senseca Italy, nata nel 1978 come Delta OHM, ci impegniamo a guidare lo sviluppo di componenti meteorologici sostenibili ogni giorno, sia con la produzione di un portafoglio prodotti di elevato valore qualitativo, che con l&#8217;adeguata competenza scientifica. [&hellip;]<\/p>\n","protected":false},"author":12,"featured_media":12375,"parent":0,"menu_order":0,"comment_status":"closed","ping_status":"closed","template":"","meta":{"footnotes":""},"yoast_head":"<!-- This site is optimized with the Yoast SEO plugin v21.1 - https:\/\/yoast.com\/wordpress\/plugins\/seo\/ -->\n<title>Produzione strumentazione di misura e controllo - Senseca Italy Srl<\/title>\n<meta name=\"description\" content=\"Senseca sviluppa e produce una vasta gamma di strumenti di misura, monitoraggio, test e controllo di Temperatura, Pressione, Umidit\u00e0 e altro\" \/>\n<meta name=\"robots\" content=\"index, follow, max-snippet:-1, max-image-preview:large, max-video-preview:-1\" \/>\n<link rel=\"canonical\" href=\"https:\/\/environmental.senseca.com\/it\/chi-siamo\/\" \/>\n<meta property=\"og:locale\" content=\"it_IT\" \/>\n<meta property=\"og:type\" content=\"article\" \/>\n<meta property=\"og:title\" content=\"Produzione strumentazione di misura e controllo - Senseca Italy Srl\" \/>\n<meta property=\"og:description\" content=\"Senseca sviluppa e produce una vasta gamma di strumenti di misura, monitoraggio, test e controllo di Temperatura, Pressione, Umidit\u00e0 e altro\" \/>\n<meta property=\"og:url\" content=\"https:\/\/environmental.senseca.com\/it\/chi-siamo\/\" \/>\n<meta property=\"og:site_name\" content=\"Senseca Italy Srl\" \/>\n<meta property=\"article:modified_time\" content=\"2024-11-18T09:10:53+00:00\" \/>\n<meta property=\"og:image\" content=\"https:\/\/environmental.senseca.com\/wp-content\/uploads\/2018\/06\/DeltaOhm-about.jpg\" \/>\n\t<meta property=\"og:image:width\" content=\"1000\" \/>\n\t<meta property=\"og:image:height\" content=\"468\" \/>\n\t<meta property=\"og:image:type\" content=\"image\/jpeg\" \/>\n<meta name=\"twitter:card\" content=\"summary_large_image\" \/>\n<meta name=\"twitter:label1\" content=\"Tempo di lettura stimato\" \/>\n\t<meta name=\"twitter:data1\" content=\"3 minuti\" \/>\n<script type=\"application\/ld+json\" class=\"yoast-schema-graph\">{\"@context\":\"https:\/\/schema.org\",\"@graph\":[{\"@type\":\"WebPage\",\"@id\":\"https:\/\/environmental.senseca.com\/it\/chi-siamo\/\",\"url\":\"https:\/\/environmental.senseca.com\/it\/chi-siamo\/\",\"name\":\"Produzione strumentazione di misura e controllo - Senseca Italy Srl\",\"isPartOf\":{\"@id\":\"https:\/\/environmental.senseca.com\/#website\"},\"datePublished\":\"2020-11-09T08:32:18+00:00\",\"dateModified\":\"2024-11-18T09:10:53+00:00\",\"description\":\"Senseca sviluppa e produce una vasta gamma di strumenti di misura, monitoraggio, test e controllo di Temperatura, Pressione, Umidit\u00e0 e altro\",\"breadcrumb\":{\"@id\":\"https:\/\/environmental.senseca.com\/it\/chi-siamo\/#breadcrumb\"},\"inLanguage\":\"it-IT\",\"potentialAction\":[{\"@type\":\"ReadAction\",\"target\":[\"https:\/\/environmental.senseca.com\/it\/chi-siamo\/\"]}]},{\"@type\":\"BreadcrumbList\",\"@id\":\"https:\/\/environmental.senseca.com\/it\/chi-siamo\/#breadcrumb\",\"itemListElement\":[{\"@type\":\"ListItem\",\"position\":1,\"name\":\"Home\",\"item\":\"https:\/\/environmental.senseca.com\/it\/\"},{\"@type\":\"ListItem\",\"position\":2,\"name\":\"Chi siamo\"}]},{\"@type\":\"WebSite\",\"@id\":\"https:\/\/environmental.senseca.com\/#website\",\"url\":\"https:\/\/environmental.senseca.com\/\",\"name\":\"Senseca Italy Srl\",\"description\":\"Member of GHM GROUP\",\"publisher\":{\"@id\":\"https:\/\/environmental.senseca.com\/#organization\"},\"alternateName\":\"Senseca\",\"potentialAction\":[{\"@type\":\"SearchAction\",\"target\":{\"@type\":\"EntryPoint\",\"urlTemplate\":\"https:\/\/environmental.senseca.com\/?s={search_term_string}\"},\"query-input\":\"required name=search_term_string\"}],\"inLanguage\":\"it-IT\"},{\"@type\":\"Organization\",\"@id\":\"https:\/\/environmental.senseca.com\/#organization\",\"name\":\"Senseca Italy Srl\",\"url\":\"https:\/\/environmental.senseca.com\/\",\"logo\":{\"@type\":\"ImageObject\",\"inLanguage\":\"it-IT\",\"@id\":\"https:\/\/environmental.senseca.com\/#\/schema\/logo\/image\/\",\"url\":\"https:\/\/environmental.senseca.com\/wp-content\/uploads\/2018\/07\/logo_prodotti.jpg\",\"contentUrl\":\"https:\/\/environmental.senseca.com\/wp-content\/uploads\/2018\/07\/logo_prodotti.jpg\",\"width\":1000,\"height\":1000,\"caption\":\"Senseca Italy Srl\"},\"image\":{\"@id\":\"https:\/\/environmental.senseca.com\/#\/schema\/logo\/image\/\"},\"sameAs\":[\"https:\/\/www.linkedin.com\/company\/senseca-measurement-solutions\/\",\"https:\/\/www.youtube.com\/@senseca-measurement-solutions\"]}]}<\/script>\n<!-- \/ Yoast SEO plugin. -->","yoast_head_json":{"title":"Produzione strumentazione di misura e controllo - Senseca Italy Srl","description":"Senseca sviluppa e produce una vasta gamma di strumenti di misura, monitoraggio, test e controllo di Temperatura, Pressione, Umidit\u00e0 e altro","robots":{"index":"index","follow":"follow","max-snippet":"max-snippet:-1","max-image-preview":"max-image-preview:large","max-video-preview":"max-video-preview:-1"},"canonical":"https:\/\/environmental.senseca.com\/it\/chi-siamo\/","og_locale":"it_IT","og_type":"article","og_title":"Produzione strumentazione di misura e controllo - Senseca Italy Srl","og_description":"Senseca sviluppa e produce una vasta gamma di strumenti di misura, monitoraggio, test e controllo di Temperatura, Pressione, Umidit\u00e0 e altro","og_url":"https:\/\/environmental.senseca.com\/it\/chi-siamo\/","og_site_name":"Senseca Italy Srl","article_modified_time":"2024-11-18T09:10:53+00:00","og_image":[{"width":1000,"height":468,"url":"https:\/\/environmental.senseca.com\/wp-content\/uploads\/2018\/06\/DeltaOhm-about.jpg","type":"image\/jpeg"}],"twitter_card":"summary_large_image","twitter_misc":{"Tempo di lettura stimato":"3 minuti"},"schema":{"@context":"https:\/\/schema.org","@graph":[{"@type":"WebPage","@id":"https:\/\/environmental.senseca.com\/it\/chi-siamo\/","url":"https:\/\/environmental.senseca.com\/it\/chi-siamo\/","name":"Produzione strumentazione di misura e controllo - Senseca Italy Srl","isPartOf":{"@id":"https:\/\/environmental.senseca.com\/#website"},"datePublished":"2020-11-09T08:32:18+00:00","dateModified":"2024-11-18T09:10:53+00:00","description":"Senseca sviluppa e produce una vasta gamma di strumenti di misura, monitoraggio, test e controllo di Temperatura, Pressione, Umidit\u00e0 e altro","breadcrumb":{"@id":"https:\/\/environmental.senseca.com\/it\/chi-siamo\/#breadcrumb"},"inLanguage":"it-IT","potentialAction":[{"@type":"ReadAction","target":["https:\/\/environmental.senseca.com\/it\/chi-siamo\/"]}]},{"@type":"BreadcrumbList","@id":"https:\/\/environmental.senseca.com\/it\/chi-siamo\/#breadcrumb","itemListElement":[{"@type":"ListItem","position":1,"name":"Home","item":"https:\/\/environmental.senseca.com\/it\/"},{"@type":"ListItem","position":2,"name":"Chi siamo"}]},{"@type":"WebSite","@id":"https:\/\/environmental.senseca.com\/#website","url":"https:\/\/environmental.senseca.com\/","name":"Senseca Italy Srl","description":"Member of GHM GROUP","publisher":{"@id":"https:\/\/environmental.senseca.com\/#organization"},"alternateName":"Senseca","potentialAction":[{"@type":"SearchAction","target":{"@type":"EntryPoint","urlTemplate":"https:\/\/environmental.senseca.com\/?s={search_term_string}"},"query-input":"required name=search_term_string"}],"inLanguage":"it-IT"},{"@type":"Organization","@id":"https:\/\/environmental.senseca.com\/#organization","name":"Senseca Italy Srl","url":"https:\/\/environmental.senseca.com\/","logo":{"@type":"ImageObject","inLanguage":"it-IT","@id":"https:\/\/environmental.senseca.com\/#\/schema\/logo\/image\/","url":"https:\/\/environmental.senseca.com\/wp-content\/uploads\/2018\/07\/logo_prodotti.jpg","contentUrl":"https:\/\/environmental.senseca.com\/wp-content\/uploads\/2018\/07\/logo_prodotti.jpg","width":1000,"height":1000,"caption":"Senseca Italy Srl"},"image":{"@id":"https:\/\/environmental.senseca.com\/#\/schema\/logo\/image\/"},"sameAs":["https:\/\/www.linkedin.com\/company\/senseca-measurement-solutions\/","https:\/\/www.youtube.com\/@senseca-measurement-solutions"]}]}},"_links":{"self":[{"href":"https:\/\/environmental.senseca.com\/it\/wp-json\/wp\/v2\/pages\/12374"}],"collection":[{"href":"https:\/\/environmental.senseca.com\/it\/wp-json\/wp\/v2\/pages"}],"about":[{"href":"https:\/\/environmental.senseca.com\/it\/wp-json\/wp\/v2\/types\/page"}],"author":[{"embeddable":true,"href":"https:\/\/environmental.senseca.com\/it\/wp-json\/wp\/v2\/users\/12"}],"replies":[{"embeddable":true,"href":"https:\/\/environmental.senseca.com\/it\/wp-json\/wp\/v2\/comments?post=12374"}],"version-history":[{"count":19,"href":"https:\/\/environmental.senseca.com\/it\/wp-json\/wp\/v2\/pages\/12374\/revisions"}],"predecessor-version":[{"id":16005,"href":"https:\/\/environmental.senseca.com\/it\/wp-json\/wp\/v2\/pages\/12374\/revisions\/16005"}],"wp:featuredmedia":[{"embeddable":true,"href":"https:\/\/environmental.senseca.com\/it\/wp-json\/wp\/v2\/media\/12375"}],"wp:attachment":[{"href":"https:\/\/environmental.senseca.com\/it\/wp-json\/wp\/v2\/media?parent=12374"}],"curies":[{"name":"wp","href":"https:\/\/api.w.org\/{rel}","templated":true}]}}