{"id":12378,"date":"2020-11-09T09:57:00","date_gmt":"2020-11-09T09:57:00","guid":{"rendered":"https:\/\/www.deltaohm.com\/ghm-group\/"},"modified":"2025-02-05T17:07:48","modified_gmt":"2025-02-05T17:07:48","slug":"il-gruppo","status":"publish","type":"page","link":"https:\/\/environmental.senseca.com\/it\/il-gruppo\/","title":{"rendered":"IL GRUPPO"},"content":{"rendered":"[blank_spacer height=&#8221;30px&#8221; width=&#8221;1\/1&#8243; el_position=&#8221;first last&#8221;] [spb_text_block title=&#8221;Benvenuti in Senseca&#8221; pb_margin_bottom=&#8221;no&#8221; pb_border_bottom=&#8221;no&#8221; width=&#8221;1\/1&#8243; el_position=&#8221;last&#8221;]\n<p><strong>La nuova casa della tecnologia di misurazione d&#8217;eccellenza!<\/strong><\/p>\n<p>Da decenni, i nostri marchi Greisinger, Honsberg, Martens, Val.Co e Delta OHM sono pionieri nel campo della tecnologia di misurazione.<br \/>\nCon la fusione dei cinque marchi di GHM GROUP sotto il nome di Senseca, stiamo compiendo un importante passo verso l&#8217;internazionalizzazione.<\/p>\n<p>La nostra nuova e dinamica struttura aziendale riunisce le competenze uniche dei marchi storici in team interdisciplinari. Questo approccio consente cicli di sviluppo pi\u00f9 brevi, una disponibilit\u00e0 pi\u00f9 rapida dei prodotti, nuove innovazioni e un accesso semplificato all\u2019intera gamma di soluzioni offerte.<br \/>\nInsieme, possiamo cogliere opportunit\u00e0 in settori strategici e in continua evoluzione: energie rinnovabili, citt\u00e0 intelligenti, Industria 4.0, agricoltura, sanit\u00e0 e farmaceutica, oltre alla gestione delle risorse idriche, solo per citarne alcuni.<\/p>\n<p>Nel 2024, l\u2019acquisizione di Biral e Geonica ha rappresentato un passo deciso verso la leadership globale nella tecnologia dei sensori, dimostrando che la creazione di Senseca non \u00e8 solo una semplice integrazione, ma una mossa strategica e visionaria per plasmare il futuro dell\u2019industria.<\/p>\n[\/spb_text_block] [spb_text_block title=&#8221;All in one. All for you.&#8221; pb_margin_bottom=&#8221;no&#8221; pb_border_bottom=&#8221;no&#8221; width=&#8221;1\/1&#8243; el_position=&#8221;first last&#8221;]\n<p>Sette brand, uniti dalla passione per la tecnologia di misura!<\/p>\n[\/spb_text_block] [spb_text_block pb_margin_bottom=&#8221;no&#8221; pb_border_bottom=&#8221;no&#8221; width=&#8221;1\/1&#8243; el_position=&#8221;first last&#8221;]\n<header>\n<h2 class=\"ce-headline-center\" style=\"text-align: center;\"><a href=\"https:\/\/www.senseca.com\/about-us\/\" target=\"_blank\" rel=\"noopener\">Il nostro gruppo in sintesi<\/a><\/h2>\n<p><img decoding=\"async\" loading=\"lazy\" class=\"wp-image-16091 size-full aligncenter\" src=\"https:\/\/environmental.senseca.com\/wp-content\/uploads\/2025\/02\/Senseca_7Brands-Grafik_050225.png\" alt=\"\" width=\"770\" height=\"350\" srcset=\"https:\/\/environmental.senseca.com\/wp-content\/uploads\/2025\/02\/Senseca_7Brands-Grafik_050225.png 770w, https:\/\/environmental.senseca.com\/wp-content\/uploads\/2025\/02\/Senseca_7Brands-Grafik_050225-300x136.png 300w, https:\/\/environmental.senseca.com\/wp-content\/uploads\/2025\/02\/Senseca_7Brands-Grafik_050225-768x349.png 768w, https:\/\/environmental.senseca.com\/wp-content\/uploads\/2025\/02\/Senseca_7Brands-Grafik_050225-600x273.png 600w\" sizes=\"(max-width: 770px) 100vw, 770px\" \/><\/p>\n<\/header>\n<div class=\"ce-image ce-center ce-above\">\n<div class=\"ce-gallery\" data-ce-columns=\"1\" data-ce-images=\"2\">\n<div class=\"ce-outer\">\n<div class=\"ce-inner\">\n<div class=\"ce-row\">\n<div class=\"ce-column\"><\/div>\n<\/div>\n<\/div>\n<\/div>\n<\/div>\n<\/div>\n[\/spb_text_block] [blank_spacer height=&#8221;30px&#8221; width=&#8221;1\/1&#8243; el_position=&#8221;first last&#8221;] [boxed_content title=&#8221;BIRAL&#8221; type=&#8221;coloured&#8221; pb_margin_bottom=&#8221;no&#8221; width=&#8221;1\/2&#8243; el_position=&#8221;first&#8221;]\n<p><span style=\"color: #000000;\" data-olk-copy-source=\"MessageBody\"><a href=\"https:\/\/www.biral.com\/\"><img decoding=\"async\" loading=\"lazy\" class=\"aligncenter wp-image-16093\" src=\"https:\/\/environmental.senseca.com\/wp-content\/uploads\/2025\/02\/Biral_Logo.png\" alt=\"\" width=\"200\" height=\"77\" srcset=\"https:\/\/environmental.senseca.com\/wp-content\/uploads\/2025\/02\/Biral_Logo.png 2017w, https:\/\/environmental.senseca.com\/wp-content\/uploads\/2025\/02\/Biral_Logo-300x115.png 300w, https:\/\/environmental.senseca.com\/wp-content\/uploads\/2025\/02\/Biral_Logo-1024x394.png 1024w, https:\/\/environmental.senseca.com\/wp-content\/uploads\/2025\/02\/Biral_Logo-768x295.png 768w, https:\/\/environmental.senseca.com\/wp-content\/uploads\/2025\/02\/Biral_Logo-1536x591.png 1536w, https:\/\/environmental.senseca.com\/wp-content\/uploads\/2025\/02\/Biral_Logo-1280x492.png 1280w, https:\/\/environmental.senseca.com\/wp-content\/uploads\/2025\/02\/Biral_Logo-600x231.png 600w\" sizes=\"(max-width: 200px) 100vw, 200px\" \/><\/a><span style=\"color: #333333;\">Bristol \u00e8 il nostro centro di competenza, dove produciamo sensori di Visibilit\u00e0 e Tempo Presente, insieme ai nostri Rilevatori di fulmini.<\/span><\/span><\/p>\n[\/boxed_content] [boxed_content title=&#8221;GEONICA&#8221; type=&#8221;coloured&#8221; pb_margin_bottom=&#8221;no&#8221; width=&#8221;1\/2&#8243; el_position=&#8221;last&#8221;]\n<p><span style=\"color: #333333;\" data-olk-copy-source=\"MessageBody\"><a href=\"https:\/\/www.geonica.com\/en\/\"><img decoding=\"async\" loading=\"lazy\" class=\"aligncenter wp-image-16095\" src=\"https:\/\/environmental.senseca.com\/wp-content\/uploads\/2025\/02\/Geonica_Logo.png\" alt=\"\" width=\"300\" height=\"56\" srcset=\"https:\/\/environmental.senseca.com\/wp-content\/uploads\/2025\/02\/Geonica_Logo.png 1987w, https:\/\/environmental.senseca.com\/wp-content\/uploads\/2025\/02\/Geonica_Logo-300x56.png 300w, https:\/\/environmental.senseca.com\/wp-content\/uploads\/2025\/02\/Geonica_Logo-1024x193.png 1024w, https:\/\/environmental.senseca.com\/wp-content\/uploads\/2025\/02\/Geonica_Logo-768x145.png 768w, https:\/\/environmental.senseca.com\/wp-content\/uploads\/2025\/02\/Geonica_Logo-1536x289.png 1536w, https:\/\/environmental.senseca.com\/wp-content\/uploads\/2025\/02\/Geonica_Logo-1280x241.png 1280w, https:\/\/environmental.senseca.com\/wp-content\/uploads\/2025\/02\/Geonica_Logo-600x113.png 600w\" sizes=\"(max-width: 300px) 100vw, 300px\" \/><\/a><\/span><\/p>\n<p><span style=\"color: #333333;\" data-olk-copy-source=\"MessageBody\">A Madrid progettiamo e produciamo sistemi, stazioni meteorologiche, datalogger e piattaforme di raccolta dati per il monitoraggio meteorologico e ambientale.\u200b<\/span><\/p>\n[\/boxed_content]\n","protected":false},"excerpt":{"rendered":"<p>[blank_spacer height=&#8221;30px&#8221; width=&#8221;1\/1&#8243; el_position=&#8221;first last&#8221;] [spb_text_block title=&#8221;Benvenuti in Senseca&#8221; pb_margin_bottom=&#8221;no&#8221; pb_border_bottom=&#8221;no&#8221; width=&#8221;1\/1&#8243; el_position=&#8221;last&#8221;] La nuova casa della tecnologia di misurazione d&#8217;eccellenza! Da decenni, i nostri marchi Greisinger, Honsberg, Martens, Val.Co e Delta OHM sono pionieri nel campo della tecnologia di misurazione. Con la fusione dei cinque marchi di GHM GROUP sotto il nome di Senseca, stiamo compiendo un importante passo [&hellip;]<\/p>\n","protected":false},"author":12,"featured_media":12383,"parent":0,"menu_order":0,"comment_status":"closed","ping_status":"closed","template":"","meta":{"footnotes":""},"yoast_head":"<!-- This site is optimized with the Yoast SEO plugin v21.1 - https:\/\/yoast.com\/wordpress\/plugins\/seo\/ -->\n<title>IL GRUPPO - Senseca Italy Srl<\/title>\n<meta name=\"description\" content=\"GHM GROUP offre tecnologie di misura per l\u2019industria, per misurazioni ambientali e strumenti di misura portatili e da laboratorio\" \/>\n<meta name=\"robots\" content=\"index, follow, max-snippet:-1, max-image-preview:large, max-video-preview:-1\" \/>\n<link rel=\"canonical\" href=\"https:\/\/environmental.senseca.com\/it\/il-gruppo\/\" \/>\n<meta property=\"og:locale\" content=\"it_IT\" \/>\n<meta property=\"og:type\" content=\"article\" \/>\n<meta property=\"og:title\" content=\"IL GRUPPO - Senseca Italy Srl\" \/>\n<meta property=\"og:description\" content=\"GHM GROUP offre tecnologie di misura per l\u2019industria, per misurazioni ambientali e strumenti di misura portatili e da laboratorio\" \/>\n<meta property=\"og:url\" content=\"https:\/\/environmental.senseca.com\/it\/il-gruppo\/\" \/>\n<meta property=\"og:site_name\" content=\"Senseca Italy Srl\" \/>\n<meta property=\"article:modified_time\" content=\"2025-02-05T17:07:48+00:00\" \/>\n<meta property=\"og:image\" content=\"https:\/\/environmental.senseca.com\/wp-content\/uploads\/2018\/07\/ghm_group_company.jpg\" \/>\n\t<meta property=\"og:image:width\" content=\"1280\" \/>\n\t<meta property=\"og:image:height\" content=\"800\" \/>\n\t<meta property=\"og:image:type\" content=\"image\/jpeg\" \/>\n<meta name=\"twitter:card\" content=\"summary_large_image\" \/>\n<meta name=\"twitter:label1\" content=\"Tempo di lettura stimato\" \/>\n\t<meta name=\"twitter:data1\" content=\"2 minuti\" \/>\n<script type=\"application\/ld+json\" class=\"yoast-schema-graph\">{\"@context\":\"https:\/\/schema.org\",\"@graph\":[{\"@type\":\"WebPage\",\"@id\":\"https:\/\/environmental.senseca.com\/it\/il-gruppo\/\",\"url\":\"https:\/\/environmental.senseca.com\/it\/il-gruppo\/\",\"name\":\"IL GRUPPO - Senseca Italy Srl\",\"isPartOf\":{\"@id\":\"https:\/\/environmental.senseca.com\/#website\"},\"datePublished\":\"2020-11-09T09:57:00+00:00\",\"dateModified\":\"2025-02-05T17:07:48+00:00\",\"description\":\"GHM GROUP offre tecnologie di misura per l\u2019industria, per misurazioni ambientali e strumenti di misura portatili e da laboratorio\",\"breadcrumb\":{\"@id\":\"https:\/\/environmental.senseca.com\/it\/il-gruppo\/#breadcrumb\"},\"inLanguage\":\"it-IT\",\"potentialAction\":[{\"@type\":\"ReadAction\",\"target\":[\"https:\/\/environmental.senseca.com\/it\/il-gruppo\/\"]}]},{\"@type\":\"BreadcrumbList\",\"@id\":\"https:\/\/environmental.senseca.com\/it\/il-gruppo\/#breadcrumb\",\"itemListElement\":[{\"@type\":\"ListItem\",\"position\":1,\"name\":\"Home\",\"item\":\"https:\/\/environmental.senseca.com\/it\/\"},{\"@type\":\"ListItem\",\"position\":2,\"name\":\"IL GRUPPO\"}]},{\"@type\":\"WebSite\",\"@id\":\"https:\/\/environmental.senseca.com\/#website\",\"url\":\"https:\/\/environmental.senseca.com\/\",\"name\":\"Senseca Italy Srl\",\"description\":\"Member of GHM GROUP\",\"publisher\":{\"@id\":\"https:\/\/environmental.senseca.com\/#organization\"},\"alternateName\":\"Senseca\",\"potentialAction\":[{\"@type\":\"SearchAction\",\"target\":{\"@type\":\"EntryPoint\",\"urlTemplate\":\"https:\/\/environmental.senseca.com\/?s={search_term_string}\"},\"query-input\":\"required name=search_term_string\"}],\"inLanguage\":\"it-IT\"},{\"@type\":\"Organization\",\"@id\":\"https:\/\/environmental.senseca.com\/#organization\",\"name\":\"Senseca Italy Srl\",\"url\":\"https:\/\/environmental.senseca.com\/\",\"logo\":{\"@type\":\"ImageObject\",\"inLanguage\":\"it-IT\",\"@id\":\"https:\/\/environmental.senseca.com\/#\/schema\/logo\/image\/\",\"url\":\"https:\/\/environmental.senseca.com\/wp-content\/uploads\/2018\/07\/logo_prodotti.jpg\",\"contentUrl\":\"https:\/\/environmental.senseca.com\/wp-content\/uploads\/2018\/07\/logo_prodotti.jpg\",\"width\":1000,\"height\":1000,\"caption\":\"Senseca Italy Srl\"},\"image\":{\"@id\":\"https:\/\/environmental.senseca.com\/#\/schema\/logo\/image\/\"},\"sameAs\":[\"https:\/\/www.linkedin.com\/company\/senseca-measurement-solutions\/\",\"https:\/\/www.youtube.com\/@senseca-measurement-solutions\"]}]}<\/script>\n<!-- \/ Yoast SEO plugin. -->","yoast_head_json":{"title":"IL GRUPPO - Senseca Italy Srl","description":"GHM GROUP offre tecnologie di misura per l\u2019industria, per misurazioni ambientali e strumenti di misura portatili e da laboratorio","robots":{"index":"index","follow":"follow","max-snippet":"max-snippet:-1","max-image-preview":"max-image-preview:large","max-video-preview":"max-video-preview:-1"},"canonical":"https:\/\/environmental.senseca.com\/it\/il-gruppo\/","og_locale":"it_IT","og_type":"article","og_title":"IL GRUPPO - Senseca Italy Srl","og_description":"GHM GROUP offre tecnologie di misura per l\u2019industria, per misurazioni ambientali e strumenti di misura portatili e da laboratorio","og_url":"https:\/\/environmental.senseca.com\/it\/il-gruppo\/","og_site_name":"Senseca Italy Srl","article_modified_time":"2025-02-05T17:07:48+00:00","og_image":[{"width":1280,"height":800,"url":"https:\/\/environmental.senseca.com\/wp-content\/uploads\/2018\/07\/ghm_group_company.jpg","type":"image\/jpeg"}],"twitter_card":"summary_large_image","twitter_misc":{"Tempo di lettura stimato":"2 minuti"},"schema":{"@context":"https:\/\/schema.org","@graph":[{"@type":"WebPage","@id":"https:\/\/environmental.senseca.com\/it\/il-gruppo\/","url":"https:\/\/environmental.senseca.com\/it\/il-gruppo\/","name":"IL GRUPPO - Senseca Italy Srl","isPartOf":{"@id":"https:\/\/environmental.senseca.com\/#website"},"datePublished":"2020-11-09T09:57:00+00:00","dateModified":"2025-02-05T17:07:48+00:00","description":"GHM GROUP offre tecnologie di misura per l\u2019industria, per misurazioni ambientali e strumenti di misura portatili e da laboratorio","breadcrumb":{"@id":"https:\/\/environmental.senseca.com\/it\/il-gruppo\/#breadcrumb"},"inLanguage":"it-IT","potentialAction":[{"@type":"ReadAction","target":["https:\/\/environmental.senseca.com\/it\/il-gruppo\/"]}]},{"@type":"BreadcrumbList","@id":"https:\/\/environmental.senseca.com\/it\/il-gruppo\/#breadcrumb","itemListElement":[{"@type":"ListItem","position":1,"name":"Home","item":"https:\/\/environmental.senseca.com\/it\/"},{"@type":"ListItem","position":2,"name":"IL GRUPPO"}]},{"@type":"WebSite","@id":"https:\/\/environmental.senseca.com\/#website","url":"https:\/\/environmental.senseca.com\/","name":"Senseca Italy Srl","description":"Member of GHM GROUP","publisher":{"@id":"https:\/\/environmental.senseca.com\/#organization"},"alternateName":"Senseca","potentialAction":[{"@type":"SearchAction","target":{"@type":"EntryPoint","urlTemplate":"https:\/\/environmental.senseca.com\/?s={search_term_string}"},"query-input":"required name=search_term_string"}],"inLanguage":"it-IT"},{"@type":"Organization","@id":"https:\/\/environmental.senseca.com\/#organization","name":"Senseca Italy Srl","url":"https:\/\/environmental.senseca.com\/","logo":{"@type":"ImageObject","inLanguage":"it-IT","@id":"https:\/\/environmental.senseca.com\/#\/schema\/logo\/image\/","url":"https:\/\/environmental.senseca.com\/wp-content\/uploads\/2018\/07\/logo_prodotti.jpg","contentUrl":"https:\/\/environmental.senseca.com\/wp-content\/uploads\/2018\/07\/logo_prodotti.jpg","width":1000,"height":1000,"caption":"Senseca Italy Srl"},"image":{"@id":"https:\/\/environmental.senseca.com\/#\/schema\/logo\/image\/"},"sameAs":["https:\/\/www.linkedin.com\/company\/senseca-measurement-solutions\/","https:\/\/www.youtube.com\/@senseca-measurement-solutions"]}]}},"_links":{"self":[{"href":"https:\/\/environmental.senseca.com\/it\/wp-json\/wp\/v2\/pages\/12378"}],"collection":[{"href":"https:\/\/environmental.senseca.com\/it\/wp-json\/wp\/v2\/pages"}],"about":[{"href":"https:\/\/environmental.senseca.com\/it\/wp-json\/wp\/v2\/types\/page"}],"author":[{"embeddable":true,"href":"https:\/\/environmental.senseca.com\/it\/wp-json\/wp\/v2\/users\/12"}],"replies":[{"embeddable":true,"href":"https:\/\/environmental.senseca.com\/it\/wp-json\/wp\/v2\/comments?post=12378"}],"version-history":[{"count":9,"href":"https:\/\/environmental.senseca.com\/it\/wp-json\/wp\/v2\/pages\/12378\/revisions"}],"predecessor-version":[{"id":16111,"href":"https:\/\/environmental.senseca.com\/it\/wp-json\/wp\/v2\/pages\/12378\/revisions\/16111"}],"wp:featuredmedia":[{"embeddable":true,"href":"https:\/\/environmental.senseca.com\/it\/wp-json\/wp\/v2\/media\/12383"}],"wp:attachment":[{"href":"https:\/\/environmental.senseca.com\/it\/wp-json\/wp\/v2\/media?parent=12378"}],"curies":[{"name":"wp","href":"https:\/\/api.w.org\/{rel}","templated":true}]}}