{"id":12047,"date":"2020-10-05T13:42:22","date_gmt":"2020-10-05T14:21:46","guid":{"rendered":"https:\/\/www.deltaohm.com\/product\/hd49-trasmettitori-passivi-temperatura-umidita\/"},"modified":"2025-12-29T17:46:49","modified_gmt":"2025-12-29T17:46:49","slug":"hd49-trasmettitori-passivi-temperatura-umidita","status":"publish","type":"product","link":"https:\/\/environmental.senseca.com\/it\/prodotto\/hd49-trasmettitori-passivi-temperatura-umidita\/","title":{"rendered":"HD49&#8230; Serie &#8211; Trasmettitori Passivi Temperatura &#8211; Umidit\u00e0"},"content":{"rendered":"<p>La serie HD49&#8230; trova impiego nel controllo della temperatura e dell&#8217;umidit\u00e0 nel campo del condizionamento e della ventilazione (HVAC\/BEMS), nei settori: farmaceutico, museale, nelle camere bianche, nei condotti di ventilazione, nei settori industriali e civili, nei luoghi affollati, cantine, auditori, palestre, in allevamenti con grandi quantit\u00e0 di animali, nelle serre, etc<\/p>\n<p>I modelli della serie HD49 sono <strong> trasmettitori passivi<\/strong> e quindi adatti ad essere inseriti in un loop di corrente 4&#8230;20mA.<\/p>\n<p>Modelli disponibili:<\/p>\n<ul>\n<li>con sonda orizzontale per condotta (TO),<\/li>\n<li>con sonda verticale per montaggio a parete(TV),<\/li>\n<li>con sonda con cavo 2 o 5 m (TC),<\/li>\n<li><a href=\"https:\/\/environmental.senseca.com\/it\/prodotto\/hd48-tfp-hd49tfp-trasmettitori-temperatura-pannelli-solari\/\">con sonda Pt100 per pannelli solari (TFP)<\/a><\/li>\n<\/ul>\n<p>Per le versioni TO e TC, sono disponibili in due range di temperatura della sonda: standard -20\u2026 80 \u00b0C ed esteso -40\u2026 150 \u00b0C (opzione E). Range di temperatura del film sottile sonda Pt100 1\/3 per pannello solare: -40\u2026 85 \u00b0C.<\/p>\n<p>Disponibile anche con schermo LCD (opzione L).<\/p>\n<p>Temperatura di esercizio dell&#8217;elettronica: -20\u2026 60 \u00b0C.<\/p>\n<p>Per <strong>Trasmettitori Attivi<\/strong>, fare riferimento alla <a href=\"https:\/\/environmental.senseca.com\/it\/prodotto\/hd48-trasmettitori-attivi-temperatura-umidita\/\">serie HD48&#8230;<\/a><\/p>\n<p>&nbsp;<\/p>\n<p hidden=\"\">HD4907ETC1.10 , HD4907ETC1.10L , HD4907ETC1.2 , HD4907ETC1.2L , HD4907ETC1.5 , HD4907ETC1.5L , HD4907ETC2.10 , HD4907ETC2.10L , HD4907ETC2.2 , HD4907ETC2.2L , HD4907ETC2.5 , HD4907ETC2.5L , HD4907ETO1 , HD4907ETO1L , HD4907ETO2 , HD4907ETO2L , HD4907ETV , HD4907ETVL , HD4907TC1.10 , HD4907TC1.10L , HD4907TC1.2 , HD4907TC1.2L , HD4907TC1.5 , HD4907TC1.5L , HD4907TC2.10 , HD4907TC2.10L , HD4907TC2.2 , HD4907TC2.2L , HD4907TC2.5 , HD4907TC2.5L , HD4907TFP.3 , HD4907TFP.3L , HD4907TO1 , HD4907TO1L , HD4907TO2 , HD4907TO2L , HD4907TV , HD4907TVL , HD4917ETC1.10 , HD4917ETC1.10L , HD4917ETC1.2 , HD4917ETC1.2L , HD4917ETC1.5 , HD4917ETC1.5L , HD4917ETC2.10 , HD4917ETC2.10L , HD4917ETC2.2 , HD4917ETC2.2L , HD4917ETC2.5 , HD4917ETC2.5L , HD4917ETO1 , HD4917ETO1L , HD4917ETO2 , HD4917ETO2L , HD4917ETV , HD4917ETVL , HD4917TC1.10 , HD4917TC1.10L , HD4917TC1.2 , HD4917TC1.2L , HD4917TC1.5 , HD4917TC1.5L , HD4917TC2.10 , HD4917TC2.10L , HD4917TC2.2 , HD4917TC2.2L , HD4917TC2.5 , HD4917TC2.5L , HD4917TO1 , HD4917TO1L , HD4917TO2 , HD4917TO2L , HD4917TV , HD4917TVL , HD4977TC1.10 , HD4977TC1.10L , HD4977TC1.2 , HD4977TC1.2L , HD4977TC1.5 , HD4977TC1.5L , HD4977TC2.10 , HD4977TC2.10L , HD4977TC2.2 , HD4977TC2.2L , HD4977TC2.5 , HD4977TC2.5L , HD4977TO1 , HD4977TO1L , HD4977TO2 , HD4977TO2L<\/p>\n","protected":false},"excerpt":{"rendered":"<p>Trasmettitori di temperatura, umidit\u00e0 relativa e temperatura del punto di rugiada, disponibili con uscita analogica 4\u00f720 mA passiva.<\/p>\n","protected":false},"featured_media":16087,"template":"","meta":[],"product_cat":[1302,1303],"product_tag":[565,1003],"brands":[{"id":69,"name":"Humidity","slug":"humidity"},{"id":810,"name":"Temperatura","slug":"temperatura"},{"id":73,"name":"Temperature","slug":"temperature"},{"id":764,"name":"Umidit\u00e0","slug":"umidita"}],"yoast_head":"<!-- This site is optimized with the Yoast SEO plugin v21.1 - https:\/\/yoast.com\/wordpress\/plugins\/seo\/ -->\n<title>HD49... Serie - Trasmettitori Passivi Temperatura - Umidit\u00e0 - Humidity, Temperatura, Temperature, Umidit\u00e0 - Senseca Italy Srl<\/title>\n<meta name=\"description\" content=\"Cerchi Humidity, Temperatura, Temperature, Umidit\u00e0? Scopri le caratteristiche di HD49... Serie - Trasmettitori Passivi Temperatura - Umidit\u00e0 di Senseca Italy Srl\" \/>\n<meta name=\"robots\" content=\"index, follow, max-snippet:-1, max-image-preview:large, max-video-preview:-1\" \/>\n<link rel=\"canonical\" href=\"https:\/\/environmental.senseca.com\/it\/prodotto\/hd49-trasmettitori-passivi-temperatura-umidita\/\" \/>\n<meta property=\"og:locale\" content=\"it_IT\" \/>\n<meta property=\"og:type\" content=\"article\" \/>\n<meta property=\"og:title\" content=\"HD49... Serie - Trasmettitori Passivi Temperatura - Umidit\u00e0 - Humidity, Temperatura, Temperature, Umidit\u00e0 - Senseca Italy Srl\" \/>\n<meta property=\"og:description\" content=\"Cerchi Humidity, Temperatura, Temperature, Umidit\u00e0? Scopri le caratteristiche di HD49... Serie - Trasmettitori Passivi Temperatura - Umidit\u00e0 di Senseca Italy Srl\" \/>\n<meta property=\"og:url\" content=\"https:\/\/environmental.senseca.com\/it\/prodotto\/hd49-trasmettitori-passivi-temperatura-umidita\/\" \/>\n<meta property=\"og:site_name\" content=\"Senseca Italy Srl\" \/>\n<meta property=\"article:modified_time\" content=\"2025-12-29T17:46:49+00:00\" \/>\n<meta property=\"og:image\" content=\"https:\/\/environmental.senseca.com\/wp-content\/uploads\/2020\/10\/img_fam_HD4977_HD4917_TC_L_left_web.jpg\" \/>\n\t<meta property=\"og:image:width\" content=\"1000\" \/>\n\t<meta property=\"og:image:height\" content=\"1000\" \/>\n\t<meta property=\"og:image:type\" content=\"image\/jpeg\" \/>\n<meta name=\"twitter:card\" content=\"summary_large_image\" \/>\n<meta name=\"twitter:label1\" content=\"Tempo di lettura stimato\" \/>\n\t<meta name=\"twitter:data1\" content=\"2 minuti\" \/>\n<script type=\"application\/ld+json\" class=\"yoast-schema-graph\">{\"@context\":\"https:\/\/schema.org\",\"@graph\":[{\"@type\":\"WebPage\",\"@id\":\"https:\/\/environmental.senseca.com\/it\/prodotto\/hd49-trasmettitori-passivi-temperatura-umidita\/\",\"url\":\"https:\/\/environmental.senseca.com\/it\/prodotto\/hd49-trasmettitori-passivi-temperatura-umidita\/\",\"name\":\"HD49... Serie - Trasmettitori Passivi Temperatura - Umidit\u00e0 - Humidity, Temperatura, Temperature, Umidit\u00e0 - Senseca Italy Srl\",\"isPartOf\":{\"@id\":\"https:\/\/environmental.senseca.com\/#website\"},\"datePublished\":\"2020-10-05T14:21:46+00:00\",\"dateModified\":\"2025-12-29T17:46:49+00:00\",\"description\":\"Cerchi Humidity, Temperatura, Temperature, Umidit\u00e0? Scopri le caratteristiche di HD49... Serie - Trasmettitori Passivi Temperatura - Umidit\u00e0 di Senseca Italy Srl\",\"breadcrumb\":{\"@id\":\"https:\/\/environmental.senseca.com\/it\/prodotto\/hd49-trasmettitori-passivi-temperatura-umidita\/#breadcrumb\"},\"inLanguage\":\"it-IT\",\"potentialAction\":[{\"@type\":\"ReadAction\",\"target\":[\"https:\/\/environmental.senseca.com\/it\/prodotto\/hd49-trasmettitori-passivi-temperatura-umidita\/\"]}]},{\"@type\":\"BreadcrumbList\",\"@id\":\"https:\/\/environmental.senseca.com\/it\/prodotto\/hd49-trasmettitori-passivi-temperatura-umidita\/#breadcrumb\",\"itemListElement\":[{\"@type\":\"ListItem\",\"position\":1,\"name\":\"Home\",\"item\":\"https:\/\/environmental.senseca.com\/it\/\"},{\"@type\":\"ListItem\",\"position\":2,\"name\":\"Prodotti\",\"item\":\"https:\/\/environmental.senseca.com\/products\/\"},{\"@type\":\"ListItem\",\"position\":3,\"name\":\"HD49&#8230; Serie &#8211; Trasmettitori Passivi Temperatura &#8211; Umidit\u00e0\"}]},{\"@type\":\"WebSite\",\"@id\":\"https:\/\/environmental.senseca.com\/#website\",\"url\":\"https:\/\/environmental.senseca.com\/\",\"name\":\"Senseca Italy Srl\",\"description\":\"Member of GHM GROUP\",\"publisher\":{\"@id\":\"https:\/\/environmental.senseca.com\/#organization\"},\"alternateName\":\"Senseca\",\"potentialAction\":[{\"@type\":\"SearchAction\",\"target\":{\"@type\":\"EntryPoint\",\"urlTemplate\":\"https:\/\/environmental.senseca.com\/?s={search_term_string}\"},\"query-input\":\"required name=search_term_string\"}],\"inLanguage\":\"it-IT\"},{\"@type\":\"Organization\",\"@id\":\"https:\/\/environmental.senseca.com\/#organization\",\"name\":\"Senseca Italy Srl\",\"url\":\"https:\/\/environmental.senseca.com\/\",\"logo\":{\"@type\":\"ImageObject\",\"inLanguage\":\"it-IT\",\"@id\":\"https:\/\/environmental.senseca.com\/#\/schema\/logo\/image\/\",\"url\":\"https:\/\/environmental.senseca.com\/wp-content\/uploads\/2018\/07\/logo_prodotti.jpg\",\"contentUrl\":\"https:\/\/environmental.senseca.com\/wp-content\/uploads\/2018\/07\/logo_prodotti.jpg\",\"width\":1000,\"height\":1000,\"caption\":\"Senseca Italy Srl\"},\"image\":{\"@id\":\"https:\/\/environmental.senseca.com\/#\/schema\/logo\/image\/\"},\"sameAs\":[\"https:\/\/www.linkedin.com\/company\/senseca-measurement-solutions\/\",\"https:\/\/www.youtube.com\/@senseca-measurement-solutions\"]}]}<\/script>\n<!-- \/ Yoast SEO plugin. -->","yoast_head_json":{"title":"HD49... Serie - Trasmettitori Passivi Temperatura - Umidit\u00e0 - Humidity, Temperatura, Temperature, Umidit\u00e0 - Senseca Italy Srl","description":"Cerchi Humidity, Temperatura, Temperature, Umidit\u00e0? Scopri le caratteristiche di HD49... Serie - Trasmettitori Passivi Temperatura - Umidit\u00e0 di Senseca Italy Srl","robots":{"index":"index","follow":"follow","max-snippet":"max-snippet:-1","max-image-preview":"max-image-preview:large","max-video-preview":"max-video-preview:-1"},"canonical":"https:\/\/environmental.senseca.com\/it\/prodotto\/hd49-trasmettitori-passivi-temperatura-umidita\/","og_locale":"it_IT","og_type":"article","og_title":"HD49... Serie - Trasmettitori Passivi Temperatura - Umidit\u00e0 - Humidity, Temperatura, Temperature, Umidit\u00e0 - Senseca Italy Srl","og_description":"Cerchi Humidity, Temperatura, Temperature, Umidit\u00e0? Scopri le caratteristiche di HD49... Serie - Trasmettitori Passivi Temperatura - Umidit\u00e0 di Senseca Italy Srl","og_url":"https:\/\/environmental.senseca.com\/it\/prodotto\/hd49-trasmettitori-passivi-temperatura-umidita\/","og_site_name":"Senseca Italy Srl","article_modified_time":"2025-12-29T17:46:49+00:00","og_image":[{"width":1000,"height":1000,"url":"https:\/\/environmental.senseca.com\/wp-content\/uploads\/2020\/10\/img_fam_HD4977_HD4917_TC_L_left_web.jpg","type":"image\/jpeg"}],"twitter_card":"summary_large_image","twitter_misc":{"Tempo di lettura stimato":"2 minuti"},"schema":{"@context":"https:\/\/schema.org","@graph":[{"@type":"WebPage","@id":"https:\/\/environmental.senseca.com\/it\/prodotto\/hd49-trasmettitori-passivi-temperatura-umidita\/","url":"https:\/\/environmental.senseca.com\/it\/prodotto\/hd49-trasmettitori-passivi-temperatura-umidita\/","name":"HD49... Serie - Trasmettitori Passivi Temperatura - Umidit\u00e0 - Humidity, Temperatura, Temperature, Umidit\u00e0 - Senseca Italy Srl","isPartOf":{"@id":"https:\/\/environmental.senseca.com\/#website"},"datePublished":"2020-10-05T14:21:46+00:00","dateModified":"2025-12-29T17:46:49+00:00","description":"Cerchi Humidity, Temperatura, Temperature, Umidit\u00e0? Scopri le caratteristiche di HD49... Serie - Trasmettitori Passivi Temperatura - Umidit\u00e0 di Senseca Italy Srl","breadcrumb":{"@id":"https:\/\/environmental.senseca.com\/it\/prodotto\/hd49-trasmettitori-passivi-temperatura-umidita\/#breadcrumb"},"inLanguage":"it-IT","potentialAction":[{"@type":"ReadAction","target":["https:\/\/environmental.senseca.com\/it\/prodotto\/hd49-trasmettitori-passivi-temperatura-umidita\/"]}]},{"@type":"BreadcrumbList","@id":"https:\/\/environmental.senseca.com\/it\/prodotto\/hd49-trasmettitori-passivi-temperatura-umidita\/#breadcrumb","itemListElement":[{"@type":"ListItem","position":1,"name":"Home","item":"https:\/\/environmental.senseca.com\/it\/"},{"@type":"ListItem","position":2,"name":"Prodotti","item":"https:\/\/environmental.senseca.com\/products\/"},{"@type":"ListItem","position":3,"name":"HD49&#8230; Serie &#8211; Trasmettitori Passivi Temperatura &#8211; Umidit\u00e0"}]},{"@type":"WebSite","@id":"https:\/\/environmental.senseca.com\/#website","url":"https:\/\/environmental.senseca.com\/","name":"Senseca Italy Srl","description":"Member of GHM GROUP","publisher":{"@id":"https:\/\/environmental.senseca.com\/#organization"},"alternateName":"Senseca","potentialAction":[{"@type":"SearchAction","target":{"@type":"EntryPoint","urlTemplate":"https:\/\/environmental.senseca.com\/?s={search_term_string}"},"query-input":"required name=search_term_string"}],"inLanguage":"it-IT"},{"@type":"Organization","@id":"https:\/\/environmental.senseca.com\/#organization","name":"Senseca Italy Srl","url":"https:\/\/environmental.senseca.com\/","logo":{"@type":"ImageObject","inLanguage":"it-IT","@id":"https:\/\/environmental.senseca.com\/#\/schema\/logo\/image\/","url":"https:\/\/environmental.senseca.com\/wp-content\/uploads\/2018\/07\/logo_prodotti.jpg","contentUrl":"https:\/\/environmental.senseca.com\/wp-content\/uploads\/2018\/07\/logo_prodotti.jpg","width":1000,"height":1000,"caption":"Senseca Italy Srl"},"image":{"@id":"https:\/\/environmental.senseca.com\/#\/schema\/logo\/image\/"},"sameAs":["https:\/\/www.linkedin.com\/company\/senseca-measurement-solutions\/","https:\/\/www.youtube.com\/@senseca-measurement-solutions"]}]}},"_links":{"self":[{"href":"https:\/\/environmental.senseca.com\/it\/wp-json\/wp\/v2\/product\/12047"}],"collection":[{"href":"https:\/\/environmental.senseca.com\/it\/wp-json\/wp\/v2\/product"}],"about":[{"href":"https:\/\/environmental.senseca.com\/it\/wp-json\/wp\/v2\/types\/product"}],"wp:featuredmedia":[{"embeddable":true,"href":"https:\/\/environmental.senseca.com\/it\/wp-json\/wp\/v2\/media\/16087"}],"wp:attachment":[{"href":"https:\/\/environmental.senseca.com\/it\/wp-json\/wp\/v2\/media?parent=12047"}],"wp:term":[{"taxonomy":"product_cat","embeddable":true,"href":"https:\/\/environmental.senseca.com\/it\/wp-json\/wp\/v2\/product_cat?post=12047"},{"taxonomy":"product_tag","embeddable":true,"href":"https:\/\/environmental.senseca.com\/it\/wp-json\/wp\/v2\/product_tag?post=12047"}],"curies":[{"name":"wp","href":"https:\/\/api.w.org\/{rel}","templated":true}]}}