{"id":12050,"date":"2020-10-05T13:42:08","date_gmt":"2020-10-05T14:21:46","guid":{"rendered":"https:\/\/www.deltaohm.com\/product\/hd404t-hd404st-serie-trasmettitori-bassa-pressione\/"},"modified":"2026-04-24T08:53:58","modified_gmt":"2026-04-24T08:53:58","slug":"hd404t-hd404st-serie-trasmettitori-bassa-pressione","status":"publish","type":"product","link":"https:\/\/environmental.senseca.com\/it\/prodotto\/hd404t-hd404st-serie-trasmettitori-bassa-pressione\/","title":{"rendered":"HD404T \/ HD404ST Serie &#8211; Trasmettitori Bassa Pressione"},"content":{"rendered":"<p>La serie di trasmettitori HD404T \u00e8 in grado di misurare pressioni relative rispetto all\u2019atmosfera o differenziali nel range:<\/p>\n<ul>\n<li>da 50 a 1000 Pa (0.2&#8243; H<sub>2<\/sub>O to 5&#8243; H<sub>2<\/sub>O) per le versioni con <strong>uscita analogica;<\/strong><\/li>\n<li>250 Pa \/ 1000 Pa \/ 100 mbar per le versioni con <strong>uscita RS485 Modbus RTU.<\/strong><\/li>\n<\/ul>\n<p>Utilizzano un sensore al silicio di tipo \u201cmicro-machined\u201d compensato in temperatura che presenta un\u2019eccellente linearit\u00e0, ripetibilit\u00e0 e stabilit\u00e0 nel tempo. Il segnale di uscita dal sensore \u00e8 amplificato e convertito, a seconda del modello, in un&#8217;uscita analogica standard in corrente (4-20 mA) e in una in tensione (0-10 V), o in un\u2019uscita digitale RS485 Modbus RTU, che possono quindi essere trasmesse su lunghe distanze con un\u2019elevata immunit\u00e0 ai disturbi.<\/p>\n<p>Nei modelli con uscita analogica \u00e8 possibile scegliere, mediante un dip switch, tra due range di misura in modo da selezionare il fondo scala ottimale per la propria applicazione.<\/p>\n<p>Tipiche applicazioni per la serie HD404T sono:<\/p>\n<p><strong>il monitoraggio delle camere bianche<\/strong><br \/>\n<strong>il controllo dei filtri<\/strong><br \/>\n<strong>le misure di flusso (in abbinamento al tubo di Pitot)<\/strong><br \/>\n<strong>il controllo nel campo del condizionamento e ventilazione<\/strong><\/p>\n<p>Normalmente i trasmettitori di bassa pressione sono sensibili all\u2019orientamento con cui vengono montati. Nella serie HD404T \u00e8 disponibile uno speciale circuito di auto-zero, che periodicamente equalizza la pressione differenziale all\u2019ingresso del sensore e ne corregge l\u2019offset; i trasmettitori dotati di questo circuito sono insensibili alla posizione di montaggio. Inoltre il circuito di auto zero compensa l\u2019invecchiamento e lo scostamento dello zero del sensore al variare della temperatura: in pratica consente di eliminare la manutenzione.<\/p>\n<p>I modelli sono disponibili anche in versione con display (opzione L).<\/p>\n<p>I modelli SR risultano particolarmente indicati nel caso il trasmettitore sia collegato a un tubo di Pitot, in quanto l\u2019uscita risulta direttamente proporzionale alla velocit\u00e0 del flusso d\u2019aria.<\/p>\n<p>I trasmettitori sono pronti all\u2019uso e vengono forniti tarati di fabbrica.<\/p>\n<p>Fornito con 1 tubo in silicone \u00d8 5 int.\/ \u00d8 8 est. lunghez-za 2 m e 2 raccordi in plastica (HD434T.5).<\/p>\n","protected":false},"excerpt":{"rendered":"<p>Trasmettitori di bassa pressione relativa o differenziale, Intervallo minimo 50 Pa, 4-20 mA o 0-10 Vdc.<\/p>\n","protected":false},"featured_media":16649,"template":"","meta":[],"product_cat":[1302,1303],"product_tag":[],"brands":[{"id":812,"name":"Pressione","slug":"pressione"},{"id":64,"name":"Pressure","slug":"pressure"}],"yoast_head":"<!-- This site is optimized with the Yoast SEO plugin v21.1 - https:\/\/yoast.com\/wordpress\/plugins\/seo\/ -->\n<title>HD404T \/ HD404ST Serie - Trasmettitori Bassa Pressione - Pressione, Pressure - Senseca Italy Srl<\/title>\n<meta name=\"description\" content=\"Cerchi Pressione, Pressure? Scopri le caratteristiche di HD404T \/ HD404ST Serie - Trasmettitori Bassa Pressione di Senseca Italy Srl\" \/>\n<meta name=\"robots\" content=\"index, follow, max-snippet:-1, max-image-preview:large, max-video-preview:-1\" \/>\n<link rel=\"canonical\" href=\"https:\/\/environmental.senseca.com\/it\/prodotto\/hd404t-hd404st-serie-trasmettitori-bassa-pressione\/\" \/>\n<meta property=\"og:locale\" content=\"it_IT\" \/>\n<meta property=\"og:type\" content=\"article\" \/>\n<meta property=\"og:title\" content=\"HD404T \/ HD404ST Serie - Trasmettitori Bassa Pressione - Pressione, Pressure - Senseca Italy Srl\" \/>\n<meta property=\"og:description\" content=\"Cerchi Pressione, Pressure? Scopri le caratteristiche di HD404T \/ HD404ST Serie - Trasmettitori Bassa Pressione di Senseca Italy Srl\" \/>\n<meta property=\"og:url\" content=\"https:\/\/environmental.senseca.com\/it\/prodotto\/hd404t-hd404st-serie-trasmettitori-bassa-pressione\/\" \/>\n<meta property=\"og:site_name\" content=\"Senseca Italy Srl\" \/>\n<meta property=\"article:modified_time\" content=\"2026-04-24T08:53:58+00:00\" \/>\n<meta property=\"og:image\" content=\"https:\/\/environmental.senseca.com\/wp-content\/uploads\/2020\/10\/img_fam_HD404_right.png\" \/>\n\t<meta property=\"og:image:width\" content=\"1005\" \/>\n\t<meta property=\"og:image:height\" content=\"1004\" \/>\n\t<meta property=\"og:image:type\" content=\"image\/png\" \/>\n<meta name=\"twitter:card\" content=\"summary_large_image\" \/>\n<meta name=\"twitter:label1\" content=\"Tempo di lettura stimato\" \/>\n\t<meta name=\"twitter:data1\" content=\"2 minuti\" \/>\n<script type=\"application\/ld+json\" class=\"yoast-schema-graph\">{\"@context\":\"https:\/\/schema.org\",\"@graph\":[{\"@type\":\"WebPage\",\"@id\":\"https:\/\/environmental.senseca.com\/it\/prodotto\/hd404t-hd404st-serie-trasmettitori-bassa-pressione\/\",\"url\":\"https:\/\/environmental.senseca.com\/it\/prodotto\/hd404t-hd404st-serie-trasmettitori-bassa-pressione\/\",\"name\":\"HD404T \/ HD404ST Serie - Trasmettitori Bassa Pressione - Pressione, Pressure - Senseca Italy Srl\",\"isPartOf\":{\"@id\":\"https:\/\/environmental.senseca.com\/#website\"},\"datePublished\":\"2020-10-05T14:21:46+00:00\",\"dateModified\":\"2026-04-24T08:53:58+00:00\",\"description\":\"Cerchi Pressione, Pressure? Scopri le caratteristiche di HD404T \/ HD404ST Serie - Trasmettitori Bassa Pressione di Senseca Italy Srl\",\"breadcrumb\":{\"@id\":\"https:\/\/environmental.senseca.com\/it\/prodotto\/hd404t-hd404st-serie-trasmettitori-bassa-pressione\/#breadcrumb\"},\"inLanguage\":\"it-IT\",\"potentialAction\":[{\"@type\":\"ReadAction\",\"target\":[\"https:\/\/environmental.senseca.com\/it\/prodotto\/hd404t-hd404st-serie-trasmettitori-bassa-pressione\/\"]}]},{\"@type\":\"BreadcrumbList\",\"@id\":\"https:\/\/environmental.senseca.com\/it\/prodotto\/hd404t-hd404st-serie-trasmettitori-bassa-pressione\/#breadcrumb\",\"itemListElement\":[{\"@type\":\"ListItem\",\"position\":1,\"name\":\"Home\",\"item\":\"https:\/\/environmental.senseca.com\/it\/\"},{\"@type\":\"ListItem\",\"position\":2,\"name\":\"Prodotti\",\"item\":\"https:\/\/environmental.senseca.com\/products\/\"},{\"@type\":\"ListItem\",\"position\":3,\"name\":\"HD404T \/ HD404ST Serie &#8211; Trasmettitori Bassa Pressione\"}]},{\"@type\":\"WebSite\",\"@id\":\"https:\/\/environmental.senseca.com\/#website\",\"url\":\"https:\/\/environmental.senseca.com\/\",\"name\":\"Senseca Italy Srl\",\"description\":\"Member of GHM GROUP\",\"publisher\":{\"@id\":\"https:\/\/environmental.senseca.com\/#organization\"},\"alternateName\":\"Senseca\",\"potentialAction\":[{\"@type\":\"SearchAction\",\"target\":{\"@type\":\"EntryPoint\",\"urlTemplate\":\"https:\/\/environmental.senseca.com\/?s={search_term_string}\"},\"query-input\":\"required name=search_term_string\"}],\"inLanguage\":\"it-IT\"},{\"@type\":\"Organization\",\"@id\":\"https:\/\/environmental.senseca.com\/#organization\",\"name\":\"Senseca Italy Srl\",\"url\":\"https:\/\/environmental.senseca.com\/\",\"logo\":{\"@type\":\"ImageObject\",\"inLanguage\":\"it-IT\",\"@id\":\"https:\/\/environmental.senseca.com\/#\/schema\/logo\/image\/\",\"url\":\"https:\/\/environmental.senseca.com\/wp-content\/uploads\/2018\/07\/logo_prodotti.jpg\",\"contentUrl\":\"https:\/\/environmental.senseca.com\/wp-content\/uploads\/2018\/07\/logo_prodotti.jpg\",\"width\":1000,\"height\":1000,\"caption\":\"Senseca Italy Srl\"},\"image\":{\"@id\":\"https:\/\/environmental.senseca.com\/#\/schema\/logo\/image\/\"},\"sameAs\":[\"https:\/\/www.linkedin.com\/company\/senseca-measurement-solutions\/\",\"https:\/\/www.youtube.com\/@senseca-measurement-solutions\"]}]}<\/script>\n<!-- \/ Yoast SEO plugin. -->","yoast_head_json":{"title":"HD404T \/ HD404ST Serie - Trasmettitori Bassa Pressione - Pressione, Pressure - Senseca Italy Srl","description":"Cerchi Pressione, Pressure? Scopri le caratteristiche di HD404T \/ HD404ST Serie - Trasmettitori Bassa Pressione di Senseca Italy Srl","robots":{"index":"index","follow":"follow","max-snippet":"max-snippet:-1","max-image-preview":"max-image-preview:large","max-video-preview":"max-video-preview:-1"},"canonical":"https:\/\/environmental.senseca.com\/it\/prodotto\/hd404t-hd404st-serie-trasmettitori-bassa-pressione\/","og_locale":"it_IT","og_type":"article","og_title":"HD404T \/ HD404ST Serie - Trasmettitori Bassa Pressione - Pressione, Pressure - Senseca Italy Srl","og_description":"Cerchi Pressione, Pressure? Scopri le caratteristiche di HD404T \/ HD404ST Serie - Trasmettitori Bassa Pressione di Senseca Italy Srl","og_url":"https:\/\/environmental.senseca.com\/it\/prodotto\/hd404t-hd404st-serie-trasmettitori-bassa-pressione\/","og_site_name":"Senseca Italy Srl","article_modified_time":"2026-04-24T08:53:58+00:00","og_image":[{"width":1005,"height":1004,"url":"https:\/\/environmental.senseca.com\/wp-content\/uploads\/2020\/10\/img_fam_HD404_right.png","type":"image\/png"}],"twitter_card":"summary_large_image","twitter_misc":{"Tempo di lettura stimato":"2 minuti"},"schema":{"@context":"https:\/\/schema.org","@graph":[{"@type":"WebPage","@id":"https:\/\/environmental.senseca.com\/it\/prodotto\/hd404t-hd404st-serie-trasmettitori-bassa-pressione\/","url":"https:\/\/environmental.senseca.com\/it\/prodotto\/hd404t-hd404st-serie-trasmettitori-bassa-pressione\/","name":"HD404T \/ HD404ST Serie - Trasmettitori Bassa Pressione - Pressione, Pressure - Senseca Italy Srl","isPartOf":{"@id":"https:\/\/environmental.senseca.com\/#website"},"datePublished":"2020-10-05T14:21:46+00:00","dateModified":"2026-04-24T08:53:58+00:00","description":"Cerchi Pressione, Pressure? Scopri le caratteristiche di HD404T \/ HD404ST Serie - Trasmettitori Bassa Pressione di Senseca Italy Srl","breadcrumb":{"@id":"https:\/\/environmental.senseca.com\/it\/prodotto\/hd404t-hd404st-serie-trasmettitori-bassa-pressione\/#breadcrumb"},"inLanguage":"it-IT","potentialAction":[{"@type":"ReadAction","target":["https:\/\/environmental.senseca.com\/it\/prodotto\/hd404t-hd404st-serie-trasmettitori-bassa-pressione\/"]}]},{"@type":"BreadcrumbList","@id":"https:\/\/environmental.senseca.com\/it\/prodotto\/hd404t-hd404st-serie-trasmettitori-bassa-pressione\/#breadcrumb","itemListElement":[{"@type":"ListItem","position":1,"name":"Home","item":"https:\/\/environmental.senseca.com\/it\/"},{"@type":"ListItem","position":2,"name":"Prodotti","item":"https:\/\/environmental.senseca.com\/products\/"},{"@type":"ListItem","position":3,"name":"HD404T \/ HD404ST Serie &#8211; Trasmettitori Bassa Pressione"}]},{"@type":"WebSite","@id":"https:\/\/environmental.senseca.com\/#website","url":"https:\/\/environmental.senseca.com\/","name":"Senseca Italy Srl","description":"Member of GHM GROUP","publisher":{"@id":"https:\/\/environmental.senseca.com\/#organization"},"alternateName":"Senseca","potentialAction":[{"@type":"SearchAction","target":{"@type":"EntryPoint","urlTemplate":"https:\/\/environmental.senseca.com\/?s={search_term_string}"},"query-input":"required name=search_term_string"}],"inLanguage":"it-IT"},{"@type":"Organization","@id":"https:\/\/environmental.senseca.com\/#organization","name":"Senseca Italy Srl","url":"https:\/\/environmental.senseca.com\/","logo":{"@type":"ImageObject","inLanguage":"it-IT","@id":"https:\/\/environmental.senseca.com\/#\/schema\/logo\/image\/","url":"https:\/\/environmental.senseca.com\/wp-content\/uploads\/2018\/07\/logo_prodotti.jpg","contentUrl":"https:\/\/environmental.senseca.com\/wp-content\/uploads\/2018\/07\/logo_prodotti.jpg","width":1000,"height":1000,"caption":"Senseca Italy Srl"},"image":{"@id":"https:\/\/environmental.senseca.com\/#\/schema\/logo\/image\/"},"sameAs":["https:\/\/www.linkedin.com\/company\/senseca-measurement-solutions\/","https:\/\/www.youtube.com\/@senseca-measurement-solutions"]}]}},"_links":{"self":[{"href":"https:\/\/environmental.senseca.com\/it\/wp-json\/wp\/v2\/product\/12050"}],"collection":[{"href":"https:\/\/environmental.senseca.com\/it\/wp-json\/wp\/v2\/product"}],"about":[{"href":"https:\/\/environmental.senseca.com\/it\/wp-json\/wp\/v2\/types\/product"}],"wp:featuredmedia":[{"embeddable":true,"href":"https:\/\/environmental.senseca.com\/it\/wp-json\/wp\/v2\/media\/16649"}],"wp:attachment":[{"href":"https:\/\/environmental.senseca.com\/it\/wp-json\/wp\/v2\/media?parent=12050"}],"wp:term":[{"taxonomy":"product_cat","embeddable":true,"href":"https:\/\/environmental.senseca.com\/it\/wp-json\/wp\/v2\/product_cat?post=12050"},{"taxonomy":"product_tag","embeddable":true,"href":"https:\/\/environmental.senseca.com\/it\/wp-json\/wp\/v2\/product_tag?post=12050"}],"curies":[{"name":"wp","href":"https:\/\/api.w.org\/{rel}","templated":true}]}}