{"id":12051,"date":"2020-10-05T13:42:22","date_gmt":"2020-10-05T14:21:46","guid":{"rendered":"https:\/\/www.deltaohm.com\/product\/hd48-trasmettitori-attivi-temperatura-umidita\/"},"modified":"2025-12-29T17:45:30","modified_gmt":"2025-12-29T17:45:30","slug":"hd48-trasmettitori-attivi-temperatura-umidita","status":"publish","type":"product","link":"https:\/\/environmental.senseca.com\/it\/prodotto\/hd48-trasmettitori-attivi-temperatura-umidita\/","title":{"rendered":"HD48&#8230; Serie &#8211; Trasmettitori Attivi Temperatura &#8211; Umidit\u00e0"},"content":{"rendered":"<p>I trasmettitori HD48 trovano impiego nel controllo della temperatura e dell&#8217;umidit\u00e0 relativa nel campo del <strong>condizionamento e della ventilazione (HVAC\/BEMS)<\/strong> nei settori: farmaceutico, museale, nelle camere bianche, nei condotti di ventilazione, nei settori industriali e civili, nei luoghi affollati, cantine, auditori, palestre, in allevamenti con grandi quantit\u00e0 di animali, nelle serre, ecc. I trasmettitori della serie HD48.. sono <strong>attivi,<\/strong> accettano una alimentazione sia in corrente continua che in alternata a 24Vcc e hanno, a seconda del modello, un\u2019uscita analogica standard in corrente (4\u202620mA) o in tensione (0\u202610V), oppure un\u2019uscita seriale RS485. Ogni serie \u00e8 disponibile in differenti versioni:<\/p>\n<ol>\n<li>da canale con sonda orizzontale per montaggio in condotti (TO),<\/li>\n<li>con sonda verticale (TV) per il montaggio a parete<\/li>\n<li>con sonda con cavo 2 o 5 m (TC)<\/li>\n<li><a href=\"https:\/\/environmental.senseca.com\/it\/prodotto\/hd48-tfp-hd49tfp-trasmettitori-temperatura-pannelli-solari\/\">con sonda a contatto per pannelli solari (TFP)<\/a><\/li>\n<\/ol>\n<p>Per le versioni TO e TC, sono disponibili due range di temperatura della sonda: standard -20\u2026+80 \u00b0C ed esteso -40\u2026 150 \u00b0C (opzione E). Range di temperatura del film sottile sonda Pt100 1\/3 per pannello solare: -40\u2026 85 \u00b0C. Disponibili anche con schermo LCD (opzione L). Temperatura di esercizio dell&#8217;elettronica: -20\u2026+60 \u00b0C.<\/p>\n<p>Per <strong>Trasmettitori Passivi<\/strong>, si veda<a href=\"https:\/\/environmental.senseca.com\/it\/prodotto\/hd49-trasmettitori-passivi-temperatura-umidita\/\"> serie HD49&#8230;<\/a><\/p>\n<p>*<strong><a href=\"https:\/\/environmental.senseca.com\/wp-content\/uploads\/document\/DeltaOHM_HD48_MODBUS_REGISTERS_ITA.pdf\">Scarica qui le istruzioni<\/a> per l&#8217;impostazione dei parametri di comunicazione RS485.<\/strong><\/p>\n<p hidden=\"\">HD4877T012 , HD4807TTV , HD4807TTO1 , HD4807TTO2 , HD4807TTC1.2 , HD4807TTC1.5 , HD4807TTC2.2 , HD4807TTC2.5 , HD4807TE , HD4807TL , HD48V07TTV , HD48V07TTO1 , HD48V07TTO2 , HD48V07TTC1,2 , HD48V07TTC1,5 , HD48V07TTC2,2 , HD48V07TTC2.5 , HD48V07TE , HD48V07TL , HD48S07TTV , HD48S07TTO1 , HD48S07TTO2 , HD48S07TTC1.2 , HD48S07TTC1.5 , HD48S07TTC2.2 , HD48S07TTC2.5 , HD48S07TE , HD48S07TL , HD4801TTV , HD4801TTO1 , HD4801TTO2 , HD4801TTC1.2 , HD4801TTC1.5 , HD4801TTC1.10 , HD4801TTC2.2 , HD4801TTC2.5 , HD4801TTC2.10 , HD4801TE , HD4801TL , HD48V01TTV , HD48V01TTO1 , HD48V01TTO2 , HD48V01TTC1.2 , HD48V01TTC1.5 , HD48V01TTC1.10 , HD48V01TTC2.2 , HD48V01TTC2.5 , HD48V01TTC2.10 , HD48V01TE , HD48V01TL , HD48S01TTV , HD48S01TTO1 , HD48S01TT02 , HD48S01TTC1.2 , HD48S01TTC1.5 , HD48S01TTC1.10 , HD48S01TTC2.2 , HD48S01TTC2.5 , HD48S01TTC2.10 , HD48S01TE , HD48S01TL , HD4817TV , HD4817TO1 , HD4817TO2 , HD4817TC1.2 , HD4817TC1.5 , HD4817TC1.10 , HD4817TC2.2 , HD4817TC2.5 , HD4817TC2.10 , HD48V17TV , HD48V17TO1 , HD48V17TO2 , HD48V17TC1.2 , HD48V17TC1.5 , HD48V17TC1.10 , HD48V17TC2.2 , HD48V17TC2.5 , HD48V17TC2.10 , HD48V17TE , HD48V17TL , HD48S17TTV , HD48S17TTO1 , HD48S17TTO2 , HD48S17TTC1.2 , HD48S17TTC1.5 , HD48S17TTC1.10 , HD48S17TTC2.2 , HD48S17TTC2.5 , HD48S17TTC2.10 , HD48S17TE , HD48S17TL , HD4877TO1 , HD4877TTO2 , HD4877TTC1.2 , HD4877TTC1.5 , HD4877TTC1.10 , HD4877TTC2.2 , HD4877TTC2.5 , HD4877TTC2.10 , HD48V77TTO1 , HD48V77TTO2 , HD48V77TTC1.2 , HD48V77TTC1.5 , HD48V77TTC1.10 , HD48V77TTC2.2 , HD48V77TTC2.5 , HD48V77TTC2.10 , HD48V77TL , HD48S77TTO1 , HD48S77TTO2 , HD48S77TTC1.2 , HD48S77TTC1.5 , HD48S77TTC1.10 , HD48S77TTC2.2 , HD48S77TTC2.5 , HD48S77TTC2.10 , HD48S77TL , HD48TCAL , HD48STCAL , HD4817TC12 , HD4817TC15 , HD4817TC110 , HD4877T480.1 , HD48V77T480.1 , HD48S77T480.1 , HD4817CAL , HD4817TETO1 , HD4817TO1L , HD4877TETO1 , HD4877TO1l , HD4817TETC110L<\/p>\n<p>&nbsp;<\/p>\n","protected":false},"excerpt":{"rendered":"<p>Trasmettitori attivi di temperatura,umidit\u00e0 relativa ed punto di rugiada &#8211; uscita analogica attiva standard 4\u00f720 mA o 0\u00f710 V oppure con uscita seriale RS485 MODBUS-RTU.<\/p>\n","protected":false},"featured_media":16079,"template":"","meta":[],"product_cat":[1303],"product_tag":[1003],"brands":[{"id":810,"name":"Temperatura","slug":"temperatura"},{"id":764,"name":"Umidit\u00e0","slug":"umidita"}],"yoast_head":"<!-- This site is optimized with the Yoast SEO plugin v21.1 - https:\/\/yoast.com\/wordpress\/plugins\/seo\/ -->\n<title>HD48... Serie - Trasmettitori Attivi Temperatura - Umidit\u00e0 - Temperatura, Umidit\u00e0 - Senseca Italy Srl<\/title>\n<meta name=\"description\" content=\"Cerchi Temperatura, Umidit\u00e0? Scopri le caratteristiche di HD48... Serie - Trasmettitori Attivi Temperatura - Umidit\u00e0 di Senseca Italy Srl\" \/>\n<meta name=\"robots\" content=\"index, follow, max-snippet:-1, max-image-preview:large, max-video-preview:-1\" \/>\n<link rel=\"canonical\" href=\"https:\/\/environmental.senseca.com\/it\/prodotto\/hd48-trasmettitori-attivi-temperatura-umidita\/\" \/>\n<meta property=\"og:locale\" content=\"it_IT\" \/>\n<meta property=\"og:type\" content=\"article\" \/>\n<meta property=\"og:title\" content=\"HD48... Serie - Trasmettitori Attivi Temperatura - Umidit\u00e0 - Temperatura, Umidit\u00e0 - Senseca Italy Srl\" \/>\n<meta property=\"og:description\" content=\"Cerchi Temperatura, Umidit\u00e0? Scopri le caratteristiche di HD48... Serie - Trasmettitori Attivi Temperatura - Umidit\u00e0 di Senseca Italy Srl\" \/>\n<meta property=\"og:url\" content=\"https:\/\/environmental.senseca.com\/it\/prodotto\/hd48-trasmettitori-attivi-temperatura-umidita\/\" \/>\n<meta property=\"og:site_name\" content=\"Senseca Italy Srl\" \/>\n<meta property=\"article:modified_time\" content=\"2025-12-29T17:45:30+00:00\" \/>\n<meta property=\"og:image\" content=\"https:\/\/environmental.senseca.com\/wp-content\/uploads\/2020\/10\/img_fam_HD4817_TV_L_left_web.jpg\" \/>\n\t<meta property=\"og:image:width\" content=\"1000\" \/>\n\t<meta property=\"og:image:height\" content=\"1000\" \/>\n\t<meta property=\"og:image:type\" content=\"image\/jpeg\" \/>\n<meta name=\"twitter:card\" content=\"summary_large_image\" \/>\n<meta name=\"twitter:label1\" content=\"Tempo di lettura stimato\" \/>\n\t<meta name=\"twitter:data1\" content=\"2 minuti\" \/>\n<script type=\"application\/ld+json\" class=\"yoast-schema-graph\">{\"@context\":\"https:\/\/schema.org\",\"@graph\":[{\"@type\":\"WebPage\",\"@id\":\"https:\/\/environmental.senseca.com\/it\/prodotto\/hd48-trasmettitori-attivi-temperatura-umidita\/\",\"url\":\"https:\/\/environmental.senseca.com\/it\/prodotto\/hd48-trasmettitori-attivi-temperatura-umidita\/\",\"name\":\"HD48... Serie - Trasmettitori Attivi Temperatura - Umidit\u00e0 - Temperatura, Umidit\u00e0 - Senseca Italy Srl\",\"isPartOf\":{\"@id\":\"https:\/\/environmental.senseca.com\/#website\"},\"datePublished\":\"2020-10-05T14:21:46+00:00\",\"dateModified\":\"2025-12-29T17:45:30+00:00\",\"description\":\"Cerchi Temperatura, Umidit\u00e0? Scopri le caratteristiche di HD48... Serie - Trasmettitori Attivi Temperatura - Umidit\u00e0 di Senseca Italy Srl\",\"breadcrumb\":{\"@id\":\"https:\/\/environmental.senseca.com\/it\/prodotto\/hd48-trasmettitori-attivi-temperatura-umidita\/#breadcrumb\"},\"inLanguage\":\"it-IT\",\"potentialAction\":[{\"@type\":\"ReadAction\",\"target\":[\"https:\/\/environmental.senseca.com\/it\/prodotto\/hd48-trasmettitori-attivi-temperatura-umidita\/\"]}]},{\"@type\":\"BreadcrumbList\",\"@id\":\"https:\/\/environmental.senseca.com\/it\/prodotto\/hd48-trasmettitori-attivi-temperatura-umidita\/#breadcrumb\",\"itemListElement\":[{\"@type\":\"ListItem\",\"position\":1,\"name\":\"Home\",\"item\":\"https:\/\/environmental.senseca.com\/it\/\"},{\"@type\":\"ListItem\",\"position\":2,\"name\":\"Prodotti\",\"item\":\"https:\/\/environmental.senseca.com\/products\/\"},{\"@type\":\"ListItem\",\"position\":3,\"name\":\"HD48&#8230; Serie &#8211; Trasmettitori Attivi Temperatura &#8211; Umidit\u00e0\"}]},{\"@type\":\"WebSite\",\"@id\":\"https:\/\/environmental.senseca.com\/#website\",\"url\":\"https:\/\/environmental.senseca.com\/\",\"name\":\"Senseca Italy Srl\",\"description\":\"Member of GHM GROUP\",\"publisher\":{\"@id\":\"https:\/\/environmental.senseca.com\/#organization\"},\"alternateName\":\"Senseca\",\"potentialAction\":[{\"@type\":\"SearchAction\",\"target\":{\"@type\":\"EntryPoint\",\"urlTemplate\":\"https:\/\/environmental.senseca.com\/?s={search_term_string}\"},\"query-input\":\"required name=search_term_string\"}],\"inLanguage\":\"it-IT\"},{\"@type\":\"Organization\",\"@id\":\"https:\/\/environmental.senseca.com\/#organization\",\"name\":\"Senseca Italy Srl\",\"url\":\"https:\/\/environmental.senseca.com\/\",\"logo\":{\"@type\":\"ImageObject\",\"inLanguage\":\"it-IT\",\"@id\":\"https:\/\/environmental.senseca.com\/#\/schema\/logo\/image\/\",\"url\":\"https:\/\/environmental.senseca.com\/wp-content\/uploads\/2018\/07\/logo_prodotti.jpg\",\"contentUrl\":\"https:\/\/environmental.senseca.com\/wp-content\/uploads\/2018\/07\/logo_prodotti.jpg\",\"width\":1000,\"height\":1000,\"caption\":\"Senseca Italy Srl\"},\"image\":{\"@id\":\"https:\/\/environmental.senseca.com\/#\/schema\/logo\/image\/\"},\"sameAs\":[\"https:\/\/www.linkedin.com\/company\/senseca-measurement-solutions\/\",\"https:\/\/www.youtube.com\/@senseca-measurement-solutions\"]}]}<\/script>\n<!-- \/ Yoast SEO plugin. -->","yoast_head_json":{"title":"HD48... Serie - Trasmettitori Attivi Temperatura - Umidit\u00e0 - Temperatura, Umidit\u00e0 - Senseca Italy Srl","description":"Cerchi Temperatura, Umidit\u00e0? Scopri le caratteristiche di HD48... Serie - Trasmettitori Attivi Temperatura - Umidit\u00e0 di Senseca Italy Srl","robots":{"index":"index","follow":"follow","max-snippet":"max-snippet:-1","max-image-preview":"max-image-preview:large","max-video-preview":"max-video-preview:-1"},"canonical":"https:\/\/environmental.senseca.com\/it\/prodotto\/hd48-trasmettitori-attivi-temperatura-umidita\/","og_locale":"it_IT","og_type":"article","og_title":"HD48... Serie - Trasmettitori Attivi Temperatura - Umidit\u00e0 - Temperatura, Umidit\u00e0 - Senseca Italy Srl","og_description":"Cerchi Temperatura, Umidit\u00e0? Scopri le caratteristiche di HD48... Serie - Trasmettitori Attivi Temperatura - Umidit\u00e0 di Senseca Italy Srl","og_url":"https:\/\/environmental.senseca.com\/it\/prodotto\/hd48-trasmettitori-attivi-temperatura-umidita\/","og_site_name":"Senseca Italy Srl","article_modified_time":"2025-12-29T17:45:30+00:00","og_image":[{"width":1000,"height":1000,"url":"https:\/\/environmental.senseca.com\/wp-content\/uploads\/2020\/10\/img_fam_HD4817_TV_L_left_web.jpg","type":"image\/jpeg"}],"twitter_card":"summary_large_image","twitter_misc":{"Tempo di lettura stimato":"2 minuti"},"schema":{"@context":"https:\/\/schema.org","@graph":[{"@type":"WebPage","@id":"https:\/\/environmental.senseca.com\/it\/prodotto\/hd48-trasmettitori-attivi-temperatura-umidita\/","url":"https:\/\/environmental.senseca.com\/it\/prodotto\/hd48-trasmettitori-attivi-temperatura-umidita\/","name":"HD48... Serie - Trasmettitori Attivi Temperatura - Umidit\u00e0 - Temperatura, Umidit\u00e0 - Senseca Italy Srl","isPartOf":{"@id":"https:\/\/environmental.senseca.com\/#website"},"datePublished":"2020-10-05T14:21:46+00:00","dateModified":"2025-12-29T17:45:30+00:00","description":"Cerchi Temperatura, Umidit\u00e0? Scopri le caratteristiche di HD48... Serie - Trasmettitori Attivi Temperatura - Umidit\u00e0 di Senseca Italy Srl","breadcrumb":{"@id":"https:\/\/environmental.senseca.com\/it\/prodotto\/hd48-trasmettitori-attivi-temperatura-umidita\/#breadcrumb"},"inLanguage":"it-IT","potentialAction":[{"@type":"ReadAction","target":["https:\/\/environmental.senseca.com\/it\/prodotto\/hd48-trasmettitori-attivi-temperatura-umidita\/"]}]},{"@type":"BreadcrumbList","@id":"https:\/\/environmental.senseca.com\/it\/prodotto\/hd48-trasmettitori-attivi-temperatura-umidita\/#breadcrumb","itemListElement":[{"@type":"ListItem","position":1,"name":"Home","item":"https:\/\/environmental.senseca.com\/it\/"},{"@type":"ListItem","position":2,"name":"Prodotti","item":"https:\/\/environmental.senseca.com\/products\/"},{"@type":"ListItem","position":3,"name":"HD48&#8230; Serie &#8211; Trasmettitori Attivi Temperatura &#8211; Umidit\u00e0"}]},{"@type":"WebSite","@id":"https:\/\/environmental.senseca.com\/#website","url":"https:\/\/environmental.senseca.com\/","name":"Senseca Italy Srl","description":"Member of GHM GROUP","publisher":{"@id":"https:\/\/environmental.senseca.com\/#organization"},"alternateName":"Senseca","potentialAction":[{"@type":"SearchAction","target":{"@type":"EntryPoint","urlTemplate":"https:\/\/environmental.senseca.com\/?s={search_term_string}"},"query-input":"required name=search_term_string"}],"inLanguage":"it-IT"},{"@type":"Organization","@id":"https:\/\/environmental.senseca.com\/#organization","name":"Senseca Italy Srl","url":"https:\/\/environmental.senseca.com\/","logo":{"@type":"ImageObject","inLanguage":"it-IT","@id":"https:\/\/environmental.senseca.com\/#\/schema\/logo\/image\/","url":"https:\/\/environmental.senseca.com\/wp-content\/uploads\/2018\/07\/logo_prodotti.jpg","contentUrl":"https:\/\/environmental.senseca.com\/wp-content\/uploads\/2018\/07\/logo_prodotti.jpg","width":1000,"height":1000,"caption":"Senseca Italy Srl"},"image":{"@id":"https:\/\/environmental.senseca.com\/#\/schema\/logo\/image\/"},"sameAs":["https:\/\/www.linkedin.com\/company\/senseca-measurement-solutions\/","https:\/\/www.youtube.com\/@senseca-measurement-solutions"]}]}},"_links":{"self":[{"href":"https:\/\/environmental.senseca.com\/it\/wp-json\/wp\/v2\/product\/12051"}],"collection":[{"href":"https:\/\/environmental.senseca.com\/it\/wp-json\/wp\/v2\/product"}],"about":[{"href":"https:\/\/environmental.senseca.com\/it\/wp-json\/wp\/v2\/types\/product"}],"wp:featuredmedia":[{"embeddable":true,"href":"https:\/\/environmental.senseca.com\/it\/wp-json\/wp\/v2\/media\/16079"}],"wp:attachment":[{"href":"https:\/\/environmental.senseca.com\/it\/wp-json\/wp\/v2\/media?parent=12051"}],"wp:term":[{"taxonomy":"product_cat","embeddable":true,"href":"https:\/\/environmental.senseca.com\/it\/wp-json\/wp\/v2\/product_cat?post=12051"},{"taxonomy":"product_tag","embeddable":true,"href":"https:\/\/environmental.senseca.com\/it\/wp-json\/wp\/v2\/product_tag?post=12051"}],"curies":[{"name":"wp","href":"https:\/\/api.w.org\/{rel}","templated":true}]}}