{"id":12081,"date":"2020-10-05T13:41:47","date_gmt":"2020-10-05T14:21:53","guid":{"rendered":"https:\/\/www.deltaohm.com\/product\/hd103t-0-trasmettitore-di-velocita-dellaria-e-temperatura\/"},"modified":"2025-12-29T17:51:01","modified_gmt":"2025-12-29T17:51:01","slug":"hd103t-0-trasmettitore-attivo-velocita-dellaria","status":"publish","type":"product","link":"https:\/\/environmental.senseca.com\/it\/prodotto\/hd103t-0-trasmettitore-attivo-velocita-dellaria\/","title":{"rendered":"HD103T.0 &#8211; Trasmettitore Attivo Velocit\u00e0 dell&#8217;Aria"},"content":{"rendered":"<p>Trasmettitore attivo di velocit\u00e0 dell\u2019aria con <strong>sensore omnidirezionale a filo caldo<\/strong>. Sonda con protezione a filo \u00d8 100 mm collegata all&#8217;elettronica con un cavo di 5 m.<\/p>\n<p>Range di misura della velocit\u00e0 dell&#8217;aria: <strong>0,1&#8230;5 m\/s.<\/strong><\/p>\n<p>E&#8217; dotato di <strong>tre uscite analogiche selezionabili<\/strong>: due in corrente 4&#8230;20 mA e 0&#8230;20 mA ed una in tensione 0&#8230;10 Vdc (su richiesta vengono fornite le uscite 0&#8230;1 Vdc o 0&#8230;5 Vdc). La selezione del tipo di uscita \u00e8 fatta con dei ponticelli posti all&#8217;interno dello strumento.<\/p>\n<p>Alimentazione 24 Vac (230 Vac a richiesta). Temperatura di lavoro 0\u202680 \u00b0C.<\/p>\n<p>Condizioni di lavoro del sensore: aria pulita, UR\u00a0 &lt;80%<\/p>\n<p>Sfera di protezione a filo di ricambio: codice <strong>HD103P.<\/strong><\/p>\n","protected":false},"excerpt":{"rendered":"<p>Trasmettitore attivo velocit\u00e0 dell\u2019aria con sensore omnidirezionale a filo caldo. Sonda con cavo. Velocit\u00e0 0,1\u20265 m\/s.<\/p>\n","protected":false},"featured_media":11724,"template":"","meta":[],"product_cat":[1303],"product_tag":[],"brands":[{"id":811,"name":"Velocit\u00e0 dell'Aria","slug":"velocita-dellaria"}],"yoast_head":"<!-- This site is optimized with the Yoast SEO plugin v21.1 - https:\/\/yoast.com\/wordpress\/plugins\/seo\/ -->\n<title>HD103T.0 - Trasmettitore Attivo Velocit\u00e0 dell&#039;Aria - Velocit\u00e0 dell&#039;Aria - Senseca Italy Srl<\/title>\n<meta name=\"description\" content=\"Cerchi Velocit\u00e0 dell&#039;Aria? Scopri le caratteristiche di HD103T.0 - Trasmettitore Attivo Velocit\u00e0 dell&#039;Aria di Senseca Italy Srl\" \/>\n<meta name=\"robots\" content=\"index, follow, max-snippet:-1, max-image-preview:large, max-video-preview:-1\" \/>\n<link rel=\"canonical\" href=\"https:\/\/environmental.senseca.com\/it\/prodotto\/hd103t-0-trasmettitore-attivo-velocita-dellaria\/\" \/>\n<meta property=\"og:locale\" content=\"it_IT\" \/>\n<meta property=\"og:type\" content=\"article\" \/>\n<meta property=\"og:title\" content=\"HD103T.0 - Trasmettitore Attivo Velocit\u00e0 dell&#039;Aria - Velocit\u00e0 dell&#039;Aria - Senseca Italy Srl\" \/>\n<meta property=\"og:description\" content=\"Cerchi Velocit\u00e0 dell&#039;Aria? Scopri le caratteristiche di HD103T.0 - Trasmettitore Attivo Velocit\u00e0 dell&#039;Aria di Senseca Italy Srl\" \/>\n<meta property=\"og:url\" content=\"https:\/\/environmental.senseca.com\/it\/prodotto\/hd103t-0-trasmettitore-attivo-velocita-dellaria\/\" \/>\n<meta property=\"og:site_name\" content=\"Senseca Italy Srl\" \/>\n<meta property=\"article:modified_time\" content=\"2025-12-29T17:51:01+00:00\" \/>\n<meta property=\"og:image\" content=\"https:\/\/environmental.senseca.com\/wp-content\/uploads\/2018\/06\/HD103T.0-active-air-speed-1.jpg\" \/>\n\t<meta property=\"og:image:width\" content=\"1000\" \/>\n\t<meta property=\"og:image:height\" content=\"1000\" \/>\n\t<meta property=\"og:image:type\" content=\"image\/jpeg\" \/>\n<meta name=\"twitter:card\" content=\"summary_large_image\" \/>\n<meta name=\"twitter:label1\" content=\"Tempo di lettura stimato\" \/>\n\t<meta name=\"twitter:data1\" content=\"1 minuto\" \/>\n<script type=\"application\/ld+json\" class=\"yoast-schema-graph\">{\"@context\":\"https:\/\/schema.org\",\"@graph\":[{\"@type\":\"WebPage\",\"@id\":\"https:\/\/environmental.senseca.com\/it\/prodotto\/hd103t-0-trasmettitore-attivo-velocita-dellaria\/\",\"url\":\"https:\/\/environmental.senseca.com\/it\/prodotto\/hd103t-0-trasmettitore-attivo-velocita-dellaria\/\",\"name\":\"HD103T.0 - Trasmettitore Attivo Velocit\u00e0 dell'Aria - Velocit\u00e0 dell'Aria - Senseca Italy Srl\",\"isPartOf\":{\"@id\":\"https:\/\/environmental.senseca.com\/#website\"},\"datePublished\":\"2020-10-05T14:21:53+00:00\",\"dateModified\":\"2025-12-29T17:51:01+00:00\",\"description\":\"Cerchi Velocit\u00e0 dell'Aria? Scopri le caratteristiche di HD103T.0 - Trasmettitore Attivo Velocit\u00e0 dell'Aria di Senseca Italy Srl\",\"breadcrumb\":{\"@id\":\"https:\/\/environmental.senseca.com\/it\/prodotto\/hd103t-0-trasmettitore-attivo-velocita-dellaria\/#breadcrumb\"},\"inLanguage\":\"it-IT\",\"potentialAction\":[{\"@type\":\"ReadAction\",\"target\":[\"https:\/\/environmental.senseca.com\/it\/prodotto\/hd103t-0-trasmettitore-attivo-velocita-dellaria\/\"]}]},{\"@type\":\"BreadcrumbList\",\"@id\":\"https:\/\/environmental.senseca.com\/it\/prodotto\/hd103t-0-trasmettitore-attivo-velocita-dellaria\/#breadcrumb\",\"itemListElement\":[{\"@type\":\"ListItem\",\"position\":1,\"name\":\"Home\",\"item\":\"https:\/\/environmental.senseca.com\/it\/\"},{\"@type\":\"ListItem\",\"position\":2,\"name\":\"Prodotti\",\"item\":\"https:\/\/environmental.senseca.com\/products\/\"},{\"@type\":\"ListItem\",\"position\":3,\"name\":\"HD103T.0 &#8211; Trasmettitore Attivo Velocit\u00e0 dell&#8217;Aria\"}]},{\"@type\":\"WebSite\",\"@id\":\"https:\/\/environmental.senseca.com\/#website\",\"url\":\"https:\/\/environmental.senseca.com\/\",\"name\":\"Senseca Italy Srl\",\"description\":\"Member of GHM GROUP\",\"publisher\":{\"@id\":\"https:\/\/environmental.senseca.com\/#organization\"},\"alternateName\":\"Senseca\",\"potentialAction\":[{\"@type\":\"SearchAction\",\"target\":{\"@type\":\"EntryPoint\",\"urlTemplate\":\"https:\/\/environmental.senseca.com\/?s={search_term_string}\"},\"query-input\":\"required name=search_term_string\"}],\"inLanguage\":\"it-IT\"},{\"@type\":\"Organization\",\"@id\":\"https:\/\/environmental.senseca.com\/#organization\",\"name\":\"Senseca Italy Srl\",\"url\":\"https:\/\/environmental.senseca.com\/\",\"logo\":{\"@type\":\"ImageObject\",\"inLanguage\":\"it-IT\",\"@id\":\"https:\/\/environmental.senseca.com\/#\/schema\/logo\/image\/\",\"url\":\"https:\/\/environmental.senseca.com\/wp-content\/uploads\/2018\/07\/logo_prodotti.jpg\",\"contentUrl\":\"https:\/\/environmental.senseca.com\/wp-content\/uploads\/2018\/07\/logo_prodotti.jpg\",\"width\":1000,\"height\":1000,\"caption\":\"Senseca Italy Srl\"},\"image\":{\"@id\":\"https:\/\/environmental.senseca.com\/#\/schema\/logo\/image\/\"},\"sameAs\":[\"https:\/\/www.linkedin.com\/company\/senseca-measurement-solutions\/\",\"https:\/\/www.youtube.com\/@senseca-measurement-solutions\"]}]}<\/script>\n<!-- \/ Yoast SEO plugin. -->","yoast_head_json":{"title":"HD103T.0 - Trasmettitore Attivo Velocit\u00e0 dell'Aria - Velocit\u00e0 dell'Aria - Senseca Italy Srl","description":"Cerchi Velocit\u00e0 dell'Aria? Scopri le caratteristiche di HD103T.0 - Trasmettitore Attivo Velocit\u00e0 dell'Aria di Senseca Italy Srl","robots":{"index":"index","follow":"follow","max-snippet":"max-snippet:-1","max-image-preview":"max-image-preview:large","max-video-preview":"max-video-preview:-1"},"canonical":"https:\/\/environmental.senseca.com\/it\/prodotto\/hd103t-0-trasmettitore-attivo-velocita-dellaria\/","og_locale":"it_IT","og_type":"article","og_title":"HD103T.0 - Trasmettitore Attivo Velocit\u00e0 dell'Aria - Velocit\u00e0 dell'Aria - Senseca Italy Srl","og_description":"Cerchi Velocit\u00e0 dell'Aria? Scopri le caratteristiche di HD103T.0 - Trasmettitore Attivo Velocit\u00e0 dell'Aria di Senseca Italy Srl","og_url":"https:\/\/environmental.senseca.com\/it\/prodotto\/hd103t-0-trasmettitore-attivo-velocita-dellaria\/","og_site_name":"Senseca Italy Srl","article_modified_time":"2025-12-29T17:51:01+00:00","og_image":[{"width":1000,"height":1000,"url":"https:\/\/environmental.senseca.com\/wp-content\/uploads\/2018\/06\/HD103T.0-active-air-speed-1.jpg","type":"image\/jpeg"}],"twitter_card":"summary_large_image","twitter_misc":{"Tempo di lettura stimato":"1 minuto"},"schema":{"@context":"https:\/\/schema.org","@graph":[{"@type":"WebPage","@id":"https:\/\/environmental.senseca.com\/it\/prodotto\/hd103t-0-trasmettitore-attivo-velocita-dellaria\/","url":"https:\/\/environmental.senseca.com\/it\/prodotto\/hd103t-0-trasmettitore-attivo-velocita-dellaria\/","name":"HD103T.0 - Trasmettitore Attivo Velocit\u00e0 dell'Aria - Velocit\u00e0 dell'Aria - Senseca Italy Srl","isPartOf":{"@id":"https:\/\/environmental.senseca.com\/#website"},"datePublished":"2020-10-05T14:21:53+00:00","dateModified":"2025-12-29T17:51:01+00:00","description":"Cerchi Velocit\u00e0 dell'Aria? Scopri le caratteristiche di HD103T.0 - Trasmettitore Attivo Velocit\u00e0 dell'Aria di Senseca Italy Srl","breadcrumb":{"@id":"https:\/\/environmental.senseca.com\/it\/prodotto\/hd103t-0-trasmettitore-attivo-velocita-dellaria\/#breadcrumb"},"inLanguage":"it-IT","potentialAction":[{"@type":"ReadAction","target":["https:\/\/environmental.senseca.com\/it\/prodotto\/hd103t-0-trasmettitore-attivo-velocita-dellaria\/"]}]},{"@type":"BreadcrumbList","@id":"https:\/\/environmental.senseca.com\/it\/prodotto\/hd103t-0-trasmettitore-attivo-velocita-dellaria\/#breadcrumb","itemListElement":[{"@type":"ListItem","position":1,"name":"Home","item":"https:\/\/environmental.senseca.com\/it\/"},{"@type":"ListItem","position":2,"name":"Prodotti","item":"https:\/\/environmental.senseca.com\/products\/"},{"@type":"ListItem","position":3,"name":"HD103T.0 &#8211; Trasmettitore Attivo Velocit\u00e0 dell&#8217;Aria"}]},{"@type":"WebSite","@id":"https:\/\/environmental.senseca.com\/#website","url":"https:\/\/environmental.senseca.com\/","name":"Senseca Italy Srl","description":"Member of GHM GROUP","publisher":{"@id":"https:\/\/environmental.senseca.com\/#organization"},"alternateName":"Senseca","potentialAction":[{"@type":"SearchAction","target":{"@type":"EntryPoint","urlTemplate":"https:\/\/environmental.senseca.com\/?s={search_term_string}"},"query-input":"required name=search_term_string"}],"inLanguage":"it-IT"},{"@type":"Organization","@id":"https:\/\/environmental.senseca.com\/#organization","name":"Senseca Italy Srl","url":"https:\/\/environmental.senseca.com\/","logo":{"@type":"ImageObject","inLanguage":"it-IT","@id":"https:\/\/environmental.senseca.com\/#\/schema\/logo\/image\/","url":"https:\/\/environmental.senseca.com\/wp-content\/uploads\/2018\/07\/logo_prodotti.jpg","contentUrl":"https:\/\/environmental.senseca.com\/wp-content\/uploads\/2018\/07\/logo_prodotti.jpg","width":1000,"height":1000,"caption":"Senseca Italy Srl"},"image":{"@id":"https:\/\/environmental.senseca.com\/#\/schema\/logo\/image\/"},"sameAs":["https:\/\/www.linkedin.com\/company\/senseca-measurement-solutions\/","https:\/\/www.youtube.com\/@senseca-measurement-solutions"]}]}},"_links":{"self":[{"href":"https:\/\/environmental.senseca.com\/it\/wp-json\/wp\/v2\/product\/12081"}],"collection":[{"href":"https:\/\/environmental.senseca.com\/it\/wp-json\/wp\/v2\/product"}],"about":[{"href":"https:\/\/environmental.senseca.com\/it\/wp-json\/wp\/v2\/types\/product"}],"wp:featuredmedia":[{"embeddable":true,"href":"https:\/\/environmental.senseca.com\/it\/wp-json\/wp\/v2\/media\/11724"}],"wp:attachment":[{"href":"https:\/\/environmental.senseca.com\/it\/wp-json\/wp\/v2\/media?parent=12081"}],"wp:term":[{"taxonomy":"product_cat","embeddable":true,"href":"https:\/\/environmental.senseca.com\/it\/wp-json\/wp\/v2\/product_cat?post=12081"},{"taxonomy":"product_tag","embeddable":true,"href":"https:\/\/environmental.senseca.com\/it\/wp-json\/wp\/v2\/product_tag?post=12081"}],"curies":[{"name":"wp","href":"https:\/\/api.w.org\/{rel}","templated":true}]}}