{"id":12090,"date":"2020-10-05T13:42:00","date_gmt":"2020-10-05T14:22:00","guid":{"rendered":"https:\/\/www.deltaohm.com\/product\/hd2003-anemometro-ultrasonico-triassiale\/"},"modified":"2025-03-07T16:54:20","modified_gmt":"2025-03-07T16:54:20","slug":"hd2003-anemometro-ultrasonico-triassiale","status":"publish","type":"product","link":"https:\/\/environmental.senseca.com\/it\/prodotto\/hd2003-anemometro-ultrasonico-triassiale\/","title":{"rendered":"HD2003 &#8211; Anemometro Ultrasonico Triassiale Multiparametro"},"content":{"rendered":"<p>HD2003 \u00e8 un anemometro ad ultrasuoni statico a 3 assi per la misura della <strong>velocit\u00e0 e direzione del vento, temperatura dell\u2019aria, umidit\u00e0 relativa e pressione barometrica. Componenti cartesiane U-V-W della velocit\u00e0 del vento, Wind Gust, velocit\u00e0 del suono, temperatura sonica.<\/strong><\/p>\n<p>Le principali caratteristiche dello strumento sono:<\/p>\n<ul>\n<li>5 uscite analogiche in corrente e tensione, con diversi range di misura.<\/li>\n<li>Interfacce digitali di comunicazione: Seriale RS232, MultiDrop RS485.<\/li>\n<li>Stringhe digitali dei dati di uscita con frequenza di emissione impostabile.<\/li>\n<li>Periodi di media impostabili da 1\u00f760 sec oppure da 1\u00f760 min. per tutte le grandezze di uscita.<\/li>\n<li>Algoritmi di elaborazione e validazione dei segnali grezzi di misura, per fornire la misura della grandezza anemometrica con precisione \u00b11%.<\/li>\n<li>Modalit\u00e0 di funzionamento in alta frequenza Digitale con output dati seriali a 50Hz.<\/li>\n<li>Autodiagnosi con checking e report degli errori.<\/li>\n<li>Affidabilit\u00e0 e precisione in tutto il campo di misura, senza necessit\u00e0 di ulteriori calibrazioni.<\/li>\n<li>Software operativo demo flessibile, di semplice impiego, adattabile alle esigenze dell&#8217;utente tramite interfaccia computer.<\/li>\n<li>Bussola con sensore magnetoresistivo per l&#8217;allineamento automatico al Nord Magnetico.<\/li>\n<li>Nessuna parte in movimento, con costi di manutenzione e servizio ridotti.<\/li>\n<li>Costruzione robusta, adatta ad operare con continuit\u00e0 in severe condizioni ambientali.<\/li>\n<li>Basso consumo elettrico.<\/li>\n<\/ul>\n<p>Disponibile anche con opzione riscaldamento (HD2003<strong>R<\/strong>): dispositivo integrato nei sensori sonici, per evitare la formazione di ghiaccio, ed operare correttamente anche in condizioni di nevischio o neve.<\/p>\n","protected":false},"excerpt":{"rendered":"<p>Anemometro a ultrasuoni statico a tre assi per misurare la velocit\u00e0 e la direzione del vento, la temperatura dell&#8217;aria, l&#8217;umidit\u00e0 relativa e la pressione barometrica.<\/p>\n","protected":false},"featured_media":16075,"template":"","meta":[],"product_cat":[96,806],"product_tag":[1042,130,1084,453],"brands":[{"id":68,"name":"Air and Wind Speed","slug":"air-and-wind-speed"},{"id":970,"name":"Stazioni Meteo","slug":"stazioni-meteo-it"},{"id":811,"name":"Velocit\u00e0 dell'Aria","slug":"velocita-dellaria"},{"id":75,"name":"Weather Station","slug":"weather-station"}],"yoast_head":"<!-- This site is optimized with the Yoast SEO plugin v21.1 - https:\/\/yoast.com\/wordpress\/plugins\/seo\/ -->\n<title>HD2003 - Anemometro Ultrasonico Triassiale Multiparametro - Air and Wind Speed, Stazioni Meteo, Velocit\u00e0 dell&#039;Aria, Weather Station - Senseca Italy Srl<\/title>\n<meta name=\"description\" content=\"Cerchi Air and Wind Speed, Stazioni Meteo, Velocit\u00e0 dell&#039;Aria, Weather Station? Scopri le caratteristiche di HD2003 - Anemometro Ultrasonico Triassiale Multiparametro di Senseca Italy Srl\" \/>\n<meta name=\"robots\" content=\"index, follow, max-snippet:-1, max-image-preview:large, max-video-preview:-1\" \/>\n<link rel=\"canonical\" href=\"https:\/\/environmental.senseca.com\/it\/prodotto\/hd2003-anemometro-ultrasonico-triassiale\/\" \/>\n<meta property=\"og:locale\" content=\"it_IT\" \/>\n<meta property=\"og:type\" content=\"article\" \/>\n<meta property=\"og:title\" content=\"HD2003 - Anemometro Ultrasonico Triassiale Multiparametro - Air and Wind Speed, Stazioni Meteo, Velocit\u00e0 dell&#039;Aria, Weather Station - Senseca Italy Srl\" \/>\n<meta property=\"og:description\" content=\"Cerchi Air and Wind Speed, Stazioni Meteo, Velocit\u00e0 dell&#039;Aria, Weather Station? Scopri le caratteristiche di HD2003 - Anemometro Ultrasonico Triassiale Multiparametro di Senseca Italy Srl\" \/>\n<meta property=\"og:url\" content=\"https:\/\/environmental.senseca.com\/it\/prodotto\/hd2003-anemometro-ultrasonico-triassiale\/\" \/>\n<meta property=\"og:site_name\" content=\"Senseca Italy Srl\" \/>\n<meta property=\"article:modified_time\" content=\"2025-03-07T16:54:20+00:00\" \/>\n<meta property=\"og:image\" content=\"https:\/\/environmental.senseca.com\/wp-content\/uploads\/2020\/10\/HD2003_web.jpg\" \/>\n\t<meta property=\"og:image:width\" content=\"1000\" \/>\n\t<meta property=\"og:image:height\" content=\"1000\" \/>\n\t<meta property=\"og:image:type\" content=\"image\/jpeg\" \/>\n<meta name=\"twitter:card\" content=\"summary_large_image\" \/>\n<meta name=\"twitter:label1\" content=\"Tempo di lettura stimato\" \/>\n\t<meta name=\"twitter:data1\" content=\"2 minuti\" \/>\n<script type=\"application\/ld+json\" class=\"yoast-schema-graph\">{\"@context\":\"https:\/\/schema.org\",\"@graph\":[{\"@type\":\"WebPage\",\"@id\":\"https:\/\/environmental.senseca.com\/it\/prodotto\/hd2003-anemometro-ultrasonico-triassiale\/\",\"url\":\"https:\/\/environmental.senseca.com\/it\/prodotto\/hd2003-anemometro-ultrasonico-triassiale\/\",\"name\":\"HD2003 - Anemometro Ultrasonico Triassiale Multiparametro - Air and Wind Speed, Stazioni Meteo, Velocit\u00e0 dell'Aria, Weather Station - Senseca Italy Srl\",\"isPartOf\":{\"@id\":\"https:\/\/environmental.senseca.com\/#website\"},\"datePublished\":\"2020-10-05T14:22:00+00:00\",\"dateModified\":\"2025-03-07T16:54:20+00:00\",\"description\":\"Cerchi Air and Wind Speed, Stazioni Meteo, Velocit\u00e0 dell'Aria, Weather Station? Scopri le caratteristiche di HD2003 - Anemometro Ultrasonico Triassiale Multiparametro di Senseca Italy Srl\",\"breadcrumb\":{\"@id\":\"https:\/\/environmental.senseca.com\/it\/prodotto\/hd2003-anemometro-ultrasonico-triassiale\/#breadcrumb\"},\"inLanguage\":\"it-IT\",\"potentialAction\":[{\"@type\":\"ReadAction\",\"target\":[\"https:\/\/environmental.senseca.com\/it\/prodotto\/hd2003-anemometro-ultrasonico-triassiale\/\"]}]},{\"@type\":\"BreadcrumbList\",\"@id\":\"https:\/\/environmental.senseca.com\/it\/prodotto\/hd2003-anemometro-ultrasonico-triassiale\/#breadcrumb\",\"itemListElement\":[{\"@type\":\"ListItem\",\"position\":1,\"name\":\"Home\",\"item\":\"https:\/\/environmental.senseca.com\/it\/\"},{\"@type\":\"ListItem\",\"position\":2,\"name\":\"Prodotti\",\"item\":\"https:\/\/environmental.senseca.com\/products\/\"},{\"@type\":\"ListItem\",\"position\":3,\"name\":\"HD2003 &#8211; Anemometro Ultrasonico Triassiale Multiparametro\"}]},{\"@type\":\"WebSite\",\"@id\":\"https:\/\/environmental.senseca.com\/#website\",\"url\":\"https:\/\/environmental.senseca.com\/\",\"name\":\"Senseca Italy Srl\",\"description\":\"Member of GHM GROUP\",\"publisher\":{\"@id\":\"https:\/\/environmental.senseca.com\/#organization\"},\"alternateName\":\"Senseca\",\"potentialAction\":[{\"@type\":\"SearchAction\",\"target\":{\"@type\":\"EntryPoint\",\"urlTemplate\":\"https:\/\/environmental.senseca.com\/?s={search_term_string}\"},\"query-input\":\"required name=search_term_string\"}],\"inLanguage\":\"it-IT\"},{\"@type\":\"Organization\",\"@id\":\"https:\/\/environmental.senseca.com\/#organization\",\"name\":\"Senseca Italy Srl\",\"url\":\"https:\/\/environmental.senseca.com\/\",\"logo\":{\"@type\":\"ImageObject\",\"inLanguage\":\"it-IT\",\"@id\":\"https:\/\/environmental.senseca.com\/#\/schema\/logo\/image\/\",\"url\":\"https:\/\/environmental.senseca.com\/wp-content\/uploads\/2018\/07\/logo_prodotti.jpg\",\"contentUrl\":\"https:\/\/environmental.senseca.com\/wp-content\/uploads\/2018\/07\/logo_prodotti.jpg\",\"width\":1000,\"height\":1000,\"caption\":\"Senseca Italy Srl\"},\"image\":{\"@id\":\"https:\/\/environmental.senseca.com\/#\/schema\/logo\/image\/\"},\"sameAs\":[\"https:\/\/www.linkedin.com\/company\/senseca-measurement-solutions\/\",\"https:\/\/www.youtube.com\/@senseca-measurement-solutions\"]}]}<\/script>\n<!-- \/ Yoast SEO plugin. -->","yoast_head_json":{"title":"HD2003 - Anemometro Ultrasonico Triassiale Multiparametro - Air and Wind Speed, Stazioni Meteo, Velocit\u00e0 dell'Aria, Weather Station - Senseca Italy Srl","description":"Cerchi Air and Wind Speed, Stazioni Meteo, Velocit\u00e0 dell'Aria, Weather Station? Scopri le caratteristiche di HD2003 - Anemometro Ultrasonico Triassiale Multiparametro di Senseca Italy Srl","robots":{"index":"index","follow":"follow","max-snippet":"max-snippet:-1","max-image-preview":"max-image-preview:large","max-video-preview":"max-video-preview:-1"},"canonical":"https:\/\/environmental.senseca.com\/it\/prodotto\/hd2003-anemometro-ultrasonico-triassiale\/","og_locale":"it_IT","og_type":"article","og_title":"HD2003 - Anemometro Ultrasonico Triassiale Multiparametro - Air and Wind Speed, Stazioni Meteo, Velocit\u00e0 dell'Aria, Weather Station - Senseca Italy Srl","og_description":"Cerchi Air and Wind Speed, Stazioni Meteo, Velocit\u00e0 dell'Aria, Weather Station? Scopri le caratteristiche di HD2003 - Anemometro Ultrasonico Triassiale Multiparametro di Senseca Italy Srl","og_url":"https:\/\/environmental.senseca.com\/it\/prodotto\/hd2003-anemometro-ultrasonico-triassiale\/","og_site_name":"Senseca Italy Srl","article_modified_time":"2025-03-07T16:54:20+00:00","og_image":[{"width":1000,"height":1000,"url":"https:\/\/environmental.senseca.com\/wp-content\/uploads\/2020\/10\/HD2003_web.jpg","type":"image\/jpeg"}],"twitter_card":"summary_large_image","twitter_misc":{"Tempo di lettura stimato":"2 minuti"},"schema":{"@context":"https:\/\/schema.org","@graph":[{"@type":"WebPage","@id":"https:\/\/environmental.senseca.com\/it\/prodotto\/hd2003-anemometro-ultrasonico-triassiale\/","url":"https:\/\/environmental.senseca.com\/it\/prodotto\/hd2003-anemometro-ultrasonico-triassiale\/","name":"HD2003 - Anemometro Ultrasonico Triassiale Multiparametro - Air and Wind Speed, Stazioni Meteo, Velocit\u00e0 dell'Aria, Weather Station - Senseca Italy Srl","isPartOf":{"@id":"https:\/\/environmental.senseca.com\/#website"},"datePublished":"2020-10-05T14:22:00+00:00","dateModified":"2025-03-07T16:54:20+00:00","description":"Cerchi Air and Wind Speed, Stazioni Meteo, Velocit\u00e0 dell'Aria, Weather Station? Scopri le caratteristiche di HD2003 - Anemometro Ultrasonico Triassiale Multiparametro di Senseca Italy Srl","breadcrumb":{"@id":"https:\/\/environmental.senseca.com\/it\/prodotto\/hd2003-anemometro-ultrasonico-triassiale\/#breadcrumb"},"inLanguage":"it-IT","potentialAction":[{"@type":"ReadAction","target":["https:\/\/environmental.senseca.com\/it\/prodotto\/hd2003-anemometro-ultrasonico-triassiale\/"]}]},{"@type":"BreadcrumbList","@id":"https:\/\/environmental.senseca.com\/it\/prodotto\/hd2003-anemometro-ultrasonico-triassiale\/#breadcrumb","itemListElement":[{"@type":"ListItem","position":1,"name":"Home","item":"https:\/\/environmental.senseca.com\/it\/"},{"@type":"ListItem","position":2,"name":"Prodotti","item":"https:\/\/environmental.senseca.com\/products\/"},{"@type":"ListItem","position":3,"name":"HD2003 &#8211; Anemometro Ultrasonico Triassiale Multiparametro"}]},{"@type":"WebSite","@id":"https:\/\/environmental.senseca.com\/#website","url":"https:\/\/environmental.senseca.com\/","name":"Senseca Italy Srl","description":"Member of GHM GROUP","publisher":{"@id":"https:\/\/environmental.senseca.com\/#organization"},"alternateName":"Senseca","potentialAction":[{"@type":"SearchAction","target":{"@type":"EntryPoint","urlTemplate":"https:\/\/environmental.senseca.com\/?s={search_term_string}"},"query-input":"required name=search_term_string"}],"inLanguage":"it-IT"},{"@type":"Organization","@id":"https:\/\/environmental.senseca.com\/#organization","name":"Senseca Italy Srl","url":"https:\/\/environmental.senseca.com\/","logo":{"@type":"ImageObject","inLanguage":"it-IT","@id":"https:\/\/environmental.senseca.com\/#\/schema\/logo\/image\/","url":"https:\/\/environmental.senseca.com\/wp-content\/uploads\/2018\/07\/logo_prodotti.jpg","contentUrl":"https:\/\/environmental.senseca.com\/wp-content\/uploads\/2018\/07\/logo_prodotti.jpg","width":1000,"height":1000,"caption":"Senseca Italy Srl"},"image":{"@id":"https:\/\/environmental.senseca.com\/#\/schema\/logo\/image\/"},"sameAs":["https:\/\/www.linkedin.com\/company\/senseca-measurement-solutions\/","https:\/\/www.youtube.com\/@senseca-measurement-solutions"]}]}},"_links":{"self":[{"href":"https:\/\/environmental.senseca.com\/it\/wp-json\/wp\/v2\/product\/12090"}],"collection":[{"href":"https:\/\/environmental.senseca.com\/it\/wp-json\/wp\/v2\/product"}],"about":[{"href":"https:\/\/environmental.senseca.com\/it\/wp-json\/wp\/v2\/types\/product"}],"wp:featuredmedia":[{"embeddable":true,"href":"https:\/\/environmental.senseca.com\/it\/wp-json\/wp\/v2\/media\/16075"}],"wp:attachment":[{"href":"https:\/\/environmental.senseca.com\/it\/wp-json\/wp\/v2\/media?parent=12090"}],"wp:term":[{"taxonomy":"product_cat","embeddable":true,"href":"https:\/\/environmental.senseca.com\/it\/wp-json\/wp\/v2\/product_cat?post=12090"},{"taxonomy":"product_tag","embeddable":true,"href":"https:\/\/environmental.senseca.com\/it\/wp-json\/wp\/v2\/product_tag?post=12090"}],"curies":[{"name":"wp","href":"https:\/\/api.w.org\/{rel}","templated":true}]}}