{"id":12094,"date":"2020-10-05T13:42:04","date_gmt":"2020-10-05T14:22:00","guid":{"rendered":"https:\/\/www.deltaohm.com\/product\/hd2013-pluviometro-a-vaschetta-basculante\/"},"modified":"2024-03-21T14:16:55","modified_gmt":"2024-03-21T14:16:55","slug":"hd2013-pluviometro-a-vaschetta-basculante","status":"publish","type":"product","link":"https:\/\/environmental.senseca.com\/it\/prodotto\/hd2013-pluviometro-a-vaschetta-basculante\/","title":{"rendered":"HD2013 &#8211; Pluviometro a Vaschetta Basculante"},"content":{"rendered":"<p><strong>HD2013<\/strong> \u00e8 un pluviometro a vaschetta basculante affidabile e robusto, costruito interamente con materiali resistenti alla corrosione per garantire affidabilit\u00e0, precisione e durata nel tempo. A seconda dell&#8217;ambiente in cui \u00e8 collocato, \u00e8 possibile scegliere tra una versione <strong>riscaldata o non riscaldata<\/strong> (HD2013R).<\/p>\n<p>La misura della quantit\u00e0 di pioggia si basa sul conteggio del numero di svuotamenti della vaschetta: i contatti reed, normalmente chiusi, si aprono al momento della rotazione tra una sezione e l\u2019altra della vaschetta. Questo significa che il principio a vaschetta basculante ha un enorme vantaggio: non necessita di alimentazione elettrica per funzionare. L&#8217;alimentazione \u00e8 necessaria solo quando le circostanze richiedono un riscaldamento a causa delle basse temperature ambientali.<\/p>\n<p>Il numero degli impulsi pu\u00f2 essere rilevato ed acquisito da un datalogger come\u00a0 <a href=\"https:\/\/environmental.senseca.com\/product\/hd2013-db-visualizzatore-datalogger-di-pioggia\/?lang=it\">HD2013-DB<\/a>. Ma \u00e8 anche possibile comunicare direttamente i risultati attraverso uno dei nostri datalogger della <a href=\"https:\/\/environmental.senseca.com\/product\/hd33mt-4-datalogger-per-stazioni-meteo-4g\/?lang=it\">serie HD33.<\/a>\u00a0Il modem 4G\/3G\/GPRS integrato rende semplice l&#8217;upload dei dati direttamente su una delle nostre applicazioni cloud o in un server proprietario.<\/p>\n<p>HD2013 \u00e8 disponibile anche con uscita analogica opzionale a scelta tra 4&#8230;20 mA o 0&#8230;10 Vdc (da specificare al momento dell&#8217;ordine) o con uscita digitale SDI-12 opzionale. Al momento dell&#8217;ordine, il pluviometro viene completamente predisposto per l&#8217;uso.<\/p>\n<p>Facile da installare, piedini regolabili e dispositivo di livellamento integrato. Disponibili e ordinabili a parte, dissuasore per volatili e accessori per l&#8217;installazione su palo.<\/p>\n","protected":false},"excerpt":{"rendered":"<p>Pluviometro a vaschetta basculante, area 400 cm<sup>2<\/sup>, Temperatura di funzionamento -20 (versione riscaldata)&#8230; +70\u00b0C.<\/p>\n","protected":false},"featured_media":15710,"template":"","meta":[],"product_cat":[96,806],"product_tag":[1056,477,1057,476,988,474,1164,480],"brands":[{"id":582,"name":"Precipitation","slug":"precipitation-rain"},{"id":970,"name":"Stazioni Meteo","slug":"stazioni-meteo-it"},{"id":75,"name":"Weather Station","slug":"weather-station"}],"yoast_head":"<!-- This site is optimized with the Yoast SEO plugin v21.1 - https:\/\/yoast.com\/wordpress\/plugins\/seo\/ -->\n<title>HD2013 - Pluviometro a Vaschetta Basculante - Precipitation, Stazioni Meteo, Weather Station - Senseca Italy Srl<\/title>\n<meta name=\"description\" content=\"Cerchi Precipitation, Stazioni Meteo, Weather Station? Scopri le caratteristiche di HD2013 - Pluviometro a Vaschetta Basculante di Senseca Italy Srl\" \/>\n<meta name=\"robots\" content=\"index, follow, max-snippet:-1, max-image-preview:large, max-video-preview:-1\" \/>\n<link rel=\"canonical\" href=\"https:\/\/environmental.senseca.com\/it\/prodotto\/hd2013-pluviometro-a-vaschetta-basculante\/\" \/>\n<meta property=\"og:locale\" content=\"it_IT\" \/>\n<meta property=\"og:type\" content=\"article\" \/>\n<meta property=\"og:title\" content=\"HD2013 - Pluviometro a Vaschetta Basculante - Precipitation, Stazioni Meteo, Weather Station - Senseca Italy Srl\" \/>\n<meta property=\"og:description\" content=\"Cerchi Precipitation, Stazioni Meteo, Weather Station? Scopri le caratteristiche di HD2013 - Pluviometro a Vaschetta Basculante di Senseca Italy Srl\" \/>\n<meta property=\"og:url\" content=\"https:\/\/environmental.senseca.com\/it\/prodotto\/hd2013-pluviometro-a-vaschetta-basculante\/\" \/>\n<meta property=\"og:site_name\" content=\"Senseca Italy Srl\" \/>\n<meta property=\"article:modified_time\" content=\"2024-03-21T14:16:55+00:00\" \/>\n<meta property=\"og:image\" content=\"https:\/\/environmental.senseca.com\/wp-content\/uploads\/2018\/06\/HD2013-tipping-raingauge-3.jpg\" \/>\n\t<meta property=\"og:image:width\" content=\"1000\" \/>\n\t<meta property=\"og:image:height\" content=\"1000\" \/>\n\t<meta property=\"og:image:type\" content=\"image\/jpeg\" \/>\n<meta name=\"twitter:card\" content=\"summary_large_image\" \/>\n<meta name=\"twitter:label1\" content=\"Tempo di lettura stimato\" \/>\n\t<meta name=\"twitter:data1\" content=\"1 minuto\" \/>\n<script type=\"application\/ld+json\" class=\"yoast-schema-graph\">{\"@context\":\"https:\/\/schema.org\",\"@graph\":[{\"@type\":\"WebPage\",\"@id\":\"https:\/\/environmental.senseca.com\/it\/prodotto\/hd2013-pluviometro-a-vaschetta-basculante\/\",\"url\":\"https:\/\/environmental.senseca.com\/it\/prodotto\/hd2013-pluviometro-a-vaschetta-basculante\/\",\"name\":\"HD2013 - Pluviometro a Vaschetta Basculante - Precipitation, Stazioni Meteo, Weather Station - Senseca Italy Srl\",\"isPartOf\":{\"@id\":\"https:\/\/environmental.senseca.com\/#website\"},\"datePublished\":\"2020-10-05T14:22:00+00:00\",\"dateModified\":\"2024-03-21T14:16:55+00:00\",\"description\":\"Cerchi Precipitation, Stazioni Meteo, Weather Station? Scopri le caratteristiche di HD2013 - Pluviometro a Vaschetta Basculante di Senseca Italy Srl\",\"breadcrumb\":{\"@id\":\"https:\/\/environmental.senseca.com\/it\/prodotto\/hd2013-pluviometro-a-vaschetta-basculante\/#breadcrumb\"},\"inLanguage\":\"it-IT\",\"potentialAction\":[{\"@type\":\"ReadAction\",\"target\":[\"https:\/\/environmental.senseca.com\/it\/prodotto\/hd2013-pluviometro-a-vaschetta-basculante\/\"]}]},{\"@type\":\"BreadcrumbList\",\"@id\":\"https:\/\/environmental.senseca.com\/it\/prodotto\/hd2013-pluviometro-a-vaschetta-basculante\/#breadcrumb\",\"itemListElement\":[{\"@type\":\"ListItem\",\"position\":1,\"name\":\"Home\",\"item\":\"https:\/\/environmental.senseca.com\/it\/\"},{\"@type\":\"ListItem\",\"position\":2,\"name\":\"Prodotti\",\"item\":\"https:\/\/environmental.senseca.com\/products\/\"},{\"@type\":\"ListItem\",\"position\":3,\"name\":\"HD2013 &#8211; Pluviometro a Vaschetta Basculante\"}]},{\"@type\":\"WebSite\",\"@id\":\"https:\/\/environmental.senseca.com\/#website\",\"url\":\"https:\/\/environmental.senseca.com\/\",\"name\":\"Senseca Italy Srl\",\"description\":\"Member of GHM GROUP\",\"publisher\":{\"@id\":\"https:\/\/environmental.senseca.com\/#organization\"},\"alternateName\":\"Senseca\",\"potentialAction\":[{\"@type\":\"SearchAction\",\"target\":{\"@type\":\"EntryPoint\",\"urlTemplate\":\"https:\/\/environmental.senseca.com\/?s={search_term_string}\"},\"query-input\":\"required name=search_term_string\"}],\"inLanguage\":\"it-IT\"},{\"@type\":\"Organization\",\"@id\":\"https:\/\/environmental.senseca.com\/#organization\",\"name\":\"Senseca Italy Srl\",\"url\":\"https:\/\/environmental.senseca.com\/\",\"logo\":{\"@type\":\"ImageObject\",\"inLanguage\":\"it-IT\",\"@id\":\"https:\/\/environmental.senseca.com\/#\/schema\/logo\/image\/\",\"url\":\"https:\/\/environmental.senseca.com\/wp-content\/uploads\/2018\/07\/logo_prodotti.jpg\",\"contentUrl\":\"https:\/\/environmental.senseca.com\/wp-content\/uploads\/2018\/07\/logo_prodotti.jpg\",\"width\":1000,\"height\":1000,\"caption\":\"Senseca Italy Srl\"},\"image\":{\"@id\":\"https:\/\/environmental.senseca.com\/#\/schema\/logo\/image\/\"},\"sameAs\":[\"https:\/\/www.linkedin.com\/company\/senseca-measurement-solutions\/\",\"https:\/\/www.youtube.com\/@senseca-measurement-solutions\"]}]}<\/script>\n<!-- \/ Yoast SEO plugin. -->","yoast_head_json":{"title":"HD2013 - Pluviometro a Vaschetta Basculante - Precipitation, Stazioni Meteo, Weather Station - Senseca Italy Srl","description":"Cerchi Precipitation, Stazioni Meteo, Weather Station? Scopri le caratteristiche di HD2013 - Pluviometro a Vaschetta Basculante di Senseca Italy Srl","robots":{"index":"index","follow":"follow","max-snippet":"max-snippet:-1","max-image-preview":"max-image-preview:large","max-video-preview":"max-video-preview:-1"},"canonical":"https:\/\/environmental.senseca.com\/it\/prodotto\/hd2013-pluviometro-a-vaschetta-basculante\/","og_locale":"it_IT","og_type":"article","og_title":"HD2013 - Pluviometro a Vaschetta Basculante - Precipitation, Stazioni Meteo, Weather Station - Senseca Italy Srl","og_description":"Cerchi Precipitation, Stazioni Meteo, Weather Station? Scopri le caratteristiche di HD2013 - Pluviometro a Vaschetta Basculante di Senseca Italy Srl","og_url":"https:\/\/environmental.senseca.com\/it\/prodotto\/hd2013-pluviometro-a-vaschetta-basculante\/","og_site_name":"Senseca Italy Srl","article_modified_time":"2024-03-21T14:16:55+00:00","og_image":[{"width":1000,"height":1000,"url":"https:\/\/environmental.senseca.com\/wp-content\/uploads\/2018\/06\/HD2013-tipping-raingauge-3.jpg","type":"image\/jpeg"}],"twitter_card":"summary_large_image","twitter_misc":{"Tempo di lettura stimato":"1 minuto"},"schema":{"@context":"https:\/\/schema.org","@graph":[{"@type":"WebPage","@id":"https:\/\/environmental.senseca.com\/it\/prodotto\/hd2013-pluviometro-a-vaschetta-basculante\/","url":"https:\/\/environmental.senseca.com\/it\/prodotto\/hd2013-pluviometro-a-vaschetta-basculante\/","name":"HD2013 - Pluviometro a Vaschetta Basculante - Precipitation, Stazioni Meteo, Weather Station - Senseca Italy Srl","isPartOf":{"@id":"https:\/\/environmental.senseca.com\/#website"},"datePublished":"2020-10-05T14:22:00+00:00","dateModified":"2024-03-21T14:16:55+00:00","description":"Cerchi Precipitation, Stazioni Meteo, Weather Station? Scopri le caratteristiche di HD2013 - Pluviometro a Vaschetta Basculante di Senseca Italy Srl","breadcrumb":{"@id":"https:\/\/environmental.senseca.com\/it\/prodotto\/hd2013-pluviometro-a-vaschetta-basculante\/#breadcrumb"},"inLanguage":"it-IT","potentialAction":[{"@type":"ReadAction","target":["https:\/\/environmental.senseca.com\/it\/prodotto\/hd2013-pluviometro-a-vaschetta-basculante\/"]}]},{"@type":"BreadcrumbList","@id":"https:\/\/environmental.senseca.com\/it\/prodotto\/hd2013-pluviometro-a-vaschetta-basculante\/#breadcrumb","itemListElement":[{"@type":"ListItem","position":1,"name":"Home","item":"https:\/\/environmental.senseca.com\/it\/"},{"@type":"ListItem","position":2,"name":"Prodotti","item":"https:\/\/environmental.senseca.com\/products\/"},{"@type":"ListItem","position":3,"name":"HD2013 &#8211; Pluviometro a Vaschetta Basculante"}]},{"@type":"WebSite","@id":"https:\/\/environmental.senseca.com\/#website","url":"https:\/\/environmental.senseca.com\/","name":"Senseca Italy Srl","description":"Member of GHM GROUP","publisher":{"@id":"https:\/\/environmental.senseca.com\/#organization"},"alternateName":"Senseca","potentialAction":[{"@type":"SearchAction","target":{"@type":"EntryPoint","urlTemplate":"https:\/\/environmental.senseca.com\/?s={search_term_string}"},"query-input":"required name=search_term_string"}],"inLanguage":"it-IT"},{"@type":"Organization","@id":"https:\/\/environmental.senseca.com\/#organization","name":"Senseca Italy Srl","url":"https:\/\/environmental.senseca.com\/","logo":{"@type":"ImageObject","inLanguage":"it-IT","@id":"https:\/\/environmental.senseca.com\/#\/schema\/logo\/image\/","url":"https:\/\/environmental.senseca.com\/wp-content\/uploads\/2018\/07\/logo_prodotti.jpg","contentUrl":"https:\/\/environmental.senseca.com\/wp-content\/uploads\/2018\/07\/logo_prodotti.jpg","width":1000,"height":1000,"caption":"Senseca Italy Srl"},"image":{"@id":"https:\/\/environmental.senseca.com\/#\/schema\/logo\/image\/"},"sameAs":["https:\/\/www.linkedin.com\/company\/senseca-measurement-solutions\/","https:\/\/www.youtube.com\/@senseca-measurement-solutions"]}]}},"_links":{"self":[{"href":"https:\/\/environmental.senseca.com\/it\/wp-json\/wp\/v2\/product\/12094"}],"collection":[{"href":"https:\/\/environmental.senseca.com\/it\/wp-json\/wp\/v2\/product"}],"about":[{"href":"https:\/\/environmental.senseca.com\/it\/wp-json\/wp\/v2\/types\/product"}],"wp:featuredmedia":[{"embeddable":true,"href":"https:\/\/environmental.senseca.com\/it\/wp-json\/wp\/v2\/media\/15710"}],"wp:attachment":[{"href":"https:\/\/environmental.senseca.com\/it\/wp-json\/wp\/v2\/media?parent=12094"}],"wp:term":[{"taxonomy":"product_cat","embeddable":true,"href":"https:\/\/environmental.senseca.com\/it\/wp-json\/wp\/v2\/product_cat?post=12094"},{"taxonomy":"product_tag","embeddable":true,"href":"https:\/\/environmental.senseca.com\/it\/wp-json\/wp\/v2\/product_tag?post=12094"}],"curies":[{"name":"wp","href":"https:\/\/api.w.org\/{rel}","templated":true}]}}