{"id":12098,"date":"2020-10-05T13:42:13","date_gmt":"2020-10-05T14:22:00","guid":{"rendered":"https:\/\/www.deltaohm.com\/product\/hd2021t6-hd2021t7-trasmettitori-fotometrici-radiometrici\/"},"modified":"2024-03-28T10:46:24","modified_gmt":"2024-03-28T10:46:24","slug":"hd2021t6-hd2021t7-trasmettitori-fotometrici-radiometrici","status":"publish","type":"product","link":"https:\/\/environmental.senseca.com\/it\/prodotto\/hd2021t6-hd2021t7-trasmettitori-fotometrici-radiometrici\/","title":{"rendered":"HD2021T6 \/ HD2021T7 &#8211; Trasmettitori Fotometrici Radiometrici"},"content":{"rendered":"<p>I trasmettitori permettono di convertire la grandezza fotometrica \u201cluminanza di velo equivalente\u201d- <strong>HD2021T7<\/strong> &#8211; o una quantit\u00e0 fotometrica Luminanza (cd\/m<sup>2<\/sup>) &#8211;<strong>HD2021T6<\/strong> &#8211; in un segnale di corrente (4&#8230;20 mA) o di tensione (0&#8230;10 V) a seconda della versione scelta. Se la stazione di acquisizione \u00e8 lontana dalla sonda (&gt;50m) \u00e8 necessario utilizzare la versione in corrente. La sonda \u00e8 utilizzata per il controllo dell\u2019illuminazione stradale, in particolare,la misura della luminanza di velo equivalente \u00e8 indispensabile per stabilire la luminanza di soglia all\u2019ingresso delle gallerie (NORMA UNI 11095).<\/p>\n<p>La sonda <strong>HD2021T7<\/strong> \u00e8 utilizzata per il controllo dell\u2019illuminazione stradale, in particolare,la misura della luminanza di velo equivalente \u00e8 indispensabile per stabilire la luminanza di soglia all\u2019ingresso delle gallerie (NORMA UNI 11095).\u00a0\u00a0E\u2019 possibile scegliere la sensibilit\u00e0 del trasmettitore su due valori predefiniti;\u00a0 2000 cd\/m\u00b2 o 20000 cd\/m\u00b2 da scegliere al momento dell\u2019ordine del trasmettitore.<\/p>\n<p>La sonda <strong>HD2021T6<\/strong> \u00e8 utilizzata per il controllo dell\u2019illuminazione stradale, in particolare, la misura della luminanza in un angolo di 20\u00b0 (L20) \u00e8 necessaria per stabilire la luminanza di soglia all\u2019ingresso delle gallerie (NORMA CIE 88:2004). La norma prevede il passaggio in futuro alla misura della luminanza di velo). La sonda pu\u00f2 inoltre essere utilizzata per valutare l\u2019illuminamento verticale (Ev)come prescrive la norma precedentemente citata. E\u2019 possibile scegliere la sensibilit\u00e0 del trasmettitore su tre valori predefiniti; 2 kcd\/m\u00b2, 20 kcd\/m\u00b2 o 200 kcd\/m\u00b2 da scegliere al momento dell\u2019ordine del trasmettitore. La sonda pu\u00f2 essere utilizzata in tutte le applicazioni dove sia necessario valutare la luminanza, come ad esempio schermi per proiezione diafanoscopi etc..<\/p>\n<p>&nbsp;<\/p>\n","protected":false},"excerpt":{"rendered":"<p>Sonda per la misura della Luminanza di velo equivalente.<\/p>\n","protected":false},"featured_media":11979,"template":"","meta":[],"product_cat":[1302],"product_tag":[],"brands":[{"id":67,"name":"Light","slug":"light"},{"id":813,"name":"Luce","slug":"luce"}],"yoast_head":"<!-- This site is optimized with the Yoast SEO plugin v21.1 - https:\/\/yoast.com\/wordpress\/plugins\/seo\/ -->\n<title>HD2021T6 \/ HD2021T7 - Trasmettitori Fotometrici Radiometrici - Light, Luce - Senseca Italy Srl<\/title>\n<meta name=\"description\" content=\"Cerchi Light, Luce? Scopri le caratteristiche di HD2021T6 \/ HD2021T7 - Trasmettitori Fotometrici Radiometrici di Senseca Italy Srl\" \/>\n<meta name=\"robots\" content=\"index, follow, max-snippet:-1, max-image-preview:large, max-video-preview:-1\" \/>\n<link rel=\"canonical\" href=\"https:\/\/environmental.senseca.com\/it\/prodotto\/hd2021t6-hd2021t7-trasmettitori-fotometrici-radiometrici\/\" \/>\n<meta property=\"og:locale\" content=\"it_IT\" \/>\n<meta property=\"og:type\" content=\"article\" \/>\n<meta property=\"og:title\" content=\"HD2021T6 \/ HD2021T7 - Trasmettitori Fotometrici Radiometrici - Light, Luce - Senseca Italy Srl\" \/>\n<meta property=\"og:description\" content=\"Cerchi Light, Luce? Scopri le caratteristiche di HD2021T6 \/ HD2021T7 - Trasmettitori Fotometrici Radiometrici di Senseca Italy Srl\" \/>\n<meta property=\"og:url\" content=\"https:\/\/environmental.senseca.com\/it\/prodotto\/hd2021t6-hd2021t7-trasmettitori-fotometrici-radiometrici\/\" \/>\n<meta property=\"og:site_name\" content=\"Senseca Italy Srl\" \/>\n<meta property=\"article:modified_time\" content=\"2024-03-28T10:46:24+00:00\" \/>\n<meta property=\"og:image\" content=\"https:\/\/environmental.senseca.com\/wp-content\/uploads\/2018\/06\/HD2021T_7-light-transmitters-1.jpg\" \/>\n\t<meta property=\"og:image:width\" content=\"1000\" \/>\n\t<meta property=\"og:image:height\" content=\"1000\" \/>\n\t<meta property=\"og:image:type\" content=\"image\/jpeg\" \/>\n<meta name=\"twitter:card\" content=\"summary_large_image\" \/>\n<meta name=\"twitter:label1\" content=\"Tempo di lettura stimato\" \/>\n\t<meta name=\"twitter:data1\" content=\"2 minuti\" \/>\n<script type=\"application\/ld+json\" class=\"yoast-schema-graph\">{\"@context\":\"https:\/\/schema.org\",\"@graph\":[{\"@type\":\"WebPage\",\"@id\":\"https:\/\/environmental.senseca.com\/it\/prodotto\/hd2021t6-hd2021t7-trasmettitori-fotometrici-radiometrici\/\",\"url\":\"https:\/\/environmental.senseca.com\/it\/prodotto\/hd2021t6-hd2021t7-trasmettitori-fotometrici-radiometrici\/\",\"name\":\"HD2021T6 \/ HD2021T7 - Trasmettitori Fotometrici Radiometrici - Light, Luce - Senseca Italy Srl\",\"isPartOf\":{\"@id\":\"https:\/\/environmental.senseca.com\/#website\"},\"datePublished\":\"2020-10-05T14:22:00+00:00\",\"dateModified\":\"2024-03-28T10:46:24+00:00\",\"description\":\"Cerchi Light, Luce? Scopri le caratteristiche di HD2021T6 \/ HD2021T7 - Trasmettitori Fotometrici Radiometrici di Senseca Italy Srl\",\"breadcrumb\":{\"@id\":\"https:\/\/environmental.senseca.com\/it\/prodotto\/hd2021t6-hd2021t7-trasmettitori-fotometrici-radiometrici\/#breadcrumb\"},\"inLanguage\":\"it-IT\",\"potentialAction\":[{\"@type\":\"ReadAction\",\"target\":[\"https:\/\/environmental.senseca.com\/it\/prodotto\/hd2021t6-hd2021t7-trasmettitori-fotometrici-radiometrici\/\"]}]},{\"@type\":\"BreadcrumbList\",\"@id\":\"https:\/\/environmental.senseca.com\/it\/prodotto\/hd2021t6-hd2021t7-trasmettitori-fotometrici-radiometrici\/#breadcrumb\",\"itemListElement\":[{\"@type\":\"ListItem\",\"position\":1,\"name\":\"Home\",\"item\":\"https:\/\/environmental.senseca.com\/it\/\"},{\"@type\":\"ListItem\",\"position\":2,\"name\":\"Prodotti\",\"item\":\"https:\/\/environmental.senseca.com\/products\/\"},{\"@type\":\"ListItem\",\"position\":3,\"name\":\"HD2021T6 \/ HD2021T7 &#8211; Trasmettitori Fotometrici Radiometrici\"}]},{\"@type\":\"WebSite\",\"@id\":\"https:\/\/environmental.senseca.com\/#website\",\"url\":\"https:\/\/environmental.senseca.com\/\",\"name\":\"Senseca Italy Srl\",\"description\":\"Member of GHM GROUP\",\"publisher\":{\"@id\":\"https:\/\/environmental.senseca.com\/#organization\"},\"alternateName\":\"Senseca\",\"potentialAction\":[{\"@type\":\"SearchAction\",\"target\":{\"@type\":\"EntryPoint\",\"urlTemplate\":\"https:\/\/environmental.senseca.com\/?s={search_term_string}\"},\"query-input\":\"required name=search_term_string\"}],\"inLanguage\":\"it-IT\"},{\"@type\":\"Organization\",\"@id\":\"https:\/\/environmental.senseca.com\/#organization\",\"name\":\"Senseca Italy Srl\",\"url\":\"https:\/\/environmental.senseca.com\/\",\"logo\":{\"@type\":\"ImageObject\",\"inLanguage\":\"it-IT\",\"@id\":\"https:\/\/environmental.senseca.com\/#\/schema\/logo\/image\/\",\"url\":\"https:\/\/environmental.senseca.com\/wp-content\/uploads\/2018\/07\/logo_prodotti.jpg\",\"contentUrl\":\"https:\/\/environmental.senseca.com\/wp-content\/uploads\/2018\/07\/logo_prodotti.jpg\",\"width\":1000,\"height\":1000,\"caption\":\"Senseca Italy Srl\"},\"image\":{\"@id\":\"https:\/\/environmental.senseca.com\/#\/schema\/logo\/image\/\"},\"sameAs\":[\"https:\/\/www.linkedin.com\/company\/senseca-measurement-solutions\/\",\"https:\/\/www.youtube.com\/@senseca-measurement-solutions\"]}]}<\/script>\n<!-- \/ Yoast SEO plugin. -->","yoast_head_json":{"title":"HD2021T6 \/ HD2021T7 - Trasmettitori Fotometrici Radiometrici - Light, Luce - Senseca Italy Srl","description":"Cerchi Light, Luce? Scopri le caratteristiche di HD2021T6 \/ HD2021T7 - Trasmettitori Fotometrici Radiometrici di Senseca Italy Srl","robots":{"index":"index","follow":"follow","max-snippet":"max-snippet:-1","max-image-preview":"max-image-preview:large","max-video-preview":"max-video-preview:-1"},"canonical":"https:\/\/environmental.senseca.com\/it\/prodotto\/hd2021t6-hd2021t7-trasmettitori-fotometrici-radiometrici\/","og_locale":"it_IT","og_type":"article","og_title":"HD2021T6 \/ HD2021T7 - Trasmettitori Fotometrici Radiometrici - Light, Luce - Senseca Italy Srl","og_description":"Cerchi Light, Luce? Scopri le caratteristiche di HD2021T6 \/ HD2021T7 - Trasmettitori Fotometrici Radiometrici di Senseca Italy Srl","og_url":"https:\/\/environmental.senseca.com\/it\/prodotto\/hd2021t6-hd2021t7-trasmettitori-fotometrici-radiometrici\/","og_site_name":"Senseca Italy Srl","article_modified_time":"2024-03-28T10:46:24+00:00","og_image":[{"width":1000,"height":1000,"url":"https:\/\/environmental.senseca.com\/wp-content\/uploads\/2018\/06\/HD2021T_7-light-transmitters-1.jpg","type":"image\/jpeg"}],"twitter_card":"summary_large_image","twitter_misc":{"Tempo di lettura stimato":"2 minuti"},"schema":{"@context":"https:\/\/schema.org","@graph":[{"@type":"WebPage","@id":"https:\/\/environmental.senseca.com\/it\/prodotto\/hd2021t6-hd2021t7-trasmettitori-fotometrici-radiometrici\/","url":"https:\/\/environmental.senseca.com\/it\/prodotto\/hd2021t6-hd2021t7-trasmettitori-fotometrici-radiometrici\/","name":"HD2021T6 \/ HD2021T7 - Trasmettitori Fotometrici Radiometrici - Light, Luce - Senseca Italy Srl","isPartOf":{"@id":"https:\/\/environmental.senseca.com\/#website"},"datePublished":"2020-10-05T14:22:00+00:00","dateModified":"2024-03-28T10:46:24+00:00","description":"Cerchi Light, Luce? Scopri le caratteristiche di HD2021T6 \/ HD2021T7 - Trasmettitori Fotometrici Radiometrici di Senseca Italy Srl","breadcrumb":{"@id":"https:\/\/environmental.senseca.com\/it\/prodotto\/hd2021t6-hd2021t7-trasmettitori-fotometrici-radiometrici\/#breadcrumb"},"inLanguage":"it-IT","potentialAction":[{"@type":"ReadAction","target":["https:\/\/environmental.senseca.com\/it\/prodotto\/hd2021t6-hd2021t7-trasmettitori-fotometrici-radiometrici\/"]}]},{"@type":"BreadcrumbList","@id":"https:\/\/environmental.senseca.com\/it\/prodotto\/hd2021t6-hd2021t7-trasmettitori-fotometrici-radiometrici\/#breadcrumb","itemListElement":[{"@type":"ListItem","position":1,"name":"Home","item":"https:\/\/environmental.senseca.com\/it\/"},{"@type":"ListItem","position":2,"name":"Prodotti","item":"https:\/\/environmental.senseca.com\/products\/"},{"@type":"ListItem","position":3,"name":"HD2021T6 \/ HD2021T7 &#8211; Trasmettitori Fotometrici Radiometrici"}]},{"@type":"WebSite","@id":"https:\/\/environmental.senseca.com\/#website","url":"https:\/\/environmental.senseca.com\/","name":"Senseca Italy Srl","description":"Member of GHM GROUP","publisher":{"@id":"https:\/\/environmental.senseca.com\/#organization"},"alternateName":"Senseca","potentialAction":[{"@type":"SearchAction","target":{"@type":"EntryPoint","urlTemplate":"https:\/\/environmental.senseca.com\/?s={search_term_string}"},"query-input":"required name=search_term_string"}],"inLanguage":"it-IT"},{"@type":"Organization","@id":"https:\/\/environmental.senseca.com\/#organization","name":"Senseca Italy Srl","url":"https:\/\/environmental.senseca.com\/","logo":{"@type":"ImageObject","inLanguage":"it-IT","@id":"https:\/\/environmental.senseca.com\/#\/schema\/logo\/image\/","url":"https:\/\/environmental.senseca.com\/wp-content\/uploads\/2018\/07\/logo_prodotti.jpg","contentUrl":"https:\/\/environmental.senseca.com\/wp-content\/uploads\/2018\/07\/logo_prodotti.jpg","width":1000,"height":1000,"caption":"Senseca Italy Srl"},"image":{"@id":"https:\/\/environmental.senseca.com\/#\/schema\/logo\/image\/"},"sameAs":["https:\/\/www.linkedin.com\/company\/senseca-measurement-solutions\/","https:\/\/www.youtube.com\/@senseca-measurement-solutions"]}]}},"_links":{"self":[{"href":"https:\/\/environmental.senseca.com\/it\/wp-json\/wp\/v2\/product\/12098"}],"collection":[{"href":"https:\/\/environmental.senseca.com\/it\/wp-json\/wp\/v2\/product"}],"about":[{"href":"https:\/\/environmental.senseca.com\/it\/wp-json\/wp\/v2\/types\/product"}],"wp:featuredmedia":[{"embeddable":true,"href":"https:\/\/environmental.senseca.com\/it\/wp-json\/wp\/v2\/media\/11979"}],"wp:attachment":[{"href":"https:\/\/environmental.senseca.com\/it\/wp-json\/wp\/v2\/media?parent=12098"}],"wp:term":[{"taxonomy":"product_cat","embeddable":true,"href":"https:\/\/environmental.senseca.com\/it\/wp-json\/wp\/v2\/product_cat?post=12098"},{"taxonomy":"product_tag","embeddable":true,"href":"https:\/\/environmental.senseca.com\/it\/wp-json\/wp\/v2\/product_tag?post=12098"}],"curies":[{"name":"wp","href":"https:\/\/api.w.org\/{rel}","templated":true}]}}