{"id":12158,"date":"2020-10-05T13:41:47","date_gmt":"2020-10-05T14:22:25","guid":{"rendered":"https:\/\/www.deltaohm.com\/product\/hd403ts-trasmettitori-di-velocita-dellaria-a-filo-caldo\/"},"modified":"2021-03-22T11:37:51","modified_gmt":"2021-03-22T11:37:51","slug":"hd403ts-trasmettitori-di-velocita-dellaria-a-filo-caldo","status":"publish","type":"product","link":"https:\/\/environmental.senseca.com\/it\/prodotto\/hd403ts-trasmettitori-di-velocita-dellaria-a-filo-caldo\/","title":{"rendered":"HD403TS&#8230; &#8211; Trasmettitori Velocit\u00e0 dell&#8217;Aria a Filo Caldo"},"content":{"rendered":"<p>La serie di trasmettitori a filo caldo HD403TS\u2026 viene impiegata nella misura e controllo della velocit\u00e0 dell&#8217;aria nei canali di ventilazione, nelle camere bianche, nel controllo delle cappe aspiranti, nel monitoraggio della qualit\u00e0 dell&#8217;aria (IAQ).<\/p>\n<p>I trasmettitori sono dotati di <strong>sonde a filo caldo, nella versione direzionale o omnidirezionale<\/strong> a seconda del modello. La serie HD403TS\u2026 ha uscita 4\u202620 mA, mentre la serie HD4V3TS\u2026 ha uscita 0\u202610 Vdc. Sono previsti due range di misura: 0,20\u202640 m\/s per i modelli \u2026S1 ed S3 con sonda direzionale e 0,1\u20265,00 m\/s per i modelli S2 ed S4 con sonda omnidirezionale.<\/p>\n<p>Modelli disponibili:<\/p>\n<ul>\n<li><strong>HD403TS1:<\/strong> Trasmettitore attivo di velocit\u00e0 dell\u2019aria a filo caldo con uscita 4\u202620 mA. Range di misura: 0,20\u202640,0 m\/s. Sonda direzionale \u2205=8 mm, cavo L=2 m. Alimentazione 12\u202640 Vdc oppure 24 Vac. Umidit\u00e0 di lavoro sonda 5\u202675% UR.<\/li>\n<li><strong>HD4V3TS1:<\/strong> Trasmettitore attivo di velocit\u00e0 dell\u2019aria a filo caldo con uscita 0&#8230;10 Vdc. Range di misura: 0,20&#8230;40,0 m\/s. Sonda direzionale \u2205=8 mm, cavo L=2 m. Alimentazione 16&#8230;40Vdc oppure 24 Vac. Umidit\u00e0 di lavoro sonda 5\u202675% UR.<\/li>\n<li><strong>HD403TS2<\/strong>: Trasmettitore attivo di velocit\u00e0 dell\u2019aria a filo caldo con uscita 4\u202620 mA. Range di misura: 0,1\u20265,00 m\/s. Sonda omnidirezionale \u2205=8 mm, cavo L=2 m. Alimentazione 12\u202640 Vdc oppure 24 Vac. Umidit\u00e0 di lavoro sonda 5\u202675% UR.<\/li>\n<li><strong>HD4V3TS2<\/strong>: Trasmettitore attivo di velocit\u00e0 dell\u2019aria a filo caldo con uscita 0\u202610 Vdc. Range di misura: 0,1\u20265,00 m\/s. Sonda omnidirezionale \u2205=8 mm, cavo L=2 m. Alimentazione 16\u202640 Vdc oppure 24 Vac. Umidit\u00e0 di lavoro sonda 5\u202675% UR.<\/li>\n<li><strong>HD403TS3:<\/strong>Trasmettitore attivo di velocit\u00e0 dell\u2019aria a filo caldo con uscita 4\u202620 mA. Range di misura: 0,20\u202640,0m\/s. Sonda direzionale flessibile, \u2205=8 mm, cavo L=2 m. Alimentazione 12\u202640 Vdc oppure 24 Vac. Umidit\u00e0 di lavoro sonda 5\u202675% UR.<\/li>\n<li><strong>HD4V3TS3:<\/strong> Trasmettitore attivo di velocit\u00e0 dell\u2019aria a filo caldo con uscita 0\u202610 Vdc. Range di misura: 0,20\u202640,0 m\/s. Sonda direzionale flessibile, \u2205=8 mm, cavo L=2 m. Alimentazione 16\u202640 Vdc oppure 24 Vac. Umidit\u00e0 di lavoro sonda 5\u202675% UR.<\/li>\n<li><strong>HD403TS4:<\/strong>Trasmettitore attivo di velocit\u00e0 dell\u2019aria a filo caldo con uscita 4\u202620 mA. Range di misura: 0,1\u20265,00 m\/s. Sonda omnidirezionale con sfera di protezione a filo \u2205=80 mm. Alimentazione 12\u202640 Vdc oppure 24 Vac. Completo di treppiede VTRAP20. Umidit\u00e0 di lavoro sonda 5\u202675% UR.<\/li>\n<li><strong>HD4V3TS4:<\/strong> Trasmettitore attivo di velocit\u00e0 dell\u2019aria a filo caldo con uscita 0\u202610 Vdc. Range di misura: 0,1\u20265,00 m\/s. Sonda omnidirezionale con sfera di protezione a filo \u2205=80 mm. Alimentazione 16\u202640 Vdc oppure 24 Vac. Completo di treppiede VTRAP20. Umidit\u00e0 di lavoro sonda 5\u202675% UR.<\/li>\n<\/ul>\n","protected":false},"excerpt":{"rendered":"<p>Trasmettitori di velocit\u00e0 dell&#8217;aria a filo caldo &#8211; uscita 4-20 mA o 0-10 V. Sonda direzionale o omnidirezionale.<\/p>\n","protected":false},"featured_media":14858,"template":"","meta":[],"product_cat":[1302],"product_tag":[],"brands":[{"id":68,"name":"Air and Wind Speed","slug":"air-and-wind-speed"},{"id":811,"name":"Velocit\u00e0 dell'Aria","slug":"velocita-dellaria"}],"yoast_head":"<!-- This site is optimized with the Yoast SEO plugin v21.1 - https:\/\/yoast.com\/wordpress\/plugins\/seo\/ -->\n<title>HD403TS... - Trasmettitori Velocit\u00e0 dell&#039;Aria a Filo Caldo - Air and Wind Speed, Velocit\u00e0 dell&#039;Aria - Senseca Italy Srl<\/title>\n<meta name=\"description\" content=\"Cerchi Air and Wind Speed, Velocit\u00e0 dell&#039;Aria? Scopri le caratteristiche di HD403TS... - Trasmettitori Velocit\u00e0 dell&#039;Aria a Filo Caldo di Senseca Italy Srl\" \/>\n<meta name=\"robots\" content=\"index, follow, max-snippet:-1, max-image-preview:large, max-video-preview:-1\" \/>\n<link rel=\"canonical\" href=\"https:\/\/environmental.senseca.com\/it\/prodotto\/hd403ts-trasmettitori-di-velocita-dellaria-a-filo-caldo\/\" \/>\n<meta property=\"og:locale\" content=\"it_IT\" \/>\n<meta property=\"og:type\" content=\"article\" \/>\n<meta property=\"og:title\" content=\"HD403TS... - Trasmettitori Velocit\u00e0 dell&#039;Aria a Filo Caldo - Air and Wind Speed, Velocit\u00e0 dell&#039;Aria - Senseca Italy Srl\" \/>\n<meta property=\"og:description\" content=\"Cerchi Air and Wind Speed, Velocit\u00e0 dell&#039;Aria? Scopri le caratteristiche di HD403TS... - Trasmettitori Velocit\u00e0 dell&#039;Aria a Filo Caldo di Senseca Italy Srl\" \/>\n<meta property=\"og:url\" content=\"https:\/\/environmental.senseca.com\/it\/prodotto\/hd403ts-trasmettitori-di-velocita-dellaria-a-filo-caldo\/\" \/>\n<meta property=\"og:site_name\" content=\"Senseca Italy Srl\" \/>\n<meta property=\"article:modified_time\" content=\"2021-03-22T11:37:51+00:00\" \/>\n<meta property=\"og:image\" content=\"https:\/\/environmental.senseca.com\/wp-content\/uploads\/2020\/10\/HD403TS_new-scaled.jpg\" \/>\n\t<meta property=\"og:image:width\" content=\"1707\" \/>\n\t<meta property=\"og:image:height\" content=\"2560\" \/>\n\t<meta property=\"og:image:type\" content=\"image\/jpeg\" \/>\n<meta name=\"twitter:card\" content=\"summary_large_image\" \/>\n<meta name=\"twitter:label1\" content=\"Tempo di lettura stimato\" \/>\n\t<meta name=\"twitter:data1\" content=\"2 minuti\" \/>\n<script type=\"application\/ld+json\" class=\"yoast-schema-graph\">{\"@context\":\"https:\/\/schema.org\",\"@graph\":[{\"@type\":\"WebPage\",\"@id\":\"https:\/\/environmental.senseca.com\/it\/prodotto\/hd403ts-trasmettitori-di-velocita-dellaria-a-filo-caldo\/\",\"url\":\"https:\/\/environmental.senseca.com\/it\/prodotto\/hd403ts-trasmettitori-di-velocita-dellaria-a-filo-caldo\/\",\"name\":\"HD403TS... - Trasmettitori Velocit\u00e0 dell'Aria a Filo Caldo - Air and Wind Speed, Velocit\u00e0 dell'Aria - Senseca Italy Srl\",\"isPartOf\":{\"@id\":\"https:\/\/environmental.senseca.com\/#website\"},\"datePublished\":\"2020-10-05T14:22:25+00:00\",\"dateModified\":\"2021-03-22T11:37:51+00:00\",\"description\":\"Cerchi Air and Wind Speed, Velocit\u00e0 dell'Aria? Scopri le caratteristiche di HD403TS... - Trasmettitori Velocit\u00e0 dell'Aria a Filo Caldo di Senseca Italy Srl\",\"breadcrumb\":{\"@id\":\"https:\/\/environmental.senseca.com\/it\/prodotto\/hd403ts-trasmettitori-di-velocita-dellaria-a-filo-caldo\/#breadcrumb\"},\"inLanguage\":\"it-IT\",\"potentialAction\":[{\"@type\":\"ReadAction\",\"target\":[\"https:\/\/environmental.senseca.com\/it\/prodotto\/hd403ts-trasmettitori-di-velocita-dellaria-a-filo-caldo\/\"]}]},{\"@type\":\"BreadcrumbList\",\"@id\":\"https:\/\/environmental.senseca.com\/it\/prodotto\/hd403ts-trasmettitori-di-velocita-dellaria-a-filo-caldo\/#breadcrumb\",\"itemListElement\":[{\"@type\":\"ListItem\",\"position\":1,\"name\":\"Home\",\"item\":\"https:\/\/environmental.senseca.com\/it\/\"},{\"@type\":\"ListItem\",\"position\":2,\"name\":\"Prodotti\",\"item\":\"https:\/\/environmental.senseca.com\/products\/\"},{\"@type\":\"ListItem\",\"position\":3,\"name\":\"HD403TS&#8230; &#8211; Trasmettitori Velocit\u00e0 dell&#8217;Aria a Filo Caldo\"}]},{\"@type\":\"WebSite\",\"@id\":\"https:\/\/environmental.senseca.com\/#website\",\"url\":\"https:\/\/environmental.senseca.com\/\",\"name\":\"Senseca Italy Srl\",\"description\":\"Member of GHM GROUP\",\"publisher\":{\"@id\":\"https:\/\/environmental.senseca.com\/#organization\"},\"alternateName\":\"Senseca\",\"potentialAction\":[{\"@type\":\"SearchAction\",\"target\":{\"@type\":\"EntryPoint\",\"urlTemplate\":\"https:\/\/environmental.senseca.com\/?s={search_term_string}\"},\"query-input\":\"required name=search_term_string\"}],\"inLanguage\":\"it-IT\"},{\"@type\":\"Organization\",\"@id\":\"https:\/\/environmental.senseca.com\/#organization\",\"name\":\"Senseca Italy Srl\",\"url\":\"https:\/\/environmental.senseca.com\/\",\"logo\":{\"@type\":\"ImageObject\",\"inLanguage\":\"it-IT\",\"@id\":\"https:\/\/environmental.senseca.com\/#\/schema\/logo\/image\/\",\"url\":\"https:\/\/environmental.senseca.com\/wp-content\/uploads\/2018\/07\/logo_prodotti.jpg\",\"contentUrl\":\"https:\/\/environmental.senseca.com\/wp-content\/uploads\/2018\/07\/logo_prodotti.jpg\",\"width\":1000,\"height\":1000,\"caption\":\"Senseca Italy Srl\"},\"image\":{\"@id\":\"https:\/\/environmental.senseca.com\/#\/schema\/logo\/image\/\"},\"sameAs\":[\"https:\/\/www.linkedin.com\/company\/senseca-measurement-solutions\/\",\"https:\/\/www.youtube.com\/@senseca-measurement-solutions\"]}]}<\/script>\n<!-- \/ Yoast SEO plugin. -->","yoast_head_json":{"title":"HD403TS... - Trasmettitori Velocit\u00e0 dell'Aria a Filo Caldo - Air and Wind Speed, Velocit\u00e0 dell'Aria - Senseca Italy Srl","description":"Cerchi Air and Wind Speed, Velocit\u00e0 dell'Aria? Scopri le caratteristiche di HD403TS... - Trasmettitori Velocit\u00e0 dell'Aria a Filo Caldo di Senseca Italy Srl","robots":{"index":"index","follow":"follow","max-snippet":"max-snippet:-1","max-image-preview":"max-image-preview:large","max-video-preview":"max-video-preview:-1"},"canonical":"https:\/\/environmental.senseca.com\/it\/prodotto\/hd403ts-trasmettitori-di-velocita-dellaria-a-filo-caldo\/","og_locale":"it_IT","og_type":"article","og_title":"HD403TS... - Trasmettitori Velocit\u00e0 dell'Aria a Filo Caldo - Air and Wind Speed, Velocit\u00e0 dell'Aria - Senseca Italy Srl","og_description":"Cerchi Air and Wind Speed, Velocit\u00e0 dell'Aria? Scopri le caratteristiche di HD403TS... - Trasmettitori Velocit\u00e0 dell'Aria a Filo Caldo di Senseca Italy Srl","og_url":"https:\/\/environmental.senseca.com\/it\/prodotto\/hd403ts-trasmettitori-di-velocita-dellaria-a-filo-caldo\/","og_site_name":"Senseca Italy Srl","article_modified_time":"2021-03-22T11:37:51+00:00","og_image":[{"width":1707,"height":2560,"url":"https:\/\/environmental.senseca.com\/wp-content\/uploads\/2020\/10\/HD403TS_new-scaled.jpg","type":"image\/jpeg"}],"twitter_card":"summary_large_image","twitter_misc":{"Tempo di lettura stimato":"2 minuti"},"schema":{"@context":"https:\/\/schema.org","@graph":[{"@type":"WebPage","@id":"https:\/\/environmental.senseca.com\/it\/prodotto\/hd403ts-trasmettitori-di-velocita-dellaria-a-filo-caldo\/","url":"https:\/\/environmental.senseca.com\/it\/prodotto\/hd403ts-trasmettitori-di-velocita-dellaria-a-filo-caldo\/","name":"HD403TS... - Trasmettitori Velocit\u00e0 dell'Aria a Filo Caldo - Air and Wind Speed, Velocit\u00e0 dell'Aria - Senseca Italy Srl","isPartOf":{"@id":"https:\/\/environmental.senseca.com\/#website"},"datePublished":"2020-10-05T14:22:25+00:00","dateModified":"2021-03-22T11:37:51+00:00","description":"Cerchi Air and Wind Speed, Velocit\u00e0 dell'Aria? Scopri le caratteristiche di HD403TS... - Trasmettitori Velocit\u00e0 dell'Aria a Filo Caldo di Senseca Italy Srl","breadcrumb":{"@id":"https:\/\/environmental.senseca.com\/it\/prodotto\/hd403ts-trasmettitori-di-velocita-dellaria-a-filo-caldo\/#breadcrumb"},"inLanguage":"it-IT","potentialAction":[{"@type":"ReadAction","target":["https:\/\/environmental.senseca.com\/it\/prodotto\/hd403ts-trasmettitori-di-velocita-dellaria-a-filo-caldo\/"]}]},{"@type":"BreadcrumbList","@id":"https:\/\/environmental.senseca.com\/it\/prodotto\/hd403ts-trasmettitori-di-velocita-dellaria-a-filo-caldo\/#breadcrumb","itemListElement":[{"@type":"ListItem","position":1,"name":"Home","item":"https:\/\/environmental.senseca.com\/it\/"},{"@type":"ListItem","position":2,"name":"Prodotti","item":"https:\/\/environmental.senseca.com\/products\/"},{"@type":"ListItem","position":3,"name":"HD403TS&#8230; &#8211; Trasmettitori Velocit\u00e0 dell&#8217;Aria a Filo Caldo"}]},{"@type":"WebSite","@id":"https:\/\/environmental.senseca.com\/#website","url":"https:\/\/environmental.senseca.com\/","name":"Senseca Italy Srl","description":"Member of GHM GROUP","publisher":{"@id":"https:\/\/environmental.senseca.com\/#organization"},"alternateName":"Senseca","potentialAction":[{"@type":"SearchAction","target":{"@type":"EntryPoint","urlTemplate":"https:\/\/environmental.senseca.com\/?s={search_term_string}"},"query-input":"required name=search_term_string"}],"inLanguage":"it-IT"},{"@type":"Organization","@id":"https:\/\/environmental.senseca.com\/#organization","name":"Senseca Italy Srl","url":"https:\/\/environmental.senseca.com\/","logo":{"@type":"ImageObject","inLanguage":"it-IT","@id":"https:\/\/environmental.senseca.com\/#\/schema\/logo\/image\/","url":"https:\/\/environmental.senseca.com\/wp-content\/uploads\/2018\/07\/logo_prodotti.jpg","contentUrl":"https:\/\/environmental.senseca.com\/wp-content\/uploads\/2018\/07\/logo_prodotti.jpg","width":1000,"height":1000,"caption":"Senseca Italy Srl"},"image":{"@id":"https:\/\/environmental.senseca.com\/#\/schema\/logo\/image\/"},"sameAs":["https:\/\/www.linkedin.com\/company\/senseca-measurement-solutions\/","https:\/\/www.youtube.com\/@senseca-measurement-solutions"]}]}},"_links":{"self":[{"href":"https:\/\/environmental.senseca.com\/it\/wp-json\/wp\/v2\/product\/12158"}],"collection":[{"href":"https:\/\/environmental.senseca.com\/it\/wp-json\/wp\/v2\/product"}],"about":[{"href":"https:\/\/environmental.senseca.com\/it\/wp-json\/wp\/v2\/types\/product"}],"wp:featuredmedia":[{"embeddable":true,"href":"https:\/\/environmental.senseca.com\/it\/wp-json\/wp\/v2\/media\/14858"}],"wp:attachment":[{"href":"https:\/\/environmental.senseca.com\/it\/wp-json\/wp\/v2\/media?parent=12158"}],"wp:term":[{"taxonomy":"product_cat","embeddable":true,"href":"https:\/\/environmental.senseca.com\/it\/wp-json\/wp\/v2\/product_cat?post=12158"},{"taxonomy":"product_tag","embeddable":true,"href":"https:\/\/environmental.senseca.com\/it\/wp-json\/wp\/v2\/product_tag?post=12158"}],"curies":[{"name":"wp","href":"https:\/\/api.w.org\/{rel}","templated":true}]}}