{"id":12184,"date":"2020-10-05T13:41:37","date_gmt":"2020-10-05T14:22:33","guid":{"rendered":"https:\/\/www.deltaohm.com\/product\/hd9817t-serie-trasmettitori-di-umidita-relativa-o-temperatura-con-uscita-digitale\/"},"modified":"2024-03-15T16:20:56","modified_gmt":"2024-03-15T16:20:56","slug":"hd9817t-serie-trasmettitori-di-umidita-relativa-o-temperatura-con-uscita-digitale","status":"publish","type":"product","link":"https:\/\/environmental.senseca.com\/it\/prodotto\/hd9817t-serie-trasmettitori-di-umidita-relativa-o-temperatura-con-uscita-digitale\/","title":{"rendered":"HD9817T serie &#8211; Trasmettitori Umidit\u00e0 Relativa e Temperatura"},"content":{"rendered":"<p>Doppio trasmettitore di umidit\u00e0 relativa e temperatura per applicazioni nei campi HVAC, monitoraggio ambientale, stoccaggio di prodotti farmaceutici, trasporto di prodotti alimentari, automazione serre, ecc. Sviluppato in un contenitore AISI 304 con grado di protezione IP65, \u00e8 adatto per essere impiegato anche in ambienti severi; inoltre le dimensioni estremamente compatte (\u2205 14 x 145 mm) e la variet\u00e0 di uscite disponibili (analogiche 0&#8230;1V, digitali RS232C o RS485 MODBUS-RTU) lo rendono ideale per essere integrato in gran numero di applicazioni OEM. \u00c8 fornito con software HD9817TC software per la lettura delle misure da PC e la calibrazione del sensore di umidit\u00e0 relativa.<\/p>\n<p>Sono disponibili le seguenti versioni:<\/p>\n<p><strong>HD9817T1R<\/strong>: Doppio trasmettitore temperatura e umidit\u00e0 relativa. Temperatura sensore Pt100 1\/3 DIN. Campo di misura in umidit\u00e0 relativa: 0&#8230;100% UR, in temperatura: -40&#8230;+60 \u00b0C. Doppio segnale di uscita 0&#8230;1 Vdc. Alimentazione 5&#8230;30 Vdc. Contenitore in AISI 304, dimensioni \u2205 14 mm, L = 138 mm. Configurazione standard 0&#8230;100% UR = 0&#8230;1 Vdc, -40&#8230;+60 \u00b0C = 0&#8230;1 Vdc. Cavo 7 fili pi\u00f9 calza L = 1,5 m.<\/p>\n<p><strong>HD9817T2R<\/strong>: Doppio trasmettitore temperatura e umidit\u00e0 relativa. Temperatura sensore Pt100 1\/3 DIN. Campo di misura in umidit\u00e0 relativa: 0&#8230;100 %UR, in temperatura: -40&#8230;+60 \u00b0C. Uscita RS232C. Alimentazione non isolata prelevata dall\u2019uscita RS232C del PC. Contenitore in AISI 304, dimensioni \u2205 14 mm, L = 138 mm. Configurazione standard 0&#8230;100 %UR in umidit\u00e0 relativa e -40&#8230;+60 \u00b0C in temperatura. Cavo di uscita con connettore DB9 femmina, L = 2 m. Baud rate 2400.<\/p>\n<p><strong>HD9817TVS<\/strong>:Doppio trasmettitore di umidit\u00e0 e temperatura, sensore Pt100. Uscite analogiche 0&#8230;1 Vdc e uscita RS485 MODBUS-RTU. Campo di misura in temperatura -40&#8230;+60 \u00b0C. Alimentazione 5&#8230;30 Vdc. Contenitore AISI 304. Grado di protezione della sonda IP 65. Dimensioni \u220514 x 155 mm. Uscita con connettore M12 a 8 poli maschio. Fornito con cavo CP9817.3, lunghezza 3 m.<\/p>\n<p>&nbsp;<\/p>\n","protected":false},"excerpt":{"rendered":"<p>Trasmettitori meteorologici di umidit\u00e0 relativa o temperatura con uscita digitale<\/p>\n","protected":false},"featured_media":14472,"template":"","meta":[],"product_cat":[806],"product_tag":[1153],"brands":[{"id":814,"name":"Solare &amp; Fotoradiometria","slug":"sensori-solari-fotoradiometria-strumenti-solari"},{"id":970,"name":"Stazioni Meteo","slug":"stazioni-meteo-it"},{"id":810,"name":"Temperatura","slug":"temperatura"},{"id":764,"name":"Umidit\u00e0","slug":"umidita"}],"yoast_head":"<!-- This site is optimized with the Yoast SEO plugin v21.1 - https:\/\/yoast.com\/wordpress\/plugins\/seo\/ -->\n<title>HD9817T serie - Trasmettitori Umidit\u00e0 Relativa e Temperatura - Solare &amp; Fotoradiometria, Stazioni Meteo, Temperatura, Umidit\u00e0 - Senseca Italy Srl<\/title>\n<meta name=\"description\" content=\"Cerchi Solare &amp; Fotoradiometria, Stazioni Meteo, Temperatura, Umidit\u00e0? Scopri le caratteristiche di HD9817T serie - Trasmettitori Umidit\u00e0 Relativa e Temperatura di Senseca Italy Srl\" \/>\n<meta name=\"robots\" content=\"index, follow, max-snippet:-1, max-image-preview:large, max-video-preview:-1\" \/>\n<link rel=\"canonical\" href=\"https:\/\/environmental.senseca.com\/it\/prodotto\/hd9817t-serie-trasmettitori-di-umidita-relativa-o-temperatura-con-uscita-digitale\/\" \/>\n<meta property=\"og:locale\" content=\"it_IT\" \/>\n<meta property=\"og:type\" content=\"article\" \/>\n<meta property=\"og:title\" content=\"HD9817T serie - Trasmettitori Umidit\u00e0 Relativa e Temperatura - Solare &amp; Fotoradiometria, Stazioni Meteo, Temperatura, Umidit\u00e0 - Senseca Italy Srl\" \/>\n<meta property=\"og:description\" content=\"Cerchi Solare &amp; Fotoradiometria, Stazioni Meteo, Temperatura, Umidit\u00e0? Scopri le caratteristiche di HD9817T serie - Trasmettitori Umidit\u00e0 Relativa e Temperatura di Senseca Italy Srl\" \/>\n<meta property=\"og:url\" content=\"https:\/\/environmental.senseca.com\/it\/prodotto\/hd9817t-serie-trasmettitori-di-umidita-relativa-o-temperatura-con-uscita-digitale\/\" \/>\n<meta property=\"og:site_name\" content=\"Senseca Italy Srl\" \/>\n<meta property=\"article:modified_time\" content=\"2024-03-15T16:20:56+00:00\" \/>\n<meta property=\"og:image\" content=\"https:\/\/environmental.senseca.com\/wp-content\/uploads\/2020\/10\/HD9817.jpg\" \/>\n\t<meta property=\"og:image:width\" content=\"1000\" \/>\n\t<meta property=\"og:image:height\" content=\"1000\" \/>\n\t<meta property=\"og:image:type\" content=\"image\/jpeg\" \/>\n<meta name=\"twitter:card\" content=\"summary_large_image\" \/>\n<meta name=\"twitter:label1\" content=\"Tempo di lettura stimato\" \/>\n\t<meta name=\"twitter:data1\" content=\"2 minuti\" \/>\n<script type=\"application\/ld+json\" class=\"yoast-schema-graph\">{\"@context\":\"https:\/\/schema.org\",\"@graph\":[{\"@type\":\"WebPage\",\"@id\":\"https:\/\/environmental.senseca.com\/it\/prodotto\/hd9817t-serie-trasmettitori-di-umidita-relativa-o-temperatura-con-uscita-digitale\/\",\"url\":\"https:\/\/environmental.senseca.com\/it\/prodotto\/hd9817t-serie-trasmettitori-di-umidita-relativa-o-temperatura-con-uscita-digitale\/\",\"name\":\"HD9817T serie - Trasmettitori Umidit\u00e0 Relativa e Temperatura - Solare &amp; Fotoradiometria, Stazioni Meteo, Temperatura, Umidit\u00e0 - Senseca Italy Srl\",\"isPartOf\":{\"@id\":\"https:\/\/environmental.senseca.com\/#website\"},\"datePublished\":\"2020-10-05T14:22:33+00:00\",\"dateModified\":\"2024-03-15T16:20:56+00:00\",\"description\":\"Cerchi Solare &amp; Fotoradiometria, Stazioni Meteo, Temperatura, Umidit\u00e0? Scopri le caratteristiche di HD9817T serie - Trasmettitori Umidit\u00e0 Relativa e Temperatura di Senseca Italy Srl\",\"breadcrumb\":{\"@id\":\"https:\/\/environmental.senseca.com\/it\/prodotto\/hd9817t-serie-trasmettitori-di-umidita-relativa-o-temperatura-con-uscita-digitale\/#breadcrumb\"},\"inLanguage\":\"it-IT\",\"potentialAction\":[{\"@type\":\"ReadAction\",\"target\":[\"https:\/\/environmental.senseca.com\/it\/prodotto\/hd9817t-serie-trasmettitori-di-umidita-relativa-o-temperatura-con-uscita-digitale\/\"]}]},{\"@type\":\"BreadcrumbList\",\"@id\":\"https:\/\/environmental.senseca.com\/it\/prodotto\/hd9817t-serie-trasmettitori-di-umidita-relativa-o-temperatura-con-uscita-digitale\/#breadcrumb\",\"itemListElement\":[{\"@type\":\"ListItem\",\"position\":1,\"name\":\"Home\",\"item\":\"https:\/\/environmental.senseca.com\/it\/\"},{\"@type\":\"ListItem\",\"position\":2,\"name\":\"Prodotti\",\"item\":\"https:\/\/environmental.senseca.com\/products\/\"},{\"@type\":\"ListItem\",\"position\":3,\"name\":\"HD9817T serie &#8211; Trasmettitori Umidit\u00e0 Relativa e Temperatura\"}]},{\"@type\":\"WebSite\",\"@id\":\"https:\/\/environmental.senseca.com\/#website\",\"url\":\"https:\/\/environmental.senseca.com\/\",\"name\":\"Senseca Italy Srl\",\"description\":\"Member of GHM GROUP\",\"publisher\":{\"@id\":\"https:\/\/environmental.senseca.com\/#organization\"},\"alternateName\":\"Senseca\",\"potentialAction\":[{\"@type\":\"SearchAction\",\"target\":{\"@type\":\"EntryPoint\",\"urlTemplate\":\"https:\/\/environmental.senseca.com\/?s={search_term_string}\"},\"query-input\":\"required name=search_term_string\"}],\"inLanguage\":\"it-IT\"},{\"@type\":\"Organization\",\"@id\":\"https:\/\/environmental.senseca.com\/#organization\",\"name\":\"Senseca Italy Srl\",\"url\":\"https:\/\/environmental.senseca.com\/\",\"logo\":{\"@type\":\"ImageObject\",\"inLanguage\":\"it-IT\",\"@id\":\"https:\/\/environmental.senseca.com\/#\/schema\/logo\/image\/\",\"url\":\"https:\/\/environmental.senseca.com\/wp-content\/uploads\/2018\/07\/logo_prodotti.jpg\",\"contentUrl\":\"https:\/\/environmental.senseca.com\/wp-content\/uploads\/2018\/07\/logo_prodotti.jpg\",\"width\":1000,\"height\":1000,\"caption\":\"Senseca Italy Srl\"},\"image\":{\"@id\":\"https:\/\/environmental.senseca.com\/#\/schema\/logo\/image\/\"},\"sameAs\":[\"https:\/\/www.linkedin.com\/company\/senseca-measurement-solutions\/\",\"https:\/\/www.youtube.com\/@senseca-measurement-solutions\"]}]}<\/script>\n<!-- \/ Yoast SEO plugin. -->","yoast_head_json":{"title":"HD9817T serie - Trasmettitori Umidit\u00e0 Relativa e Temperatura - Solare &amp; Fotoradiometria, Stazioni Meteo, Temperatura, Umidit\u00e0 - Senseca Italy Srl","description":"Cerchi Solare &amp; Fotoradiometria, Stazioni Meteo, Temperatura, Umidit\u00e0? Scopri le caratteristiche di HD9817T serie - Trasmettitori Umidit\u00e0 Relativa e Temperatura di Senseca Italy Srl","robots":{"index":"index","follow":"follow","max-snippet":"max-snippet:-1","max-image-preview":"max-image-preview:large","max-video-preview":"max-video-preview:-1"},"canonical":"https:\/\/environmental.senseca.com\/it\/prodotto\/hd9817t-serie-trasmettitori-di-umidita-relativa-o-temperatura-con-uscita-digitale\/","og_locale":"it_IT","og_type":"article","og_title":"HD9817T serie - Trasmettitori Umidit\u00e0 Relativa e Temperatura - Solare &amp; Fotoradiometria, Stazioni Meteo, Temperatura, Umidit\u00e0 - Senseca Italy Srl","og_description":"Cerchi Solare &amp; Fotoradiometria, Stazioni Meteo, Temperatura, Umidit\u00e0? Scopri le caratteristiche di HD9817T serie - Trasmettitori Umidit\u00e0 Relativa e Temperatura di Senseca Italy Srl","og_url":"https:\/\/environmental.senseca.com\/it\/prodotto\/hd9817t-serie-trasmettitori-di-umidita-relativa-o-temperatura-con-uscita-digitale\/","og_site_name":"Senseca Italy Srl","article_modified_time":"2024-03-15T16:20:56+00:00","og_image":[{"width":1000,"height":1000,"url":"https:\/\/environmental.senseca.com\/wp-content\/uploads\/2020\/10\/HD9817.jpg","type":"image\/jpeg"}],"twitter_card":"summary_large_image","twitter_misc":{"Tempo di lettura stimato":"2 minuti"},"schema":{"@context":"https:\/\/schema.org","@graph":[{"@type":"WebPage","@id":"https:\/\/environmental.senseca.com\/it\/prodotto\/hd9817t-serie-trasmettitori-di-umidita-relativa-o-temperatura-con-uscita-digitale\/","url":"https:\/\/environmental.senseca.com\/it\/prodotto\/hd9817t-serie-trasmettitori-di-umidita-relativa-o-temperatura-con-uscita-digitale\/","name":"HD9817T serie - Trasmettitori Umidit\u00e0 Relativa e Temperatura - Solare &amp; Fotoradiometria, Stazioni Meteo, Temperatura, Umidit\u00e0 - Senseca Italy Srl","isPartOf":{"@id":"https:\/\/environmental.senseca.com\/#website"},"datePublished":"2020-10-05T14:22:33+00:00","dateModified":"2024-03-15T16:20:56+00:00","description":"Cerchi Solare &amp; Fotoradiometria, Stazioni Meteo, Temperatura, Umidit\u00e0? Scopri le caratteristiche di HD9817T serie - Trasmettitori Umidit\u00e0 Relativa e Temperatura di Senseca Italy Srl","breadcrumb":{"@id":"https:\/\/environmental.senseca.com\/it\/prodotto\/hd9817t-serie-trasmettitori-di-umidita-relativa-o-temperatura-con-uscita-digitale\/#breadcrumb"},"inLanguage":"it-IT","potentialAction":[{"@type":"ReadAction","target":["https:\/\/environmental.senseca.com\/it\/prodotto\/hd9817t-serie-trasmettitori-di-umidita-relativa-o-temperatura-con-uscita-digitale\/"]}]},{"@type":"BreadcrumbList","@id":"https:\/\/environmental.senseca.com\/it\/prodotto\/hd9817t-serie-trasmettitori-di-umidita-relativa-o-temperatura-con-uscita-digitale\/#breadcrumb","itemListElement":[{"@type":"ListItem","position":1,"name":"Home","item":"https:\/\/environmental.senseca.com\/it\/"},{"@type":"ListItem","position":2,"name":"Prodotti","item":"https:\/\/environmental.senseca.com\/products\/"},{"@type":"ListItem","position":3,"name":"HD9817T serie &#8211; Trasmettitori Umidit\u00e0 Relativa e Temperatura"}]},{"@type":"WebSite","@id":"https:\/\/environmental.senseca.com\/#website","url":"https:\/\/environmental.senseca.com\/","name":"Senseca Italy Srl","description":"Member of GHM GROUP","publisher":{"@id":"https:\/\/environmental.senseca.com\/#organization"},"alternateName":"Senseca","potentialAction":[{"@type":"SearchAction","target":{"@type":"EntryPoint","urlTemplate":"https:\/\/environmental.senseca.com\/?s={search_term_string}"},"query-input":"required name=search_term_string"}],"inLanguage":"it-IT"},{"@type":"Organization","@id":"https:\/\/environmental.senseca.com\/#organization","name":"Senseca Italy Srl","url":"https:\/\/environmental.senseca.com\/","logo":{"@type":"ImageObject","inLanguage":"it-IT","@id":"https:\/\/environmental.senseca.com\/#\/schema\/logo\/image\/","url":"https:\/\/environmental.senseca.com\/wp-content\/uploads\/2018\/07\/logo_prodotti.jpg","contentUrl":"https:\/\/environmental.senseca.com\/wp-content\/uploads\/2018\/07\/logo_prodotti.jpg","width":1000,"height":1000,"caption":"Senseca Italy Srl"},"image":{"@id":"https:\/\/environmental.senseca.com\/#\/schema\/logo\/image\/"},"sameAs":["https:\/\/www.linkedin.com\/company\/senseca-measurement-solutions\/","https:\/\/www.youtube.com\/@senseca-measurement-solutions"]}]}},"_links":{"self":[{"href":"https:\/\/environmental.senseca.com\/it\/wp-json\/wp\/v2\/product\/12184"}],"collection":[{"href":"https:\/\/environmental.senseca.com\/it\/wp-json\/wp\/v2\/product"}],"about":[{"href":"https:\/\/environmental.senseca.com\/it\/wp-json\/wp\/v2\/types\/product"}],"wp:featuredmedia":[{"embeddable":true,"href":"https:\/\/environmental.senseca.com\/it\/wp-json\/wp\/v2\/media\/14472"}],"wp:attachment":[{"href":"https:\/\/environmental.senseca.com\/it\/wp-json\/wp\/v2\/media?parent=12184"}],"wp:term":[{"taxonomy":"product_cat","embeddable":true,"href":"https:\/\/environmental.senseca.com\/it\/wp-json\/wp\/v2\/product_cat?post=12184"},{"taxonomy":"product_tag","embeddable":true,"href":"https:\/\/environmental.senseca.com\/it\/wp-json\/wp\/v2\/product_tag?post=12184"}],"curies":[{"name":"wp","href":"https:\/\/api.w.org\/{rel}","templated":true}]}}