{"id":12238,"date":"2020-10-05T13:41:51","date_gmt":"2020-10-05T14:22:57","guid":{"rendered":"https:\/\/www.deltaohm.com\/product\/p37ab147-sonda-combinata-per-iaq\/"},"modified":"2021-03-22T11:37:57","modified_gmt":"2021-03-22T11:37:57","slug":"p37ab147-sonda-combinata-per-iaq","status":"publish","type":"product","link":"https:\/\/environmental.senseca.com\/it\/prodotto\/p37ab147-sonda-combinata-per-iaq\/","title":{"rendered":"P37AB147 &#8211; Sonda Combinata per IAQ"},"content":{"rendered":"<p>Sonda combinata di temperatura, umidit\u00e0 relativa, pressione atmosferica, CO<sub>2<\/sub> (Biossido di Carbonio) e CO (Monossido di Carbonio), completa di modulo SICRAM.<\/p>\n<p>Da utilizzare in combinazione con HD37AB1347 datalogger per l&#8217;analisi della qualit\u00e0 dell&#8217;aria in ambienti interni.<\/p>\n<p>Dimensioni della sonda 275 mm x 45 mm x 40 mm. Cavo di collegamento lunghezza 2 m.<\/p>\n","protected":false},"excerpt":{"rendered":"<p>Sonda combinata per analisi della qualit\u00e0 dell&#8217;aria in ambienti interni. (Indoor Air Quality, IAQ)<\/p>\n","protected":false},"featured_media":11769,"template":"","meta":[],"product_cat":[807],"product_tag":[],"brands":[{"id":812,"name":"Pressione","slug":"pressione"},{"id":816,"name":"Qualit\u00e0 dell'aria-CO2","slug":"qualita-dellaria-co2"},{"id":810,"name":"Temperatura","slug":"temperatura"},{"id":764,"name":"Umidit\u00e0","slug":"umidita"}],"yoast_head":"<!-- This site is optimized with the Yoast SEO plugin v21.1 - https:\/\/yoast.com\/wordpress\/plugins\/seo\/ -->\n<title>P37AB147 - Sonda Combinata per IAQ - Pressione, Qualit\u00e0 dell&#039;aria-CO2, Temperatura, Umidit\u00e0 - Senseca Italy Srl<\/title>\n<meta name=\"description\" content=\"Cerchi Pressione, Qualit\u00e0 dell&#039;aria-CO2, Temperatura, Umidit\u00e0? Scopri le caratteristiche di P37AB147 - Sonda Combinata per IAQ di Senseca Italy Srl\" \/>\n<meta name=\"robots\" content=\"index, follow, max-snippet:-1, max-image-preview:large, max-video-preview:-1\" \/>\n<link rel=\"canonical\" href=\"https:\/\/environmental.senseca.com\/it\/prodotto\/p37ab147-sonda-combinata-per-iaq\/\" \/>\n<meta property=\"og:locale\" content=\"it_IT\" \/>\n<meta property=\"og:type\" content=\"article\" \/>\n<meta property=\"og:title\" content=\"P37AB147 - Sonda Combinata per IAQ - Pressione, Qualit\u00e0 dell&#039;aria-CO2, Temperatura, Umidit\u00e0 - Senseca Italy Srl\" \/>\n<meta property=\"og:description\" content=\"Cerchi Pressione, Qualit\u00e0 dell&#039;aria-CO2, Temperatura, Umidit\u00e0? Scopri le caratteristiche di P37AB147 - Sonda Combinata per IAQ di Senseca Italy Srl\" \/>\n<meta property=\"og:url\" content=\"https:\/\/environmental.senseca.com\/it\/prodotto\/p37ab147-sonda-combinata-per-iaq\/\" \/>\n<meta property=\"og:site_name\" content=\"Senseca Italy Srl\" \/>\n<meta property=\"article:modified_time\" content=\"2021-03-22T11:37:57+00:00\" \/>\n<meta property=\"og:image\" content=\"https:\/\/environmental.senseca.com\/wp-content\/uploads\/2018\/06\/P37AB147-Probe-IAQ-Measure-1.jpg\" \/>\n\t<meta property=\"og:image:width\" content=\"1000\" \/>\n\t<meta property=\"og:image:height\" content=\"1000\" \/>\n\t<meta property=\"og:image:type\" content=\"image\/jpeg\" \/>\n<meta name=\"twitter:card\" content=\"summary_large_image\" \/>\n<script type=\"application\/ld+json\" class=\"yoast-schema-graph\">{\"@context\":\"https:\/\/schema.org\",\"@graph\":[{\"@type\":\"WebPage\",\"@id\":\"https:\/\/environmental.senseca.com\/it\/prodotto\/p37ab147-sonda-combinata-per-iaq\/\",\"url\":\"https:\/\/environmental.senseca.com\/it\/prodotto\/p37ab147-sonda-combinata-per-iaq\/\",\"name\":\"P37AB147 - Sonda Combinata per IAQ - Pressione, Qualit\u00e0 dell'aria-CO2, Temperatura, Umidit\u00e0 - Senseca Italy Srl\",\"isPartOf\":{\"@id\":\"https:\/\/environmental.senseca.com\/#website\"},\"datePublished\":\"2020-10-05T14:22:57+00:00\",\"dateModified\":\"2021-03-22T11:37:57+00:00\",\"description\":\"Cerchi Pressione, Qualit\u00e0 dell'aria-CO2, Temperatura, Umidit\u00e0? Scopri le caratteristiche di P37AB147 - Sonda Combinata per IAQ di Senseca Italy Srl\",\"breadcrumb\":{\"@id\":\"https:\/\/environmental.senseca.com\/it\/prodotto\/p37ab147-sonda-combinata-per-iaq\/#breadcrumb\"},\"inLanguage\":\"it-IT\",\"potentialAction\":[{\"@type\":\"ReadAction\",\"target\":[\"https:\/\/environmental.senseca.com\/it\/prodotto\/p37ab147-sonda-combinata-per-iaq\/\"]}]},{\"@type\":\"BreadcrumbList\",\"@id\":\"https:\/\/environmental.senseca.com\/it\/prodotto\/p37ab147-sonda-combinata-per-iaq\/#breadcrumb\",\"itemListElement\":[{\"@type\":\"ListItem\",\"position\":1,\"name\":\"Home\",\"item\":\"https:\/\/environmental.senseca.com\/it\/\"},{\"@type\":\"ListItem\",\"position\":2,\"name\":\"Prodotti\",\"item\":\"https:\/\/environmental.senseca.com\/products\/\"},{\"@type\":\"ListItem\",\"position\":3,\"name\":\"P37AB147 &#8211; Sonda Combinata per IAQ\"}]},{\"@type\":\"WebSite\",\"@id\":\"https:\/\/environmental.senseca.com\/#website\",\"url\":\"https:\/\/environmental.senseca.com\/\",\"name\":\"Senseca Italy Srl\",\"description\":\"Member of GHM GROUP\",\"publisher\":{\"@id\":\"https:\/\/environmental.senseca.com\/#organization\"},\"alternateName\":\"Senseca\",\"potentialAction\":[{\"@type\":\"SearchAction\",\"target\":{\"@type\":\"EntryPoint\",\"urlTemplate\":\"https:\/\/environmental.senseca.com\/?s={search_term_string}\"},\"query-input\":\"required name=search_term_string\"}],\"inLanguage\":\"it-IT\"},{\"@type\":\"Organization\",\"@id\":\"https:\/\/environmental.senseca.com\/#organization\",\"name\":\"Senseca Italy Srl\",\"url\":\"https:\/\/environmental.senseca.com\/\",\"logo\":{\"@type\":\"ImageObject\",\"inLanguage\":\"it-IT\",\"@id\":\"https:\/\/environmental.senseca.com\/#\/schema\/logo\/image\/\",\"url\":\"https:\/\/environmental.senseca.com\/wp-content\/uploads\/2018\/07\/logo_prodotti.jpg\",\"contentUrl\":\"https:\/\/environmental.senseca.com\/wp-content\/uploads\/2018\/07\/logo_prodotti.jpg\",\"width\":1000,\"height\":1000,\"caption\":\"Senseca Italy Srl\"},\"image\":{\"@id\":\"https:\/\/environmental.senseca.com\/#\/schema\/logo\/image\/\"},\"sameAs\":[\"https:\/\/www.linkedin.com\/company\/senseca-measurement-solutions\/\",\"https:\/\/www.youtube.com\/@senseca-measurement-solutions\"]}]}<\/script>\n<!-- \/ Yoast SEO plugin. -->","yoast_head_json":{"title":"P37AB147 - Sonda Combinata per IAQ - Pressione, Qualit\u00e0 dell'aria-CO2, Temperatura, Umidit\u00e0 - Senseca Italy Srl","description":"Cerchi Pressione, Qualit\u00e0 dell'aria-CO2, Temperatura, Umidit\u00e0? Scopri le caratteristiche di P37AB147 - Sonda Combinata per IAQ di Senseca Italy Srl","robots":{"index":"index","follow":"follow","max-snippet":"max-snippet:-1","max-image-preview":"max-image-preview:large","max-video-preview":"max-video-preview:-1"},"canonical":"https:\/\/environmental.senseca.com\/it\/prodotto\/p37ab147-sonda-combinata-per-iaq\/","og_locale":"it_IT","og_type":"article","og_title":"P37AB147 - Sonda Combinata per IAQ - Pressione, Qualit\u00e0 dell'aria-CO2, Temperatura, Umidit\u00e0 - Senseca Italy Srl","og_description":"Cerchi Pressione, Qualit\u00e0 dell'aria-CO2, Temperatura, Umidit\u00e0? Scopri le caratteristiche di P37AB147 - Sonda Combinata per IAQ di Senseca Italy Srl","og_url":"https:\/\/environmental.senseca.com\/it\/prodotto\/p37ab147-sonda-combinata-per-iaq\/","og_site_name":"Senseca Italy Srl","article_modified_time":"2021-03-22T11:37:57+00:00","og_image":[{"width":1000,"height":1000,"url":"https:\/\/environmental.senseca.com\/wp-content\/uploads\/2018\/06\/P37AB147-Probe-IAQ-Measure-1.jpg","type":"image\/jpeg"}],"twitter_card":"summary_large_image","schema":{"@context":"https:\/\/schema.org","@graph":[{"@type":"WebPage","@id":"https:\/\/environmental.senseca.com\/it\/prodotto\/p37ab147-sonda-combinata-per-iaq\/","url":"https:\/\/environmental.senseca.com\/it\/prodotto\/p37ab147-sonda-combinata-per-iaq\/","name":"P37AB147 - Sonda Combinata per IAQ - Pressione, Qualit\u00e0 dell'aria-CO2, Temperatura, Umidit\u00e0 - Senseca Italy Srl","isPartOf":{"@id":"https:\/\/environmental.senseca.com\/#website"},"datePublished":"2020-10-05T14:22:57+00:00","dateModified":"2021-03-22T11:37:57+00:00","description":"Cerchi Pressione, Qualit\u00e0 dell'aria-CO2, Temperatura, Umidit\u00e0? Scopri le caratteristiche di P37AB147 - Sonda Combinata per IAQ di Senseca Italy Srl","breadcrumb":{"@id":"https:\/\/environmental.senseca.com\/it\/prodotto\/p37ab147-sonda-combinata-per-iaq\/#breadcrumb"},"inLanguage":"it-IT","potentialAction":[{"@type":"ReadAction","target":["https:\/\/environmental.senseca.com\/it\/prodotto\/p37ab147-sonda-combinata-per-iaq\/"]}]},{"@type":"BreadcrumbList","@id":"https:\/\/environmental.senseca.com\/it\/prodotto\/p37ab147-sonda-combinata-per-iaq\/#breadcrumb","itemListElement":[{"@type":"ListItem","position":1,"name":"Home","item":"https:\/\/environmental.senseca.com\/it\/"},{"@type":"ListItem","position":2,"name":"Prodotti","item":"https:\/\/environmental.senseca.com\/products\/"},{"@type":"ListItem","position":3,"name":"P37AB147 &#8211; Sonda Combinata per IAQ"}]},{"@type":"WebSite","@id":"https:\/\/environmental.senseca.com\/#website","url":"https:\/\/environmental.senseca.com\/","name":"Senseca Italy Srl","description":"Member of GHM GROUP","publisher":{"@id":"https:\/\/environmental.senseca.com\/#organization"},"alternateName":"Senseca","potentialAction":[{"@type":"SearchAction","target":{"@type":"EntryPoint","urlTemplate":"https:\/\/environmental.senseca.com\/?s={search_term_string}"},"query-input":"required name=search_term_string"}],"inLanguage":"it-IT"},{"@type":"Organization","@id":"https:\/\/environmental.senseca.com\/#organization","name":"Senseca Italy Srl","url":"https:\/\/environmental.senseca.com\/","logo":{"@type":"ImageObject","inLanguage":"it-IT","@id":"https:\/\/environmental.senseca.com\/#\/schema\/logo\/image\/","url":"https:\/\/environmental.senseca.com\/wp-content\/uploads\/2018\/07\/logo_prodotti.jpg","contentUrl":"https:\/\/environmental.senseca.com\/wp-content\/uploads\/2018\/07\/logo_prodotti.jpg","width":1000,"height":1000,"caption":"Senseca Italy Srl"},"image":{"@id":"https:\/\/environmental.senseca.com\/#\/schema\/logo\/image\/"},"sameAs":["https:\/\/www.linkedin.com\/company\/senseca-measurement-solutions\/","https:\/\/www.youtube.com\/@senseca-measurement-solutions"]}]}},"_links":{"self":[{"href":"https:\/\/environmental.senseca.com\/it\/wp-json\/wp\/v2\/product\/12238"}],"collection":[{"href":"https:\/\/environmental.senseca.com\/it\/wp-json\/wp\/v2\/product"}],"about":[{"href":"https:\/\/environmental.senseca.com\/it\/wp-json\/wp\/v2\/types\/product"}],"wp:featuredmedia":[{"embeddable":true,"href":"https:\/\/environmental.senseca.com\/it\/wp-json\/wp\/v2\/media\/11769"}],"wp:attachment":[{"href":"https:\/\/environmental.senseca.com\/it\/wp-json\/wp\/v2\/media?parent=12238"}],"wp:term":[{"taxonomy":"product_cat","embeddable":true,"href":"https:\/\/environmental.senseca.com\/it\/wp-json\/wp\/v2\/product_cat?post=12238"},{"taxonomy":"product_tag","embeddable":true,"href":"https:\/\/environmental.senseca.com\/it\/wp-json\/wp\/v2\/product_tag?post=12238"}],"curies":[{"name":"wp","href":"https:\/\/api.w.org\/{rel}","templated":true}]}}