{"id":12239,"date":"2020-10-05T13:41:37","date_gmt":"2020-10-05T14:22:57","guid":{"rendered":"https:\/\/www.deltaohm.com\/product\/p4-protezione-in-pe-sinterizzato-da-20-%ce%bcm-per-sonde\/"},"modified":"2021-03-22T11:37:57","modified_gmt":"2021-03-22T11:37:57","slug":"p4-protezione-sonde-umidita","status":"publish","type":"product","link":"https:\/\/environmental.senseca.com\/it\/prodotto\/p4-protezione-sonde-umidita\/","title":{"rendered":"P4 &#8211; Protezione Sonde Umidit\u00e0"},"content":{"rendered":"<p>Protezione in PE sinterizzato da 20 \u03bcm per sonde \u220526 mm, filetto M24x1.5.<\/p>\n<p>Temperatura operativa: -40\u202680 \u00b0C.<\/p>\n","protected":false},"excerpt":{"rendered":"<p>Protezione in PE sinterizzato da 20 \u03bcm<\/p>\n","protected":false},"featured_media":11636,"template":"","meta":[],"product_cat":[803],"product_tag":[],"brands":[{"id":764,"name":"Umidit\u00e0","slug":"umidita"}],"yoast_head":"<!-- This site is optimized with the Yoast SEO plugin v21.1 - https:\/\/yoast.com\/wordpress\/plugins\/seo\/ -->\n<title>P4 - Protezione Sonde Umidit\u00e0 - Umidit\u00e0 - Senseca Italy Srl<\/title>\n<meta name=\"description\" content=\"Cerchi Umidit\u00e0? Scopri le caratteristiche di P4 - Protezione Sonde Umidit\u00e0 di Senseca Italy Srl\" \/>\n<meta name=\"robots\" content=\"index, follow, max-snippet:-1, max-image-preview:large, max-video-preview:-1\" \/>\n<link rel=\"canonical\" href=\"https:\/\/environmental.senseca.com\/it\/prodotto\/p4-protezione-sonde-umidita\/\" \/>\n<meta property=\"og:locale\" content=\"it_IT\" \/>\n<meta property=\"og:type\" content=\"article\" \/>\n<meta property=\"og:title\" content=\"P4 - Protezione Sonde Umidit\u00e0 - Umidit\u00e0 - Senseca Italy Srl\" \/>\n<meta property=\"og:description\" content=\"Cerchi Umidit\u00e0? Scopri le caratteristiche di P4 - Protezione Sonde Umidit\u00e0 di Senseca Italy Srl\" \/>\n<meta property=\"og:url\" content=\"https:\/\/environmental.senseca.com\/it\/prodotto\/p4-protezione-sonde-umidita\/\" \/>\n<meta property=\"og:site_name\" content=\"Senseca Italy Srl\" \/>\n<meta property=\"article:modified_time\" content=\"2021-03-22T11:37:57+00:00\" \/>\n<meta property=\"og:image\" content=\"https:\/\/environmental.senseca.com\/wp-content\/uploads\/2018\/06\/P4-sintered-PE-complete-cap-1.jpg\" \/>\n\t<meta property=\"og:image:width\" content=\"1000\" \/>\n\t<meta property=\"og:image:height\" content=\"1000\" \/>\n\t<meta property=\"og:image:type\" content=\"image\/jpeg\" \/>\n<meta name=\"twitter:card\" content=\"summary_large_image\" \/>\n<script type=\"application\/ld+json\" class=\"yoast-schema-graph\">{\"@context\":\"https:\/\/schema.org\",\"@graph\":[{\"@type\":\"WebPage\",\"@id\":\"https:\/\/environmental.senseca.com\/it\/prodotto\/p4-protezione-sonde-umidita\/\",\"url\":\"https:\/\/environmental.senseca.com\/it\/prodotto\/p4-protezione-sonde-umidita\/\",\"name\":\"P4 - Protezione Sonde Umidit\u00e0 - Umidit\u00e0 - Senseca Italy Srl\",\"isPartOf\":{\"@id\":\"https:\/\/environmental.senseca.com\/#website\"},\"datePublished\":\"2020-10-05T14:22:57+00:00\",\"dateModified\":\"2021-03-22T11:37:57+00:00\",\"description\":\"Cerchi Umidit\u00e0? Scopri le caratteristiche di P4 - Protezione Sonde Umidit\u00e0 di Senseca Italy Srl\",\"breadcrumb\":{\"@id\":\"https:\/\/environmental.senseca.com\/it\/prodotto\/p4-protezione-sonde-umidita\/#breadcrumb\"},\"inLanguage\":\"it-IT\",\"potentialAction\":[{\"@type\":\"ReadAction\",\"target\":[\"https:\/\/environmental.senseca.com\/it\/prodotto\/p4-protezione-sonde-umidita\/\"]}]},{\"@type\":\"BreadcrumbList\",\"@id\":\"https:\/\/environmental.senseca.com\/it\/prodotto\/p4-protezione-sonde-umidita\/#breadcrumb\",\"itemListElement\":[{\"@type\":\"ListItem\",\"position\":1,\"name\":\"Home\",\"item\":\"https:\/\/environmental.senseca.com\/it\/\"},{\"@type\":\"ListItem\",\"position\":2,\"name\":\"Prodotti\",\"item\":\"https:\/\/environmental.senseca.com\/products\/\"},{\"@type\":\"ListItem\",\"position\":3,\"name\":\"P4 &#8211; Protezione Sonde Umidit\u00e0\"}]},{\"@type\":\"WebSite\",\"@id\":\"https:\/\/environmental.senseca.com\/#website\",\"url\":\"https:\/\/environmental.senseca.com\/\",\"name\":\"Senseca Italy Srl\",\"description\":\"Member of GHM GROUP\",\"publisher\":{\"@id\":\"https:\/\/environmental.senseca.com\/#organization\"},\"alternateName\":\"Senseca\",\"potentialAction\":[{\"@type\":\"SearchAction\",\"target\":{\"@type\":\"EntryPoint\",\"urlTemplate\":\"https:\/\/environmental.senseca.com\/?s={search_term_string}\"},\"query-input\":\"required name=search_term_string\"}],\"inLanguage\":\"it-IT\"},{\"@type\":\"Organization\",\"@id\":\"https:\/\/environmental.senseca.com\/#organization\",\"name\":\"Senseca Italy Srl\",\"url\":\"https:\/\/environmental.senseca.com\/\",\"logo\":{\"@type\":\"ImageObject\",\"inLanguage\":\"it-IT\",\"@id\":\"https:\/\/environmental.senseca.com\/#\/schema\/logo\/image\/\",\"url\":\"https:\/\/environmental.senseca.com\/wp-content\/uploads\/2018\/07\/logo_prodotti.jpg\",\"contentUrl\":\"https:\/\/environmental.senseca.com\/wp-content\/uploads\/2018\/07\/logo_prodotti.jpg\",\"width\":1000,\"height\":1000,\"caption\":\"Senseca Italy Srl\"},\"image\":{\"@id\":\"https:\/\/environmental.senseca.com\/#\/schema\/logo\/image\/\"},\"sameAs\":[\"https:\/\/www.linkedin.com\/company\/senseca-measurement-solutions\/\",\"https:\/\/www.youtube.com\/@senseca-measurement-solutions\"]}]}<\/script>\n<!-- \/ Yoast SEO plugin. -->","yoast_head_json":{"title":"P4 - Protezione Sonde Umidit\u00e0 - Umidit\u00e0 - Senseca Italy Srl","description":"Cerchi Umidit\u00e0? Scopri le caratteristiche di P4 - Protezione Sonde Umidit\u00e0 di Senseca Italy Srl","robots":{"index":"index","follow":"follow","max-snippet":"max-snippet:-1","max-image-preview":"max-image-preview:large","max-video-preview":"max-video-preview:-1"},"canonical":"https:\/\/environmental.senseca.com\/it\/prodotto\/p4-protezione-sonde-umidita\/","og_locale":"it_IT","og_type":"article","og_title":"P4 - Protezione Sonde Umidit\u00e0 - Umidit\u00e0 - Senseca Italy Srl","og_description":"Cerchi Umidit\u00e0? Scopri le caratteristiche di P4 - Protezione Sonde Umidit\u00e0 di Senseca Italy Srl","og_url":"https:\/\/environmental.senseca.com\/it\/prodotto\/p4-protezione-sonde-umidita\/","og_site_name":"Senseca Italy Srl","article_modified_time":"2021-03-22T11:37:57+00:00","og_image":[{"width":1000,"height":1000,"url":"https:\/\/environmental.senseca.com\/wp-content\/uploads\/2018\/06\/P4-sintered-PE-complete-cap-1.jpg","type":"image\/jpeg"}],"twitter_card":"summary_large_image","schema":{"@context":"https:\/\/schema.org","@graph":[{"@type":"WebPage","@id":"https:\/\/environmental.senseca.com\/it\/prodotto\/p4-protezione-sonde-umidita\/","url":"https:\/\/environmental.senseca.com\/it\/prodotto\/p4-protezione-sonde-umidita\/","name":"P4 - Protezione Sonde Umidit\u00e0 - Umidit\u00e0 - Senseca Italy Srl","isPartOf":{"@id":"https:\/\/environmental.senseca.com\/#website"},"datePublished":"2020-10-05T14:22:57+00:00","dateModified":"2021-03-22T11:37:57+00:00","description":"Cerchi Umidit\u00e0? Scopri le caratteristiche di P4 - Protezione Sonde Umidit\u00e0 di Senseca Italy Srl","breadcrumb":{"@id":"https:\/\/environmental.senseca.com\/it\/prodotto\/p4-protezione-sonde-umidita\/#breadcrumb"},"inLanguage":"it-IT","potentialAction":[{"@type":"ReadAction","target":["https:\/\/environmental.senseca.com\/it\/prodotto\/p4-protezione-sonde-umidita\/"]}]},{"@type":"BreadcrumbList","@id":"https:\/\/environmental.senseca.com\/it\/prodotto\/p4-protezione-sonde-umidita\/#breadcrumb","itemListElement":[{"@type":"ListItem","position":1,"name":"Home","item":"https:\/\/environmental.senseca.com\/it\/"},{"@type":"ListItem","position":2,"name":"Prodotti","item":"https:\/\/environmental.senseca.com\/products\/"},{"@type":"ListItem","position":3,"name":"P4 &#8211; Protezione Sonde Umidit\u00e0"}]},{"@type":"WebSite","@id":"https:\/\/environmental.senseca.com\/#website","url":"https:\/\/environmental.senseca.com\/","name":"Senseca Italy Srl","description":"Member of GHM GROUP","publisher":{"@id":"https:\/\/environmental.senseca.com\/#organization"},"alternateName":"Senseca","potentialAction":[{"@type":"SearchAction","target":{"@type":"EntryPoint","urlTemplate":"https:\/\/environmental.senseca.com\/?s={search_term_string}"},"query-input":"required name=search_term_string"}],"inLanguage":"it-IT"},{"@type":"Organization","@id":"https:\/\/environmental.senseca.com\/#organization","name":"Senseca Italy Srl","url":"https:\/\/environmental.senseca.com\/","logo":{"@type":"ImageObject","inLanguage":"it-IT","@id":"https:\/\/environmental.senseca.com\/#\/schema\/logo\/image\/","url":"https:\/\/environmental.senseca.com\/wp-content\/uploads\/2018\/07\/logo_prodotti.jpg","contentUrl":"https:\/\/environmental.senseca.com\/wp-content\/uploads\/2018\/07\/logo_prodotti.jpg","width":1000,"height":1000,"caption":"Senseca Italy Srl"},"image":{"@id":"https:\/\/environmental.senseca.com\/#\/schema\/logo\/image\/"},"sameAs":["https:\/\/www.linkedin.com\/company\/senseca-measurement-solutions\/","https:\/\/www.youtube.com\/@senseca-measurement-solutions"]}]}},"_links":{"self":[{"href":"https:\/\/environmental.senseca.com\/it\/wp-json\/wp\/v2\/product\/12239"}],"collection":[{"href":"https:\/\/environmental.senseca.com\/it\/wp-json\/wp\/v2\/product"}],"about":[{"href":"https:\/\/environmental.senseca.com\/it\/wp-json\/wp\/v2\/types\/product"}],"wp:featuredmedia":[{"embeddable":true,"href":"https:\/\/environmental.senseca.com\/it\/wp-json\/wp\/v2\/media\/11636"}],"wp:attachment":[{"href":"https:\/\/environmental.senseca.com\/it\/wp-json\/wp\/v2\/media?parent=12239"}],"wp:term":[{"taxonomy":"product_cat","embeddable":true,"href":"https:\/\/environmental.senseca.com\/it\/wp-json\/wp\/v2\/product_cat?post=12239"},{"taxonomy":"product_tag","embeddable":true,"href":"https:\/\/environmental.senseca.com\/it\/wp-json\/wp\/v2\/product_tag?post=12239"}],"curies":[{"name":"wp","href":"https:\/\/api.w.org\/{rel}","templated":true}]}}