{"id":12250,"date":"2020-10-05T13:42:13","date_gmt":"2020-10-05T14:23:05","guid":{"rendered":"https:\/\/www.deltaohm.com\/product\/rs45-cavo-di-connessione-seriale\/"},"modified":"2021-03-22T11:37:58","modified_gmt":"2021-03-22T11:37:58","slug":"rs45-cavo-di-connessione-seriale","status":"publish","type":"product","link":"https:\/\/environmental.senseca.com\/it\/prodotto\/rs45-cavo-di-connessione-seriale\/","title":{"rendered":"RS45 &#8211; Cavo di connessione seriale"},"content":{"rendered":"<p>Cavo di connessione seriale<strong> non isolato<\/strong> con adattatore USB incorporato. Connettore USB per il PC e connettore mini-USB per la porta seriale dello strumento.<\/p>\n<p>Lo strumento \u00e8 alimentato direttamente dalla porta USB del PC.<\/p>\n","protected":false},"excerpt":{"rendered":"<p>Cavo di connessione seriale non isolato con adattatore USB incorporato.<\/p>\n","protected":false},"featured_media":11587,"template":"","meta":[],"product_cat":[803],"product_tag":[],"brands":[{"id":816,"name":"Qualit\u00e0 dell'aria-CO2","slug":"qualita-dellaria-co2"},{"id":764,"name":"Umidit\u00e0","slug":"umidita"}],"yoast_head":"<!-- This site is optimized with the Yoast SEO plugin v21.1 - https:\/\/yoast.com\/wordpress\/plugins\/seo\/ -->\n<title>RS45 - Cavo di connessione seriale - Qualit\u00e0 dell&#039;aria-CO2, Umidit\u00e0 - Senseca Italy Srl<\/title>\n<meta name=\"description\" content=\"Cerchi Qualit\u00e0 dell&#039;aria-CO2, Umidit\u00e0? Scopri le caratteristiche di RS45 - Cavo di connessione seriale di Senseca Italy Srl\" \/>\n<meta name=\"robots\" content=\"index, follow, max-snippet:-1, max-image-preview:large, max-video-preview:-1\" \/>\n<link rel=\"canonical\" href=\"https:\/\/environmental.senseca.com\/it\/prodotto\/rs45-cavo-di-connessione-seriale\/\" \/>\n<meta property=\"og:locale\" content=\"it_IT\" \/>\n<meta property=\"og:type\" content=\"article\" \/>\n<meta property=\"og:title\" content=\"RS45 - Cavo di connessione seriale - Qualit\u00e0 dell&#039;aria-CO2, Umidit\u00e0 - Senseca Italy Srl\" \/>\n<meta property=\"og:description\" content=\"Cerchi Qualit\u00e0 dell&#039;aria-CO2, Umidit\u00e0? Scopri le caratteristiche di RS45 - Cavo di connessione seriale di Senseca Italy Srl\" \/>\n<meta property=\"og:url\" content=\"https:\/\/environmental.senseca.com\/it\/prodotto\/rs45-cavo-di-connessione-seriale\/\" \/>\n<meta property=\"og:site_name\" content=\"Senseca Italy Srl\" \/>\n<meta property=\"article:modified_time\" content=\"2021-03-22T11:37:58+00:00\" \/>\n<meta property=\"og:image\" content=\"https:\/\/environmental.senseca.com\/wp-content\/uploads\/2018\/06\/no_image_product.jpg\" \/>\n\t<meta property=\"og:image:width\" content=\"1000\" \/>\n\t<meta property=\"og:image:height\" content=\"1000\" \/>\n\t<meta property=\"og:image:type\" content=\"image\/jpeg\" \/>\n<meta name=\"twitter:card\" content=\"summary_large_image\" \/>\n<script type=\"application\/ld+json\" class=\"yoast-schema-graph\">{\"@context\":\"https:\/\/schema.org\",\"@graph\":[{\"@type\":\"WebPage\",\"@id\":\"https:\/\/environmental.senseca.com\/it\/prodotto\/rs45-cavo-di-connessione-seriale\/\",\"url\":\"https:\/\/environmental.senseca.com\/it\/prodotto\/rs45-cavo-di-connessione-seriale\/\",\"name\":\"RS45 - Cavo di connessione seriale - Qualit\u00e0 dell'aria-CO2, Umidit\u00e0 - Senseca Italy Srl\",\"isPartOf\":{\"@id\":\"https:\/\/environmental.senseca.com\/#website\"},\"datePublished\":\"2020-10-05T14:23:05+00:00\",\"dateModified\":\"2021-03-22T11:37:58+00:00\",\"description\":\"Cerchi Qualit\u00e0 dell'aria-CO2, Umidit\u00e0? Scopri le caratteristiche di RS45 - Cavo di connessione seriale di Senseca Italy Srl\",\"breadcrumb\":{\"@id\":\"https:\/\/environmental.senseca.com\/it\/prodotto\/rs45-cavo-di-connessione-seriale\/#breadcrumb\"},\"inLanguage\":\"it-IT\",\"potentialAction\":[{\"@type\":\"ReadAction\",\"target\":[\"https:\/\/environmental.senseca.com\/it\/prodotto\/rs45-cavo-di-connessione-seriale\/\"]}]},{\"@type\":\"BreadcrumbList\",\"@id\":\"https:\/\/environmental.senseca.com\/it\/prodotto\/rs45-cavo-di-connessione-seriale\/#breadcrumb\",\"itemListElement\":[{\"@type\":\"ListItem\",\"position\":1,\"name\":\"Home\",\"item\":\"https:\/\/environmental.senseca.com\/it\/\"},{\"@type\":\"ListItem\",\"position\":2,\"name\":\"Prodotti\",\"item\":\"https:\/\/environmental.senseca.com\/products\/\"},{\"@type\":\"ListItem\",\"position\":3,\"name\":\"RS45 &#8211; Cavo di connessione seriale\"}]},{\"@type\":\"WebSite\",\"@id\":\"https:\/\/environmental.senseca.com\/#website\",\"url\":\"https:\/\/environmental.senseca.com\/\",\"name\":\"Senseca Italy Srl\",\"description\":\"Member of GHM GROUP\",\"publisher\":{\"@id\":\"https:\/\/environmental.senseca.com\/#organization\"},\"alternateName\":\"Senseca\",\"potentialAction\":[{\"@type\":\"SearchAction\",\"target\":{\"@type\":\"EntryPoint\",\"urlTemplate\":\"https:\/\/environmental.senseca.com\/?s={search_term_string}\"},\"query-input\":\"required name=search_term_string\"}],\"inLanguage\":\"it-IT\"},{\"@type\":\"Organization\",\"@id\":\"https:\/\/environmental.senseca.com\/#organization\",\"name\":\"Senseca Italy Srl\",\"url\":\"https:\/\/environmental.senseca.com\/\",\"logo\":{\"@type\":\"ImageObject\",\"inLanguage\":\"it-IT\",\"@id\":\"https:\/\/environmental.senseca.com\/#\/schema\/logo\/image\/\",\"url\":\"https:\/\/environmental.senseca.com\/wp-content\/uploads\/2018\/07\/logo_prodotti.jpg\",\"contentUrl\":\"https:\/\/environmental.senseca.com\/wp-content\/uploads\/2018\/07\/logo_prodotti.jpg\",\"width\":1000,\"height\":1000,\"caption\":\"Senseca Italy Srl\"},\"image\":{\"@id\":\"https:\/\/environmental.senseca.com\/#\/schema\/logo\/image\/\"},\"sameAs\":[\"https:\/\/www.linkedin.com\/company\/senseca-measurement-solutions\/\",\"https:\/\/www.youtube.com\/@senseca-measurement-solutions\"]}]}<\/script>\n<!-- \/ Yoast SEO plugin. -->","yoast_head_json":{"title":"RS45 - Cavo di connessione seriale - Qualit\u00e0 dell'aria-CO2, Umidit\u00e0 - Senseca Italy Srl","description":"Cerchi Qualit\u00e0 dell'aria-CO2, Umidit\u00e0? Scopri le caratteristiche di RS45 - Cavo di connessione seriale di Senseca Italy Srl","robots":{"index":"index","follow":"follow","max-snippet":"max-snippet:-1","max-image-preview":"max-image-preview:large","max-video-preview":"max-video-preview:-1"},"canonical":"https:\/\/environmental.senseca.com\/it\/prodotto\/rs45-cavo-di-connessione-seriale\/","og_locale":"it_IT","og_type":"article","og_title":"RS45 - Cavo di connessione seriale - Qualit\u00e0 dell'aria-CO2, Umidit\u00e0 - Senseca Italy Srl","og_description":"Cerchi Qualit\u00e0 dell'aria-CO2, Umidit\u00e0? Scopri le caratteristiche di RS45 - Cavo di connessione seriale di Senseca Italy Srl","og_url":"https:\/\/environmental.senseca.com\/it\/prodotto\/rs45-cavo-di-connessione-seriale\/","og_site_name":"Senseca Italy Srl","article_modified_time":"2021-03-22T11:37:58+00:00","og_image":[{"width":1000,"height":1000,"url":"https:\/\/environmental.senseca.com\/wp-content\/uploads\/2018\/06\/no_image_product.jpg","type":"image\/jpeg"}],"twitter_card":"summary_large_image","schema":{"@context":"https:\/\/schema.org","@graph":[{"@type":"WebPage","@id":"https:\/\/environmental.senseca.com\/it\/prodotto\/rs45-cavo-di-connessione-seriale\/","url":"https:\/\/environmental.senseca.com\/it\/prodotto\/rs45-cavo-di-connessione-seriale\/","name":"RS45 - Cavo di connessione seriale - Qualit\u00e0 dell'aria-CO2, Umidit\u00e0 - Senseca Italy Srl","isPartOf":{"@id":"https:\/\/environmental.senseca.com\/#website"},"datePublished":"2020-10-05T14:23:05+00:00","dateModified":"2021-03-22T11:37:58+00:00","description":"Cerchi Qualit\u00e0 dell'aria-CO2, Umidit\u00e0? Scopri le caratteristiche di RS45 - Cavo di connessione seriale di Senseca Italy Srl","breadcrumb":{"@id":"https:\/\/environmental.senseca.com\/it\/prodotto\/rs45-cavo-di-connessione-seriale\/#breadcrumb"},"inLanguage":"it-IT","potentialAction":[{"@type":"ReadAction","target":["https:\/\/environmental.senseca.com\/it\/prodotto\/rs45-cavo-di-connessione-seriale\/"]}]},{"@type":"BreadcrumbList","@id":"https:\/\/environmental.senseca.com\/it\/prodotto\/rs45-cavo-di-connessione-seriale\/#breadcrumb","itemListElement":[{"@type":"ListItem","position":1,"name":"Home","item":"https:\/\/environmental.senseca.com\/it\/"},{"@type":"ListItem","position":2,"name":"Prodotti","item":"https:\/\/environmental.senseca.com\/products\/"},{"@type":"ListItem","position":3,"name":"RS45 &#8211; Cavo di connessione seriale"}]},{"@type":"WebSite","@id":"https:\/\/environmental.senseca.com\/#website","url":"https:\/\/environmental.senseca.com\/","name":"Senseca Italy Srl","description":"Member of GHM GROUP","publisher":{"@id":"https:\/\/environmental.senseca.com\/#organization"},"alternateName":"Senseca","potentialAction":[{"@type":"SearchAction","target":{"@type":"EntryPoint","urlTemplate":"https:\/\/environmental.senseca.com\/?s={search_term_string}"},"query-input":"required name=search_term_string"}],"inLanguage":"it-IT"},{"@type":"Organization","@id":"https:\/\/environmental.senseca.com\/#organization","name":"Senseca Italy Srl","url":"https:\/\/environmental.senseca.com\/","logo":{"@type":"ImageObject","inLanguage":"it-IT","@id":"https:\/\/environmental.senseca.com\/#\/schema\/logo\/image\/","url":"https:\/\/environmental.senseca.com\/wp-content\/uploads\/2018\/07\/logo_prodotti.jpg","contentUrl":"https:\/\/environmental.senseca.com\/wp-content\/uploads\/2018\/07\/logo_prodotti.jpg","width":1000,"height":1000,"caption":"Senseca Italy Srl"},"image":{"@id":"https:\/\/environmental.senseca.com\/#\/schema\/logo\/image\/"},"sameAs":["https:\/\/www.linkedin.com\/company\/senseca-measurement-solutions\/","https:\/\/www.youtube.com\/@senseca-measurement-solutions"]}]}},"_links":{"self":[{"href":"https:\/\/environmental.senseca.com\/it\/wp-json\/wp\/v2\/product\/12250"}],"collection":[{"href":"https:\/\/environmental.senseca.com\/it\/wp-json\/wp\/v2\/product"}],"about":[{"href":"https:\/\/environmental.senseca.com\/it\/wp-json\/wp\/v2\/types\/product"}],"wp:featuredmedia":[{"embeddable":true,"href":"https:\/\/environmental.senseca.com\/it\/wp-json\/wp\/v2\/media\/11587"}],"wp:attachment":[{"href":"https:\/\/environmental.senseca.com\/it\/wp-json\/wp\/v2\/media?parent=12250"}],"wp:term":[{"taxonomy":"product_cat","embeddable":true,"href":"https:\/\/environmental.senseca.com\/it\/wp-json\/wp\/v2\/product_cat?post=12250"},{"taxonomy":"product_tag","embeddable":true,"href":"https:\/\/environmental.senseca.com\/it\/wp-json\/wp\/v2\/product_tag?post=12250"}],"curies":[{"name":"wp","href":"https:\/\/api.w.org\/{rel}","templated":true}]}}