{"id":12732,"date":"2020-09-14T15:25:24","date_gmt":"2020-09-14T15:25:24","guid":{"rendered":"https:\/\/www.deltaohm.com\/product\/do9847-all-measurements-3-channel-portable-data-logger\/"},"modified":"2024-02-26T16:33:08","modified_gmt":"2024-02-26T16:33:08","slug":"do9847-strumento-multifunzione-portatile-datalogger-3-canali","status":"publish","type":"product","link":"https:\/\/environmental.senseca.com\/it\/prodotto\/do9847-strumento-multifunzione-portatile-datalogger-3-canali\/","title":{"rendered":"DO9847 &#8211; Strumento Multifunzione 3 Ingressi"},"content":{"rendered":"<p>Si prega di notare che questo articolo \u00e8 fuori produzione.<\/p>\n<p>Si prega di far riferimento al seguente prodotto:<\/p>\n<ul>\n<li><a href=\"https:\/\/environmental.senseca.com\/it\/prodotto\/hd31-datalogger-multifuzione-portatile\/\">HD31 &#8211; datalogger multifunzione portatile con tre canali d&#8217;ingresso indipendenti.<\/a><\/li>\n<\/ul>\n","protected":false},"excerpt":{"rendered":"<p>Misura di: umidit\u00e0 relativa, temperatura, pressione, velocit\u00e0, luce, tensione e corrente. Combinazione di tutte le misure in unico datalogger portatile a 3 canali.<\/p>\n","protected":false},"featured_media":11330,"template":"","meta":[],"product_cat":[784],"product_tag":[],"brands":[{"id":813,"name":"Luce","slug":"luce"},{"id":812,"name":"Pressione","slug":"pressione"},{"id":810,"name":"Temperatura","slug":"temperatura"},{"id":764,"name":"Umidit\u00e0","slug":"umidita"},{"id":811,"name":"Velocit\u00e0 dell'Aria","slug":"velocita-dellaria"}],"yoast_head":"<!-- This site is optimized with the Yoast SEO plugin v21.1 - https:\/\/yoast.com\/wordpress\/plugins\/seo\/ -->\n<title>DO9847 - Strumento Multifunzione 3 Ingressi - Luce, Pressione, Temperatura, Umidit\u00e0, Velocit\u00e0 dell&#039;Aria - Senseca Italy Srl<\/title>\n<meta name=\"description\" content=\"Cerchi Luce, Pressione, Temperatura, Umidit\u00e0, Velocit\u00e0 dell&#039;Aria? Scopri le caratteristiche di DO9847 - Strumento Multifunzione 3 Ingressi di Senseca Italy Srl\" \/>\n<meta name=\"robots\" content=\"index, follow, max-snippet:-1, max-image-preview:large, max-video-preview:-1\" \/>\n<link rel=\"canonical\" href=\"https:\/\/environmental.senseca.com\/it\/prodotto\/do9847-strumento-multifunzione-portatile-datalogger-3-canali\/\" \/>\n<meta property=\"og:locale\" content=\"it_IT\" \/>\n<meta property=\"og:type\" content=\"article\" \/>\n<meta property=\"og:title\" content=\"DO9847 - Strumento Multifunzione 3 Ingressi - Luce, Pressione, Temperatura, Umidit\u00e0, Velocit\u00e0 dell&#039;Aria - Senseca Italy Srl\" \/>\n<meta property=\"og:description\" content=\"Cerchi Luce, Pressione, Temperatura, Umidit\u00e0, Velocit\u00e0 dell&#039;Aria? Scopri le caratteristiche di DO9847 - Strumento Multifunzione 3 Ingressi di Senseca Italy Srl\" \/>\n<meta property=\"og:url\" content=\"https:\/\/environmental.senseca.com\/it\/prodotto\/do9847-strumento-multifunzione-portatile-datalogger-3-canali\/\" \/>\n<meta property=\"og:site_name\" content=\"Senseca Italy Srl\" \/>\n<meta property=\"article:modified_time\" content=\"2024-02-26T16:33:08+00:00\" \/>\n<meta property=\"og:image\" content=\"https:\/\/environmental.senseca.com\/wp-content\/uploads\/2020\/09\/DO9847-multifunction-1.jpg\" \/>\n\t<meta property=\"og:image:width\" content=\"1000\" \/>\n\t<meta property=\"og:image:height\" content=\"1000\" \/>\n\t<meta property=\"og:image:type\" content=\"image\/jpeg\" \/>\n<meta name=\"twitter:card\" content=\"summary_large_image\" \/>\n<meta name=\"twitter:label1\" content=\"Tempo di lettura stimato\" \/>\n\t<meta name=\"twitter:data1\" content=\"1 minuto\" \/>\n<script type=\"application\/ld+json\" class=\"yoast-schema-graph\">{\"@context\":\"https:\/\/schema.org\",\"@graph\":[{\"@type\":\"WebPage\",\"@id\":\"https:\/\/environmental.senseca.com\/it\/prodotto\/do9847-strumento-multifunzione-portatile-datalogger-3-canali\/\",\"url\":\"https:\/\/environmental.senseca.com\/it\/prodotto\/do9847-strumento-multifunzione-portatile-datalogger-3-canali\/\",\"name\":\"DO9847 - Strumento Multifunzione 3 Ingressi - Luce, Pressione, Temperatura, Umidit\u00e0, Velocit\u00e0 dell'Aria - Senseca Italy Srl\",\"isPartOf\":{\"@id\":\"https:\/\/environmental.senseca.com\/#website\"},\"datePublished\":\"2020-09-14T15:25:24+00:00\",\"dateModified\":\"2024-02-26T16:33:08+00:00\",\"description\":\"Cerchi Luce, Pressione, Temperatura, Umidit\u00e0, Velocit\u00e0 dell'Aria? Scopri le caratteristiche di DO9847 - Strumento Multifunzione 3 Ingressi di Senseca Italy Srl\",\"breadcrumb\":{\"@id\":\"https:\/\/environmental.senseca.com\/it\/prodotto\/do9847-strumento-multifunzione-portatile-datalogger-3-canali\/#breadcrumb\"},\"inLanguage\":\"it-IT\",\"potentialAction\":[{\"@type\":\"ReadAction\",\"target\":[\"https:\/\/environmental.senseca.com\/it\/prodotto\/do9847-strumento-multifunzione-portatile-datalogger-3-canali\/\"]}]},{\"@type\":\"BreadcrumbList\",\"@id\":\"https:\/\/environmental.senseca.com\/it\/prodotto\/do9847-strumento-multifunzione-portatile-datalogger-3-canali\/#breadcrumb\",\"itemListElement\":[{\"@type\":\"ListItem\",\"position\":1,\"name\":\"Home\",\"item\":\"https:\/\/environmental.senseca.com\/it\/\"},{\"@type\":\"ListItem\",\"position\":2,\"name\":\"Prodotti\",\"item\":\"https:\/\/environmental.senseca.com\/products\/\"},{\"@type\":\"ListItem\",\"position\":3,\"name\":\"DO9847 &#8211; Strumento Multifunzione 3 Ingressi\"}]},{\"@type\":\"WebSite\",\"@id\":\"https:\/\/environmental.senseca.com\/#website\",\"url\":\"https:\/\/environmental.senseca.com\/\",\"name\":\"Senseca Italy Srl\",\"description\":\"Member of GHM GROUP\",\"publisher\":{\"@id\":\"https:\/\/environmental.senseca.com\/#organization\"},\"alternateName\":\"Senseca\",\"potentialAction\":[{\"@type\":\"SearchAction\",\"target\":{\"@type\":\"EntryPoint\",\"urlTemplate\":\"https:\/\/environmental.senseca.com\/?s={search_term_string}\"},\"query-input\":\"required name=search_term_string\"}],\"inLanguage\":\"it-IT\"},{\"@type\":\"Organization\",\"@id\":\"https:\/\/environmental.senseca.com\/#organization\",\"name\":\"Senseca Italy Srl\",\"url\":\"https:\/\/environmental.senseca.com\/\",\"logo\":{\"@type\":\"ImageObject\",\"inLanguage\":\"it-IT\",\"@id\":\"https:\/\/environmental.senseca.com\/#\/schema\/logo\/image\/\",\"url\":\"https:\/\/environmental.senseca.com\/wp-content\/uploads\/2018\/07\/logo_prodotti.jpg\",\"contentUrl\":\"https:\/\/environmental.senseca.com\/wp-content\/uploads\/2018\/07\/logo_prodotti.jpg\",\"width\":1000,\"height\":1000,\"caption\":\"Senseca Italy Srl\"},\"image\":{\"@id\":\"https:\/\/environmental.senseca.com\/#\/schema\/logo\/image\/\"},\"sameAs\":[\"https:\/\/www.linkedin.com\/company\/senseca-measurement-solutions\/\",\"https:\/\/www.youtube.com\/@senseca-measurement-solutions\"]}]}<\/script>\n<!-- \/ Yoast SEO plugin. -->","yoast_head_json":{"title":"DO9847 - Strumento Multifunzione 3 Ingressi - Luce, Pressione, Temperatura, Umidit\u00e0, Velocit\u00e0 dell'Aria - Senseca Italy Srl","description":"Cerchi Luce, Pressione, Temperatura, Umidit\u00e0, Velocit\u00e0 dell'Aria? Scopri le caratteristiche di DO9847 - Strumento Multifunzione 3 Ingressi di Senseca Italy Srl","robots":{"index":"index","follow":"follow","max-snippet":"max-snippet:-1","max-image-preview":"max-image-preview:large","max-video-preview":"max-video-preview:-1"},"canonical":"https:\/\/environmental.senseca.com\/it\/prodotto\/do9847-strumento-multifunzione-portatile-datalogger-3-canali\/","og_locale":"it_IT","og_type":"article","og_title":"DO9847 - Strumento Multifunzione 3 Ingressi - Luce, Pressione, Temperatura, Umidit\u00e0, Velocit\u00e0 dell'Aria - Senseca Italy Srl","og_description":"Cerchi Luce, Pressione, Temperatura, Umidit\u00e0, Velocit\u00e0 dell'Aria? Scopri le caratteristiche di DO9847 - Strumento Multifunzione 3 Ingressi di Senseca Italy Srl","og_url":"https:\/\/environmental.senseca.com\/it\/prodotto\/do9847-strumento-multifunzione-portatile-datalogger-3-canali\/","og_site_name":"Senseca Italy Srl","article_modified_time":"2024-02-26T16:33:08+00:00","og_image":[{"width":1000,"height":1000,"url":"https:\/\/environmental.senseca.com\/wp-content\/uploads\/2020\/09\/DO9847-multifunction-1.jpg","type":"image\/jpeg"}],"twitter_card":"summary_large_image","twitter_misc":{"Tempo di lettura stimato":"1 minuto"},"schema":{"@context":"https:\/\/schema.org","@graph":[{"@type":"WebPage","@id":"https:\/\/environmental.senseca.com\/it\/prodotto\/do9847-strumento-multifunzione-portatile-datalogger-3-canali\/","url":"https:\/\/environmental.senseca.com\/it\/prodotto\/do9847-strumento-multifunzione-portatile-datalogger-3-canali\/","name":"DO9847 - Strumento Multifunzione 3 Ingressi - Luce, Pressione, Temperatura, Umidit\u00e0, Velocit\u00e0 dell'Aria - Senseca Italy Srl","isPartOf":{"@id":"https:\/\/environmental.senseca.com\/#website"},"datePublished":"2020-09-14T15:25:24+00:00","dateModified":"2024-02-26T16:33:08+00:00","description":"Cerchi Luce, Pressione, Temperatura, Umidit\u00e0, Velocit\u00e0 dell'Aria? Scopri le caratteristiche di DO9847 - Strumento Multifunzione 3 Ingressi di Senseca Italy Srl","breadcrumb":{"@id":"https:\/\/environmental.senseca.com\/it\/prodotto\/do9847-strumento-multifunzione-portatile-datalogger-3-canali\/#breadcrumb"},"inLanguage":"it-IT","potentialAction":[{"@type":"ReadAction","target":["https:\/\/environmental.senseca.com\/it\/prodotto\/do9847-strumento-multifunzione-portatile-datalogger-3-canali\/"]}]},{"@type":"BreadcrumbList","@id":"https:\/\/environmental.senseca.com\/it\/prodotto\/do9847-strumento-multifunzione-portatile-datalogger-3-canali\/#breadcrumb","itemListElement":[{"@type":"ListItem","position":1,"name":"Home","item":"https:\/\/environmental.senseca.com\/it\/"},{"@type":"ListItem","position":2,"name":"Prodotti","item":"https:\/\/environmental.senseca.com\/products\/"},{"@type":"ListItem","position":3,"name":"DO9847 &#8211; Strumento Multifunzione 3 Ingressi"}]},{"@type":"WebSite","@id":"https:\/\/environmental.senseca.com\/#website","url":"https:\/\/environmental.senseca.com\/","name":"Senseca Italy Srl","description":"Member of GHM GROUP","publisher":{"@id":"https:\/\/environmental.senseca.com\/#organization"},"alternateName":"Senseca","potentialAction":[{"@type":"SearchAction","target":{"@type":"EntryPoint","urlTemplate":"https:\/\/environmental.senseca.com\/?s={search_term_string}"},"query-input":"required name=search_term_string"}],"inLanguage":"it-IT"},{"@type":"Organization","@id":"https:\/\/environmental.senseca.com\/#organization","name":"Senseca Italy Srl","url":"https:\/\/environmental.senseca.com\/","logo":{"@type":"ImageObject","inLanguage":"it-IT","@id":"https:\/\/environmental.senseca.com\/#\/schema\/logo\/image\/","url":"https:\/\/environmental.senseca.com\/wp-content\/uploads\/2018\/07\/logo_prodotti.jpg","contentUrl":"https:\/\/environmental.senseca.com\/wp-content\/uploads\/2018\/07\/logo_prodotti.jpg","width":1000,"height":1000,"caption":"Senseca Italy Srl"},"image":{"@id":"https:\/\/environmental.senseca.com\/#\/schema\/logo\/image\/"},"sameAs":["https:\/\/www.linkedin.com\/company\/senseca-measurement-solutions\/","https:\/\/www.youtube.com\/@senseca-measurement-solutions"]}]}},"_links":{"self":[{"href":"https:\/\/environmental.senseca.com\/it\/wp-json\/wp\/v2\/product\/12732"}],"collection":[{"href":"https:\/\/environmental.senseca.com\/it\/wp-json\/wp\/v2\/product"}],"about":[{"href":"https:\/\/environmental.senseca.com\/it\/wp-json\/wp\/v2\/types\/product"}],"wp:featuredmedia":[{"embeddable":true,"href":"https:\/\/environmental.senseca.com\/it\/wp-json\/wp\/v2\/media\/11330"}],"wp:attachment":[{"href":"https:\/\/environmental.senseca.com\/it\/wp-json\/wp\/v2\/media?parent=12732"}],"wp:term":[{"taxonomy":"product_cat","embeddable":true,"href":"https:\/\/environmental.senseca.com\/it\/wp-json\/wp\/v2\/product_cat?post=12732"},{"taxonomy":"product_tag","embeddable":true,"href":"https:\/\/environmental.senseca.com\/it\/wp-json\/wp\/v2\/product_tag?post=12732"}],"curies":[{"name":"wp","href":"https:\/\/api.w.org\/{rel}","templated":true}]}}