{"id":12743,"date":"2020-03-31T08:39:37","date_gmt":"2020-03-31T08:39:37","guid":{"rendered":"https:\/\/www.deltaohm.com\/product\/hd50cr-clear-room-logger-transmitter\/"},"modified":"2025-12-29T17:51:42","modified_gmt":"2025-12-29T17:51:42","slug":"hd50cr-trasmettitore-datalogger-di-bassa-pressione-per-camere-bianche","status":"publish","type":"product","link":"https:\/\/environmental.senseca.com\/it\/prodotto\/hd50cr-trasmettitore-datalogger-di-bassa-pressione-per-camere-bianche\/","title":{"rendered":"HD50CR &#8211; Trasmettitore Datalogger di Bassa Pressione per Camere Bianche"},"content":{"rendered":"<p><strong>HD50CR<\/strong> \u00e8 la soluzione ideale per il monitoraggio della pressione differenziale, della temperatura e dell&#8217;umidit\u00e0 in applicazioni per camere bianche.<\/p>\n<p>Un sensore a<strong> bassa pressione con elevata precisione e stabilit\u00e0<\/strong> e la funzione di auto-zero assicurano elevate prestazioni nel tempo.<\/p>\n<p>Sono disponibili tre uscite analogiche 0&#8230;5\/10 V e 0\/4&#8230;20 mA e un&#8217;uscita digitale RS485 con protocollo <strong>Modbus-RTU &#8220;Slave&#8221;<\/strong> che permette di collegare lo strumento a una rete di sensori. HD50CR pu\u00f2 anche essere collegato a una rete locale tramite l&#8217;interfaccia<strong> Ethernet<\/strong> (opzionalmente Wi-Fi, su richiesta). \u00c8 possibile il funzionamento simultaneo di due protocolli di comunicazione (<strong>proprietario e Modbus TCP\/IP<\/strong>). Lo strumento gestisce fino a 10 &#8220;Client TCP\/IP&#8221; contemporaneamente. Se la rete locale \u00e8 collegata a Internet, i dati possono essere regolarmente inviati a un indirizzo<strong> FTP, al Cloud e via e-mail.<\/strong><\/p>\n<p>Lo strumento \u00e8 eventualmente disponibile anche in versione con solo le 3 uscite analogiche e l\u2019uscita digitale RS485, con risoluzione decimale. <a href=\"https:\/\/environmental.senseca.com\/wp-content\/uploads\/document\/umn_prd_HD50CR-AS_it_manuale.pdf\"><strong>Clicca qui per il manuale dedicato di HD50CR-AS.<\/strong><\/a><\/p>\n<p>La configurazione dello strumento \u00e8 molto semplice: se entrambi sono collegati alla stessa rete, questo pu\u00f2 essere fatto attraverso qualsiasi dispositivo che abbia accesso al <strong>webserver<\/strong> degli strumenti.<\/p>\n<p>Per ogni quantit\u00e0 rilevata, l&#8217;utente pu\u00f2 impostare due soglie di allarme. Il superamento di una soglia \u00e8 segnalato da <strong>allarmi diretti.<\/strong><\/p>\n<p>Per i regolamenti FDA specifici che possono essere applicati nell&#8217;industria farmaceutica, possiamo fornire moduli opzionali al nostro HD35AP-S standard e al software HDServer1 per operare completamente in conformit\u00e0 alle raccomandazioni <strong>FDA 21 CFR parte 11<\/strong>.<\/p>\n<p>L&#8217;HD50CR fornisce la soluzione ideale per l&#8217;applicazione, tenendo traccia di qualsiasi valore fuori range e fornendo la prova perfetta per qualsiasi audit di qualit\u00e0.<\/p>\n<p>L&#8217;<strong>installazione ad incasso in acciaio inossidabile<\/strong> garantisce che lo strumento sia facile da pulire.<\/p>\n","protected":false},"excerpt":{"rendered":"<p>Trasmettitore \/ datalogger di bassa pressione relativa o differenziale predisposto per il montaggio a parete ad incasso.<\/p>\n","protected":false},"featured_media":14572,"template":"","meta":[],"product_cat":[97,808],"product_tag":[998,660,146,997,999,661],"brands":[{"id":62,"name":"Data Acquisition Systems","slug":"data-acquisition-systems"},{"id":824,"name":"Sistemi di acquisizione dati","slug":"sistemi-acquisizione-dati"}],"yoast_head":"<!-- This site is optimized with the Yoast SEO plugin v21.1 - https:\/\/yoast.com\/wordpress\/plugins\/seo\/ -->\n<title>HD50CR - Trasmettitore Datalogger di Bassa Pressione per Camere Bianche - Data Acquisition Systems, Sistemi di acquisizione dati - Senseca Italy Srl<\/title>\n<meta name=\"description\" content=\"Cerchi Data Acquisition Systems, Sistemi di acquisizione dati? Scopri le caratteristiche di HD50CR - Trasmettitore Datalogger di Bassa Pressione per Camere Bianche di Senseca Italy Srl\" \/>\n<meta name=\"robots\" content=\"index, follow, max-snippet:-1, max-image-preview:large, max-video-preview:-1\" \/>\n<link rel=\"canonical\" href=\"https:\/\/environmental.senseca.com\/it\/prodotto\/hd50cr-trasmettitore-datalogger-di-bassa-pressione-per-camere-bianche\/\" \/>\n<meta property=\"og:locale\" content=\"it_IT\" \/>\n<meta property=\"og:type\" content=\"article\" \/>\n<meta property=\"og:title\" content=\"HD50CR - Trasmettitore Datalogger di Bassa Pressione per Camere Bianche - Data Acquisition Systems, Sistemi di acquisizione dati - Senseca Italy Srl\" \/>\n<meta property=\"og:description\" content=\"Cerchi Data Acquisition Systems, Sistemi di acquisizione dati? Scopri le caratteristiche di HD50CR - Trasmettitore Datalogger di Bassa Pressione per Camere Bianche di Senseca Italy Srl\" \/>\n<meta property=\"og:url\" content=\"https:\/\/environmental.senseca.com\/it\/prodotto\/hd50cr-trasmettitore-datalogger-di-bassa-pressione-per-camere-bianche\/\" \/>\n<meta property=\"og:site_name\" content=\"Senseca Italy Srl\" \/>\n<meta property=\"article:modified_time\" content=\"2025-12-29T17:51:42+00:00\" \/>\n<meta property=\"og:image\" content=\"https:\/\/environmental.senseca.com\/wp-content\/uploads\/2020\/03\/HD50CR_cover-1.jpg\" \/>\n\t<meta property=\"og:image:width\" content=\"1000\" \/>\n\t<meta property=\"og:image:height\" content=\"1000\" \/>\n\t<meta property=\"og:image:type\" content=\"image\/jpeg\" \/>\n<meta name=\"twitter:card\" content=\"summary_large_image\" \/>\n<meta name=\"twitter:label1\" content=\"Tempo di lettura stimato\" \/>\n\t<meta name=\"twitter:data1\" content=\"2 minuti\" \/>\n<script type=\"application\/ld+json\" class=\"yoast-schema-graph\">{\"@context\":\"https:\/\/schema.org\",\"@graph\":[{\"@type\":\"WebPage\",\"@id\":\"https:\/\/environmental.senseca.com\/it\/prodotto\/hd50cr-trasmettitore-datalogger-di-bassa-pressione-per-camere-bianche\/\",\"url\":\"https:\/\/environmental.senseca.com\/it\/prodotto\/hd50cr-trasmettitore-datalogger-di-bassa-pressione-per-camere-bianche\/\",\"name\":\"HD50CR - Trasmettitore Datalogger di Bassa Pressione per Camere Bianche - Data Acquisition Systems, Sistemi di acquisizione dati - Senseca Italy Srl\",\"isPartOf\":{\"@id\":\"https:\/\/environmental.senseca.com\/#website\"},\"datePublished\":\"2020-03-31T08:39:37+00:00\",\"dateModified\":\"2025-12-29T17:51:42+00:00\",\"description\":\"Cerchi Data Acquisition Systems, Sistemi di acquisizione dati? Scopri le caratteristiche di HD50CR - Trasmettitore Datalogger di Bassa Pressione per Camere Bianche di Senseca Italy Srl\",\"breadcrumb\":{\"@id\":\"https:\/\/environmental.senseca.com\/it\/prodotto\/hd50cr-trasmettitore-datalogger-di-bassa-pressione-per-camere-bianche\/#breadcrumb\"},\"inLanguage\":\"it-IT\",\"potentialAction\":[{\"@type\":\"ReadAction\",\"target\":[\"https:\/\/environmental.senseca.com\/it\/prodotto\/hd50cr-trasmettitore-datalogger-di-bassa-pressione-per-camere-bianche\/\"]}]},{\"@type\":\"BreadcrumbList\",\"@id\":\"https:\/\/environmental.senseca.com\/it\/prodotto\/hd50cr-trasmettitore-datalogger-di-bassa-pressione-per-camere-bianche\/#breadcrumb\",\"itemListElement\":[{\"@type\":\"ListItem\",\"position\":1,\"name\":\"Home\",\"item\":\"https:\/\/environmental.senseca.com\/it\/\"},{\"@type\":\"ListItem\",\"position\":2,\"name\":\"Prodotti\",\"item\":\"https:\/\/environmental.senseca.com\/products\/\"},{\"@type\":\"ListItem\",\"position\":3,\"name\":\"HD50CR &#8211; Trasmettitore Datalogger di Bassa Pressione per Camere Bianche\"}]},{\"@type\":\"WebSite\",\"@id\":\"https:\/\/environmental.senseca.com\/#website\",\"url\":\"https:\/\/environmental.senseca.com\/\",\"name\":\"Senseca Italy Srl\",\"description\":\"Member of GHM GROUP\",\"publisher\":{\"@id\":\"https:\/\/environmental.senseca.com\/#organization\"},\"alternateName\":\"Senseca\",\"potentialAction\":[{\"@type\":\"SearchAction\",\"target\":{\"@type\":\"EntryPoint\",\"urlTemplate\":\"https:\/\/environmental.senseca.com\/?s={search_term_string}\"},\"query-input\":\"required name=search_term_string\"}],\"inLanguage\":\"it-IT\"},{\"@type\":\"Organization\",\"@id\":\"https:\/\/environmental.senseca.com\/#organization\",\"name\":\"Senseca Italy Srl\",\"url\":\"https:\/\/environmental.senseca.com\/\",\"logo\":{\"@type\":\"ImageObject\",\"inLanguage\":\"it-IT\",\"@id\":\"https:\/\/environmental.senseca.com\/#\/schema\/logo\/image\/\",\"url\":\"https:\/\/environmental.senseca.com\/wp-content\/uploads\/2018\/07\/logo_prodotti.jpg\",\"contentUrl\":\"https:\/\/environmental.senseca.com\/wp-content\/uploads\/2018\/07\/logo_prodotti.jpg\",\"width\":1000,\"height\":1000,\"caption\":\"Senseca Italy Srl\"},\"image\":{\"@id\":\"https:\/\/environmental.senseca.com\/#\/schema\/logo\/image\/\"},\"sameAs\":[\"https:\/\/www.linkedin.com\/company\/senseca-measurement-solutions\/\",\"https:\/\/www.youtube.com\/@senseca-measurement-solutions\"]}]}<\/script>\n<!-- \/ Yoast SEO plugin. -->","yoast_head_json":{"title":"HD50CR - Trasmettitore Datalogger di Bassa Pressione per Camere Bianche - Data Acquisition Systems, Sistemi di acquisizione dati - Senseca Italy Srl","description":"Cerchi Data Acquisition Systems, Sistemi di acquisizione dati? Scopri le caratteristiche di HD50CR - Trasmettitore Datalogger di Bassa Pressione per Camere Bianche di Senseca Italy Srl","robots":{"index":"index","follow":"follow","max-snippet":"max-snippet:-1","max-image-preview":"max-image-preview:large","max-video-preview":"max-video-preview:-1"},"canonical":"https:\/\/environmental.senseca.com\/it\/prodotto\/hd50cr-trasmettitore-datalogger-di-bassa-pressione-per-camere-bianche\/","og_locale":"it_IT","og_type":"article","og_title":"HD50CR - Trasmettitore Datalogger di Bassa Pressione per Camere Bianche - Data Acquisition Systems, Sistemi di acquisizione dati - Senseca Italy Srl","og_description":"Cerchi Data Acquisition Systems, Sistemi di acquisizione dati? Scopri le caratteristiche di HD50CR - Trasmettitore Datalogger di Bassa Pressione per Camere Bianche di Senseca Italy Srl","og_url":"https:\/\/environmental.senseca.com\/it\/prodotto\/hd50cr-trasmettitore-datalogger-di-bassa-pressione-per-camere-bianche\/","og_site_name":"Senseca Italy Srl","article_modified_time":"2025-12-29T17:51:42+00:00","og_image":[{"width":1000,"height":1000,"url":"https:\/\/environmental.senseca.com\/wp-content\/uploads\/2020\/03\/HD50CR_cover-1.jpg","type":"image\/jpeg"}],"twitter_card":"summary_large_image","twitter_misc":{"Tempo di lettura stimato":"2 minuti"},"schema":{"@context":"https:\/\/schema.org","@graph":[{"@type":"WebPage","@id":"https:\/\/environmental.senseca.com\/it\/prodotto\/hd50cr-trasmettitore-datalogger-di-bassa-pressione-per-camere-bianche\/","url":"https:\/\/environmental.senseca.com\/it\/prodotto\/hd50cr-trasmettitore-datalogger-di-bassa-pressione-per-camere-bianche\/","name":"HD50CR - Trasmettitore Datalogger di Bassa Pressione per Camere Bianche - Data Acquisition Systems, Sistemi di acquisizione dati - Senseca Italy Srl","isPartOf":{"@id":"https:\/\/environmental.senseca.com\/#website"},"datePublished":"2020-03-31T08:39:37+00:00","dateModified":"2025-12-29T17:51:42+00:00","description":"Cerchi Data Acquisition Systems, Sistemi di acquisizione dati? Scopri le caratteristiche di HD50CR - Trasmettitore Datalogger di Bassa Pressione per Camere Bianche di Senseca Italy Srl","breadcrumb":{"@id":"https:\/\/environmental.senseca.com\/it\/prodotto\/hd50cr-trasmettitore-datalogger-di-bassa-pressione-per-camere-bianche\/#breadcrumb"},"inLanguage":"it-IT","potentialAction":[{"@type":"ReadAction","target":["https:\/\/environmental.senseca.com\/it\/prodotto\/hd50cr-trasmettitore-datalogger-di-bassa-pressione-per-camere-bianche\/"]}]},{"@type":"BreadcrumbList","@id":"https:\/\/environmental.senseca.com\/it\/prodotto\/hd50cr-trasmettitore-datalogger-di-bassa-pressione-per-camere-bianche\/#breadcrumb","itemListElement":[{"@type":"ListItem","position":1,"name":"Home","item":"https:\/\/environmental.senseca.com\/it\/"},{"@type":"ListItem","position":2,"name":"Prodotti","item":"https:\/\/environmental.senseca.com\/products\/"},{"@type":"ListItem","position":3,"name":"HD50CR &#8211; Trasmettitore Datalogger di Bassa Pressione per Camere Bianche"}]},{"@type":"WebSite","@id":"https:\/\/environmental.senseca.com\/#website","url":"https:\/\/environmental.senseca.com\/","name":"Senseca Italy Srl","description":"Member of GHM GROUP","publisher":{"@id":"https:\/\/environmental.senseca.com\/#organization"},"alternateName":"Senseca","potentialAction":[{"@type":"SearchAction","target":{"@type":"EntryPoint","urlTemplate":"https:\/\/environmental.senseca.com\/?s={search_term_string}"},"query-input":"required name=search_term_string"}],"inLanguage":"it-IT"},{"@type":"Organization","@id":"https:\/\/environmental.senseca.com\/#organization","name":"Senseca Italy Srl","url":"https:\/\/environmental.senseca.com\/","logo":{"@type":"ImageObject","inLanguage":"it-IT","@id":"https:\/\/environmental.senseca.com\/#\/schema\/logo\/image\/","url":"https:\/\/environmental.senseca.com\/wp-content\/uploads\/2018\/07\/logo_prodotti.jpg","contentUrl":"https:\/\/environmental.senseca.com\/wp-content\/uploads\/2018\/07\/logo_prodotti.jpg","width":1000,"height":1000,"caption":"Senseca Italy Srl"},"image":{"@id":"https:\/\/environmental.senseca.com\/#\/schema\/logo\/image\/"},"sameAs":["https:\/\/www.linkedin.com\/company\/senseca-measurement-solutions\/","https:\/\/www.youtube.com\/@senseca-measurement-solutions"]}]}},"_links":{"self":[{"href":"https:\/\/environmental.senseca.com\/it\/wp-json\/wp\/v2\/product\/12743"}],"collection":[{"href":"https:\/\/environmental.senseca.com\/it\/wp-json\/wp\/v2\/product"}],"about":[{"href":"https:\/\/environmental.senseca.com\/it\/wp-json\/wp\/v2\/types\/product"}],"wp:featuredmedia":[{"embeddable":true,"href":"https:\/\/environmental.senseca.com\/it\/wp-json\/wp\/v2\/media\/14572"}],"wp:attachment":[{"href":"https:\/\/environmental.senseca.com\/it\/wp-json\/wp\/v2\/media?parent=12743"}],"wp:term":[{"taxonomy":"product_cat","embeddable":true,"href":"https:\/\/environmental.senseca.com\/it\/wp-json\/wp\/v2\/product_cat?post=12743"},{"taxonomy":"product_tag","embeddable":true,"href":"https:\/\/environmental.senseca.com\/it\/wp-json\/wp\/v2\/product_tag?post=12743"}],"curies":[{"name":"wp","href":"https:\/\/api.w.org\/{rel}","templated":true}]}}