{"id":12745,"date":"2020-03-27T15:19:24","date_gmt":"2020-03-27T15:19:24","guid":{"rendered":"https:\/\/www.deltaohm.com\/product\/hvac40-hvac-transmitters-and-hygrostats\/"},"modified":"2026-03-03T16:09:33","modified_gmt":"2026-03-03T16:09:33","slug":"hvac40-hvac-trasmettitori-e-igrostati","status":"publish","type":"product","link":"https:\/\/environmental.senseca.com\/it\/prodotto\/hvac40-hvac-trasmettitori-e-igrostati\/","title":{"rendered":"HVAC40 &#8211; HVAC Trasmettitori e Igrostati"},"content":{"rendered":"<p>Pi\u00f9 di 40 anni di esperienza combinati con un nuovo design di precisione, stabilit\u00e0, semplicit\u00e0 e connettivit\u00e0: questa \u00e8 la serie <strong>HVAC40.<\/strong> Questi <strong>trasmettitori e igrostati<\/strong> misurano la temperatura, l&#8217;umidit\u00e0 relativa e il punto di rugiada utilizzando un <strong>sensore digitale intercambiabile<\/strong> di umidit\u00e0 relativa e temperatura.<\/p>\n<p>La sonda \u00e8 disponibile in tre diverse versioni:<\/p>\n<ul>\n<li>sonda fissa verticale per il montaggio a parete<\/li>\n<li>sonda fissa con 2 m di cavo<\/li>\n<li>sonda fissa orizzontale da condotta<\/li>\n<\/ul>\n<p>Uscite disponibili, a seconda del modello:<\/p>\n<ul>\n<li>uscita digitale RS485 Modbus-RTU<\/li>\n<li>0&#8230;10 V uscita analogica in tensione<\/li>\n<li>0&#8230;20 mA \/ 4&#8230;20 mA uscita analogica in corrente attiva<\/li>\n<li>2 fili (loop di corrente) uscita analogica 4&#8230;20 mA<\/li>\n<li>Interruttore a rel\u00e8 ON\/OFF<\/li>\n<\/ul>\n<p><strong>Versioni a rel\u00e8<\/strong> con soglie di allarme, isteresi e ritardo impostabili e fornite di serie con display LCD.<\/p>\n<p>LCD opzionale per tutte le altre versioni.<\/p>\n<p>Gli strumenti sono calibrati in fabbrica e pronti all&#8217;uso.<\/p>\n<p hidden=\"\">HVAC4017TC.2, HVAC4017TC.2L, HVAC4017TO, HVAC4017T0, HVAC4017TOL, HVAC4017T0L, HVAC4017TV, HVAC4017TVL, HVAC40A17TC.2, HVAC40A17TC.2L, HVAC40A17TO, HVAC40A17T0, HVAC40A17TOL, HVAC40A17T0L, HVAC40A17TV, HVAC40A17TVL, HVAC40S17TC.2, HVAC40S17TC.2L, HVAC40S17TO, HVAC40S17T0, HVAC40S17TOL, HVAC40S17T0L, HVAC40S17TV, HVAC40S17TVL, HVAC40V17TC.2, HVAC40V17TC.2L, HVAC40V17TO, HVAC40V17T0, HVAC40V17TOL, HVAC40V17T0L, HVAC40V17TV, HVAC40V17TVL, HVAC40R17TC.2L, HVAC40R17TOL,HVAC40R17T0L, HVAC40R17TVL<\/p>\n","protected":false},"excerpt":{"rendered":"<p>Serie di trasmettitori e igrostati per la misurazione di temperatura, umidit\u00e0 relativa e punto di rugiada in applicazioni HVAC.<\/p>\n","protected":false},"featured_media":16651,"template":"","meta":[],"product_cat":[1303],"product_tag":[1001,1002,1000,1004,1003],"brands":[{"id":810,"name":"Temperatura","slug":"temperatura"},{"id":764,"name":"Umidit\u00e0","slug":"umidita"}],"yoast_head":"<!-- This site is optimized with the Yoast SEO plugin v21.1 - https:\/\/yoast.com\/wordpress\/plugins\/seo\/ -->\n<title>HVAC40 - HVAC Trasmettitori e Igrostati - Temperatura, Umidit\u00e0 - Senseca Italy Srl<\/title>\n<meta name=\"description\" content=\"Cerchi Temperatura, Umidit\u00e0? Scopri le caratteristiche di HVAC40 - HVAC Trasmettitori e Igrostati di Senseca Italy Srl\" \/>\n<meta name=\"robots\" content=\"index, follow, max-snippet:-1, max-image-preview:large, max-video-preview:-1\" \/>\n<link rel=\"canonical\" href=\"https:\/\/environmental.senseca.com\/it\/prodotto\/hvac40-hvac-trasmettitori-e-igrostati\/\" \/>\n<meta property=\"og:locale\" content=\"it_IT\" \/>\n<meta property=\"og:type\" content=\"article\" \/>\n<meta property=\"og:title\" content=\"HVAC40 - HVAC Trasmettitori e Igrostati - Temperatura, Umidit\u00e0 - Senseca Italy Srl\" \/>\n<meta property=\"og:description\" content=\"Cerchi Temperatura, Umidit\u00e0? Scopri le caratteristiche di HVAC40 - HVAC Trasmettitori e Igrostati di Senseca Italy Srl\" \/>\n<meta property=\"og:url\" content=\"https:\/\/environmental.senseca.com\/it\/prodotto\/hvac40-hvac-trasmettitori-e-igrostati\/\" \/>\n<meta property=\"og:site_name\" content=\"Senseca Italy Srl\" \/>\n<meta property=\"article:modified_time\" content=\"2026-03-03T16:09:33+00:00\" \/>\n<meta property=\"og:image\" content=\"https:\/\/environmental.senseca.com\/wp-content\/uploads\/2020\/03\/img_fam_HVAC40x17TO_right_web.png\" \/>\n\t<meta property=\"og:image:width\" content=\"1000\" \/>\n\t<meta property=\"og:image:height\" content=\"1000\" \/>\n\t<meta property=\"og:image:type\" content=\"image\/png\" \/>\n<meta name=\"twitter:card\" content=\"summary_large_image\" \/>\n<meta name=\"twitter:label1\" content=\"Tempo di lettura stimato\" \/>\n\t<meta name=\"twitter:data1\" content=\"1 minuto\" \/>\n<script type=\"application\/ld+json\" class=\"yoast-schema-graph\">{\"@context\":\"https:\/\/schema.org\",\"@graph\":[{\"@type\":\"WebPage\",\"@id\":\"https:\/\/environmental.senseca.com\/it\/prodotto\/hvac40-hvac-trasmettitori-e-igrostati\/\",\"url\":\"https:\/\/environmental.senseca.com\/it\/prodotto\/hvac40-hvac-trasmettitori-e-igrostati\/\",\"name\":\"HVAC40 - HVAC Trasmettitori e Igrostati - Temperatura, Umidit\u00e0 - Senseca Italy Srl\",\"isPartOf\":{\"@id\":\"https:\/\/environmental.senseca.com\/#website\"},\"datePublished\":\"2020-03-27T15:19:24+00:00\",\"dateModified\":\"2026-03-03T16:09:33+00:00\",\"description\":\"Cerchi Temperatura, Umidit\u00e0? Scopri le caratteristiche di HVAC40 - HVAC Trasmettitori e Igrostati di Senseca Italy Srl\",\"breadcrumb\":{\"@id\":\"https:\/\/environmental.senseca.com\/it\/prodotto\/hvac40-hvac-trasmettitori-e-igrostati\/#breadcrumb\"},\"inLanguage\":\"it-IT\",\"potentialAction\":[{\"@type\":\"ReadAction\",\"target\":[\"https:\/\/environmental.senseca.com\/it\/prodotto\/hvac40-hvac-trasmettitori-e-igrostati\/\"]}]},{\"@type\":\"BreadcrumbList\",\"@id\":\"https:\/\/environmental.senseca.com\/it\/prodotto\/hvac40-hvac-trasmettitori-e-igrostati\/#breadcrumb\",\"itemListElement\":[{\"@type\":\"ListItem\",\"position\":1,\"name\":\"Home\",\"item\":\"https:\/\/environmental.senseca.com\/it\/\"},{\"@type\":\"ListItem\",\"position\":2,\"name\":\"Prodotti\",\"item\":\"https:\/\/environmental.senseca.com\/products\/\"},{\"@type\":\"ListItem\",\"position\":3,\"name\":\"HVAC40 &#8211; HVAC Trasmettitori e Igrostati\"}]},{\"@type\":\"WebSite\",\"@id\":\"https:\/\/environmental.senseca.com\/#website\",\"url\":\"https:\/\/environmental.senseca.com\/\",\"name\":\"Senseca Italy Srl\",\"description\":\"Member of GHM GROUP\",\"publisher\":{\"@id\":\"https:\/\/environmental.senseca.com\/#organization\"},\"alternateName\":\"Senseca\",\"potentialAction\":[{\"@type\":\"SearchAction\",\"target\":{\"@type\":\"EntryPoint\",\"urlTemplate\":\"https:\/\/environmental.senseca.com\/?s={search_term_string}\"},\"query-input\":\"required name=search_term_string\"}],\"inLanguage\":\"it-IT\"},{\"@type\":\"Organization\",\"@id\":\"https:\/\/environmental.senseca.com\/#organization\",\"name\":\"Senseca Italy Srl\",\"url\":\"https:\/\/environmental.senseca.com\/\",\"logo\":{\"@type\":\"ImageObject\",\"inLanguage\":\"it-IT\",\"@id\":\"https:\/\/environmental.senseca.com\/#\/schema\/logo\/image\/\",\"url\":\"https:\/\/environmental.senseca.com\/wp-content\/uploads\/2018\/07\/logo_prodotti.jpg\",\"contentUrl\":\"https:\/\/environmental.senseca.com\/wp-content\/uploads\/2018\/07\/logo_prodotti.jpg\",\"width\":1000,\"height\":1000,\"caption\":\"Senseca Italy Srl\"},\"image\":{\"@id\":\"https:\/\/environmental.senseca.com\/#\/schema\/logo\/image\/\"},\"sameAs\":[\"https:\/\/www.linkedin.com\/company\/senseca-measurement-solutions\/\",\"https:\/\/www.youtube.com\/@senseca-measurement-solutions\"]}]}<\/script>\n<!-- \/ Yoast SEO plugin. -->","yoast_head_json":{"title":"HVAC40 - HVAC Trasmettitori e Igrostati - Temperatura, Umidit\u00e0 - Senseca Italy Srl","description":"Cerchi Temperatura, Umidit\u00e0? Scopri le caratteristiche di HVAC40 - HVAC Trasmettitori e Igrostati di Senseca Italy Srl","robots":{"index":"index","follow":"follow","max-snippet":"max-snippet:-1","max-image-preview":"max-image-preview:large","max-video-preview":"max-video-preview:-1"},"canonical":"https:\/\/environmental.senseca.com\/it\/prodotto\/hvac40-hvac-trasmettitori-e-igrostati\/","og_locale":"it_IT","og_type":"article","og_title":"HVAC40 - HVAC Trasmettitori e Igrostati - Temperatura, Umidit\u00e0 - Senseca Italy Srl","og_description":"Cerchi Temperatura, Umidit\u00e0? Scopri le caratteristiche di HVAC40 - HVAC Trasmettitori e Igrostati di Senseca Italy Srl","og_url":"https:\/\/environmental.senseca.com\/it\/prodotto\/hvac40-hvac-trasmettitori-e-igrostati\/","og_site_name":"Senseca Italy Srl","article_modified_time":"2026-03-03T16:09:33+00:00","og_image":[{"width":1000,"height":1000,"url":"https:\/\/environmental.senseca.com\/wp-content\/uploads\/2020\/03\/img_fam_HVAC40x17TO_right_web.png","type":"image\/png"}],"twitter_card":"summary_large_image","twitter_misc":{"Tempo di lettura stimato":"1 minuto"},"schema":{"@context":"https:\/\/schema.org","@graph":[{"@type":"WebPage","@id":"https:\/\/environmental.senseca.com\/it\/prodotto\/hvac40-hvac-trasmettitori-e-igrostati\/","url":"https:\/\/environmental.senseca.com\/it\/prodotto\/hvac40-hvac-trasmettitori-e-igrostati\/","name":"HVAC40 - HVAC Trasmettitori e Igrostati - Temperatura, Umidit\u00e0 - Senseca Italy Srl","isPartOf":{"@id":"https:\/\/environmental.senseca.com\/#website"},"datePublished":"2020-03-27T15:19:24+00:00","dateModified":"2026-03-03T16:09:33+00:00","description":"Cerchi Temperatura, Umidit\u00e0? Scopri le caratteristiche di HVAC40 - HVAC Trasmettitori e Igrostati di Senseca Italy Srl","breadcrumb":{"@id":"https:\/\/environmental.senseca.com\/it\/prodotto\/hvac40-hvac-trasmettitori-e-igrostati\/#breadcrumb"},"inLanguage":"it-IT","potentialAction":[{"@type":"ReadAction","target":["https:\/\/environmental.senseca.com\/it\/prodotto\/hvac40-hvac-trasmettitori-e-igrostati\/"]}]},{"@type":"BreadcrumbList","@id":"https:\/\/environmental.senseca.com\/it\/prodotto\/hvac40-hvac-trasmettitori-e-igrostati\/#breadcrumb","itemListElement":[{"@type":"ListItem","position":1,"name":"Home","item":"https:\/\/environmental.senseca.com\/it\/"},{"@type":"ListItem","position":2,"name":"Prodotti","item":"https:\/\/environmental.senseca.com\/products\/"},{"@type":"ListItem","position":3,"name":"HVAC40 &#8211; HVAC Trasmettitori e Igrostati"}]},{"@type":"WebSite","@id":"https:\/\/environmental.senseca.com\/#website","url":"https:\/\/environmental.senseca.com\/","name":"Senseca Italy Srl","description":"Member of GHM GROUP","publisher":{"@id":"https:\/\/environmental.senseca.com\/#organization"},"alternateName":"Senseca","potentialAction":[{"@type":"SearchAction","target":{"@type":"EntryPoint","urlTemplate":"https:\/\/environmental.senseca.com\/?s={search_term_string}"},"query-input":"required name=search_term_string"}],"inLanguage":"it-IT"},{"@type":"Organization","@id":"https:\/\/environmental.senseca.com\/#organization","name":"Senseca Italy Srl","url":"https:\/\/environmental.senseca.com\/","logo":{"@type":"ImageObject","inLanguage":"it-IT","@id":"https:\/\/environmental.senseca.com\/#\/schema\/logo\/image\/","url":"https:\/\/environmental.senseca.com\/wp-content\/uploads\/2018\/07\/logo_prodotti.jpg","contentUrl":"https:\/\/environmental.senseca.com\/wp-content\/uploads\/2018\/07\/logo_prodotti.jpg","width":1000,"height":1000,"caption":"Senseca Italy Srl"},"image":{"@id":"https:\/\/environmental.senseca.com\/#\/schema\/logo\/image\/"},"sameAs":["https:\/\/www.linkedin.com\/company\/senseca-measurement-solutions\/","https:\/\/www.youtube.com\/@senseca-measurement-solutions"]}]}},"_links":{"self":[{"href":"https:\/\/environmental.senseca.com\/it\/wp-json\/wp\/v2\/product\/12745"}],"collection":[{"href":"https:\/\/environmental.senseca.com\/it\/wp-json\/wp\/v2\/product"}],"about":[{"href":"https:\/\/environmental.senseca.com\/it\/wp-json\/wp\/v2\/types\/product"}],"wp:featuredmedia":[{"embeddable":true,"href":"https:\/\/environmental.senseca.com\/it\/wp-json\/wp\/v2\/media\/16651"}],"wp:attachment":[{"href":"https:\/\/environmental.senseca.com\/it\/wp-json\/wp\/v2\/media?parent=12745"}],"wp:term":[{"taxonomy":"product_cat","embeddable":true,"href":"https:\/\/environmental.senseca.com\/it\/wp-json\/wp\/v2\/product_cat?post=12745"},{"taxonomy":"product_tag","embeddable":true,"href":"https:\/\/environmental.senseca.com\/it\/wp-json\/wp\/v2\/product_tag?post=12745"}],"curies":[{"name":"wp","href":"https:\/\/api.w.org\/{rel}","templated":true}]}}