{"id":12820,"date":"2019-03-26T14:57:32","date_gmt":"2019-03-26T14:57:32","guid":{"rendered":"https:\/\/www.deltaohm.com\/product\/hd53ls-series-high-sensitivity-anemometer-for-very-low-wind-speeds\/"},"modified":"2026-03-18T16:23:13","modified_gmt":"2026-03-18T16:23:13","slug":"hd53ls-anemometri-a-ultrasuoni-alta-sensibilita-per-basse-velocita","status":"publish","type":"product","link":"https:\/\/environmental.senseca.com\/it\/prodotto\/hd53ls-anemometri-a-ultrasuoni-alta-sensibilita-per-basse-velocita\/","title":{"rendered":"HD53LS&#8230; &#8211; Anemometri a Ultrasuoni Alta Sensibilit\u00e0 per Basse Velocit\u00e0"},"content":{"rendered":"<p><strong>HD53LS<\/strong> \u00e8 un <strong>anemometro ad ultrasuoni<\/strong> statico a 2 assi per la misura di:<\/p>\n<ul>\n<li>Velocit\u00e0 e direzione del vento, componenti cartesiane U-V della velocit\u00e0 del vento.<\/li>\n<li>Wind Gust (solo nella versione con uscita RS485 MODBUS-RTU).<\/li>\n<\/ul>\n<p>Viene calcolata la media di velocit\u00e0 e direzione del vento in un periodo configurabile fino a 10 minuti.<\/p>\n<p>Sono disponibili due versioni:<\/p>\n<ul>\n<li><strong>HD53LS.A<\/strong>: con due uscite analogiche (una per la velocit\u00e0 e una per la direzione del vento), configurabili di fabbrica a scelta tra 4\u202620 mA (standard), 0\u20261 V, 0\u20265 V, 0\u202610 V (da specificare al momento dell&#8217;ordine).<\/li>\n<li><strong>HD53LS.S:<\/strong> con uscita RS485 MODBUS-RTU.<\/li>\n<\/ul>\n<p>Dotato di bussola magnetica.<\/p>\n<p>Vantaggi della serie <strong>HD53LS<\/strong>:<\/p>\n<ul>\n<li>L&#8217;assenza di parti in movimento riduce al minimo la manutenzione dello strumento.<\/li>\n<li>Alta sensibilit\u00e0 per il rilevamento di velocit\u00e0 molto basse, non rilevabili con metodi tradizionali.<\/li>\n<li>Installazione facile e veloce (su palo \u2205 40 mm, disponibile treppiede opzionale).<\/li>\n<li>Il basso consumo dello strumento permette l&#8217;installazione in siti remoti, con alimentazione da pannello fotovoltaico e batteria tampone.<\/li>\n<li>La versione con uscita RS485 MODBUS-RTU permette di inserire lo strumento in rete.<\/li>\n<\/ul>\n<p>&nbsp;<\/p>\n","protected":false},"excerpt":{"rendered":"<p>Anemometro statico a 2 assi ad ultrasuoni &#8211; alta sensibilit\u00e0 per rilevare velocit\u00e0 molto basse. Misura della direzione del vento, della velocit\u00e0 del vento e delle raffiche di vento.<\/p>\n<p>&nbsp;<\/p>\n","protected":false},"featured_media":16047,"template":"","meta":[],"product_cat":[96,806],"product_tag":[473,1048,130,1042,1047,460,451,1044,1046,456,452,1045,450,1043],"brands":[{"id":68,"name":"Air and Wind Speed","slug":"air-and-wind-speed"},{"id":970,"name":"Stazioni Meteo","slug":"stazioni-meteo-it"},{"id":811,"name":"Velocit\u00e0 dell'Aria","slug":"velocita-dellaria"},{"id":75,"name":"Weather Station","slug":"weather-station"}],"yoast_head":"<!-- This site is optimized with the Yoast SEO plugin v21.1 - https:\/\/yoast.com\/wordpress\/plugins\/seo\/ -->\n<title>Anemometri a Ultrasuoni ad Alta Sensibilit\u00e0 HD53LS - Senseca Italy Srl<\/title>\n<meta name=\"description\" content=\"Cerchi Anemometri a Ultrasuoni ad Alta Sensibilit\u00e0? Scopri HD53LS, Anemometro a Ultrasuoni per Basse Velocit\u00e0 di Senseca Italy Srl\" \/>\n<meta name=\"robots\" content=\"index, follow, max-snippet:-1, max-image-preview:large, max-video-preview:-1\" \/>\n<link rel=\"canonical\" href=\"https:\/\/environmental.senseca.com\/it\/prodotto\/hd53ls-anemometri-a-ultrasuoni-alta-sensibilita-per-basse-velocita\/\" \/>\n<meta property=\"og:locale\" content=\"it_IT\" \/>\n<meta property=\"og:type\" content=\"article\" \/>\n<meta property=\"og:title\" content=\"Anemometri a Ultrasuoni ad Alta Sensibilit\u00e0 HD53LS - Senseca Italy Srl\" \/>\n<meta property=\"og:description\" content=\"Cerchi Anemometri a Ultrasuoni ad Alta Sensibilit\u00e0? Scopri HD53LS, Anemometro a Ultrasuoni per Basse Velocit\u00e0 di Senseca Italy Srl\" \/>\n<meta property=\"og:url\" content=\"https:\/\/environmental.senseca.com\/it\/prodotto\/hd53ls-anemometri-a-ultrasuoni-alta-sensibilita-per-basse-velocita\/\" \/>\n<meta property=\"og:site_name\" content=\"Senseca Italy Srl\" \/>\n<meta property=\"article:modified_time\" content=\"2026-03-18T16:23:13+00:00\" \/>\n<meta property=\"og:image\" content=\"https:\/\/environmental.senseca.com\/wp-content\/uploads\/2018\/10\/img_fam_HD51.3D_front_web.jpg\" \/>\n\t<meta property=\"og:image:width\" content=\"1000\" \/>\n\t<meta property=\"og:image:height\" content=\"1000\" \/>\n\t<meta property=\"og:image:type\" content=\"image\/jpeg\" \/>\n<meta name=\"twitter:card\" content=\"summary_large_image\" \/>\n<meta name=\"twitter:label1\" content=\"Tempo di lettura stimato\" \/>\n\t<meta name=\"twitter:data1\" content=\"1 minuto\" \/>\n<script type=\"application\/ld+json\" class=\"yoast-schema-graph\">{\"@context\":\"https:\/\/schema.org\",\"@graph\":[{\"@type\":\"WebPage\",\"@id\":\"https:\/\/environmental.senseca.com\/it\/prodotto\/hd53ls-anemometri-a-ultrasuoni-alta-sensibilita-per-basse-velocita\/\",\"url\":\"https:\/\/environmental.senseca.com\/it\/prodotto\/hd53ls-anemometri-a-ultrasuoni-alta-sensibilita-per-basse-velocita\/\",\"name\":\"Anemometri a Ultrasuoni ad Alta Sensibilit\u00e0 HD53LS - Senseca Italy Srl\",\"isPartOf\":{\"@id\":\"https:\/\/environmental.senseca.com\/#website\"},\"datePublished\":\"2019-03-26T14:57:32+00:00\",\"dateModified\":\"2026-03-18T16:23:13+00:00\",\"description\":\"Cerchi Anemometri a Ultrasuoni ad Alta Sensibilit\u00e0? Scopri HD53LS, Anemometro a Ultrasuoni per Basse Velocit\u00e0 di Senseca Italy Srl\",\"breadcrumb\":{\"@id\":\"https:\/\/environmental.senseca.com\/it\/prodotto\/hd53ls-anemometri-a-ultrasuoni-alta-sensibilita-per-basse-velocita\/#breadcrumb\"},\"inLanguage\":\"it-IT\",\"potentialAction\":[{\"@type\":\"ReadAction\",\"target\":[\"https:\/\/environmental.senseca.com\/it\/prodotto\/hd53ls-anemometri-a-ultrasuoni-alta-sensibilita-per-basse-velocita\/\"]}]},{\"@type\":\"BreadcrumbList\",\"@id\":\"https:\/\/environmental.senseca.com\/it\/prodotto\/hd53ls-anemometri-a-ultrasuoni-alta-sensibilita-per-basse-velocita\/#breadcrumb\",\"itemListElement\":[{\"@type\":\"ListItem\",\"position\":1,\"name\":\"Home\",\"item\":\"https:\/\/environmental.senseca.com\/it\/\"},{\"@type\":\"ListItem\",\"position\":2,\"name\":\"Prodotti\",\"item\":\"https:\/\/environmental.senseca.com\/products\/\"},{\"@type\":\"ListItem\",\"position\":3,\"name\":\"HD53LS&#8230; &#8211; Anemometri a Ultrasuoni Alta Sensibilit\u00e0 per Basse Velocit\u00e0\"}]},{\"@type\":\"WebSite\",\"@id\":\"https:\/\/environmental.senseca.com\/#website\",\"url\":\"https:\/\/environmental.senseca.com\/\",\"name\":\"Senseca Italy Srl\",\"description\":\"Member of GHM GROUP\",\"publisher\":{\"@id\":\"https:\/\/environmental.senseca.com\/#organization\"},\"alternateName\":\"Senseca\",\"potentialAction\":[{\"@type\":\"SearchAction\",\"target\":{\"@type\":\"EntryPoint\",\"urlTemplate\":\"https:\/\/environmental.senseca.com\/?s={search_term_string}\"},\"query-input\":\"required name=search_term_string\"}],\"inLanguage\":\"it-IT\"},{\"@type\":\"Organization\",\"@id\":\"https:\/\/environmental.senseca.com\/#organization\",\"name\":\"Senseca Italy Srl\",\"url\":\"https:\/\/environmental.senseca.com\/\",\"logo\":{\"@type\":\"ImageObject\",\"inLanguage\":\"it-IT\",\"@id\":\"https:\/\/environmental.senseca.com\/#\/schema\/logo\/image\/\",\"url\":\"https:\/\/environmental.senseca.com\/wp-content\/uploads\/2018\/07\/logo_prodotti.jpg\",\"contentUrl\":\"https:\/\/environmental.senseca.com\/wp-content\/uploads\/2018\/07\/logo_prodotti.jpg\",\"width\":1000,\"height\":1000,\"caption\":\"Senseca Italy Srl\"},\"image\":{\"@id\":\"https:\/\/environmental.senseca.com\/#\/schema\/logo\/image\/\"},\"sameAs\":[\"https:\/\/www.linkedin.com\/company\/senseca-measurement-solutions\/\",\"https:\/\/www.youtube.com\/@senseca-measurement-solutions\"]}]}<\/script>\n<!-- \/ Yoast SEO plugin. -->","yoast_head_json":{"title":"Anemometri a Ultrasuoni ad Alta Sensibilit\u00e0 HD53LS - Senseca Italy Srl","description":"Cerchi Anemometri a Ultrasuoni ad Alta Sensibilit\u00e0? Scopri HD53LS, Anemometro a Ultrasuoni per Basse Velocit\u00e0 di Senseca Italy Srl","robots":{"index":"index","follow":"follow","max-snippet":"max-snippet:-1","max-image-preview":"max-image-preview:large","max-video-preview":"max-video-preview:-1"},"canonical":"https:\/\/environmental.senseca.com\/it\/prodotto\/hd53ls-anemometri-a-ultrasuoni-alta-sensibilita-per-basse-velocita\/","og_locale":"it_IT","og_type":"article","og_title":"Anemometri a Ultrasuoni ad Alta Sensibilit\u00e0 HD53LS - Senseca Italy Srl","og_description":"Cerchi Anemometri a Ultrasuoni ad Alta Sensibilit\u00e0? Scopri HD53LS, Anemometro a Ultrasuoni per Basse Velocit\u00e0 di Senseca Italy Srl","og_url":"https:\/\/environmental.senseca.com\/it\/prodotto\/hd53ls-anemometri-a-ultrasuoni-alta-sensibilita-per-basse-velocita\/","og_site_name":"Senseca Italy Srl","article_modified_time":"2026-03-18T16:23:13+00:00","og_image":[{"width":1000,"height":1000,"url":"https:\/\/environmental.senseca.com\/wp-content\/uploads\/2018\/10\/img_fam_HD51.3D_front_web.jpg","type":"image\/jpeg"}],"twitter_card":"summary_large_image","twitter_misc":{"Tempo di lettura stimato":"1 minuto"},"schema":{"@context":"https:\/\/schema.org","@graph":[{"@type":"WebPage","@id":"https:\/\/environmental.senseca.com\/it\/prodotto\/hd53ls-anemometri-a-ultrasuoni-alta-sensibilita-per-basse-velocita\/","url":"https:\/\/environmental.senseca.com\/it\/prodotto\/hd53ls-anemometri-a-ultrasuoni-alta-sensibilita-per-basse-velocita\/","name":"Anemometri a Ultrasuoni ad Alta Sensibilit\u00e0 HD53LS - Senseca Italy Srl","isPartOf":{"@id":"https:\/\/environmental.senseca.com\/#website"},"datePublished":"2019-03-26T14:57:32+00:00","dateModified":"2026-03-18T16:23:13+00:00","description":"Cerchi Anemometri a Ultrasuoni ad Alta Sensibilit\u00e0? Scopri HD53LS, Anemometro a Ultrasuoni per Basse Velocit\u00e0 di Senseca Italy Srl","breadcrumb":{"@id":"https:\/\/environmental.senseca.com\/it\/prodotto\/hd53ls-anemometri-a-ultrasuoni-alta-sensibilita-per-basse-velocita\/#breadcrumb"},"inLanguage":"it-IT","potentialAction":[{"@type":"ReadAction","target":["https:\/\/environmental.senseca.com\/it\/prodotto\/hd53ls-anemometri-a-ultrasuoni-alta-sensibilita-per-basse-velocita\/"]}]},{"@type":"BreadcrumbList","@id":"https:\/\/environmental.senseca.com\/it\/prodotto\/hd53ls-anemometri-a-ultrasuoni-alta-sensibilita-per-basse-velocita\/#breadcrumb","itemListElement":[{"@type":"ListItem","position":1,"name":"Home","item":"https:\/\/environmental.senseca.com\/it\/"},{"@type":"ListItem","position":2,"name":"Prodotti","item":"https:\/\/environmental.senseca.com\/products\/"},{"@type":"ListItem","position":3,"name":"HD53LS&#8230; &#8211; Anemometri a Ultrasuoni Alta Sensibilit\u00e0 per Basse Velocit\u00e0"}]},{"@type":"WebSite","@id":"https:\/\/environmental.senseca.com\/#website","url":"https:\/\/environmental.senseca.com\/","name":"Senseca Italy Srl","description":"Member of GHM GROUP","publisher":{"@id":"https:\/\/environmental.senseca.com\/#organization"},"alternateName":"Senseca","potentialAction":[{"@type":"SearchAction","target":{"@type":"EntryPoint","urlTemplate":"https:\/\/environmental.senseca.com\/?s={search_term_string}"},"query-input":"required name=search_term_string"}],"inLanguage":"it-IT"},{"@type":"Organization","@id":"https:\/\/environmental.senseca.com\/#organization","name":"Senseca Italy Srl","url":"https:\/\/environmental.senseca.com\/","logo":{"@type":"ImageObject","inLanguage":"it-IT","@id":"https:\/\/environmental.senseca.com\/#\/schema\/logo\/image\/","url":"https:\/\/environmental.senseca.com\/wp-content\/uploads\/2018\/07\/logo_prodotti.jpg","contentUrl":"https:\/\/environmental.senseca.com\/wp-content\/uploads\/2018\/07\/logo_prodotti.jpg","width":1000,"height":1000,"caption":"Senseca Italy Srl"},"image":{"@id":"https:\/\/environmental.senseca.com\/#\/schema\/logo\/image\/"},"sameAs":["https:\/\/www.linkedin.com\/company\/senseca-measurement-solutions\/","https:\/\/www.youtube.com\/@senseca-measurement-solutions"]}]}},"_links":{"self":[{"href":"https:\/\/environmental.senseca.com\/it\/wp-json\/wp\/v2\/product\/12820"}],"collection":[{"href":"https:\/\/environmental.senseca.com\/it\/wp-json\/wp\/v2\/product"}],"about":[{"href":"https:\/\/environmental.senseca.com\/it\/wp-json\/wp\/v2\/types\/product"}],"wp:featuredmedia":[{"embeddable":true,"href":"https:\/\/environmental.senseca.com\/it\/wp-json\/wp\/v2\/media\/16047"}],"wp:attachment":[{"href":"https:\/\/environmental.senseca.com\/it\/wp-json\/wp\/v2\/media?parent=12820"}],"wp:term":[{"taxonomy":"product_cat","embeddable":true,"href":"https:\/\/environmental.senseca.com\/it\/wp-json\/wp\/v2\/product_cat?post=12820"},{"taxonomy":"product_tag","embeddable":true,"href":"https:\/\/environmental.senseca.com\/it\/wp-json\/wp\/v2\/product_tag?post=12820"}],"curies":[{"name":"wp","href":"https:\/\/api.w.org\/{rel}","templated":true}]}}