{"id":12879,"date":"2018-10-03T16:25:34","date_gmt":"2018-10-03T16:25:34","guid":{"rendered":"https:\/\/www.deltaohm.com\/product\/hd2010uc-a-kit1-class-1-integrating-sound-level-meter-and-analyzer\/"},"modified":"2022-06-29T10:59:11","modified_gmt":"2022-06-29T10:59:11","slug":"hd2010uc-a-kit1-fonometro-integratore-analizzatore-di-spettro-classe-1","status":"publish","type":"product","link":"https:\/\/environmental.senseca.com\/it\/prodotto\/hd2010uc-a-kit1-fonometro-integratore-analizzatore-di-spettro-classe-1\/","title":{"rendered":"HD2010UC\/A.Kit1 \u2013 Fonometro Integratore Analizzatore di Spettro Classe 1"},"content":{"rendered":"<p><strong>HD2010UC\/A<\/strong> \u00e8 un fonometro integratore portatile in grado di effettuare <strong>analisi spettrali e statistiche.<\/strong><\/p>\n<p>Lo strumento \u00e8 stato progettato coniugando la massima flessibilit\u00e0 di utilizzo con la economicit\u00e0 e semplicit\u00e0 di uso. Attenzione \u00e8 stata dedicata alla possibilit\u00e0 di adattare lo strumento all\u2019evoluzione della normativa in materia di rumore ed alla necessit\u00e0 di soddisfare le esigenze odierne e future dei suoi utilizzatori. E\u2019 possibile integrare in qualunque momento il fonometro con opzioni in grado di estenderne le applicazioni; il firmware \u00e8 aggiornabile direttamente dall\u2019utente utilizzando il programma NoiseStudio fornito in dotazione.<\/p>\n<p>HD2010UC\/A soddisfa le specifiche della norma IEC 61672-1 del 2002 e IEC 61672-1 Ed. 2.0 del 2013 e delle norme IEC 60651 ed IEC 60804 con tolleranze di classe 2 o di classe 1. I filtri a banda percentuale costante sono conformi alle specifiche di classe 1 della norma IEC 61260.<\/p>\n<p>HD2010UC\/A \u00e8 adatto alle seguenti applicazioni:<\/p>\n<ul>\n<li>valutazioni e monitoraggio del <strong>rumore ambientale<\/strong>,<\/li>\n<li><strong>analisi spettrali per bande d\u2019ottava<\/strong> da 31.5Hz ad 8kHz,<\/li>\n<li>opzionalmente <strong>analisi spettrali per bande di terzo d\u2019ottava<\/strong> da 25Hz a 12.5kHz,<\/li>\n<li>analisi statistica con <strong>calcolo dei livelli percentili<\/strong> da L<sub>1<\/sub> ad L<sub>99<\/sub>,<\/li>\n<li>identificazione ed analisi di <strong>eventi sonori,<\/strong><\/li>\n<li>misure in <strong>ambiente di lavoro<\/strong>,<\/li>\n<li>selezione dei <strong>dispositivi di protezione<\/strong> individuale (metodi SNR, HML ed OBM),<\/li>\n<li><strong>insonorizzazioni e bonifiche<\/strong> acustiche,<\/li>\n<li><strong>controllo qualit\u00e0<\/strong> della produzione,<\/li>\n<li>misura del <strong>rumore di macchine<\/strong>,<\/li>\n<li>opzionalmente <strong>acustica architettonica<\/strong>.<\/li>\n<\/ul>\n<p>Il kit include: fonometro HD2010UC\/A Classe 1, microfono a condensatore prepolarizzato da 1\/2&#8221; UC52\/1, schermo antivento, preamplificatore, cavo USB o RS232, valigetta, dichiarazione di conformit\u00e0, versione base software Noise Studio.<\/p>\n<p>Per Classe 2 si veda <a href=\"https:\/\/environmental.senseca.com\/it\/prodotto\/hd2010uc-a-kit2-fonometro-integratore-analizzatore-di-spettro-classe-2\/\">HD2010UC\/A.kit2<\/a>.<\/p>\n","protected":false},"excerpt":{"rendered":"<p>Fonometro integratore ed analizzatore di spettro con funzioni di data logging, Classe 1 della norma IEC 61672 e IEC 61260.<\/p>\n<p>&nbsp;<\/p>\n","protected":false},"featured_media":12876,"template":"","meta":[],"product_cat":[805],"product_tag":[1091,1018,1099,1077,1096,1098,1097,1092,1019],"brands":[{"id":967,"name":"Acustica &amp; Vibrazioni","slug":"acustica-vibrazioni"}],"yoast_head":"<!-- This site is optimized with the Yoast SEO plugin v21.1 - https:\/\/yoast.com\/wordpress\/plugins\/seo\/ -->\n<title>HD2010UC\/A.Kit1 \u2013 Fonometro Integratore Analizzatore di Spettro Classe 1 - Acustica &amp; Vibrazioni - Senseca Italy Srl<\/title>\n<meta name=\"description\" content=\"Cerchi Acustica &amp; Vibrazioni? Scopri le caratteristiche di HD2010UC\/A.Kit1 \u2013 Fonometro Integratore Analizzatore di Spettro Classe 1 di Senseca Italy Srl\" \/>\n<meta name=\"robots\" content=\"index, follow, max-snippet:-1, max-image-preview:large, max-video-preview:-1\" \/>\n<link rel=\"canonical\" href=\"https:\/\/environmental.senseca.com\/it\/prodotto\/hd2010uc-a-kit1-fonometro-integratore-analizzatore-di-spettro-classe-1\/\" \/>\n<meta property=\"og:locale\" content=\"it_IT\" \/>\n<meta property=\"og:type\" content=\"article\" \/>\n<meta property=\"og:title\" content=\"HD2010UC\/A.Kit1 \u2013 Fonometro Integratore Analizzatore di Spettro Classe 1 - Acustica &amp; Vibrazioni - Senseca Italy Srl\" \/>\n<meta property=\"og:description\" content=\"Cerchi Acustica &amp; Vibrazioni? Scopri le caratteristiche di HD2010UC\/A.Kit1 \u2013 Fonometro Integratore Analizzatore di Spettro Classe 1 di Senseca Italy Srl\" \/>\n<meta property=\"og:url\" content=\"https:\/\/environmental.senseca.com\/it\/prodotto\/hd2010uc-a-kit1-fonometro-integratore-analizzatore-di-spettro-classe-1\/\" \/>\n<meta property=\"og:site_name\" content=\"Senseca Italy Srl\" \/>\n<meta property=\"article:modified_time\" content=\"2022-06-29T10:59:11+00:00\" \/>\n<meta property=\"og:image\" content=\"https:\/\/environmental.senseca.com\/wp-content\/uploads\/2018\/06\/HD2010UCA-sound-level-meter-1.jpg\" \/>\n\t<meta property=\"og:image:width\" content=\"1000\" \/>\n\t<meta property=\"og:image:height\" content=\"1000\" \/>\n\t<meta property=\"og:image:type\" content=\"image\/jpeg\" \/>\n<meta name=\"twitter:card\" content=\"summary_large_image\" \/>\n<meta name=\"twitter:label1\" content=\"Tempo di lettura stimato\" \/>\n\t<meta name=\"twitter:data1\" content=\"2 minuti\" \/>\n<script type=\"application\/ld+json\" class=\"yoast-schema-graph\">{\"@context\":\"https:\/\/schema.org\",\"@graph\":[{\"@type\":\"WebPage\",\"@id\":\"https:\/\/environmental.senseca.com\/it\/prodotto\/hd2010uc-a-kit1-fonometro-integratore-analizzatore-di-spettro-classe-1\/\",\"url\":\"https:\/\/environmental.senseca.com\/it\/prodotto\/hd2010uc-a-kit1-fonometro-integratore-analizzatore-di-spettro-classe-1\/\",\"name\":\"HD2010UC\/A.Kit1 \u2013 Fonometro Integratore Analizzatore di Spettro Classe 1 - Acustica &amp; Vibrazioni - Senseca Italy Srl\",\"isPartOf\":{\"@id\":\"https:\/\/environmental.senseca.com\/#website\"},\"datePublished\":\"2018-10-03T16:25:34+00:00\",\"dateModified\":\"2022-06-29T10:59:11+00:00\",\"description\":\"Cerchi Acustica &amp; Vibrazioni? Scopri le caratteristiche di HD2010UC\/A.Kit1 \u2013 Fonometro Integratore Analizzatore di Spettro Classe 1 di Senseca Italy Srl\",\"breadcrumb\":{\"@id\":\"https:\/\/environmental.senseca.com\/it\/prodotto\/hd2010uc-a-kit1-fonometro-integratore-analizzatore-di-spettro-classe-1\/#breadcrumb\"},\"inLanguage\":\"it-IT\",\"potentialAction\":[{\"@type\":\"ReadAction\",\"target\":[\"https:\/\/environmental.senseca.com\/it\/prodotto\/hd2010uc-a-kit1-fonometro-integratore-analizzatore-di-spettro-classe-1\/\"]}]},{\"@type\":\"BreadcrumbList\",\"@id\":\"https:\/\/environmental.senseca.com\/it\/prodotto\/hd2010uc-a-kit1-fonometro-integratore-analizzatore-di-spettro-classe-1\/#breadcrumb\",\"itemListElement\":[{\"@type\":\"ListItem\",\"position\":1,\"name\":\"Home\",\"item\":\"https:\/\/environmental.senseca.com\/it\/\"},{\"@type\":\"ListItem\",\"position\":2,\"name\":\"Prodotti\",\"item\":\"https:\/\/environmental.senseca.com\/products\/\"},{\"@type\":\"ListItem\",\"position\":3,\"name\":\"HD2010UC\/A.Kit1 \u2013 Fonometro Integratore Analizzatore di Spettro Classe 1\"}]},{\"@type\":\"WebSite\",\"@id\":\"https:\/\/environmental.senseca.com\/#website\",\"url\":\"https:\/\/environmental.senseca.com\/\",\"name\":\"Senseca Italy Srl\",\"description\":\"Member of GHM GROUP\",\"publisher\":{\"@id\":\"https:\/\/environmental.senseca.com\/#organization\"},\"alternateName\":\"Senseca\",\"potentialAction\":[{\"@type\":\"SearchAction\",\"target\":{\"@type\":\"EntryPoint\",\"urlTemplate\":\"https:\/\/environmental.senseca.com\/?s={search_term_string}\"},\"query-input\":\"required name=search_term_string\"}],\"inLanguage\":\"it-IT\"},{\"@type\":\"Organization\",\"@id\":\"https:\/\/environmental.senseca.com\/#organization\",\"name\":\"Senseca Italy Srl\",\"url\":\"https:\/\/environmental.senseca.com\/\",\"logo\":{\"@type\":\"ImageObject\",\"inLanguage\":\"it-IT\",\"@id\":\"https:\/\/environmental.senseca.com\/#\/schema\/logo\/image\/\",\"url\":\"https:\/\/environmental.senseca.com\/wp-content\/uploads\/2018\/07\/logo_prodotti.jpg\",\"contentUrl\":\"https:\/\/environmental.senseca.com\/wp-content\/uploads\/2018\/07\/logo_prodotti.jpg\",\"width\":1000,\"height\":1000,\"caption\":\"Senseca Italy Srl\"},\"image\":{\"@id\":\"https:\/\/environmental.senseca.com\/#\/schema\/logo\/image\/\"},\"sameAs\":[\"https:\/\/www.linkedin.com\/company\/senseca-measurement-solutions\/\",\"https:\/\/www.youtube.com\/@senseca-measurement-solutions\"]}]}<\/script>\n<!-- \/ Yoast SEO plugin. -->","yoast_head_json":{"title":"HD2010UC\/A.Kit1 \u2013 Fonometro Integratore Analizzatore di Spettro Classe 1 - Acustica &amp; Vibrazioni - Senseca Italy Srl","description":"Cerchi Acustica &amp; Vibrazioni? Scopri le caratteristiche di HD2010UC\/A.Kit1 \u2013 Fonometro Integratore Analizzatore di Spettro Classe 1 di Senseca Italy Srl","robots":{"index":"index","follow":"follow","max-snippet":"max-snippet:-1","max-image-preview":"max-image-preview:large","max-video-preview":"max-video-preview:-1"},"canonical":"https:\/\/environmental.senseca.com\/it\/prodotto\/hd2010uc-a-kit1-fonometro-integratore-analizzatore-di-spettro-classe-1\/","og_locale":"it_IT","og_type":"article","og_title":"HD2010UC\/A.Kit1 \u2013 Fonometro Integratore Analizzatore di Spettro Classe 1 - Acustica &amp; Vibrazioni - Senseca Italy Srl","og_description":"Cerchi Acustica &amp; Vibrazioni? Scopri le caratteristiche di HD2010UC\/A.Kit1 \u2013 Fonometro Integratore Analizzatore di Spettro Classe 1 di Senseca Italy Srl","og_url":"https:\/\/environmental.senseca.com\/it\/prodotto\/hd2010uc-a-kit1-fonometro-integratore-analizzatore-di-spettro-classe-1\/","og_site_name":"Senseca Italy Srl","article_modified_time":"2022-06-29T10:59:11+00:00","og_image":[{"width":1000,"height":1000,"url":"https:\/\/environmental.senseca.com\/wp-content\/uploads\/2018\/06\/HD2010UCA-sound-level-meter-1.jpg","type":"image\/jpeg"}],"twitter_card":"summary_large_image","twitter_misc":{"Tempo di lettura stimato":"2 minuti"},"schema":{"@context":"https:\/\/schema.org","@graph":[{"@type":"WebPage","@id":"https:\/\/environmental.senseca.com\/it\/prodotto\/hd2010uc-a-kit1-fonometro-integratore-analizzatore-di-spettro-classe-1\/","url":"https:\/\/environmental.senseca.com\/it\/prodotto\/hd2010uc-a-kit1-fonometro-integratore-analizzatore-di-spettro-classe-1\/","name":"HD2010UC\/A.Kit1 \u2013 Fonometro Integratore Analizzatore di Spettro Classe 1 - Acustica &amp; Vibrazioni - Senseca Italy Srl","isPartOf":{"@id":"https:\/\/environmental.senseca.com\/#website"},"datePublished":"2018-10-03T16:25:34+00:00","dateModified":"2022-06-29T10:59:11+00:00","description":"Cerchi Acustica &amp; Vibrazioni? Scopri le caratteristiche di HD2010UC\/A.Kit1 \u2013 Fonometro Integratore Analizzatore di Spettro Classe 1 di Senseca Italy Srl","breadcrumb":{"@id":"https:\/\/environmental.senseca.com\/it\/prodotto\/hd2010uc-a-kit1-fonometro-integratore-analizzatore-di-spettro-classe-1\/#breadcrumb"},"inLanguage":"it-IT","potentialAction":[{"@type":"ReadAction","target":["https:\/\/environmental.senseca.com\/it\/prodotto\/hd2010uc-a-kit1-fonometro-integratore-analizzatore-di-spettro-classe-1\/"]}]},{"@type":"BreadcrumbList","@id":"https:\/\/environmental.senseca.com\/it\/prodotto\/hd2010uc-a-kit1-fonometro-integratore-analizzatore-di-spettro-classe-1\/#breadcrumb","itemListElement":[{"@type":"ListItem","position":1,"name":"Home","item":"https:\/\/environmental.senseca.com\/it\/"},{"@type":"ListItem","position":2,"name":"Prodotti","item":"https:\/\/environmental.senseca.com\/products\/"},{"@type":"ListItem","position":3,"name":"HD2010UC\/A.Kit1 \u2013 Fonometro Integratore Analizzatore di Spettro Classe 1"}]},{"@type":"WebSite","@id":"https:\/\/environmental.senseca.com\/#website","url":"https:\/\/environmental.senseca.com\/","name":"Senseca Italy Srl","description":"Member of GHM GROUP","publisher":{"@id":"https:\/\/environmental.senseca.com\/#organization"},"alternateName":"Senseca","potentialAction":[{"@type":"SearchAction","target":{"@type":"EntryPoint","urlTemplate":"https:\/\/environmental.senseca.com\/?s={search_term_string}"},"query-input":"required name=search_term_string"}],"inLanguage":"it-IT"},{"@type":"Organization","@id":"https:\/\/environmental.senseca.com\/#organization","name":"Senseca Italy Srl","url":"https:\/\/environmental.senseca.com\/","logo":{"@type":"ImageObject","inLanguage":"it-IT","@id":"https:\/\/environmental.senseca.com\/#\/schema\/logo\/image\/","url":"https:\/\/environmental.senseca.com\/wp-content\/uploads\/2018\/07\/logo_prodotti.jpg","contentUrl":"https:\/\/environmental.senseca.com\/wp-content\/uploads\/2018\/07\/logo_prodotti.jpg","width":1000,"height":1000,"caption":"Senseca Italy Srl"},"image":{"@id":"https:\/\/environmental.senseca.com\/#\/schema\/logo\/image\/"},"sameAs":["https:\/\/www.linkedin.com\/company\/senseca-measurement-solutions\/","https:\/\/www.youtube.com\/@senseca-measurement-solutions"]}]}},"_links":{"self":[{"href":"https:\/\/environmental.senseca.com\/it\/wp-json\/wp\/v2\/product\/12879"}],"collection":[{"href":"https:\/\/environmental.senseca.com\/it\/wp-json\/wp\/v2\/product"}],"about":[{"href":"https:\/\/environmental.senseca.com\/it\/wp-json\/wp\/v2\/types\/product"}],"wp:featuredmedia":[{"embeddable":true,"href":"https:\/\/environmental.senseca.com\/it\/wp-json\/wp\/v2\/media\/12876"}],"wp:attachment":[{"href":"https:\/\/environmental.senseca.com\/it\/wp-json\/wp\/v2\/media?parent=12879"}],"wp:term":[{"taxonomy":"product_cat","embeddable":true,"href":"https:\/\/environmental.senseca.com\/it\/wp-json\/wp\/v2\/product_cat?post=12879"},{"taxonomy":"product_tag","embeddable":true,"href":"https:\/\/environmental.senseca.com\/it\/wp-json\/wp\/v2\/product_tag?post=12879"}],"curies":[{"name":"wp","href":"https:\/\/api.w.org\/{rel}","templated":true}]}}