{"id":12887,"date":"2018-10-03T16:30:19","date_gmt":"2018-10-03T16:04:19","guid":{"rendered":"https:\/\/www.deltaohm.com\/product\/hd2010uc-kit2-class-2-integrating-sound-level-meter\/"},"modified":"2022-06-29T11:04:07","modified_gmt":"2022-06-29T11:04:07","slug":"hd2010uc-kit2-fonometro-integratore-classe-2","status":"publish","type":"product","link":"https:\/\/environmental.senseca.com\/it\/prodotto\/hd2010uc-kit2-fonometro-integratore-classe-2\/","title":{"rendered":"HD2010UC.kit2 \u2013 Fonometro Integratore Classe 2"},"content":{"rendered":"<p>HD2010UC \u00e8 un <strong>fonometro integratore portatile<\/strong> <strong>di classe 2<\/strong> in grado di effettuare analisi statistiche. Lo strumento \u00e8 stato progettato coniugando economicit\u00e0 e semplicit\u00e0 di uso. Attenzione \u00e8 stata dedicata alla possibilit\u00e0 di aggiornare lo strumento ed \u00e8 possibile integrare, in qualunque momento, il fonometro con l\u2019opzione \u201cData Logger Avanzato\u201d in grado di estenderne le applicazioni.<\/p>\n<p>Il firmware \u00e8 aggiornabile direttamente dall\u2019utente utilizzando il programma NoiseStudio fornito in dotazione.<\/p>\n<p>HD2010UC soddisfa le specifiche delle norme IEC 61672-1 del 2002 e IEC 61672-1 Ed. 2.0 del 2013 e delle norme IEC 60651 ed IEC 60804 con tolleranze di classe 2 o di classe 1.<\/p>\n<p>Il fonometro \u00e8 adatto alle seguenti applicazioni:<\/p>\n<ul>\n<li>valutazioni del <strong>livello di rumore ambientale<\/strong>,<\/li>\n<li>misure in <strong>ambiente di lavoro<\/strong>,<\/li>\n<li>selezione dei <strong>dispositivi di protezione<\/strong> individuale (metodi SNR ed HML),<\/li>\n<li>controllo <strong>qualit\u00e0 della produzione<\/strong>,<\/li>\n<li>misura del <strong>rumore di macchine<\/strong><\/li>\n<\/ul>\n<p>Con l\u2019attivazione dell\u2019opzione \u201cData Logger Avanzato\u201d il fonometro svolge inoltre le seguenti funzioni:<\/p>\n<ul>\n<li>monitoraggio del rumore,<\/li>\n<li>identificazione ed analisi di eventi sonori,<\/li>\n<li>analisi statistica completa con calcolo dei livelli percentili da L<sub>1<\/sub> ad L<sub>99<\/sub>.<\/li>\n<\/ul>\n<p>Il kit comprende: fonometro HD2010UC classe 2, microfono a condensatore pre-polarizzato da 1\/2&#8221; UC52, schermo antivento, preamplificatore, cavo USB o RS232, valigetta, dichiarazione di conformit\u00e0, versione base software Noise Studio.<\/p>\n<p>Per Classe 1 si veda codice <a href=\"https:\/\/environmental.senseca.com\/product\/hd2010uc-kit1-fonometro-integratore-classe-1\/?lang=it\">HD2010UC.kit1<\/a>.<\/p>\n","protected":false},"excerpt":{"rendered":"<p>Fonometro integratore di classe 2 secondo norma IEC 61672.<\/p>\n","protected":false},"featured_media":12888,"template":"","meta":[],"product_cat":[805],"product_tag":[1020,1077,1076,1098,1019,1107],"brands":[{"id":967,"name":"Acustica &amp; Vibrazioni","slug":"acustica-vibrazioni"}],"yoast_head":"<!-- This site is optimized with the Yoast SEO plugin v21.1 - https:\/\/yoast.com\/wordpress\/plugins\/seo\/ -->\n<title>Fonometro Integratore Portatile di Classe 2 HD2010UC - Senseca Italy Srl<\/title>\n<meta name=\"description\" content=\"Cerchi un Fonometro Integratore Portatile di Classe 2? Scopri le caratteristiche di HD2010UC di Senseca Italy Srl e contattaci per informazioni\" \/>\n<meta name=\"robots\" content=\"index, follow, max-snippet:-1, max-image-preview:large, max-video-preview:-1\" \/>\n<link rel=\"canonical\" href=\"https:\/\/environmental.senseca.com\/it\/prodotto\/hd2010uc-kit2-fonometro-integratore-classe-2\/\" \/>\n<meta property=\"og:locale\" content=\"it_IT\" \/>\n<meta property=\"og:type\" content=\"article\" \/>\n<meta property=\"og:title\" content=\"Fonometro Integratore Portatile di Classe 2 HD2010UC - Senseca Italy Srl\" \/>\n<meta property=\"og:description\" content=\"Cerchi un Fonometro Integratore Portatile di Classe 2? Scopri le caratteristiche di HD2010UC di Senseca Italy Srl e contattaci per informazioni\" \/>\n<meta property=\"og:url\" content=\"https:\/\/environmental.senseca.com\/it\/prodotto\/hd2010uc-kit2-fonometro-integratore-classe-2\/\" \/>\n<meta property=\"og:site_name\" content=\"Senseca Italy Srl\" \/>\n<meta property=\"article:modified_time\" content=\"2022-06-29T11:04:07+00:00\" \/>\n<meta property=\"og:image\" content=\"https:\/\/environmental.senseca.com\/wp-content\/uploads\/2018\/06\/HD2010UC.jpg\" \/>\n\t<meta property=\"og:image:width\" content=\"1000\" \/>\n\t<meta property=\"og:image:height\" content=\"1000\" \/>\n\t<meta property=\"og:image:type\" content=\"image\/jpeg\" \/>\n<meta name=\"twitter:card\" content=\"summary_large_image\" \/>\n<meta name=\"twitter:label1\" content=\"Tempo di lettura stimato\" \/>\n\t<meta name=\"twitter:data1\" content=\"1 minuto\" \/>\n<script type=\"application\/ld+json\" class=\"yoast-schema-graph\">{\"@context\":\"https:\/\/schema.org\",\"@graph\":[{\"@type\":\"WebPage\",\"@id\":\"https:\/\/environmental.senseca.com\/it\/prodotto\/hd2010uc-kit2-fonometro-integratore-classe-2\/\",\"url\":\"https:\/\/environmental.senseca.com\/it\/prodotto\/hd2010uc-kit2-fonometro-integratore-classe-2\/\",\"name\":\"Fonometro Integratore Portatile di Classe 2 HD2010UC - Senseca Italy Srl\",\"isPartOf\":{\"@id\":\"https:\/\/environmental.senseca.com\/#website\"},\"datePublished\":\"2018-10-03T16:04:19+00:00\",\"dateModified\":\"2022-06-29T11:04:07+00:00\",\"description\":\"Cerchi un Fonometro Integratore Portatile di Classe 2? Scopri le caratteristiche di HD2010UC di Senseca Italy Srl e contattaci per informazioni\",\"breadcrumb\":{\"@id\":\"https:\/\/environmental.senseca.com\/it\/prodotto\/hd2010uc-kit2-fonometro-integratore-classe-2\/#breadcrumb\"},\"inLanguage\":\"it-IT\",\"potentialAction\":[{\"@type\":\"ReadAction\",\"target\":[\"https:\/\/environmental.senseca.com\/it\/prodotto\/hd2010uc-kit2-fonometro-integratore-classe-2\/\"]}]},{\"@type\":\"BreadcrumbList\",\"@id\":\"https:\/\/environmental.senseca.com\/it\/prodotto\/hd2010uc-kit2-fonometro-integratore-classe-2\/#breadcrumb\",\"itemListElement\":[{\"@type\":\"ListItem\",\"position\":1,\"name\":\"Home\",\"item\":\"https:\/\/environmental.senseca.com\/it\/\"},{\"@type\":\"ListItem\",\"position\":2,\"name\":\"Prodotti\",\"item\":\"https:\/\/environmental.senseca.com\/products\/\"},{\"@type\":\"ListItem\",\"position\":3,\"name\":\"HD2010UC.kit2 \u2013 Fonometro Integratore Classe 2\"}]},{\"@type\":\"WebSite\",\"@id\":\"https:\/\/environmental.senseca.com\/#website\",\"url\":\"https:\/\/environmental.senseca.com\/\",\"name\":\"Senseca Italy Srl\",\"description\":\"Member of GHM GROUP\",\"publisher\":{\"@id\":\"https:\/\/environmental.senseca.com\/#organization\"},\"alternateName\":\"Senseca\",\"potentialAction\":[{\"@type\":\"SearchAction\",\"target\":{\"@type\":\"EntryPoint\",\"urlTemplate\":\"https:\/\/environmental.senseca.com\/?s={search_term_string}\"},\"query-input\":\"required name=search_term_string\"}],\"inLanguage\":\"it-IT\"},{\"@type\":\"Organization\",\"@id\":\"https:\/\/environmental.senseca.com\/#organization\",\"name\":\"Senseca Italy Srl\",\"url\":\"https:\/\/environmental.senseca.com\/\",\"logo\":{\"@type\":\"ImageObject\",\"inLanguage\":\"it-IT\",\"@id\":\"https:\/\/environmental.senseca.com\/#\/schema\/logo\/image\/\",\"url\":\"https:\/\/environmental.senseca.com\/wp-content\/uploads\/2018\/07\/logo_prodotti.jpg\",\"contentUrl\":\"https:\/\/environmental.senseca.com\/wp-content\/uploads\/2018\/07\/logo_prodotti.jpg\",\"width\":1000,\"height\":1000,\"caption\":\"Senseca Italy Srl\"},\"image\":{\"@id\":\"https:\/\/environmental.senseca.com\/#\/schema\/logo\/image\/\"},\"sameAs\":[\"https:\/\/www.linkedin.com\/company\/senseca-measurement-solutions\/\",\"https:\/\/www.youtube.com\/@senseca-measurement-solutions\"]}]}<\/script>\n<!-- \/ Yoast SEO plugin. -->","yoast_head_json":{"title":"Fonometro Integratore Portatile di Classe 2 HD2010UC - Senseca Italy Srl","description":"Cerchi un Fonometro Integratore Portatile di Classe 2? Scopri le caratteristiche di HD2010UC di Senseca Italy Srl e contattaci per informazioni","robots":{"index":"index","follow":"follow","max-snippet":"max-snippet:-1","max-image-preview":"max-image-preview:large","max-video-preview":"max-video-preview:-1"},"canonical":"https:\/\/environmental.senseca.com\/it\/prodotto\/hd2010uc-kit2-fonometro-integratore-classe-2\/","og_locale":"it_IT","og_type":"article","og_title":"Fonometro Integratore Portatile di Classe 2 HD2010UC - Senseca Italy Srl","og_description":"Cerchi un Fonometro Integratore Portatile di Classe 2? Scopri le caratteristiche di HD2010UC di Senseca Italy Srl e contattaci per informazioni","og_url":"https:\/\/environmental.senseca.com\/it\/prodotto\/hd2010uc-kit2-fonometro-integratore-classe-2\/","og_site_name":"Senseca Italy Srl","article_modified_time":"2022-06-29T11:04:07+00:00","og_image":[{"width":1000,"height":1000,"url":"https:\/\/environmental.senseca.com\/wp-content\/uploads\/2018\/06\/HD2010UC.jpg","type":"image\/jpeg"}],"twitter_card":"summary_large_image","twitter_misc":{"Tempo di lettura stimato":"1 minuto"},"schema":{"@context":"https:\/\/schema.org","@graph":[{"@type":"WebPage","@id":"https:\/\/environmental.senseca.com\/it\/prodotto\/hd2010uc-kit2-fonometro-integratore-classe-2\/","url":"https:\/\/environmental.senseca.com\/it\/prodotto\/hd2010uc-kit2-fonometro-integratore-classe-2\/","name":"Fonometro Integratore Portatile di Classe 2 HD2010UC - Senseca Italy Srl","isPartOf":{"@id":"https:\/\/environmental.senseca.com\/#website"},"datePublished":"2018-10-03T16:04:19+00:00","dateModified":"2022-06-29T11:04:07+00:00","description":"Cerchi un Fonometro Integratore Portatile di Classe 2? Scopri le caratteristiche di HD2010UC di Senseca Italy Srl e contattaci per informazioni","breadcrumb":{"@id":"https:\/\/environmental.senseca.com\/it\/prodotto\/hd2010uc-kit2-fonometro-integratore-classe-2\/#breadcrumb"},"inLanguage":"it-IT","potentialAction":[{"@type":"ReadAction","target":["https:\/\/environmental.senseca.com\/it\/prodotto\/hd2010uc-kit2-fonometro-integratore-classe-2\/"]}]},{"@type":"BreadcrumbList","@id":"https:\/\/environmental.senseca.com\/it\/prodotto\/hd2010uc-kit2-fonometro-integratore-classe-2\/#breadcrumb","itemListElement":[{"@type":"ListItem","position":1,"name":"Home","item":"https:\/\/environmental.senseca.com\/it\/"},{"@type":"ListItem","position":2,"name":"Prodotti","item":"https:\/\/environmental.senseca.com\/products\/"},{"@type":"ListItem","position":3,"name":"HD2010UC.kit2 \u2013 Fonometro Integratore Classe 2"}]},{"@type":"WebSite","@id":"https:\/\/environmental.senseca.com\/#website","url":"https:\/\/environmental.senseca.com\/","name":"Senseca Italy Srl","description":"Member of GHM GROUP","publisher":{"@id":"https:\/\/environmental.senseca.com\/#organization"},"alternateName":"Senseca","potentialAction":[{"@type":"SearchAction","target":{"@type":"EntryPoint","urlTemplate":"https:\/\/environmental.senseca.com\/?s={search_term_string}"},"query-input":"required name=search_term_string"}],"inLanguage":"it-IT"},{"@type":"Organization","@id":"https:\/\/environmental.senseca.com\/#organization","name":"Senseca Italy Srl","url":"https:\/\/environmental.senseca.com\/","logo":{"@type":"ImageObject","inLanguage":"it-IT","@id":"https:\/\/environmental.senseca.com\/#\/schema\/logo\/image\/","url":"https:\/\/environmental.senseca.com\/wp-content\/uploads\/2018\/07\/logo_prodotti.jpg","contentUrl":"https:\/\/environmental.senseca.com\/wp-content\/uploads\/2018\/07\/logo_prodotti.jpg","width":1000,"height":1000,"caption":"Senseca Italy Srl"},"image":{"@id":"https:\/\/environmental.senseca.com\/#\/schema\/logo\/image\/"},"sameAs":["https:\/\/www.linkedin.com\/company\/senseca-measurement-solutions\/","https:\/\/www.youtube.com\/@senseca-measurement-solutions"]}]}},"_links":{"self":[{"href":"https:\/\/environmental.senseca.com\/it\/wp-json\/wp\/v2\/product\/12887"}],"collection":[{"href":"https:\/\/environmental.senseca.com\/it\/wp-json\/wp\/v2\/product"}],"about":[{"href":"https:\/\/environmental.senseca.com\/it\/wp-json\/wp\/v2\/types\/product"}],"wp:featuredmedia":[{"embeddable":true,"href":"https:\/\/environmental.senseca.com\/it\/wp-json\/wp\/v2\/media\/12888"}],"wp:attachment":[{"href":"https:\/\/environmental.senseca.com\/it\/wp-json\/wp\/v2\/media?parent=12887"}],"wp:term":[{"taxonomy":"product_cat","embeddable":true,"href":"https:\/\/environmental.senseca.com\/it\/wp-json\/wp\/v2\/product_cat?post=12887"},{"taxonomy":"product_tag","embeddable":true,"href":"https:\/\/environmental.senseca.com\/it\/wp-json\/wp\/v2\/product_tag?post=12887"}],"curies":[{"name":"wp","href":"https:\/\/api.w.org\/{rel}","templated":true}]}}