{"id":12898,"date":"2018-08-02T15:09:09","date_gmt":"2018-08-02T15:09:09","guid":{"rendered":"https:\/\/www.deltaohm.com\/product\/hd50-web-data-logger\/"},"modified":"2025-07-28T15:40:24","modified_gmt":"2025-07-28T15:40:24","slug":"hd50-web-data-logger","status":"publish","type":"product","link":"https:\/\/environmental.senseca.com\/it\/prodotto\/hd50-web-data-logger\/","title":{"rendered":"HD50&#8230; Serie \u2013 Web Data Logger"},"content":{"rendered":"<p>HD50&#8230; \u00e8 una serie di datalogger che supporta connessione <strong>Ethernet<\/strong> con connettore RJ45 o <strong>Wi-Fi.<\/strong><\/p>\n<p>Con il nuovo HD50 \u00e8 possibile partire da un singolo dispositivo ed estendersi ad una rete di datalogger praticamente illimitata. La configurazione dell\u2019HD50 pu\u00f2 essere eseguita anche da browser web, dal momento che \u00e8 dotato di un <strong>webserver integrato<\/strong>. In questo modo \u00e8 anche possibile il monitoraggio delle misure in tempo reale.<\/p>\n<p>Senseca dispone gi\u00e0 della <a href=\"https:\/\/environmental.senseca.com\/it\/product\/hd35-wireless-data-logger-system\/?lang=it\">serie HD35,<\/a> basata sulla comunicazione Sub-GHz. In alcuni casi, quando le reti sono molto estese, complesse o divise su pi\u00f9 edifici, la soluzione migliore \u00e8 proprio quella di avere un insieme di datalogger cablati, WiFi e a Radio frequenza. La serie HD50 pu\u00f2 essere integrata in tali reti ibride.<\/p>\n<p>I vantaggi della serie:<\/p>\n<ul>\n<li>Facile da usare: vi si pu\u00f2 <strong>accedere direttamente tramite browser web<\/strong>.<\/li>\n<li>Flessibile: i datalogger della serie HD50 possono essere utilizzati da soli o in reti con centinaia di datalogger.<\/li>\n<li>Software addizionale per tutte le soluzioni: database locale su PC, database su server locale o basato su Cloud.<\/li>\n<li>Ampia gamma di sensori standard (<strong>\u00b0C \/ UR \/ LUX \/ Atm \/ CO<sub>2 <\/sub>\/ pressione differenziale \/ PM1.0, PM2.5, PM4.0, PM10<\/strong>).<\/li>\n<li>Possono supportare praticamente ogni segnale:<strong> ingressi universali<\/strong> permettono di integrare qualsiasi trasmettitore con uscita standard in corrente o tensione.<\/li>\n<li>Software opzionale disponibile per CFR21part11 (mercato farmaceutico).<\/li>\n<li>Il datalogger pu\u00f2 inviare una email d\u2019allarme quando un valore \u00e8 superiore o inferiore alla soglia impostata.<\/li>\n<\/ul>\n<\/ul>\n<p hidden=\"\">HD50PM;<\/p>\n<p>&nbsp;<\/p>\n","protected":false},"excerpt":{"rendered":"<p>Datalogger con Web Server integrato. Connessione Wi-Fi e Ethernet con protocollo TCP\/IP proprietario o Modbus TCP\/IP.<\/p>\n","protected":false},"featured_media":16177,"template":"","meta":[],"product_cat":[97,808],"product_tag":[],"brands":[{"id":62,"name":"Data Acquisition Systems","slug":"data-acquisition-systems"},{"id":824,"name":"Sistemi di acquisizione dati","slug":"sistemi-acquisizione-dati"}],"yoast_head":"<!-- This site is optimized with the Yoast SEO plugin v21.1 - https:\/\/yoast.com\/wordpress\/plugins\/seo\/ -->\n<title>HD50... Serie \u2013 Web Data Logger - Data Acquisition Systems, Sistemi di acquisizione dati - Senseca Italy Srl<\/title>\n<meta name=\"description\" content=\"Cerchi Data Acquisition Systems, Sistemi di acquisizione dati? Scopri le caratteristiche di HD50... Serie \u2013 Web Data Logger di Senseca Italy Srl\" \/>\n<meta name=\"robots\" content=\"index, follow, max-snippet:-1, max-image-preview:large, max-video-preview:-1\" \/>\n<link rel=\"canonical\" href=\"https:\/\/environmental.senseca.com\/it\/prodotto\/hd50-web-data-logger\/\" \/>\n<meta property=\"og:locale\" content=\"it_IT\" \/>\n<meta property=\"og:type\" content=\"article\" \/>\n<meta property=\"og:title\" content=\"HD50... Serie \u2013 Web Data Logger - Data Acquisition Systems, Sistemi di acquisizione dati - Senseca Italy Srl\" \/>\n<meta property=\"og:description\" content=\"Cerchi Data Acquisition Systems, Sistemi di acquisizione dati? Scopri le caratteristiche di HD50... Serie \u2013 Web Data Logger di Senseca Italy Srl\" \/>\n<meta property=\"og:url\" content=\"https:\/\/environmental.senseca.com\/it\/prodotto\/hd50-web-data-logger\/\" \/>\n<meta property=\"og:site_name\" content=\"Senseca Italy Srl\" \/>\n<meta property=\"article:modified_time\" content=\"2025-07-28T15:40:24+00:00\" \/>\n<meta property=\"og:image\" content=\"https:\/\/environmental.senseca.com\/wp-content\/uploads\/2018\/08\/img_fam_HD50L1_NB_right.jpg\" \/>\n\t<meta property=\"og:image:width\" content=\"1000\" \/>\n\t<meta property=\"og:image:height\" content=\"1000\" \/>\n\t<meta property=\"og:image:type\" content=\"image\/jpeg\" \/>\n<meta name=\"twitter:card\" content=\"summary_large_image\" \/>\n<meta name=\"twitter:label1\" content=\"Tempo di lettura stimato\" \/>\n\t<meta name=\"twitter:data1\" content=\"2 minuti\" \/>\n<script type=\"application\/ld+json\" class=\"yoast-schema-graph\">{\"@context\":\"https:\/\/schema.org\",\"@graph\":[{\"@type\":\"WebPage\",\"@id\":\"https:\/\/environmental.senseca.com\/it\/prodotto\/hd50-web-data-logger\/\",\"url\":\"https:\/\/environmental.senseca.com\/it\/prodotto\/hd50-web-data-logger\/\",\"name\":\"HD50... Serie \u2013 Web Data Logger - Data Acquisition Systems, Sistemi di acquisizione dati - Senseca Italy Srl\",\"isPartOf\":{\"@id\":\"https:\/\/environmental.senseca.com\/#website\"},\"datePublished\":\"2018-08-02T15:09:09+00:00\",\"dateModified\":\"2025-07-28T15:40:24+00:00\",\"description\":\"Cerchi Data Acquisition Systems, Sistemi di acquisizione dati? Scopri le caratteristiche di HD50... Serie \u2013 Web Data Logger di Senseca Italy Srl\",\"breadcrumb\":{\"@id\":\"https:\/\/environmental.senseca.com\/it\/prodotto\/hd50-web-data-logger\/#breadcrumb\"},\"inLanguage\":\"it-IT\",\"potentialAction\":[{\"@type\":\"ReadAction\",\"target\":[\"https:\/\/environmental.senseca.com\/it\/prodotto\/hd50-web-data-logger\/\"]}]},{\"@type\":\"BreadcrumbList\",\"@id\":\"https:\/\/environmental.senseca.com\/it\/prodotto\/hd50-web-data-logger\/#breadcrumb\",\"itemListElement\":[{\"@type\":\"ListItem\",\"position\":1,\"name\":\"Home\",\"item\":\"https:\/\/environmental.senseca.com\/it\/\"},{\"@type\":\"ListItem\",\"position\":2,\"name\":\"Prodotti\",\"item\":\"https:\/\/environmental.senseca.com\/products\/\"},{\"@type\":\"ListItem\",\"position\":3,\"name\":\"HD50&#8230; Serie \u2013 Web Data Logger\"}]},{\"@type\":\"WebSite\",\"@id\":\"https:\/\/environmental.senseca.com\/#website\",\"url\":\"https:\/\/environmental.senseca.com\/\",\"name\":\"Senseca Italy Srl\",\"description\":\"Member of GHM GROUP\",\"publisher\":{\"@id\":\"https:\/\/environmental.senseca.com\/#organization\"},\"alternateName\":\"Senseca\",\"potentialAction\":[{\"@type\":\"SearchAction\",\"target\":{\"@type\":\"EntryPoint\",\"urlTemplate\":\"https:\/\/environmental.senseca.com\/?s={search_term_string}\"},\"query-input\":\"required name=search_term_string\"}],\"inLanguage\":\"it-IT\"},{\"@type\":\"Organization\",\"@id\":\"https:\/\/environmental.senseca.com\/#organization\",\"name\":\"Senseca Italy Srl\",\"url\":\"https:\/\/environmental.senseca.com\/\",\"logo\":{\"@type\":\"ImageObject\",\"inLanguage\":\"it-IT\",\"@id\":\"https:\/\/environmental.senseca.com\/#\/schema\/logo\/image\/\",\"url\":\"https:\/\/environmental.senseca.com\/wp-content\/uploads\/2018\/07\/logo_prodotti.jpg\",\"contentUrl\":\"https:\/\/environmental.senseca.com\/wp-content\/uploads\/2018\/07\/logo_prodotti.jpg\",\"width\":1000,\"height\":1000,\"caption\":\"Senseca Italy Srl\"},\"image\":{\"@id\":\"https:\/\/environmental.senseca.com\/#\/schema\/logo\/image\/\"},\"sameAs\":[\"https:\/\/www.linkedin.com\/company\/senseca-measurement-solutions\/\",\"https:\/\/www.youtube.com\/@senseca-measurement-solutions\"]}]}<\/script>\n<!-- \/ Yoast SEO plugin. -->","yoast_head_json":{"title":"HD50... Serie \u2013 Web Data Logger - Data Acquisition Systems, Sistemi di acquisizione dati - Senseca Italy Srl","description":"Cerchi Data Acquisition Systems, Sistemi di acquisizione dati? Scopri le caratteristiche di HD50... Serie \u2013 Web Data Logger di Senseca Italy Srl","robots":{"index":"index","follow":"follow","max-snippet":"max-snippet:-1","max-image-preview":"max-image-preview:large","max-video-preview":"max-video-preview:-1"},"canonical":"https:\/\/environmental.senseca.com\/it\/prodotto\/hd50-web-data-logger\/","og_locale":"it_IT","og_type":"article","og_title":"HD50... Serie \u2013 Web Data Logger - Data Acquisition Systems, Sistemi di acquisizione dati - Senseca Italy Srl","og_description":"Cerchi Data Acquisition Systems, Sistemi di acquisizione dati? Scopri le caratteristiche di HD50... Serie \u2013 Web Data Logger di Senseca Italy Srl","og_url":"https:\/\/environmental.senseca.com\/it\/prodotto\/hd50-web-data-logger\/","og_site_name":"Senseca Italy Srl","article_modified_time":"2025-07-28T15:40:24+00:00","og_image":[{"width":1000,"height":1000,"url":"https:\/\/environmental.senseca.com\/wp-content\/uploads\/2018\/08\/img_fam_HD50L1_NB_right.jpg","type":"image\/jpeg"}],"twitter_card":"summary_large_image","twitter_misc":{"Tempo di lettura stimato":"2 minuti"},"schema":{"@context":"https:\/\/schema.org","@graph":[{"@type":"WebPage","@id":"https:\/\/environmental.senseca.com\/it\/prodotto\/hd50-web-data-logger\/","url":"https:\/\/environmental.senseca.com\/it\/prodotto\/hd50-web-data-logger\/","name":"HD50... Serie \u2013 Web Data Logger - Data Acquisition Systems, Sistemi di acquisizione dati - Senseca Italy Srl","isPartOf":{"@id":"https:\/\/environmental.senseca.com\/#website"},"datePublished":"2018-08-02T15:09:09+00:00","dateModified":"2025-07-28T15:40:24+00:00","description":"Cerchi Data Acquisition Systems, Sistemi di acquisizione dati? Scopri le caratteristiche di HD50... Serie \u2013 Web Data Logger di Senseca Italy Srl","breadcrumb":{"@id":"https:\/\/environmental.senseca.com\/it\/prodotto\/hd50-web-data-logger\/#breadcrumb"},"inLanguage":"it-IT","potentialAction":[{"@type":"ReadAction","target":["https:\/\/environmental.senseca.com\/it\/prodotto\/hd50-web-data-logger\/"]}]},{"@type":"BreadcrumbList","@id":"https:\/\/environmental.senseca.com\/it\/prodotto\/hd50-web-data-logger\/#breadcrumb","itemListElement":[{"@type":"ListItem","position":1,"name":"Home","item":"https:\/\/environmental.senseca.com\/it\/"},{"@type":"ListItem","position":2,"name":"Prodotti","item":"https:\/\/environmental.senseca.com\/products\/"},{"@type":"ListItem","position":3,"name":"HD50&#8230; Serie \u2013 Web Data Logger"}]},{"@type":"WebSite","@id":"https:\/\/environmental.senseca.com\/#website","url":"https:\/\/environmental.senseca.com\/","name":"Senseca Italy Srl","description":"Member of GHM GROUP","publisher":{"@id":"https:\/\/environmental.senseca.com\/#organization"},"alternateName":"Senseca","potentialAction":[{"@type":"SearchAction","target":{"@type":"EntryPoint","urlTemplate":"https:\/\/environmental.senseca.com\/?s={search_term_string}"},"query-input":"required name=search_term_string"}],"inLanguage":"it-IT"},{"@type":"Organization","@id":"https:\/\/environmental.senseca.com\/#organization","name":"Senseca Italy Srl","url":"https:\/\/environmental.senseca.com\/","logo":{"@type":"ImageObject","inLanguage":"it-IT","@id":"https:\/\/environmental.senseca.com\/#\/schema\/logo\/image\/","url":"https:\/\/environmental.senseca.com\/wp-content\/uploads\/2018\/07\/logo_prodotti.jpg","contentUrl":"https:\/\/environmental.senseca.com\/wp-content\/uploads\/2018\/07\/logo_prodotti.jpg","width":1000,"height":1000,"caption":"Senseca Italy Srl"},"image":{"@id":"https:\/\/environmental.senseca.com\/#\/schema\/logo\/image\/"},"sameAs":["https:\/\/www.linkedin.com\/company\/senseca-measurement-solutions\/","https:\/\/www.youtube.com\/@senseca-measurement-solutions"]}]}},"_links":{"self":[{"href":"https:\/\/environmental.senseca.com\/it\/wp-json\/wp\/v2\/product\/12898"}],"collection":[{"href":"https:\/\/environmental.senseca.com\/it\/wp-json\/wp\/v2\/product"}],"about":[{"href":"https:\/\/environmental.senseca.com\/it\/wp-json\/wp\/v2\/types\/product"}],"wp:featuredmedia":[{"embeddable":true,"href":"https:\/\/environmental.senseca.com\/it\/wp-json\/wp\/v2\/media\/16177"}],"wp:attachment":[{"href":"https:\/\/environmental.senseca.com\/it\/wp-json\/wp\/v2\/media?parent=12898"}],"wp:term":[{"taxonomy":"product_cat","embeddable":true,"href":"https:\/\/environmental.senseca.com\/it\/wp-json\/wp\/v2\/product_cat?post=12898"},{"taxonomy":"product_tag","embeddable":true,"href":"https:\/\/environmental.senseca.com\/it\/wp-json\/wp\/v2\/product_tag?post=12898"}],"curies":[{"name":"wp","href":"https:\/\/api.w.org\/{rel}","templated":true}]}}