{"id":12915,"date":"2018-08-02T14:31:25","date_gmt":"2018-08-02T14:31:25","guid":{"rendered":"https:\/\/www.deltaohm.com\/product\/hd208-compact-data-logger-monitoring-temperature-rh-and-dew-point\/"},"modified":"2025-01-17T17:51:50","modified_gmt":"2025-01-17T17:51:50","slug":"hd208-mini-datalogger-compatto-monitoraggio-temperatura-umidita-relativa","status":"publish","type":"product","link":"https:\/\/environmental.senseca.com\/it\/prodotto\/hd208-mini-datalogger-compatto-monitoraggio-temperatura-umidita-relativa\/","title":{"rendered":"HD208 &#8211; Mini Datalogger Compatto &#8211; Monitoraggio Temperatura \/ Umidit\u00e0 Relativa"},"content":{"rendered":"<p>I datalogger della serie HD208 sono strumenti compatti per il <strong>monitoraggio della temperatura, dell\u2019umidit\u00e0 relativa (UR) e della temperatura del punto di rugiada<\/strong>. Utilizzabili in un ampio spettro di applicazioni, sono disponibili in vari modelli:<\/p>\n<ul>\n<li>Con 1 canale di sola temperatura<\/li>\n<li>Con 1 canale di temperatura e umidit\u00e0 relativa<\/li>\n<\/ul>\n<p>I modelli possono essere forniti con o senza display LCD.<\/p>\n<p>La funzione di logging \u00e8 estremamente versatile; il logging pu\u00f2 essere avviato e arrestato manualmente oppure si pu\u00f2 programmare la data e l\u2019ora di partenza e arresto dell\u2019acquisizione.<\/p>\n<p>Per ogni grandezza rilevata, due soglie di allarme configurabili permettono di avvisare l\u2019utente se la misura esce dai parametri configurati.<\/p>\n<p>Lo strumento genera automaticamente, al termine del logging, un rapporto in formato PDF con i grafici delle variabili rilevate e un file in formato CSV con tutte le misure registrate.<\/p>\n<p>Il software applicativo HD35AP-S scaricabile qui, consente la configurazione dello strumento, il monitor delle misure in tempo reale e il trasferimento dei dati acquisiti in un database.<\/p>\n<p>L\u2019opzione HD35AP-CFR21 del software applicativo permette l\u2019utilizzo di funzionalit\u00e0 di protezione dei dati registrati e della configurazione dello strumento in ottemperanza alle <strong>raccomandazioni FDA 21 CFR parte 11.<\/strong><\/p>\n<p><strong>I sensori sono precalibrati<\/strong> e non richiedono ulteriori calibrazioni da parte dell\u2019utente. Se necessario, l\u2019utente pu\u00f2 eseguire una nuova calibrazione mediante il software applicativo HD35AP-S.<\/p>\n","protected":false},"excerpt":{"rendered":"<p>Datalogger di temperatura o temperatura \/ umidit\u00e0 relativa (UR). Calcola la Temperatura Cinetica Media (MKT) e la temperatura del punto di rugiada.\u00a0 Opzionalmente con software in accordo alle raccomandazioni FDA 21 CFR parte 11.<\/p>\n","protected":false},"featured_media":15953,"template":"","meta":[],"product_cat":[808],"product_tag":[1119,1005,1117,1116,1114,1001,1115,1000,1118],"brands":[{"id":810,"name":"Temperatura","slug":"temperatura"},{"id":764,"name":"Umidit\u00e0","slug":"umidita"}],"yoast_head":"<!-- This site is optimized with the Yoast SEO plugin v21.1 - https:\/\/yoast.com\/wordpress\/plugins\/seo\/ -->\n<title>HD208 - Mini Datalogger Compatto - Monitoraggio Temperatura \/ Umidit\u00e0 Relativa - Temperatura, Umidit\u00e0 - Senseca Italy Srl<\/title>\n<meta name=\"description\" content=\"Cerchi Temperatura, Umidit\u00e0? Scopri le caratteristiche di HD208 - Mini Datalogger Compatto - Monitoraggio Temperatura \/ Umidit\u00e0 Relativa di Senseca Italy Srl\" \/>\n<meta name=\"robots\" content=\"index, follow, max-snippet:-1, max-image-preview:large, max-video-preview:-1\" \/>\n<link rel=\"canonical\" href=\"https:\/\/environmental.senseca.com\/it\/prodotto\/hd208-mini-datalogger-compatto-monitoraggio-temperatura-umidita-relativa\/\" \/>\n<meta property=\"og:locale\" content=\"it_IT\" \/>\n<meta property=\"og:type\" content=\"article\" \/>\n<meta property=\"og:title\" content=\"HD208 - Mini Datalogger Compatto - Monitoraggio Temperatura \/ Umidit\u00e0 Relativa - Temperatura, Umidit\u00e0 - Senseca Italy Srl\" \/>\n<meta property=\"og:description\" content=\"Cerchi Temperatura, Umidit\u00e0? Scopri le caratteristiche di HD208 - Mini Datalogger Compatto - Monitoraggio Temperatura \/ Umidit\u00e0 Relativa di Senseca Italy Srl\" \/>\n<meta property=\"og:url\" content=\"https:\/\/environmental.senseca.com\/it\/prodotto\/hd208-mini-datalogger-compatto-monitoraggio-temperatura-umidita-relativa\/\" \/>\n<meta property=\"og:site_name\" content=\"Senseca Italy Srl\" \/>\n<meta property=\"article:modified_time\" content=\"2025-01-17T17:51:50+00:00\" \/>\n<meta property=\"og:image\" content=\"https:\/\/environmental.senseca.com\/wp-content\/uploads\/2018\/08\/HD208_senseca.jpg\" \/>\n\t<meta property=\"og:image:width\" content=\"1910\" \/>\n\t<meta property=\"og:image:height\" content=\"1910\" \/>\n\t<meta property=\"og:image:type\" content=\"image\/jpeg\" \/>\n<meta name=\"twitter:card\" content=\"summary_large_image\" \/>\n<meta name=\"twitter:label1\" content=\"Tempo di lettura stimato\" \/>\n\t<meta name=\"twitter:data1\" content=\"1 minuto\" \/>\n<script type=\"application\/ld+json\" class=\"yoast-schema-graph\">{\"@context\":\"https:\/\/schema.org\",\"@graph\":[{\"@type\":\"WebPage\",\"@id\":\"https:\/\/environmental.senseca.com\/it\/prodotto\/hd208-mini-datalogger-compatto-monitoraggio-temperatura-umidita-relativa\/\",\"url\":\"https:\/\/environmental.senseca.com\/it\/prodotto\/hd208-mini-datalogger-compatto-monitoraggio-temperatura-umidita-relativa\/\",\"name\":\"HD208 - Mini Datalogger Compatto - Monitoraggio Temperatura \/ Umidit\u00e0 Relativa - Temperatura, Umidit\u00e0 - Senseca Italy Srl\",\"isPartOf\":{\"@id\":\"https:\/\/environmental.senseca.com\/#website\"},\"datePublished\":\"2018-08-02T14:31:25+00:00\",\"dateModified\":\"2025-01-17T17:51:50+00:00\",\"description\":\"Cerchi Temperatura, Umidit\u00e0? Scopri le caratteristiche di HD208 - Mini Datalogger Compatto - Monitoraggio Temperatura \/ Umidit\u00e0 Relativa di Senseca Italy Srl\",\"breadcrumb\":{\"@id\":\"https:\/\/environmental.senseca.com\/it\/prodotto\/hd208-mini-datalogger-compatto-monitoraggio-temperatura-umidita-relativa\/#breadcrumb\"},\"inLanguage\":\"it-IT\",\"potentialAction\":[{\"@type\":\"ReadAction\",\"target\":[\"https:\/\/environmental.senseca.com\/it\/prodotto\/hd208-mini-datalogger-compatto-monitoraggio-temperatura-umidita-relativa\/\"]}]},{\"@type\":\"BreadcrumbList\",\"@id\":\"https:\/\/environmental.senseca.com\/it\/prodotto\/hd208-mini-datalogger-compatto-monitoraggio-temperatura-umidita-relativa\/#breadcrumb\",\"itemListElement\":[{\"@type\":\"ListItem\",\"position\":1,\"name\":\"Home\",\"item\":\"https:\/\/environmental.senseca.com\/it\/\"},{\"@type\":\"ListItem\",\"position\":2,\"name\":\"Prodotti\",\"item\":\"https:\/\/environmental.senseca.com\/products\/\"},{\"@type\":\"ListItem\",\"position\":3,\"name\":\"HD208 &#8211; Mini Datalogger Compatto &#8211; Monitoraggio Temperatura \/ Umidit\u00e0 Relativa\"}]},{\"@type\":\"WebSite\",\"@id\":\"https:\/\/environmental.senseca.com\/#website\",\"url\":\"https:\/\/environmental.senseca.com\/\",\"name\":\"Senseca Italy Srl\",\"description\":\"Member of GHM GROUP\",\"publisher\":{\"@id\":\"https:\/\/environmental.senseca.com\/#organization\"},\"alternateName\":\"Senseca\",\"potentialAction\":[{\"@type\":\"SearchAction\",\"target\":{\"@type\":\"EntryPoint\",\"urlTemplate\":\"https:\/\/environmental.senseca.com\/?s={search_term_string}\"},\"query-input\":\"required name=search_term_string\"}],\"inLanguage\":\"it-IT\"},{\"@type\":\"Organization\",\"@id\":\"https:\/\/environmental.senseca.com\/#organization\",\"name\":\"Senseca Italy Srl\",\"url\":\"https:\/\/environmental.senseca.com\/\",\"logo\":{\"@type\":\"ImageObject\",\"inLanguage\":\"it-IT\",\"@id\":\"https:\/\/environmental.senseca.com\/#\/schema\/logo\/image\/\",\"url\":\"https:\/\/environmental.senseca.com\/wp-content\/uploads\/2018\/07\/logo_prodotti.jpg\",\"contentUrl\":\"https:\/\/environmental.senseca.com\/wp-content\/uploads\/2018\/07\/logo_prodotti.jpg\",\"width\":1000,\"height\":1000,\"caption\":\"Senseca Italy Srl\"},\"image\":{\"@id\":\"https:\/\/environmental.senseca.com\/#\/schema\/logo\/image\/\"},\"sameAs\":[\"https:\/\/www.linkedin.com\/company\/senseca-measurement-solutions\/\",\"https:\/\/www.youtube.com\/@senseca-measurement-solutions\"]}]}<\/script>\n<!-- \/ Yoast SEO plugin. -->","yoast_head_json":{"title":"HD208 - Mini Datalogger Compatto - Monitoraggio Temperatura \/ Umidit\u00e0 Relativa - Temperatura, Umidit\u00e0 - Senseca Italy Srl","description":"Cerchi Temperatura, Umidit\u00e0? Scopri le caratteristiche di HD208 - Mini Datalogger Compatto - Monitoraggio Temperatura \/ Umidit\u00e0 Relativa di Senseca Italy Srl","robots":{"index":"index","follow":"follow","max-snippet":"max-snippet:-1","max-image-preview":"max-image-preview:large","max-video-preview":"max-video-preview:-1"},"canonical":"https:\/\/environmental.senseca.com\/it\/prodotto\/hd208-mini-datalogger-compatto-monitoraggio-temperatura-umidita-relativa\/","og_locale":"it_IT","og_type":"article","og_title":"HD208 - Mini Datalogger Compatto - Monitoraggio Temperatura \/ Umidit\u00e0 Relativa - Temperatura, Umidit\u00e0 - Senseca Italy Srl","og_description":"Cerchi Temperatura, Umidit\u00e0? Scopri le caratteristiche di HD208 - Mini Datalogger Compatto - Monitoraggio Temperatura \/ Umidit\u00e0 Relativa di Senseca Italy Srl","og_url":"https:\/\/environmental.senseca.com\/it\/prodotto\/hd208-mini-datalogger-compatto-monitoraggio-temperatura-umidita-relativa\/","og_site_name":"Senseca Italy Srl","article_modified_time":"2025-01-17T17:51:50+00:00","og_image":[{"width":1910,"height":1910,"url":"https:\/\/environmental.senseca.com\/wp-content\/uploads\/2018\/08\/HD208_senseca.jpg","type":"image\/jpeg"}],"twitter_card":"summary_large_image","twitter_misc":{"Tempo di lettura stimato":"1 minuto"},"schema":{"@context":"https:\/\/schema.org","@graph":[{"@type":"WebPage","@id":"https:\/\/environmental.senseca.com\/it\/prodotto\/hd208-mini-datalogger-compatto-monitoraggio-temperatura-umidita-relativa\/","url":"https:\/\/environmental.senseca.com\/it\/prodotto\/hd208-mini-datalogger-compatto-monitoraggio-temperatura-umidita-relativa\/","name":"HD208 - Mini Datalogger Compatto - Monitoraggio Temperatura \/ Umidit\u00e0 Relativa - Temperatura, Umidit\u00e0 - Senseca Italy Srl","isPartOf":{"@id":"https:\/\/environmental.senseca.com\/#website"},"datePublished":"2018-08-02T14:31:25+00:00","dateModified":"2025-01-17T17:51:50+00:00","description":"Cerchi Temperatura, Umidit\u00e0? Scopri le caratteristiche di HD208 - Mini Datalogger Compatto - Monitoraggio Temperatura \/ Umidit\u00e0 Relativa di Senseca Italy Srl","breadcrumb":{"@id":"https:\/\/environmental.senseca.com\/it\/prodotto\/hd208-mini-datalogger-compatto-monitoraggio-temperatura-umidita-relativa\/#breadcrumb"},"inLanguage":"it-IT","potentialAction":[{"@type":"ReadAction","target":["https:\/\/environmental.senseca.com\/it\/prodotto\/hd208-mini-datalogger-compatto-monitoraggio-temperatura-umidita-relativa\/"]}]},{"@type":"BreadcrumbList","@id":"https:\/\/environmental.senseca.com\/it\/prodotto\/hd208-mini-datalogger-compatto-monitoraggio-temperatura-umidita-relativa\/#breadcrumb","itemListElement":[{"@type":"ListItem","position":1,"name":"Home","item":"https:\/\/environmental.senseca.com\/it\/"},{"@type":"ListItem","position":2,"name":"Prodotti","item":"https:\/\/environmental.senseca.com\/products\/"},{"@type":"ListItem","position":3,"name":"HD208 &#8211; Mini Datalogger Compatto &#8211; Monitoraggio Temperatura \/ Umidit\u00e0 Relativa"}]},{"@type":"WebSite","@id":"https:\/\/environmental.senseca.com\/#website","url":"https:\/\/environmental.senseca.com\/","name":"Senseca Italy Srl","description":"Member of GHM GROUP","publisher":{"@id":"https:\/\/environmental.senseca.com\/#organization"},"alternateName":"Senseca","potentialAction":[{"@type":"SearchAction","target":{"@type":"EntryPoint","urlTemplate":"https:\/\/environmental.senseca.com\/?s={search_term_string}"},"query-input":"required name=search_term_string"}],"inLanguage":"it-IT"},{"@type":"Organization","@id":"https:\/\/environmental.senseca.com\/#organization","name":"Senseca Italy Srl","url":"https:\/\/environmental.senseca.com\/","logo":{"@type":"ImageObject","inLanguage":"it-IT","@id":"https:\/\/environmental.senseca.com\/#\/schema\/logo\/image\/","url":"https:\/\/environmental.senseca.com\/wp-content\/uploads\/2018\/07\/logo_prodotti.jpg","contentUrl":"https:\/\/environmental.senseca.com\/wp-content\/uploads\/2018\/07\/logo_prodotti.jpg","width":1000,"height":1000,"caption":"Senseca Italy Srl"},"image":{"@id":"https:\/\/environmental.senseca.com\/#\/schema\/logo\/image\/"},"sameAs":["https:\/\/www.linkedin.com\/company\/senseca-measurement-solutions\/","https:\/\/www.youtube.com\/@senseca-measurement-solutions"]}]}},"_links":{"self":[{"href":"https:\/\/environmental.senseca.com\/it\/wp-json\/wp\/v2\/product\/12915"}],"collection":[{"href":"https:\/\/environmental.senseca.com\/it\/wp-json\/wp\/v2\/product"}],"about":[{"href":"https:\/\/environmental.senseca.com\/it\/wp-json\/wp\/v2\/types\/product"}],"wp:featuredmedia":[{"embeddable":true,"href":"https:\/\/environmental.senseca.com\/it\/wp-json\/wp\/v2\/media\/15953"}],"wp:attachment":[{"href":"https:\/\/environmental.senseca.com\/it\/wp-json\/wp\/v2\/media?parent=12915"}],"wp:term":[{"taxonomy":"product_cat","embeddable":true,"href":"https:\/\/environmental.senseca.com\/it\/wp-json\/wp\/v2\/product_cat?post=12915"},{"taxonomy":"product_tag","embeddable":true,"href":"https:\/\/environmental.senseca.com\/it\/wp-json\/wp\/v2\/product_tag?post=12915"}],"curies":[{"name":"wp","href":"https:\/\/api.w.org\/{rel}","templated":true}]}}