{"id":12927,"date":"2018-08-02T13:21:19","date_gmt":"2018-08-02T13:21:19","guid":{"rendered":"https:\/\/www.deltaohm.com\/product\/hd35-wireless-data-logger-system\/"},"modified":"2024-02-21T14:05:37","modified_gmt":"2024-02-21T14:05:37","slug":"hd35-wireless-data-logger-system","status":"publish","type":"product","link":"https:\/\/environmental.senseca.com\/it\/prodotto\/hd35-wireless-data-logger-system\/","title":{"rendered":"HD35 &#8211; Sistema di Datalogging Wireless"},"content":{"rendered":"<p>Il sistema wireless di base serie HD35\u2026 \u00e8 formato da:<\/p>\n<ul>\n<li>Uno o pi\u00f9 dispositivi della serie <strong>HD35ED\u2026<\/strong>: i dispositivi HD35ED\u2026 <strong>acquisiscono i valori misurati dai sensori integrati o dai sensori esterni<\/strong> collegati via cavo. I dati sono sia memorizzati nella memoria interna del dispositivo che trasmessi via radio all\u2019unit\u00e0 ricevente (unit\u00e0 base\/Access Point). La maggior parte dei dispositivi HD35ED\u2026 funziona a batteria e non richiede collegamenti di alimentazione.<\/li>\n<li>Una unit\u00e0 base <strong>(Access Point) HD35AP<\/strong>\u2026: <strong>riceve i valori misurati<\/strong> da tutti i dispositivi HD35ED\u2026 e li trasmette al PC. L\u2019unit\u00e0 base HD35AP\u2026 ha una batteria tampone interna con autonomia limitata, deve pertanto essere alimentata dall\u2019esterno collegandola all\u2019apposito alimentatore (opzionale) o alla porta USB del PC.<\/li>\n<li><strong>Software HD35AP-S:<\/strong> da installare nel PC, permette di scaricare e visualizzare i dati, di inserire i dati in un database e di configurare il sistema.<br \/>\nIl software \u00e8 scaricabile gratuitamente qui.<\/li>\n<\/ul>\n<p>Sono disponibili datalogger con sensori integrati e datalogger con sonde esterne, collegabili tramite connettori M12 o morsetti a seconda del modello. Ai datalogger con ingressi a morsetti si possono collegare:<\/p>\n<ul>\n<li>Trasmettitori con uscita in corrente 0\u00f720 o 4\u00f720 mA e in tensione 0\u00f750 mV, 0\u00f71 V o 0\u00f710 V<\/li>\n<li>Sensori di temperatura Pt100 \/ Pt1000 e termocoppie tipo K, J, T, N, E<\/li>\n<li>Sensori con uscita a contatto pulito (conteggio delle commutazioni) o potenziometrica<\/li>\n<\/ul>\n<p><strong>Applicazioni tipiche<\/strong>:<\/p>\n<ul>\n<li>Alimentare e Magazzini<\/li>\n<li>Farmaceutica, Laboratori Medici, Camere Bianche<\/li>\n<li>Musei, Edifici e Luoghi Pubblici<\/li>\n<li>Condizionamento dell&#8217;aria<\/li>\n<li>Energie Rinnovabili<\/li>\n<li>Agricoltura e Serre<\/li>\n<li>Meteorologia e Idrologia<\/li>\n<li>Processi industriali<\/li>\n<\/ul>\n<p>Il sistema \u00e8 formato dai seguenti componenti:<\/p>\n<ul>\n<li><strong>HD35AP\u2026<\/strong> unit\u00e0 base<\/li>\n<li><strong>HD35RE\u2026<\/strong> ripetitori<\/li>\n<li><strong>HD35ED\u2026<\/strong> serie di datalogger<\/li>\n<li><strong>HD35ED-ALM<\/strong> dispositivo di allarme remoto<\/li>\n<\/ul>\n<p>Il sistema pu\u00f2 essere composto da un massimo di 255 dispositivi (compreso l\u2019unit\u00e0 base ed eventuali ripetitori). Ogni dispositivo \u00e8 univocamente identificato da un proprio indirizzo. Grazie alla<strong> trasmissione wireless, l\u2019installazione del sistema \u00e8 estremamente semplice e veloce.<\/strong><\/p>\n","protected":false},"excerpt":{"rendered":"<p>Sistema di datalogging wireless che permette il monitoraggio di una molteplicit\u00e0 di grandezze fisiche nei pi\u00f9 svariati campi di applicazione. Temperatura &#8211; Umidit\u00e0 &#8211; Pressione Atmosferica e differenziale &#8211; Illuminamento &#8211; Irradiamento UVA, UVB, UVC, CO, CO2 &#8211; Radiazione Solare &#8211; Precipitazione- Velocit\u00e0 e direzione del vento, Bagnatura fogliare, Contenuto Volumetrico d&#8217;acqua nel terreno, Livello, WBGT.<\/p>\n","protected":false},"featured_media":12928,"template":"","meta":[],"product_cat":[97,808],"product_tag":[],"brands":[{"id":62,"name":"Data Acquisition Systems","slug":"data-acquisition-systems"},{"id":824,"name":"Sistemi di acquisizione dati","slug":"sistemi-acquisizione-dati"}],"yoast_head":"<!-- This site is optimized with the Yoast SEO plugin v21.1 - https:\/\/yoast.com\/wordpress\/plugins\/seo\/ -->\n<title>HD35 - Sistema di Datalogging Wireless - Data Acquisition Systems, Sistemi di acquisizione dati - Senseca Italy Srl<\/title>\n<meta name=\"description\" content=\"Cerchi Data Acquisition Systems, Sistemi di acquisizione dati? Scopri le caratteristiche di HD35 - Sistema di Datalogging Wireless di Senseca Italy Srl\" \/>\n<meta name=\"robots\" content=\"index, follow, max-snippet:-1, max-image-preview:large, max-video-preview:-1\" \/>\n<link rel=\"canonical\" href=\"https:\/\/environmental.senseca.com\/it\/prodotto\/hd35-wireless-data-logger-system\/\" \/>\n<meta property=\"og:locale\" content=\"it_IT\" \/>\n<meta property=\"og:type\" content=\"article\" \/>\n<meta property=\"og:title\" content=\"HD35 - Sistema di Datalogging Wireless - Data Acquisition Systems, Sistemi di acquisizione dati - Senseca Italy Srl\" \/>\n<meta property=\"og:description\" content=\"Cerchi Data Acquisition Systems, Sistemi di acquisizione dati? Scopri le caratteristiche di HD35 - Sistema di Datalogging Wireless di Senseca Italy Srl\" \/>\n<meta property=\"og:url\" content=\"https:\/\/environmental.senseca.com\/it\/prodotto\/hd35-wireless-data-logger-system\/\" \/>\n<meta property=\"og:site_name\" content=\"Senseca Italy Srl\" \/>\n<meta property=\"article:modified_time\" content=\"2024-02-21T14:05:37+00:00\" \/>\n<meta property=\"og:image\" content=\"https:\/\/environmental.senseca.com\/wp-content\/uploads\/2018\/06\/HD35-wireless-data-logger-2.jpg\" \/>\n\t<meta property=\"og:image:width\" content=\"1000\" \/>\n\t<meta property=\"og:image:height\" content=\"1000\" \/>\n\t<meta property=\"og:image:type\" content=\"image\/jpeg\" \/>\n<meta name=\"twitter:card\" content=\"summary_large_image\" \/>\n<meta name=\"twitter:label1\" content=\"Tempo di lettura stimato\" \/>\n\t<meta name=\"twitter:data1\" content=\"2 minuti\" \/>\n<script type=\"application\/ld+json\" class=\"yoast-schema-graph\">{\"@context\":\"https:\/\/schema.org\",\"@graph\":[{\"@type\":\"WebPage\",\"@id\":\"https:\/\/environmental.senseca.com\/it\/prodotto\/hd35-wireless-data-logger-system\/\",\"url\":\"https:\/\/environmental.senseca.com\/it\/prodotto\/hd35-wireless-data-logger-system\/\",\"name\":\"HD35 - Sistema di Datalogging Wireless - Data Acquisition Systems, Sistemi di acquisizione dati - Senseca Italy Srl\",\"isPartOf\":{\"@id\":\"https:\/\/environmental.senseca.com\/#website\"},\"datePublished\":\"2018-08-02T13:21:19+00:00\",\"dateModified\":\"2024-02-21T14:05:37+00:00\",\"description\":\"Cerchi Data Acquisition Systems, Sistemi di acquisizione dati? Scopri le caratteristiche di HD35 - Sistema di Datalogging Wireless di Senseca Italy Srl\",\"breadcrumb\":{\"@id\":\"https:\/\/environmental.senseca.com\/it\/prodotto\/hd35-wireless-data-logger-system\/#breadcrumb\"},\"inLanguage\":\"it-IT\",\"potentialAction\":[{\"@type\":\"ReadAction\",\"target\":[\"https:\/\/environmental.senseca.com\/it\/prodotto\/hd35-wireless-data-logger-system\/\"]}]},{\"@type\":\"BreadcrumbList\",\"@id\":\"https:\/\/environmental.senseca.com\/it\/prodotto\/hd35-wireless-data-logger-system\/#breadcrumb\",\"itemListElement\":[{\"@type\":\"ListItem\",\"position\":1,\"name\":\"Home\",\"item\":\"https:\/\/environmental.senseca.com\/it\/\"},{\"@type\":\"ListItem\",\"position\":2,\"name\":\"Prodotti\",\"item\":\"https:\/\/environmental.senseca.com\/products\/\"},{\"@type\":\"ListItem\",\"position\":3,\"name\":\"HD35 &#8211; Sistema di Datalogging Wireless\"}]},{\"@type\":\"WebSite\",\"@id\":\"https:\/\/environmental.senseca.com\/#website\",\"url\":\"https:\/\/environmental.senseca.com\/\",\"name\":\"Senseca Italy Srl\",\"description\":\"Member of GHM GROUP\",\"publisher\":{\"@id\":\"https:\/\/environmental.senseca.com\/#organization\"},\"alternateName\":\"Senseca\",\"potentialAction\":[{\"@type\":\"SearchAction\",\"target\":{\"@type\":\"EntryPoint\",\"urlTemplate\":\"https:\/\/environmental.senseca.com\/?s={search_term_string}\"},\"query-input\":\"required name=search_term_string\"}],\"inLanguage\":\"it-IT\"},{\"@type\":\"Organization\",\"@id\":\"https:\/\/environmental.senseca.com\/#organization\",\"name\":\"Senseca Italy Srl\",\"url\":\"https:\/\/environmental.senseca.com\/\",\"logo\":{\"@type\":\"ImageObject\",\"inLanguage\":\"it-IT\",\"@id\":\"https:\/\/environmental.senseca.com\/#\/schema\/logo\/image\/\",\"url\":\"https:\/\/environmental.senseca.com\/wp-content\/uploads\/2018\/07\/logo_prodotti.jpg\",\"contentUrl\":\"https:\/\/environmental.senseca.com\/wp-content\/uploads\/2018\/07\/logo_prodotti.jpg\",\"width\":1000,\"height\":1000,\"caption\":\"Senseca Italy Srl\"},\"image\":{\"@id\":\"https:\/\/environmental.senseca.com\/#\/schema\/logo\/image\/\"},\"sameAs\":[\"https:\/\/www.linkedin.com\/company\/senseca-measurement-solutions\/\",\"https:\/\/www.youtube.com\/@senseca-measurement-solutions\"]}]}<\/script>\n<!-- \/ Yoast SEO plugin. -->","yoast_head_json":{"title":"HD35 - Sistema di Datalogging Wireless - Data Acquisition Systems, Sistemi di acquisizione dati - Senseca Italy Srl","description":"Cerchi Data Acquisition Systems, Sistemi di acquisizione dati? Scopri le caratteristiche di HD35 - Sistema di Datalogging Wireless di Senseca Italy Srl","robots":{"index":"index","follow":"follow","max-snippet":"max-snippet:-1","max-image-preview":"max-image-preview:large","max-video-preview":"max-video-preview:-1"},"canonical":"https:\/\/environmental.senseca.com\/it\/prodotto\/hd35-wireless-data-logger-system\/","og_locale":"it_IT","og_type":"article","og_title":"HD35 - Sistema di Datalogging Wireless - Data Acquisition Systems, Sistemi di acquisizione dati - Senseca Italy Srl","og_description":"Cerchi Data Acquisition Systems, Sistemi di acquisizione dati? Scopri le caratteristiche di HD35 - Sistema di Datalogging Wireless di Senseca Italy Srl","og_url":"https:\/\/environmental.senseca.com\/it\/prodotto\/hd35-wireless-data-logger-system\/","og_site_name":"Senseca Italy Srl","article_modified_time":"2024-02-21T14:05:37+00:00","og_image":[{"width":1000,"height":1000,"url":"https:\/\/environmental.senseca.com\/wp-content\/uploads\/2018\/06\/HD35-wireless-data-logger-2.jpg","type":"image\/jpeg"}],"twitter_card":"summary_large_image","twitter_misc":{"Tempo di lettura stimato":"2 minuti"},"schema":{"@context":"https:\/\/schema.org","@graph":[{"@type":"WebPage","@id":"https:\/\/environmental.senseca.com\/it\/prodotto\/hd35-wireless-data-logger-system\/","url":"https:\/\/environmental.senseca.com\/it\/prodotto\/hd35-wireless-data-logger-system\/","name":"HD35 - Sistema di Datalogging Wireless - Data Acquisition Systems, Sistemi di acquisizione dati - Senseca Italy Srl","isPartOf":{"@id":"https:\/\/environmental.senseca.com\/#website"},"datePublished":"2018-08-02T13:21:19+00:00","dateModified":"2024-02-21T14:05:37+00:00","description":"Cerchi Data Acquisition Systems, Sistemi di acquisizione dati? Scopri le caratteristiche di HD35 - Sistema di Datalogging Wireless di Senseca Italy Srl","breadcrumb":{"@id":"https:\/\/environmental.senseca.com\/it\/prodotto\/hd35-wireless-data-logger-system\/#breadcrumb"},"inLanguage":"it-IT","potentialAction":[{"@type":"ReadAction","target":["https:\/\/environmental.senseca.com\/it\/prodotto\/hd35-wireless-data-logger-system\/"]}]},{"@type":"BreadcrumbList","@id":"https:\/\/environmental.senseca.com\/it\/prodotto\/hd35-wireless-data-logger-system\/#breadcrumb","itemListElement":[{"@type":"ListItem","position":1,"name":"Home","item":"https:\/\/environmental.senseca.com\/it\/"},{"@type":"ListItem","position":2,"name":"Prodotti","item":"https:\/\/environmental.senseca.com\/products\/"},{"@type":"ListItem","position":3,"name":"HD35 &#8211; Sistema di Datalogging Wireless"}]},{"@type":"WebSite","@id":"https:\/\/environmental.senseca.com\/#website","url":"https:\/\/environmental.senseca.com\/","name":"Senseca Italy Srl","description":"Member of GHM GROUP","publisher":{"@id":"https:\/\/environmental.senseca.com\/#organization"},"alternateName":"Senseca","potentialAction":[{"@type":"SearchAction","target":{"@type":"EntryPoint","urlTemplate":"https:\/\/environmental.senseca.com\/?s={search_term_string}"},"query-input":"required name=search_term_string"}],"inLanguage":"it-IT"},{"@type":"Organization","@id":"https:\/\/environmental.senseca.com\/#organization","name":"Senseca Italy Srl","url":"https:\/\/environmental.senseca.com\/","logo":{"@type":"ImageObject","inLanguage":"it-IT","@id":"https:\/\/environmental.senseca.com\/#\/schema\/logo\/image\/","url":"https:\/\/environmental.senseca.com\/wp-content\/uploads\/2018\/07\/logo_prodotti.jpg","contentUrl":"https:\/\/environmental.senseca.com\/wp-content\/uploads\/2018\/07\/logo_prodotti.jpg","width":1000,"height":1000,"caption":"Senseca Italy Srl"},"image":{"@id":"https:\/\/environmental.senseca.com\/#\/schema\/logo\/image\/"},"sameAs":["https:\/\/www.linkedin.com\/company\/senseca-measurement-solutions\/","https:\/\/www.youtube.com\/@senseca-measurement-solutions"]}]}},"_links":{"self":[{"href":"https:\/\/environmental.senseca.com\/it\/wp-json\/wp\/v2\/product\/12927"}],"collection":[{"href":"https:\/\/environmental.senseca.com\/it\/wp-json\/wp\/v2\/product"}],"about":[{"href":"https:\/\/environmental.senseca.com\/it\/wp-json\/wp\/v2\/types\/product"}],"wp:featuredmedia":[{"embeddable":true,"href":"https:\/\/environmental.senseca.com\/it\/wp-json\/wp\/v2\/media\/12928"}],"wp:attachment":[{"href":"https:\/\/environmental.senseca.com\/it\/wp-json\/wp\/v2\/media?parent=12927"}],"wp:term":[{"taxonomy":"product_cat","embeddable":true,"href":"https:\/\/environmental.senseca.com\/it\/wp-json\/wp\/v2\/product_cat?post=12927"},{"taxonomy":"product_tag","embeddable":true,"href":"https:\/\/environmental.senseca.com\/it\/wp-json\/wp\/v2\/product_tag?post=12927"}],"curies":[{"name":"wp","href":"https:\/\/api.w.org\/{rel}","templated":true}]}}