{"id":12976,"date":"2018-07-31T14:43:51","date_gmt":"2018-07-31T14:43:51","guid":{"rendered":"https:\/\/www.deltaohm.com\/product\/hd33mt-gsm-gsm-3g-logger-ip65-meteo\/"},"modified":"2024-11-28T13:40:45","modified_gmt":"2024-11-28T13:40:45","slug":"hd33mt-4-datalogger-per-stazioni-meteo-4g","status":"publish","type":"product","link":"https:\/\/environmental.senseca.com\/it\/prodotto\/hd33mt-4-datalogger-per-stazioni-meteo-4g\/","title":{"rendered":"HD33MT.4 &#8211; Datalogger per Stazioni Meteo, 4G"},"content":{"rendered":"<p><strong>HD33MT.4<\/strong> \u00e8 la serie pi\u00f9 universale di datalogger meteorologici compatti con modem universale 4G\/3G\/2G\/GPRS.<\/p>\n<p>Il datalogger pu\u00f2 essere alimentato da un pannello fotovoltaico ed \u00e8 progettato per essere a <strong>basso consumo:<\/strong> pu\u00f2 funzionare per settimane anche in assenza di ricarica della batteria da parte del pannello solare.<\/p>\n<p>La batteria tampone ricaricabile da 12 V \/ 3,4 Ah opzionale da installare all&#8217;interno della cassetta previene la perdita di registrazioni in assenza di alimentazione esterna. Il <strong>caricabatteria \u00e8 integrato<\/strong> nello strumento.<\/p>\n<p>Il datalogger \u00e8 provvisto di:<\/p>\n<ul>\n<li>4 ingressi analogici configurabili indipendentemente<\/li>\n<li>2 ingressi per il conteggio delle commutazioni di un contatto pulito<\/li>\n<li>Una porta SDI-12 \u201cMaster\u201d compatibile con la versione 1.3 del protocollo SDI-12.<\/li>\n<li>Una porta RS485 con protocollo Modbus-RTU configurabile come \u201cMaster\u201d o \u201cSlave\u201d.<\/li>\n<li>2 uscite di allarme a contatto pulito.<\/li>\n<li>Ethernet MODBUS TCP\/IP (opzionale, codici HD33MT.4\/E\u00a0 o HD33LMT.4\/E)<\/li>\n<\/ul>\n<p>Opzionalmente, \u00e8 possibile aggiungere al logger un sensore di pressione atmosferica interno. Poich\u00e9 i circuiti elettronici sono gi\u00e0 integrati, questo non influenza il numero di ingressi liberi disponibili.<\/p>\n<p>Il modem passa in automatico da 4G a 3G a 2G quando una certa rete non \u00e8 disponibile.<br \/>\nIl logger \u00e8 disponibile anche con display LCD opzionale. (<strong>HD33LMT.4<\/strong>)<\/p>\n<p>In base ai sensori collegati,<strong> monitoraggio simultaneo di<\/strong>: temperatura, umidit\u00e0, dew point, pressione atmosferica, radiazione solare, quantit\u00e0 di pioggia, velocit\u00e0 e direzione del vento.<\/p>\n<p hidden=\"\">HD33MT.4, HD33MT.4\/E, HD33LMT.4, HD33LMT.4\/E,HD33LMT.4E,HD33MT.4E<\/p>\n","protected":false},"excerpt":{"rendered":"<p>Meteo datalogger con modem 4G\/3G\/2G\/GPRS. Ethernet opzionale. Basso consumo &#8211; alimentazione da pannello o batteria interna con caricatore integrato. Monitoraggio a distanza di temperatura, umidit\u00e0, pressione atmosferica, radiazione solare, quantit\u00e0 di pioggia, velocit\u00e0 e direzione del vento. Calcolo dell&#8217;eliofania.<\/p>\n","protected":false},"featured_media":16012,"template":"","meta":[],"product_cat":[808],"product_tag":[1130,1129,1128,1127,1131,1054],"brands":[{"id":824,"name":"Sistemi di acquisizione dati","slug":"sistemi-acquisizione-dati"},{"id":970,"name":"Stazioni Meteo","slug":"stazioni-meteo-it"}],"yoast_head":"<!-- This site is optimized with the Yoast SEO plugin v21.1 - https:\/\/yoast.com\/wordpress\/plugins\/seo\/ -->\n<title>HD33MT.4 - Datalogger per Stazioni Meteo, 4G - Sistemi di acquisizione dati, Stazioni Meteo - Senseca Italy Srl<\/title>\n<meta name=\"description\" content=\"Cerchi Sistemi di acquisizione dati, Stazioni Meteo? Scopri le caratteristiche di HD33MT.4 - Datalogger per Stazioni Meteo, 4G di Senseca Italy Srl\" \/>\n<meta name=\"robots\" content=\"index, follow, max-snippet:-1, max-image-preview:large, max-video-preview:-1\" \/>\n<link rel=\"canonical\" href=\"https:\/\/environmental.senseca.com\/it\/prodotto\/hd33mt-4-datalogger-per-stazioni-meteo-4g\/\" \/>\n<meta property=\"og:locale\" content=\"it_IT\" \/>\n<meta property=\"og:type\" content=\"article\" \/>\n<meta property=\"og:title\" content=\"HD33MT.4 - Datalogger per Stazioni Meteo, 4G - Sistemi di acquisizione dati, Stazioni Meteo - Senseca Italy Srl\" \/>\n<meta property=\"og:description\" content=\"Cerchi Sistemi di acquisizione dati, Stazioni Meteo? Scopri le caratteristiche di HD33MT.4 - Datalogger per Stazioni Meteo, 4G di Senseca Italy Srl\" \/>\n<meta property=\"og:url\" content=\"https:\/\/environmental.senseca.com\/it\/prodotto\/hd33mt-4-datalogger-per-stazioni-meteo-4g\/\" \/>\n<meta property=\"og:site_name\" content=\"Senseca Italy Srl\" \/>\n<meta property=\"article:modified_time\" content=\"2024-11-28T13:40:45+00:00\" \/>\n<meta property=\"og:image\" content=\"https:\/\/environmental.senseca.com\/wp-content\/uploads\/2018\/07\/HD33LMT_front.png\" \/>\n\t<meta property=\"og:image:width\" content=\"1000\" \/>\n\t<meta property=\"og:image:height\" content=\"1000\" \/>\n\t<meta property=\"og:image:type\" content=\"image\/png\" \/>\n<meta name=\"twitter:card\" content=\"summary_large_image\" \/>\n<meta name=\"twitter:label1\" content=\"Tempo di lettura stimato\" \/>\n\t<meta name=\"twitter:data1\" content=\"1 minuto\" \/>\n<script type=\"application\/ld+json\" class=\"yoast-schema-graph\">{\"@context\":\"https:\/\/schema.org\",\"@graph\":[{\"@type\":\"WebPage\",\"@id\":\"https:\/\/environmental.senseca.com\/it\/prodotto\/hd33mt-4-datalogger-per-stazioni-meteo-4g\/\",\"url\":\"https:\/\/environmental.senseca.com\/it\/prodotto\/hd33mt-4-datalogger-per-stazioni-meteo-4g\/\",\"name\":\"HD33MT.4 - Datalogger per Stazioni Meteo, 4G - Sistemi di acquisizione dati, Stazioni Meteo - Senseca Italy Srl\",\"isPartOf\":{\"@id\":\"https:\/\/environmental.senseca.com\/#website\"},\"datePublished\":\"2018-07-31T14:43:51+00:00\",\"dateModified\":\"2024-11-28T13:40:45+00:00\",\"description\":\"Cerchi Sistemi di acquisizione dati, Stazioni Meteo? Scopri le caratteristiche di HD33MT.4 - Datalogger per Stazioni Meteo, 4G di Senseca Italy Srl\",\"breadcrumb\":{\"@id\":\"https:\/\/environmental.senseca.com\/it\/prodotto\/hd33mt-4-datalogger-per-stazioni-meteo-4g\/#breadcrumb\"},\"inLanguage\":\"it-IT\",\"potentialAction\":[{\"@type\":\"ReadAction\",\"target\":[\"https:\/\/environmental.senseca.com\/it\/prodotto\/hd33mt-4-datalogger-per-stazioni-meteo-4g\/\"]}]},{\"@type\":\"BreadcrumbList\",\"@id\":\"https:\/\/environmental.senseca.com\/it\/prodotto\/hd33mt-4-datalogger-per-stazioni-meteo-4g\/#breadcrumb\",\"itemListElement\":[{\"@type\":\"ListItem\",\"position\":1,\"name\":\"Home\",\"item\":\"https:\/\/environmental.senseca.com\/it\/\"},{\"@type\":\"ListItem\",\"position\":2,\"name\":\"Prodotti\",\"item\":\"https:\/\/environmental.senseca.com\/products\/\"},{\"@type\":\"ListItem\",\"position\":3,\"name\":\"HD33MT.4 &#8211; Datalogger per Stazioni Meteo, 4G\"}]},{\"@type\":\"WebSite\",\"@id\":\"https:\/\/environmental.senseca.com\/#website\",\"url\":\"https:\/\/environmental.senseca.com\/\",\"name\":\"Senseca Italy Srl\",\"description\":\"Member of GHM GROUP\",\"publisher\":{\"@id\":\"https:\/\/environmental.senseca.com\/#organization\"},\"alternateName\":\"Senseca\",\"potentialAction\":[{\"@type\":\"SearchAction\",\"target\":{\"@type\":\"EntryPoint\",\"urlTemplate\":\"https:\/\/environmental.senseca.com\/?s={search_term_string}\"},\"query-input\":\"required name=search_term_string\"}],\"inLanguage\":\"it-IT\"},{\"@type\":\"Organization\",\"@id\":\"https:\/\/environmental.senseca.com\/#organization\",\"name\":\"Senseca Italy Srl\",\"url\":\"https:\/\/environmental.senseca.com\/\",\"logo\":{\"@type\":\"ImageObject\",\"inLanguage\":\"it-IT\",\"@id\":\"https:\/\/environmental.senseca.com\/#\/schema\/logo\/image\/\",\"url\":\"https:\/\/environmental.senseca.com\/wp-content\/uploads\/2018\/07\/logo_prodotti.jpg\",\"contentUrl\":\"https:\/\/environmental.senseca.com\/wp-content\/uploads\/2018\/07\/logo_prodotti.jpg\",\"width\":1000,\"height\":1000,\"caption\":\"Senseca Italy Srl\"},\"image\":{\"@id\":\"https:\/\/environmental.senseca.com\/#\/schema\/logo\/image\/\"},\"sameAs\":[\"https:\/\/www.linkedin.com\/company\/senseca-measurement-solutions\/\",\"https:\/\/www.youtube.com\/@senseca-measurement-solutions\"]}]}<\/script>\n<!-- \/ Yoast SEO plugin. -->","yoast_head_json":{"title":"HD33MT.4 - Datalogger per Stazioni Meteo, 4G - Sistemi di acquisizione dati, Stazioni Meteo - Senseca Italy Srl","description":"Cerchi Sistemi di acquisizione dati, Stazioni Meteo? Scopri le caratteristiche di HD33MT.4 - Datalogger per Stazioni Meteo, 4G di Senseca Italy Srl","robots":{"index":"index","follow":"follow","max-snippet":"max-snippet:-1","max-image-preview":"max-image-preview:large","max-video-preview":"max-video-preview:-1"},"canonical":"https:\/\/environmental.senseca.com\/it\/prodotto\/hd33mt-4-datalogger-per-stazioni-meteo-4g\/","og_locale":"it_IT","og_type":"article","og_title":"HD33MT.4 - Datalogger per Stazioni Meteo, 4G - Sistemi di acquisizione dati, Stazioni Meteo - Senseca Italy Srl","og_description":"Cerchi Sistemi di acquisizione dati, Stazioni Meteo? Scopri le caratteristiche di HD33MT.4 - Datalogger per Stazioni Meteo, 4G di Senseca Italy Srl","og_url":"https:\/\/environmental.senseca.com\/it\/prodotto\/hd33mt-4-datalogger-per-stazioni-meteo-4g\/","og_site_name":"Senseca Italy Srl","article_modified_time":"2024-11-28T13:40:45+00:00","og_image":[{"width":1000,"height":1000,"url":"https:\/\/environmental.senseca.com\/wp-content\/uploads\/2018\/07\/HD33LMT_front.png","type":"image\/png"}],"twitter_card":"summary_large_image","twitter_misc":{"Tempo di lettura stimato":"1 minuto"},"schema":{"@context":"https:\/\/schema.org","@graph":[{"@type":"WebPage","@id":"https:\/\/environmental.senseca.com\/it\/prodotto\/hd33mt-4-datalogger-per-stazioni-meteo-4g\/","url":"https:\/\/environmental.senseca.com\/it\/prodotto\/hd33mt-4-datalogger-per-stazioni-meteo-4g\/","name":"HD33MT.4 - Datalogger per Stazioni Meteo, 4G - Sistemi di acquisizione dati, Stazioni Meteo - Senseca Italy Srl","isPartOf":{"@id":"https:\/\/environmental.senseca.com\/#website"},"datePublished":"2018-07-31T14:43:51+00:00","dateModified":"2024-11-28T13:40:45+00:00","description":"Cerchi Sistemi di acquisizione dati, Stazioni Meteo? Scopri le caratteristiche di HD33MT.4 - Datalogger per Stazioni Meteo, 4G di Senseca Italy Srl","breadcrumb":{"@id":"https:\/\/environmental.senseca.com\/it\/prodotto\/hd33mt-4-datalogger-per-stazioni-meteo-4g\/#breadcrumb"},"inLanguage":"it-IT","potentialAction":[{"@type":"ReadAction","target":["https:\/\/environmental.senseca.com\/it\/prodotto\/hd33mt-4-datalogger-per-stazioni-meteo-4g\/"]}]},{"@type":"BreadcrumbList","@id":"https:\/\/environmental.senseca.com\/it\/prodotto\/hd33mt-4-datalogger-per-stazioni-meteo-4g\/#breadcrumb","itemListElement":[{"@type":"ListItem","position":1,"name":"Home","item":"https:\/\/environmental.senseca.com\/it\/"},{"@type":"ListItem","position":2,"name":"Prodotti","item":"https:\/\/environmental.senseca.com\/products\/"},{"@type":"ListItem","position":3,"name":"HD33MT.4 &#8211; Datalogger per Stazioni Meteo, 4G"}]},{"@type":"WebSite","@id":"https:\/\/environmental.senseca.com\/#website","url":"https:\/\/environmental.senseca.com\/","name":"Senseca Italy Srl","description":"Member of GHM GROUP","publisher":{"@id":"https:\/\/environmental.senseca.com\/#organization"},"alternateName":"Senseca","potentialAction":[{"@type":"SearchAction","target":{"@type":"EntryPoint","urlTemplate":"https:\/\/environmental.senseca.com\/?s={search_term_string}"},"query-input":"required name=search_term_string"}],"inLanguage":"it-IT"},{"@type":"Organization","@id":"https:\/\/environmental.senseca.com\/#organization","name":"Senseca Italy Srl","url":"https:\/\/environmental.senseca.com\/","logo":{"@type":"ImageObject","inLanguage":"it-IT","@id":"https:\/\/environmental.senseca.com\/#\/schema\/logo\/image\/","url":"https:\/\/environmental.senseca.com\/wp-content\/uploads\/2018\/07\/logo_prodotti.jpg","contentUrl":"https:\/\/environmental.senseca.com\/wp-content\/uploads\/2018\/07\/logo_prodotti.jpg","width":1000,"height":1000,"caption":"Senseca Italy Srl"},"image":{"@id":"https:\/\/environmental.senseca.com\/#\/schema\/logo\/image\/"},"sameAs":["https:\/\/www.linkedin.com\/company\/senseca-measurement-solutions\/","https:\/\/www.youtube.com\/@senseca-measurement-solutions"]}]}},"_links":{"self":[{"href":"https:\/\/environmental.senseca.com\/it\/wp-json\/wp\/v2\/product\/12976"}],"collection":[{"href":"https:\/\/environmental.senseca.com\/it\/wp-json\/wp\/v2\/product"}],"about":[{"href":"https:\/\/environmental.senseca.com\/it\/wp-json\/wp\/v2\/types\/product"}],"wp:featuredmedia":[{"embeddable":true,"href":"https:\/\/environmental.senseca.com\/it\/wp-json\/wp\/v2\/media\/16012"}],"wp:attachment":[{"href":"https:\/\/environmental.senseca.com\/it\/wp-json\/wp\/v2\/media?parent=12976"}],"wp:term":[{"taxonomy":"product_cat","embeddable":true,"href":"https:\/\/environmental.senseca.com\/it\/wp-json\/wp\/v2\/product_cat?post=12976"},{"taxonomy":"product_tag","embeddable":true,"href":"https:\/\/environmental.senseca.com\/it\/wp-json\/wp\/v2\/product_tag?post=12976"}],"curies":[{"name":"wp","href":"https:\/\/api.w.org\/{rel}","templated":true}]}}