{"id":13048,"date":"2018-07-31T14:43:38","date_gmt":"2018-07-31T14:43:38","guid":{"rendered":"https:\/\/www.deltaohm.com\/product\/lp471pyra03-second-class-pyranometer-probe\/"},"modified":"2022-03-01T11:17:54","modified_gmt":"2022-03-01T11:17:54","slug":"lp471pyra-serie-sonde-con-piranometro-e-modulo-sicram","status":"publish","type":"product","link":"https:\/\/environmental.senseca.com\/it\/prodotto\/lp471pyra-serie-sonde-con-piranometro-e-modulo-sicram\/","title":{"rendered":"LP471PYRA&#8230; Serie &#8211; Sonde con Piranometro e Modulo SICRAM"},"content":{"rendered":"<p>Le sonde<strong> LP471PYRA<\/strong>\u2026 sono composte da un piranometro LPPYRA03, LPPYRA02 o LPPYRA10 e da un modulo SICRAM con cavo da 5 metri che permette di collegare il piranometro agli strumenti portatili HD31, DO9847, HD2102.2 e HD2302.0 e avere quindi una <strong>lettura direttamente in W\/m\u00b2 sul display dello strumento indicatore.\u00a0<\/strong><\/p>\n<p><strong>LPPYRA03<\/strong> \u00e8 un piranometro Spectrally Flat Classe C, <strong>LPPYRA02<\/strong> Spectrally Flat Classe B mentre <strong>LPPYRA10<\/strong> \u00e8 uno Spectrally Flat Classe A secondo ISO 9060:2018.<\/p>\n<p>Tutti gli strumenti vengono forniti <strong>completi di Rapporto di Taratura<\/strong>\u00a0del piranometro collegato al cavo con modulo SICRAM.<\/p>\n<p>Il modulo SICRAM che compone LP471PYRA&#8230;riporta lo stesso numero di matricola del piranometro ad \u00e8 programmato tenendo conto della sensibilit\u00e0 riportata sul rapporto di taratura del piranometro pertanto non \u00e8 possibile utilizzare lo stesso modulo per eseguire misure con piranometri differenti.<\/p>\n","protected":false},"excerpt":{"rendered":"<p>Serie di sonde composte da un piranometro e da un cavo di lunghezza 5 m completo di modulo SICRAM.<\/p>\n","protected":false},"featured_media":13050,"template":"","meta":[],"product_cat":[807],"product_tag":[1149,1033,1147,1150,1148],"brands":[{"id":813,"name":"Luce","slug":"luce"}],"yoast_head":"<!-- This site is optimized with the Yoast SEO plugin v21.1 - https:\/\/yoast.com\/wordpress\/plugins\/seo\/ -->\n<title>LP471PYRA... Serie - Sonde con Piranometro e Modulo SICRAM - Luce - Senseca Italy Srl<\/title>\n<meta name=\"description\" content=\"Cerchi Luce? Scopri le caratteristiche di LP471PYRA... Serie - Sonde con Piranometro e Modulo SICRAM di Senseca Italy Srl\" \/>\n<meta name=\"robots\" content=\"index, follow, max-snippet:-1, max-image-preview:large, max-video-preview:-1\" \/>\n<link rel=\"canonical\" href=\"https:\/\/environmental.senseca.com\/it\/prodotto\/lp471pyra-serie-sonde-con-piranometro-e-modulo-sicram\/\" \/>\n<meta property=\"og:locale\" content=\"it_IT\" \/>\n<meta property=\"og:type\" content=\"article\" \/>\n<meta property=\"og:title\" content=\"LP471PYRA... Serie - Sonde con Piranometro e Modulo SICRAM - Luce - Senseca Italy Srl\" \/>\n<meta property=\"og:description\" content=\"Cerchi Luce? Scopri le caratteristiche di LP471PYRA... Serie - Sonde con Piranometro e Modulo SICRAM di Senseca Italy Srl\" \/>\n<meta property=\"og:url\" content=\"https:\/\/environmental.senseca.com\/it\/prodotto\/lp471pyra-serie-sonde-con-piranometro-e-modulo-sicram\/\" \/>\n<meta property=\"og:site_name\" content=\"Senseca Italy Srl\" \/>\n<meta property=\"article:modified_time\" content=\"2022-03-01T11:17:54+00:00\" \/>\n<meta property=\"og:image\" content=\"https:\/\/environmental.senseca.com\/wp-content\/uploads\/2018\/07\/LP471PYRA_2.jpg\" \/>\n\t<meta property=\"og:image:width\" content=\"1000\" \/>\n\t<meta property=\"og:image:height\" content=\"1000\" \/>\n\t<meta property=\"og:image:type\" content=\"image\/jpeg\" \/>\n<meta name=\"twitter:card\" content=\"summary_large_image\" \/>\n<meta name=\"twitter:label1\" content=\"Tempo di lettura stimato\" \/>\n\t<meta name=\"twitter:data1\" content=\"1 minuto\" \/>\n<script type=\"application\/ld+json\" class=\"yoast-schema-graph\">{\"@context\":\"https:\/\/schema.org\",\"@graph\":[{\"@type\":\"WebPage\",\"@id\":\"https:\/\/environmental.senseca.com\/it\/prodotto\/lp471pyra-serie-sonde-con-piranometro-e-modulo-sicram\/\",\"url\":\"https:\/\/environmental.senseca.com\/it\/prodotto\/lp471pyra-serie-sonde-con-piranometro-e-modulo-sicram\/\",\"name\":\"LP471PYRA... Serie - Sonde con Piranometro e Modulo SICRAM - Luce - Senseca Italy Srl\",\"isPartOf\":{\"@id\":\"https:\/\/environmental.senseca.com\/#website\"},\"datePublished\":\"2018-07-31T14:43:38+00:00\",\"dateModified\":\"2022-03-01T11:17:54+00:00\",\"description\":\"Cerchi Luce? Scopri le caratteristiche di LP471PYRA... Serie - Sonde con Piranometro e Modulo SICRAM di Senseca Italy Srl\",\"breadcrumb\":{\"@id\":\"https:\/\/environmental.senseca.com\/it\/prodotto\/lp471pyra-serie-sonde-con-piranometro-e-modulo-sicram\/#breadcrumb\"},\"inLanguage\":\"it-IT\",\"potentialAction\":[{\"@type\":\"ReadAction\",\"target\":[\"https:\/\/environmental.senseca.com\/it\/prodotto\/lp471pyra-serie-sonde-con-piranometro-e-modulo-sicram\/\"]}]},{\"@type\":\"BreadcrumbList\",\"@id\":\"https:\/\/environmental.senseca.com\/it\/prodotto\/lp471pyra-serie-sonde-con-piranometro-e-modulo-sicram\/#breadcrumb\",\"itemListElement\":[{\"@type\":\"ListItem\",\"position\":1,\"name\":\"Home\",\"item\":\"https:\/\/environmental.senseca.com\/it\/\"},{\"@type\":\"ListItem\",\"position\":2,\"name\":\"Prodotti\",\"item\":\"https:\/\/environmental.senseca.com\/products\/\"},{\"@type\":\"ListItem\",\"position\":3,\"name\":\"LP471PYRA&#8230; Serie &#8211; Sonde con Piranometro e Modulo SICRAM\"}]},{\"@type\":\"WebSite\",\"@id\":\"https:\/\/environmental.senseca.com\/#website\",\"url\":\"https:\/\/environmental.senseca.com\/\",\"name\":\"Senseca Italy Srl\",\"description\":\"Member of GHM GROUP\",\"publisher\":{\"@id\":\"https:\/\/environmental.senseca.com\/#organization\"},\"alternateName\":\"Senseca\",\"potentialAction\":[{\"@type\":\"SearchAction\",\"target\":{\"@type\":\"EntryPoint\",\"urlTemplate\":\"https:\/\/environmental.senseca.com\/?s={search_term_string}\"},\"query-input\":\"required name=search_term_string\"}],\"inLanguage\":\"it-IT\"},{\"@type\":\"Organization\",\"@id\":\"https:\/\/environmental.senseca.com\/#organization\",\"name\":\"Senseca Italy Srl\",\"url\":\"https:\/\/environmental.senseca.com\/\",\"logo\":{\"@type\":\"ImageObject\",\"inLanguage\":\"it-IT\",\"@id\":\"https:\/\/environmental.senseca.com\/#\/schema\/logo\/image\/\",\"url\":\"https:\/\/environmental.senseca.com\/wp-content\/uploads\/2018\/07\/logo_prodotti.jpg\",\"contentUrl\":\"https:\/\/environmental.senseca.com\/wp-content\/uploads\/2018\/07\/logo_prodotti.jpg\",\"width\":1000,\"height\":1000,\"caption\":\"Senseca Italy Srl\"},\"image\":{\"@id\":\"https:\/\/environmental.senseca.com\/#\/schema\/logo\/image\/\"},\"sameAs\":[\"https:\/\/www.linkedin.com\/company\/senseca-measurement-solutions\/\",\"https:\/\/www.youtube.com\/@senseca-measurement-solutions\"]}]}<\/script>\n<!-- \/ Yoast SEO plugin. -->","yoast_head_json":{"title":"LP471PYRA... Serie - Sonde con Piranometro e Modulo SICRAM - Luce - Senseca Italy Srl","description":"Cerchi Luce? Scopri le caratteristiche di LP471PYRA... Serie - Sonde con Piranometro e Modulo SICRAM di Senseca Italy Srl","robots":{"index":"index","follow":"follow","max-snippet":"max-snippet:-1","max-image-preview":"max-image-preview:large","max-video-preview":"max-video-preview:-1"},"canonical":"https:\/\/environmental.senseca.com\/it\/prodotto\/lp471pyra-serie-sonde-con-piranometro-e-modulo-sicram\/","og_locale":"it_IT","og_type":"article","og_title":"LP471PYRA... Serie - Sonde con Piranometro e Modulo SICRAM - Luce - Senseca Italy Srl","og_description":"Cerchi Luce? Scopri le caratteristiche di LP471PYRA... Serie - Sonde con Piranometro e Modulo SICRAM di Senseca Italy Srl","og_url":"https:\/\/environmental.senseca.com\/it\/prodotto\/lp471pyra-serie-sonde-con-piranometro-e-modulo-sicram\/","og_site_name":"Senseca Italy Srl","article_modified_time":"2022-03-01T11:17:54+00:00","og_image":[{"width":1000,"height":1000,"url":"https:\/\/environmental.senseca.com\/wp-content\/uploads\/2018\/07\/LP471PYRA_2.jpg","type":"image\/jpeg"}],"twitter_card":"summary_large_image","twitter_misc":{"Tempo di lettura stimato":"1 minuto"},"schema":{"@context":"https:\/\/schema.org","@graph":[{"@type":"WebPage","@id":"https:\/\/environmental.senseca.com\/it\/prodotto\/lp471pyra-serie-sonde-con-piranometro-e-modulo-sicram\/","url":"https:\/\/environmental.senseca.com\/it\/prodotto\/lp471pyra-serie-sonde-con-piranometro-e-modulo-sicram\/","name":"LP471PYRA... Serie - Sonde con Piranometro e Modulo SICRAM - Luce - Senseca Italy Srl","isPartOf":{"@id":"https:\/\/environmental.senseca.com\/#website"},"datePublished":"2018-07-31T14:43:38+00:00","dateModified":"2022-03-01T11:17:54+00:00","description":"Cerchi Luce? Scopri le caratteristiche di LP471PYRA... Serie - Sonde con Piranometro e Modulo SICRAM di Senseca Italy Srl","breadcrumb":{"@id":"https:\/\/environmental.senseca.com\/it\/prodotto\/lp471pyra-serie-sonde-con-piranometro-e-modulo-sicram\/#breadcrumb"},"inLanguage":"it-IT","potentialAction":[{"@type":"ReadAction","target":["https:\/\/environmental.senseca.com\/it\/prodotto\/lp471pyra-serie-sonde-con-piranometro-e-modulo-sicram\/"]}]},{"@type":"BreadcrumbList","@id":"https:\/\/environmental.senseca.com\/it\/prodotto\/lp471pyra-serie-sonde-con-piranometro-e-modulo-sicram\/#breadcrumb","itemListElement":[{"@type":"ListItem","position":1,"name":"Home","item":"https:\/\/environmental.senseca.com\/it\/"},{"@type":"ListItem","position":2,"name":"Prodotti","item":"https:\/\/environmental.senseca.com\/products\/"},{"@type":"ListItem","position":3,"name":"LP471PYRA&#8230; Serie &#8211; Sonde con Piranometro e Modulo SICRAM"}]},{"@type":"WebSite","@id":"https:\/\/environmental.senseca.com\/#website","url":"https:\/\/environmental.senseca.com\/","name":"Senseca Italy Srl","description":"Member of GHM GROUP","publisher":{"@id":"https:\/\/environmental.senseca.com\/#organization"},"alternateName":"Senseca","potentialAction":[{"@type":"SearchAction","target":{"@type":"EntryPoint","urlTemplate":"https:\/\/environmental.senseca.com\/?s={search_term_string}"},"query-input":"required name=search_term_string"}],"inLanguage":"it-IT"},{"@type":"Organization","@id":"https:\/\/environmental.senseca.com\/#organization","name":"Senseca Italy Srl","url":"https:\/\/environmental.senseca.com\/","logo":{"@type":"ImageObject","inLanguage":"it-IT","@id":"https:\/\/environmental.senseca.com\/#\/schema\/logo\/image\/","url":"https:\/\/environmental.senseca.com\/wp-content\/uploads\/2018\/07\/logo_prodotti.jpg","contentUrl":"https:\/\/environmental.senseca.com\/wp-content\/uploads\/2018\/07\/logo_prodotti.jpg","width":1000,"height":1000,"caption":"Senseca Italy Srl"},"image":{"@id":"https:\/\/environmental.senseca.com\/#\/schema\/logo\/image\/"},"sameAs":["https:\/\/www.linkedin.com\/company\/senseca-measurement-solutions\/","https:\/\/www.youtube.com\/@senseca-measurement-solutions"]}]}},"_links":{"self":[{"href":"https:\/\/environmental.senseca.com\/it\/wp-json\/wp\/v2\/product\/13048"}],"collection":[{"href":"https:\/\/environmental.senseca.com\/it\/wp-json\/wp\/v2\/product"}],"about":[{"href":"https:\/\/environmental.senseca.com\/it\/wp-json\/wp\/v2\/types\/product"}],"wp:featuredmedia":[{"embeddable":true,"href":"https:\/\/environmental.senseca.com\/it\/wp-json\/wp\/v2\/media\/13050"}],"wp:attachment":[{"href":"https:\/\/environmental.senseca.com\/it\/wp-json\/wp\/v2\/media?parent=13048"}],"wp:term":[{"taxonomy":"product_cat","embeddable":true,"href":"https:\/\/environmental.senseca.com\/it\/wp-json\/wp\/v2\/product_cat?post=13048"},{"taxonomy":"product_tag","embeddable":true,"href":"https:\/\/environmental.senseca.com\/it\/wp-json\/wp\/v2\/product_tag?post=13048"}],"curies":[{"name":"wp","href":"https:\/\/api.w.org\/{rel}","templated":true}]}}