{"id":13095,"date":"2018-07-31T14:43:32","date_gmt":"2018-07-31T14:43:32","guid":{"rendered":"https:\/\/www.deltaohm.com\/product\/hd2060-multi-frequency-and-multi-level-portable-vibration-calibrator\/"},"modified":"2024-02-26T18:17:29","modified_gmt":"2024-02-26T18:17:29","slug":"hd2060-calibratore-trasduttori-di-vibrazione","status":"publish","type":"product","link":"https:\/\/environmental.senseca.com\/it\/prodotto\/hd2060-calibratore-trasduttori-di-vibrazione\/","title":{"rendered":"HD2060 \u2013 Calibratore Trasduttori di Vibrazione"},"content":{"rendered":"<p>Ottimizza il tuo processo di taratura con il calibratore di vibrazioni meccaniche HD2060. Progettato per la precisione, questo dispositivo genera vibrazioni meccaniche controllate con stabilit\u00e0 di ampiezza e frequenza garantita da un meccanismo al quarzo. Accoppiando un trasduttore alla sua base vibrante, \u00e8 possibile effettuare <strong>rapidi controlli di sensibilit\u00e0 all&#8217;accelerazione, alla velocit\u00e0 o allo spostamento<\/strong>.<\/p>\n<p>Progettato per l&#8217;uso sul campo, l&#8217;HD2060 vanta una batteria interna ricaricabile, un design leggero e dimensioni compatte, rendendolo eccezionalmente portatile. Il suo robusto sistema di feedback garantisce il mantenimento accurato dei livelli di ampiezza impostati, anche sotto varie cariche del trasduttore, secondo i limiti specificati.<\/p>\n<p>Beneficia della stabilit\u00e0 a lungo termine dell&#8217;HD2060, con un minimo di deriva dello 1% annuo. Per mantenere la precisione, \u00e8 consigliata la taratura annuale presso i laboratori metrologici Senseca.<\/p>\n<p>Sperimenta un&#8217;operativit\u00e0 senza soluzione di continuit\u00e0 grazie al display retroilluminato, che fornisce chiari resoconti di accelerazione, frequenza e livello raggiunto. Gli avvisi di errore notificano prontamente agli utenti i carichi superati o la batteria scarica, proteggendo da interruzioni operative. Inoltre, l&#8217;interruzione automatica delle vibrazioni al raggiungimento dei limiti di tempo impostati e una funzione di spegnimento automatico impediscono il consumo della batteria.<\/p>\n<p>Gli accessori inclusi facilitano il montaggio del trasduttore, mentre un&#8217;alimentazione esterna garantisce una comoda ricarica della batteria. Ogni sessione di taratura \u00e8 completata da un rapporto di taratura completo.<\/p>\n<p>L&#8217;HD2060 eccelle nella taratura sul campo di trasduttori di accelerazione, velocit\u00e0 e spostamento<strong>. Dalla garanzia della sicurezza sul posto di lavoro secondo gli standard ISO 8041:2005 alla valutazione delle vibrazioni degli edifici, affidati all&#8217;HD2060 per risultati precisi e affidabili.<\/strong><\/p>\n","protected":false},"excerpt":{"rendered":"<p>Calibratore portatile per catene vibrometriche con frequenza 15,915 Hz e livelli 1 m\/s\u00b2 e 0,1 g, e frequenza 159,155 Hz e livelli 10 m\/s\u00b2 e 1 g. Con display LCD.<\/p>\n","protected":false},"featured_media":13096,"template":"","meta":[],"product_cat":[805],"product_tag":[],"brands":[{"id":967,"name":"Acustica &amp; Vibrazioni","slug":"acustica-vibrazioni"}],"yoast_head":"<!-- This site is optimized with the Yoast SEO plugin v21.1 - https:\/\/yoast.com\/wordpress\/plugins\/seo\/ -->\n<title>HD2060 \u2013 Calibratore Trasduttori di Vibrazione - Acustica &amp; Vibrazioni - Senseca Italy Srl<\/title>\n<meta name=\"description\" content=\"Cerchi Acustica &amp; Vibrazioni? Scopri le caratteristiche di HD2060 \u2013 Calibratore Trasduttori di Vibrazione di Senseca Italy Srl\" \/>\n<meta name=\"robots\" content=\"index, follow, max-snippet:-1, max-image-preview:large, max-video-preview:-1\" \/>\n<link rel=\"canonical\" href=\"https:\/\/environmental.senseca.com\/it\/prodotto\/hd2060-calibratore-trasduttori-di-vibrazione\/\" \/>\n<meta property=\"og:locale\" content=\"it_IT\" \/>\n<meta property=\"og:type\" content=\"article\" \/>\n<meta property=\"og:title\" content=\"HD2060 \u2013 Calibratore Trasduttori di Vibrazione - Acustica &amp; Vibrazioni - Senseca Italy Srl\" \/>\n<meta property=\"og:description\" content=\"Cerchi Acustica &amp; Vibrazioni? Scopri le caratteristiche di HD2060 \u2013 Calibratore Trasduttori di Vibrazione di Senseca Italy Srl\" \/>\n<meta property=\"og:url\" content=\"https:\/\/environmental.senseca.com\/it\/prodotto\/hd2060-calibratore-trasduttori-di-vibrazione\/\" \/>\n<meta property=\"og:site_name\" content=\"Senseca Italy Srl\" \/>\n<meta property=\"article:modified_time\" content=\"2024-02-26T18:17:29+00:00\" \/>\n<meta property=\"og:image\" content=\"https:\/\/environmental.senseca.com\/wp-content\/uploads\/2018\/06\/HD2060-calibrator-vibration-2.jpg\" \/>\n\t<meta property=\"og:image:width\" content=\"1000\" \/>\n\t<meta property=\"og:image:height\" content=\"1000\" \/>\n\t<meta property=\"og:image:type\" content=\"image\/jpeg\" \/>\n<meta name=\"twitter:card\" content=\"summary_large_image\" \/>\n<meta name=\"twitter:label1\" content=\"Tempo di lettura stimato\" \/>\n\t<meta name=\"twitter:data1\" content=\"2 minuti\" \/>\n<script type=\"application\/ld+json\" class=\"yoast-schema-graph\">{\"@context\":\"https:\/\/schema.org\",\"@graph\":[{\"@type\":\"WebPage\",\"@id\":\"https:\/\/environmental.senseca.com\/it\/prodotto\/hd2060-calibratore-trasduttori-di-vibrazione\/\",\"url\":\"https:\/\/environmental.senseca.com\/it\/prodotto\/hd2060-calibratore-trasduttori-di-vibrazione\/\",\"name\":\"HD2060 \u2013 Calibratore Trasduttori di Vibrazione - Acustica &amp; Vibrazioni - Senseca Italy Srl\",\"isPartOf\":{\"@id\":\"https:\/\/environmental.senseca.com\/#website\"},\"datePublished\":\"2018-07-31T14:43:32+00:00\",\"dateModified\":\"2024-02-26T18:17:29+00:00\",\"description\":\"Cerchi Acustica &amp; Vibrazioni? Scopri le caratteristiche di HD2060 \u2013 Calibratore Trasduttori di Vibrazione di Senseca Italy Srl\",\"breadcrumb\":{\"@id\":\"https:\/\/environmental.senseca.com\/it\/prodotto\/hd2060-calibratore-trasduttori-di-vibrazione\/#breadcrumb\"},\"inLanguage\":\"it-IT\",\"potentialAction\":[{\"@type\":\"ReadAction\",\"target\":[\"https:\/\/environmental.senseca.com\/it\/prodotto\/hd2060-calibratore-trasduttori-di-vibrazione\/\"]}]},{\"@type\":\"BreadcrumbList\",\"@id\":\"https:\/\/environmental.senseca.com\/it\/prodotto\/hd2060-calibratore-trasduttori-di-vibrazione\/#breadcrumb\",\"itemListElement\":[{\"@type\":\"ListItem\",\"position\":1,\"name\":\"Home\",\"item\":\"https:\/\/environmental.senseca.com\/it\/\"},{\"@type\":\"ListItem\",\"position\":2,\"name\":\"Prodotti\",\"item\":\"https:\/\/environmental.senseca.com\/products\/\"},{\"@type\":\"ListItem\",\"position\":3,\"name\":\"HD2060 \u2013 Calibratore Trasduttori di Vibrazione\"}]},{\"@type\":\"WebSite\",\"@id\":\"https:\/\/environmental.senseca.com\/#website\",\"url\":\"https:\/\/environmental.senseca.com\/\",\"name\":\"Senseca Italy Srl\",\"description\":\"Member of GHM GROUP\",\"publisher\":{\"@id\":\"https:\/\/environmental.senseca.com\/#organization\"},\"alternateName\":\"Senseca\",\"potentialAction\":[{\"@type\":\"SearchAction\",\"target\":{\"@type\":\"EntryPoint\",\"urlTemplate\":\"https:\/\/environmental.senseca.com\/?s={search_term_string}\"},\"query-input\":\"required name=search_term_string\"}],\"inLanguage\":\"it-IT\"},{\"@type\":\"Organization\",\"@id\":\"https:\/\/environmental.senseca.com\/#organization\",\"name\":\"Senseca Italy Srl\",\"url\":\"https:\/\/environmental.senseca.com\/\",\"logo\":{\"@type\":\"ImageObject\",\"inLanguage\":\"it-IT\",\"@id\":\"https:\/\/environmental.senseca.com\/#\/schema\/logo\/image\/\",\"url\":\"https:\/\/environmental.senseca.com\/wp-content\/uploads\/2018\/07\/logo_prodotti.jpg\",\"contentUrl\":\"https:\/\/environmental.senseca.com\/wp-content\/uploads\/2018\/07\/logo_prodotti.jpg\",\"width\":1000,\"height\":1000,\"caption\":\"Senseca Italy Srl\"},\"image\":{\"@id\":\"https:\/\/environmental.senseca.com\/#\/schema\/logo\/image\/\"},\"sameAs\":[\"https:\/\/www.linkedin.com\/company\/senseca-measurement-solutions\/\",\"https:\/\/www.youtube.com\/@senseca-measurement-solutions\"]}]}<\/script>\n<!-- \/ Yoast SEO plugin. -->","yoast_head_json":{"title":"HD2060 \u2013 Calibratore Trasduttori di Vibrazione - Acustica &amp; Vibrazioni - Senseca Italy Srl","description":"Cerchi Acustica &amp; Vibrazioni? Scopri le caratteristiche di HD2060 \u2013 Calibratore Trasduttori di Vibrazione di Senseca Italy Srl","robots":{"index":"index","follow":"follow","max-snippet":"max-snippet:-1","max-image-preview":"max-image-preview:large","max-video-preview":"max-video-preview:-1"},"canonical":"https:\/\/environmental.senseca.com\/it\/prodotto\/hd2060-calibratore-trasduttori-di-vibrazione\/","og_locale":"it_IT","og_type":"article","og_title":"HD2060 \u2013 Calibratore Trasduttori di Vibrazione - Acustica &amp; Vibrazioni - Senseca Italy Srl","og_description":"Cerchi Acustica &amp; Vibrazioni? Scopri le caratteristiche di HD2060 \u2013 Calibratore Trasduttori di Vibrazione di Senseca Italy Srl","og_url":"https:\/\/environmental.senseca.com\/it\/prodotto\/hd2060-calibratore-trasduttori-di-vibrazione\/","og_site_name":"Senseca Italy Srl","article_modified_time":"2024-02-26T18:17:29+00:00","og_image":[{"width":1000,"height":1000,"url":"https:\/\/environmental.senseca.com\/wp-content\/uploads\/2018\/06\/HD2060-calibrator-vibration-2.jpg","type":"image\/jpeg"}],"twitter_card":"summary_large_image","twitter_misc":{"Tempo di lettura stimato":"2 minuti"},"schema":{"@context":"https:\/\/schema.org","@graph":[{"@type":"WebPage","@id":"https:\/\/environmental.senseca.com\/it\/prodotto\/hd2060-calibratore-trasduttori-di-vibrazione\/","url":"https:\/\/environmental.senseca.com\/it\/prodotto\/hd2060-calibratore-trasduttori-di-vibrazione\/","name":"HD2060 \u2013 Calibratore Trasduttori di Vibrazione - Acustica &amp; Vibrazioni - Senseca Italy Srl","isPartOf":{"@id":"https:\/\/environmental.senseca.com\/#website"},"datePublished":"2018-07-31T14:43:32+00:00","dateModified":"2024-02-26T18:17:29+00:00","description":"Cerchi Acustica &amp; Vibrazioni? Scopri le caratteristiche di HD2060 \u2013 Calibratore Trasduttori di Vibrazione di Senseca Italy Srl","breadcrumb":{"@id":"https:\/\/environmental.senseca.com\/it\/prodotto\/hd2060-calibratore-trasduttori-di-vibrazione\/#breadcrumb"},"inLanguage":"it-IT","potentialAction":[{"@type":"ReadAction","target":["https:\/\/environmental.senseca.com\/it\/prodotto\/hd2060-calibratore-trasduttori-di-vibrazione\/"]}]},{"@type":"BreadcrumbList","@id":"https:\/\/environmental.senseca.com\/it\/prodotto\/hd2060-calibratore-trasduttori-di-vibrazione\/#breadcrumb","itemListElement":[{"@type":"ListItem","position":1,"name":"Home","item":"https:\/\/environmental.senseca.com\/it\/"},{"@type":"ListItem","position":2,"name":"Prodotti","item":"https:\/\/environmental.senseca.com\/products\/"},{"@type":"ListItem","position":3,"name":"HD2060 \u2013 Calibratore Trasduttori di Vibrazione"}]},{"@type":"WebSite","@id":"https:\/\/environmental.senseca.com\/#website","url":"https:\/\/environmental.senseca.com\/","name":"Senseca Italy Srl","description":"Member of GHM GROUP","publisher":{"@id":"https:\/\/environmental.senseca.com\/#organization"},"alternateName":"Senseca","potentialAction":[{"@type":"SearchAction","target":{"@type":"EntryPoint","urlTemplate":"https:\/\/environmental.senseca.com\/?s={search_term_string}"},"query-input":"required name=search_term_string"}],"inLanguage":"it-IT"},{"@type":"Organization","@id":"https:\/\/environmental.senseca.com\/#organization","name":"Senseca Italy Srl","url":"https:\/\/environmental.senseca.com\/","logo":{"@type":"ImageObject","inLanguage":"it-IT","@id":"https:\/\/environmental.senseca.com\/#\/schema\/logo\/image\/","url":"https:\/\/environmental.senseca.com\/wp-content\/uploads\/2018\/07\/logo_prodotti.jpg","contentUrl":"https:\/\/environmental.senseca.com\/wp-content\/uploads\/2018\/07\/logo_prodotti.jpg","width":1000,"height":1000,"caption":"Senseca Italy Srl"},"image":{"@id":"https:\/\/environmental.senseca.com\/#\/schema\/logo\/image\/"},"sameAs":["https:\/\/www.linkedin.com\/company\/senseca-measurement-solutions\/","https:\/\/www.youtube.com\/@senseca-measurement-solutions"]}]}},"_links":{"self":[{"href":"https:\/\/environmental.senseca.com\/it\/wp-json\/wp\/v2\/product\/13095"}],"collection":[{"href":"https:\/\/environmental.senseca.com\/it\/wp-json\/wp\/v2\/product"}],"about":[{"href":"https:\/\/environmental.senseca.com\/it\/wp-json\/wp\/v2\/types\/product"}],"wp:featuredmedia":[{"embeddable":true,"href":"https:\/\/environmental.senseca.com\/it\/wp-json\/wp\/v2\/media\/13096"}],"wp:attachment":[{"href":"https:\/\/environmental.senseca.com\/it\/wp-json\/wp\/v2\/media?parent=13095"}],"wp:term":[{"taxonomy":"product_cat","embeddable":true,"href":"https:\/\/environmental.senseca.com\/it\/wp-json\/wp\/v2\/product_cat?post=13095"},{"taxonomy":"product_tag","embeddable":true,"href":"https:\/\/environmental.senseca.com\/it\/wp-json\/wp\/v2\/product_tag?post=13095"}],"curies":[{"name":"wp","href":"https:\/\/api.w.org\/{rel}","templated":true}]}}