{"id":13111,"date":"2018-07-31T14:43:31","date_gmt":"2018-07-31T14:43:31","guid":{"rendered":"https:\/\/www.deltaohm.com\/product\/hd3817t-hd38v17t-series-absolute-humidity-transmitters\/"},"modified":"2021-03-22T11:38:03","modified_gmt":"2021-03-22T11:38:03","slug":"hd3817t-hd38v17t-serie-trasmettitori-umidita-assoluta","status":"publish","type":"product","link":"https:\/\/environmental.senseca.com\/it\/prodotto\/hd3817t-hd38v17t-serie-trasmettitori-umidita-assoluta\/","title":{"rendered":"HD3817T \/ HD38V17T Serie &#8211; Trasmettitori Umidit\u00e0 Assoluta"},"content":{"rendered":"<p>HD3817T&#8230; e HD38V17T&#8230; sono dei <strong>doppi trasmettitori attivi di umidit\u00e0 assoluta e temperatura<\/strong> con uscite rispettivamente in corrente <strong>4&#8230;20 mA<\/strong> o tensione <strong>0&#8230;10 Vdc.<\/strong><\/p>\n<p>L\u2019umidit\u00e0 assoluta \u00e8 il rapporto tra la massa di vapore acqueo ed il volume di aria misurata e si esprime in g\/m\u00b3.<\/p>\n<p>I trasmettitori possono essere impiegati nel <strong>controllo dell\u2019umidit\u00e0 nei materiali durante un processo di asciugatura o di essiccazione.<\/strong> Quando i materiali vengono asciugati mediante riscaldamento o tramite un flusso di aria calda, l\u2019aumento di umidit\u00e0 assoluta dell\u2019aria \u00e8 direttamente proporzionale alla quantit\u00e0 di acqua persa dal materiale.<\/p>\n<p>In generale questi trasmettitori trovano impiego nell\u2019<strong>industria chimica, tessile, alimentare, nella produzione e stoccaggio della carta, nell\u2019essiccazione del legno<\/strong>,&#8230; anche in presenza di alte temperature ed ampie escursioni di umidit\u00e0.<\/p>\n<p>Il tipo di sensore impiegato \u00e8 immune alla maggior parte dei contaminanti di natura fisica e chimica, la massima temperatura di funzionamento \u00e8 pari a 200 \u00b0C: ci\u00f2 rende questi strumenti particolarmente adatti alle applicazioni industriali gravose nelle quali il tradizionale sensore capacitivo non pu\u00f2 essere utilizzato.<\/p>\n<p>La<strong> velocit\u00e0 di risposta \u00e8 rapida<\/strong>, cos\u00ec come il tempo di recupero dalla saturazione.<\/p>\n<p>I range di misura massimi sono: 0&#8230;130 g\/m\u00b3 per l\u2019umidit\u00e0 assoluta e 0&#8230;200 \u00b0C per la temperatura: gli strumenti escono di fabbrica con i range standard 0&#8230;60g\/m\u00b3 e 0&#8230;200 \u00b0C.<\/p>\n<p>L\u2019alimentazione standard \u00e8 24 Vac, a richiesta sono disponibili le versioni a 115 Vac o 230 Vac.<br \/>\nLa sonda, interamente in acciaio INOX, \u00e8 provvista di filtro in bronzo sinterizzato da 20 \u03bcm. Il contenitore \u00e8 in policarbonato con grado di protezione IP66.<\/p>\n<p hidden=\"\">HD3817T120,HD3817T150,HD3817T220,HD3817T250,HD38V17T120,HD38V17T150,HD38V17T220,HD38V17T250<\/p>\n","protected":false},"excerpt":{"rendered":"<p>Doppio trasmettitore di umidit\u00e0 assoluta e temperatura, sensore Pt100. Configurazione standard range: 0 \u00f7 60g\/m\u00b3 in umidit\u00e0 assoluta, 0 \u00f7 200\u00b0C in temperatura. Uscita in corrente o tensione.<\/p>\n","protected":false},"featured_media":13112,"template":"","meta":[],"product_cat":[1303],"product_tag":[1157,1158,1159],"brands":[{"id":764,"name":"Umidit\u00e0","slug":"umidita"}],"yoast_head":"<!-- This site is optimized with the Yoast SEO plugin v21.1 - https:\/\/yoast.com\/wordpress\/plugins\/seo\/ -->\n<title>HD3817T \/ HD38V17T Serie - Trasmettitori Umidit\u00e0 Assoluta - Umidit\u00e0 - Senseca Italy Srl<\/title>\n<meta name=\"description\" content=\"Cerchi Umidit\u00e0? Scopri le caratteristiche di HD3817T \/ HD38V17T Serie - Trasmettitori Umidit\u00e0 Assoluta di Senseca Italy Srl\" \/>\n<meta name=\"robots\" content=\"index, follow, max-snippet:-1, max-image-preview:large, max-video-preview:-1\" \/>\n<link rel=\"canonical\" href=\"https:\/\/environmental.senseca.com\/it\/prodotto\/hd3817t-hd38v17t-serie-trasmettitori-umidita-assoluta\/\" \/>\n<meta property=\"og:locale\" content=\"it_IT\" \/>\n<meta property=\"og:type\" content=\"article\" \/>\n<meta property=\"og:title\" content=\"HD3817T \/ HD38V17T Serie - Trasmettitori Umidit\u00e0 Assoluta - Umidit\u00e0 - Senseca Italy Srl\" \/>\n<meta property=\"og:description\" content=\"Cerchi Umidit\u00e0? Scopri le caratteristiche di HD3817T \/ HD38V17T Serie - Trasmettitori Umidit\u00e0 Assoluta di Senseca Italy Srl\" \/>\n<meta property=\"og:url\" content=\"https:\/\/environmental.senseca.com\/it\/prodotto\/hd3817t-hd38v17t-serie-trasmettitori-umidita-assoluta\/\" \/>\n<meta property=\"og:site_name\" content=\"Senseca Italy Srl\" \/>\n<meta property=\"article:modified_time\" content=\"2021-03-22T11:38:03+00:00\" \/>\n<meta property=\"og:image\" content=\"https:\/\/environmental.senseca.com\/wp-content\/uploads\/2018\/06\/HD3817T-transmitter-Hum-Temp-1.jpg\" \/>\n\t<meta property=\"og:image:width\" content=\"1000\" \/>\n\t<meta property=\"og:image:height\" content=\"1000\" \/>\n\t<meta property=\"og:image:type\" content=\"image\/jpeg\" \/>\n<meta name=\"twitter:card\" content=\"summary_large_image\" \/>\n<meta name=\"twitter:label1\" content=\"Tempo di lettura stimato\" \/>\n\t<meta name=\"twitter:data1\" content=\"1 minuto\" \/>\n<script type=\"application\/ld+json\" class=\"yoast-schema-graph\">{\"@context\":\"https:\/\/schema.org\",\"@graph\":[{\"@type\":\"WebPage\",\"@id\":\"https:\/\/environmental.senseca.com\/it\/prodotto\/hd3817t-hd38v17t-serie-trasmettitori-umidita-assoluta\/\",\"url\":\"https:\/\/environmental.senseca.com\/it\/prodotto\/hd3817t-hd38v17t-serie-trasmettitori-umidita-assoluta\/\",\"name\":\"HD3817T \/ HD38V17T Serie - Trasmettitori Umidit\u00e0 Assoluta - Umidit\u00e0 - Senseca Italy Srl\",\"isPartOf\":{\"@id\":\"https:\/\/environmental.senseca.com\/#website\"},\"datePublished\":\"2018-07-31T14:43:31+00:00\",\"dateModified\":\"2021-03-22T11:38:03+00:00\",\"description\":\"Cerchi Umidit\u00e0? Scopri le caratteristiche di HD3817T \/ HD38V17T Serie - Trasmettitori Umidit\u00e0 Assoluta di Senseca Italy Srl\",\"breadcrumb\":{\"@id\":\"https:\/\/environmental.senseca.com\/it\/prodotto\/hd3817t-hd38v17t-serie-trasmettitori-umidita-assoluta\/#breadcrumb\"},\"inLanguage\":\"it-IT\",\"potentialAction\":[{\"@type\":\"ReadAction\",\"target\":[\"https:\/\/environmental.senseca.com\/it\/prodotto\/hd3817t-hd38v17t-serie-trasmettitori-umidita-assoluta\/\"]}]},{\"@type\":\"BreadcrumbList\",\"@id\":\"https:\/\/environmental.senseca.com\/it\/prodotto\/hd3817t-hd38v17t-serie-trasmettitori-umidita-assoluta\/#breadcrumb\",\"itemListElement\":[{\"@type\":\"ListItem\",\"position\":1,\"name\":\"Home\",\"item\":\"https:\/\/environmental.senseca.com\/it\/\"},{\"@type\":\"ListItem\",\"position\":2,\"name\":\"Prodotti\",\"item\":\"https:\/\/environmental.senseca.com\/products\/\"},{\"@type\":\"ListItem\",\"position\":3,\"name\":\"HD3817T \/ HD38V17T Serie &#8211; Trasmettitori Umidit\u00e0 Assoluta\"}]},{\"@type\":\"WebSite\",\"@id\":\"https:\/\/environmental.senseca.com\/#website\",\"url\":\"https:\/\/environmental.senseca.com\/\",\"name\":\"Senseca Italy Srl\",\"description\":\"Member of GHM GROUP\",\"publisher\":{\"@id\":\"https:\/\/environmental.senseca.com\/#organization\"},\"alternateName\":\"Senseca\",\"potentialAction\":[{\"@type\":\"SearchAction\",\"target\":{\"@type\":\"EntryPoint\",\"urlTemplate\":\"https:\/\/environmental.senseca.com\/?s={search_term_string}\"},\"query-input\":\"required name=search_term_string\"}],\"inLanguage\":\"it-IT\"},{\"@type\":\"Organization\",\"@id\":\"https:\/\/environmental.senseca.com\/#organization\",\"name\":\"Senseca Italy Srl\",\"url\":\"https:\/\/environmental.senseca.com\/\",\"logo\":{\"@type\":\"ImageObject\",\"inLanguage\":\"it-IT\",\"@id\":\"https:\/\/environmental.senseca.com\/#\/schema\/logo\/image\/\",\"url\":\"https:\/\/environmental.senseca.com\/wp-content\/uploads\/2018\/07\/logo_prodotti.jpg\",\"contentUrl\":\"https:\/\/environmental.senseca.com\/wp-content\/uploads\/2018\/07\/logo_prodotti.jpg\",\"width\":1000,\"height\":1000,\"caption\":\"Senseca Italy Srl\"},\"image\":{\"@id\":\"https:\/\/environmental.senseca.com\/#\/schema\/logo\/image\/\"},\"sameAs\":[\"https:\/\/www.linkedin.com\/company\/senseca-measurement-solutions\/\",\"https:\/\/www.youtube.com\/@senseca-measurement-solutions\"]}]}<\/script>\n<!-- \/ Yoast SEO plugin. -->","yoast_head_json":{"title":"HD3817T \/ HD38V17T Serie - Trasmettitori Umidit\u00e0 Assoluta - Umidit\u00e0 - Senseca Italy Srl","description":"Cerchi Umidit\u00e0? Scopri le caratteristiche di HD3817T \/ HD38V17T Serie - Trasmettitori Umidit\u00e0 Assoluta di Senseca Italy Srl","robots":{"index":"index","follow":"follow","max-snippet":"max-snippet:-1","max-image-preview":"max-image-preview:large","max-video-preview":"max-video-preview:-1"},"canonical":"https:\/\/environmental.senseca.com\/it\/prodotto\/hd3817t-hd38v17t-serie-trasmettitori-umidita-assoluta\/","og_locale":"it_IT","og_type":"article","og_title":"HD3817T \/ HD38V17T Serie - Trasmettitori Umidit\u00e0 Assoluta - Umidit\u00e0 - Senseca Italy Srl","og_description":"Cerchi Umidit\u00e0? Scopri le caratteristiche di HD3817T \/ HD38V17T Serie - Trasmettitori Umidit\u00e0 Assoluta di Senseca Italy Srl","og_url":"https:\/\/environmental.senseca.com\/it\/prodotto\/hd3817t-hd38v17t-serie-trasmettitori-umidita-assoluta\/","og_site_name":"Senseca Italy Srl","article_modified_time":"2021-03-22T11:38:03+00:00","og_image":[{"width":1000,"height":1000,"url":"https:\/\/environmental.senseca.com\/wp-content\/uploads\/2018\/06\/HD3817T-transmitter-Hum-Temp-1.jpg","type":"image\/jpeg"}],"twitter_card":"summary_large_image","twitter_misc":{"Tempo di lettura stimato":"1 minuto"},"schema":{"@context":"https:\/\/schema.org","@graph":[{"@type":"WebPage","@id":"https:\/\/environmental.senseca.com\/it\/prodotto\/hd3817t-hd38v17t-serie-trasmettitori-umidita-assoluta\/","url":"https:\/\/environmental.senseca.com\/it\/prodotto\/hd3817t-hd38v17t-serie-trasmettitori-umidita-assoluta\/","name":"HD3817T \/ HD38V17T Serie - Trasmettitori Umidit\u00e0 Assoluta - Umidit\u00e0 - Senseca Italy Srl","isPartOf":{"@id":"https:\/\/environmental.senseca.com\/#website"},"datePublished":"2018-07-31T14:43:31+00:00","dateModified":"2021-03-22T11:38:03+00:00","description":"Cerchi Umidit\u00e0? Scopri le caratteristiche di HD3817T \/ HD38V17T Serie - Trasmettitori Umidit\u00e0 Assoluta di Senseca Italy Srl","breadcrumb":{"@id":"https:\/\/environmental.senseca.com\/it\/prodotto\/hd3817t-hd38v17t-serie-trasmettitori-umidita-assoluta\/#breadcrumb"},"inLanguage":"it-IT","potentialAction":[{"@type":"ReadAction","target":["https:\/\/environmental.senseca.com\/it\/prodotto\/hd3817t-hd38v17t-serie-trasmettitori-umidita-assoluta\/"]}]},{"@type":"BreadcrumbList","@id":"https:\/\/environmental.senseca.com\/it\/prodotto\/hd3817t-hd38v17t-serie-trasmettitori-umidita-assoluta\/#breadcrumb","itemListElement":[{"@type":"ListItem","position":1,"name":"Home","item":"https:\/\/environmental.senseca.com\/it\/"},{"@type":"ListItem","position":2,"name":"Prodotti","item":"https:\/\/environmental.senseca.com\/products\/"},{"@type":"ListItem","position":3,"name":"HD3817T \/ HD38V17T Serie &#8211; Trasmettitori Umidit\u00e0 Assoluta"}]},{"@type":"WebSite","@id":"https:\/\/environmental.senseca.com\/#website","url":"https:\/\/environmental.senseca.com\/","name":"Senseca Italy Srl","description":"Member of GHM GROUP","publisher":{"@id":"https:\/\/environmental.senseca.com\/#organization"},"alternateName":"Senseca","potentialAction":[{"@type":"SearchAction","target":{"@type":"EntryPoint","urlTemplate":"https:\/\/environmental.senseca.com\/?s={search_term_string}"},"query-input":"required name=search_term_string"}],"inLanguage":"it-IT"},{"@type":"Organization","@id":"https:\/\/environmental.senseca.com\/#organization","name":"Senseca Italy Srl","url":"https:\/\/environmental.senseca.com\/","logo":{"@type":"ImageObject","inLanguage":"it-IT","@id":"https:\/\/environmental.senseca.com\/#\/schema\/logo\/image\/","url":"https:\/\/environmental.senseca.com\/wp-content\/uploads\/2018\/07\/logo_prodotti.jpg","contentUrl":"https:\/\/environmental.senseca.com\/wp-content\/uploads\/2018\/07\/logo_prodotti.jpg","width":1000,"height":1000,"caption":"Senseca Italy Srl"},"image":{"@id":"https:\/\/environmental.senseca.com\/#\/schema\/logo\/image\/"},"sameAs":["https:\/\/www.linkedin.com\/company\/senseca-measurement-solutions\/","https:\/\/www.youtube.com\/@senseca-measurement-solutions"]}]}},"_links":{"self":[{"href":"https:\/\/environmental.senseca.com\/it\/wp-json\/wp\/v2\/product\/13111"}],"collection":[{"href":"https:\/\/environmental.senseca.com\/it\/wp-json\/wp\/v2\/product"}],"about":[{"href":"https:\/\/environmental.senseca.com\/it\/wp-json\/wp\/v2\/types\/product"}],"wp:featuredmedia":[{"embeddable":true,"href":"https:\/\/environmental.senseca.com\/it\/wp-json\/wp\/v2\/media\/13112"}],"wp:attachment":[{"href":"https:\/\/environmental.senseca.com\/it\/wp-json\/wp\/v2\/media?parent=13111"}],"wp:term":[{"taxonomy":"product_cat","embeddable":true,"href":"https:\/\/environmental.senseca.com\/it\/wp-json\/wp\/v2\/product_cat?post=13111"},{"taxonomy":"product_tag","embeddable":true,"href":"https:\/\/environmental.senseca.com\/it\/wp-json\/wp\/v2\/product_tag?post=13111"}],"curies":[{"name":"wp","href":"https:\/\/api.w.org\/{rel}","templated":true}]}}