{"id":13130,"date":"2018-07-31T14:43:29","date_gmt":"2018-07-31T14:43:29","guid":{"rendered":"https:\/\/www.deltaohm.com\/product\/hd3901-leaf-wetness-sensor\/"},"modified":"2024-10-21T12:34:45","modified_gmt":"2024-10-21T12:34:45","slug":"hd3901-sensore-bagnatura-fogliare","status":"publish","type":"product","link":"https:\/\/environmental.senseca.com\/it\/prodotto\/hd3901-sensore-bagnatura-fogliare\/","title":{"rendered":"HD3901 &#8211; Sensore Bagnatura Fogliare"},"content":{"rendered":"<p>Il sensore di bagnatura fogliare HD3901 rileva la <strong>presenza di condensa sulla sua superficie<\/strong> sensibile ed \u00e8 stato progettato per riprodurre in maniera estremamente accurata il <strong>comportamento termodinamico di una foglia.<\/strong><\/p>\n<p>Il grado di bagnatura fogliare \u00e8 un&#8217;<strong>informazione fondamentale in campo agricolo e <\/strong><strong>florovivaistico<\/strong> per determinare il trattamento fitosanitario pi\u00f9 opportuno atto a prevenire muffe e infezioni fungine in generale che possono affliggere le piante e le coltivazioni in presenza di condensa sulle foglie.<\/p>\n<p>La doppia superficie sensibile permette di determinare il grado di bagnatura <strong>sia sopra che sotto la foglia<\/strong>, caratteristica importante per ottenere indicazioni accurate, in quanto i due lati della foglia hanno tempi di asciugatura diversi. La superficie del sensore \u00e8 trattata per resistere agli agenti atmosferici e agli agenti chimici presenti nei prodotti antiparassitari, in modo da garantire una lunga durata del sensore stesso.<\/p>\n<p>Il sensore \u00e8 fornito gi\u00e0 calibrato di fabbrica e non richiede calibrazione da parte dell&#8217;utente. L&#8217;uscita \u00e8 di tipo analogico in tensione 0,5\u20263 V con cavo di collegamento fisso di lunghezza 5 (HD3901.5) o 10 m (HD3901.10). Alimentazione 5\u202618 Vdc.<\/p>\n","protected":false},"excerpt":{"rendered":"<p>Sensore di bagnatura fogliare con doppia superficie sensibile.<\/p>\n","protected":false},"featured_media":15957,"template":"","meta":[],"product_cat":[96,806],"product_tag":[],"brands":[{"id":60,"name":"Soil &amp; Leaf","slug":"soil-moisture-leaf-wetness"}],"yoast_head":"<!-- This site is optimized with the Yoast SEO plugin v21.1 - https:\/\/yoast.com\/wordpress\/plugins\/seo\/ -->\n<title>HD3901 - Sensore Bagnatura Fogliare - Soil &amp; Leaf - Senseca Italy Srl<\/title>\n<meta name=\"description\" content=\"Cerchi Soil &amp; Leaf? Scopri le caratteristiche di HD3901 - Sensore Bagnatura Fogliare di Senseca Italy Srl\" \/>\n<meta name=\"robots\" content=\"index, follow, max-snippet:-1, max-image-preview:large, max-video-preview:-1\" \/>\n<link rel=\"canonical\" href=\"https:\/\/environmental.senseca.com\/it\/prodotto\/hd3901-sensore-bagnatura-fogliare\/\" \/>\n<meta property=\"og:locale\" content=\"it_IT\" \/>\n<meta property=\"og:type\" content=\"article\" \/>\n<meta property=\"og:title\" content=\"HD3901 - Sensore Bagnatura Fogliare - Soil &amp; Leaf - Senseca Italy Srl\" \/>\n<meta property=\"og:description\" content=\"Cerchi Soil &amp; Leaf? Scopri le caratteristiche di HD3901 - Sensore Bagnatura Fogliare di Senseca Italy Srl\" \/>\n<meta property=\"og:url\" content=\"https:\/\/environmental.senseca.com\/it\/prodotto\/hd3901-sensore-bagnatura-fogliare\/\" \/>\n<meta property=\"og:site_name\" content=\"Senseca Italy Srl\" \/>\n<meta property=\"article:modified_time\" content=\"2024-10-21T12:34:45+00:00\" \/>\n<meta property=\"og:image\" content=\"https:\/\/environmental.senseca.com\/wp-content\/uploads\/2018\/07\/HD3901.jpg\" \/>\n\t<meta property=\"og:image:width\" content=\"1000\" \/>\n\t<meta property=\"og:image:height\" content=\"1000\" \/>\n\t<meta property=\"og:image:type\" content=\"image\/jpeg\" \/>\n<meta name=\"twitter:card\" content=\"summary_large_image\" \/>\n<meta name=\"twitter:label1\" content=\"Tempo di lettura stimato\" \/>\n\t<meta name=\"twitter:data1\" content=\"1 minuto\" \/>\n<script type=\"application\/ld+json\" class=\"yoast-schema-graph\">{\"@context\":\"https:\/\/schema.org\",\"@graph\":[{\"@type\":\"WebPage\",\"@id\":\"https:\/\/environmental.senseca.com\/it\/prodotto\/hd3901-sensore-bagnatura-fogliare\/\",\"url\":\"https:\/\/environmental.senseca.com\/it\/prodotto\/hd3901-sensore-bagnatura-fogliare\/\",\"name\":\"HD3901 - Sensore Bagnatura Fogliare - Soil &amp; Leaf - Senseca Italy Srl\",\"isPartOf\":{\"@id\":\"https:\/\/environmental.senseca.com\/#website\"},\"datePublished\":\"2018-07-31T14:43:29+00:00\",\"dateModified\":\"2024-10-21T12:34:45+00:00\",\"description\":\"Cerchi Soil &amp; Leaf? Scopri le caratteristiche di HD3901 - Sensore Bagnatura Fogliare di Senseca Italy Srl\",\"breadcrumb\":{\"@id\":\"https:\/\/environmental.senseca.com\/it\/prodotto\/hd3901-sensore-bagnatura-fogliare\/#breadcrumb\"},\"inLanguage\":\"it-IT\",\"potentialAction\":[{\"@type\":\"ReadAction\",\"target\":[\"https:\/\/environmental.senseca.com\/it\/prodotto\/hd3901-sensore-bagnatura-fogliare\/\"]}]},{\"@type\":\"BreadcrumbList\",\"@id\":\"https:\/\/environmental.senseca.com\/it\/prodotto\/hd3901-sensore-bagnatura-fogliare\/#breadcrumb\",\"itemListElement\":[{\"@type\":\"ListItem\",\"position\":1,\"name\":\"Home\",\"item\":\"https:\/\/environmental.senseca.com\/it\/\"},{\"@type\":\"ListItem\",\"position\":2,\"name\":\"Prodotti\",\"item\":\"https:\/\/environmental.senseca.com\/products\/\"},{\"@type\":\"ListItem\",\"position\":3,\"name\":\"HD3901 &#8211; Sensore Bagnatura Fogliare\"}]},{\"@type\":\"WebSite\",\"@id\":\"https:\/\/environmental.senseca.com\/#website\",\"url\":\"https:\/\/environmental.senseca.com\/\",\"name\":\"Senseca Italy Srl\",\"description\":\"Member of GHM GROUP\",\"publisher\":{\"@id\":\"https:\/\/environmental.senseca.com\/#organization\"},\"alternateName\":\"Senseca\",\"potentialAction\":[{\"@type\":\"SearchAction\",\"target\":{\"@type\":\"EntryPoint\",\"urlTemplate\":\"https:\/\/environmental.senseca.com\/?s={search_term_string}\"},\"query-input\":\"required name=search_term_string\"}],\"inLanguage\":\"it-IT\"},{\"@type\":\"Organization\",\"@id\":\"https:\/\/environmental.senseca.com\/#organization\",\"name\":\"Senseca Italy Srl\",\"url\":\"https:\/\/environmental.senseca.com\/\",\"logo\":{\"@type\":\"ImageObject\",\"inLanguage\":\"it-IT\",\"@id\":\"https:\/\/environmental.senseca.com\/#\/schema\/logo\/image\/\",\"url\":\"https:\/\/environmental.senseca.com\/wp-content\/uploads\/2018\/07\/logo_prodotti.jpg\",\"contentUrl\":\"https:\/\/environmental.senseca.com\/wp-content\/uploads\/2018\/07\/logo_prodotti.jpg\",\"width\":1000,\"height\":1000,\"caption\":\"Senseca Italy Srl\"},\"image\":{\"@id\":\"https:\/\/environmental.senseca.com\/#\/schema\/logo\/image\/\"},\"sameAs\":[\"https:\/\/www.linkedin.com\/company\/senseca-measurement-solutions\/\",\"https:\/\/www.youtube.com\/@senseca-measurement-solutions\"]}]}<\/script>\n<!-- \/ Yoast SEO plugin. -->","yoast_head_json":{"title":"HD3901 - Sensore Bagnatura Fogliare - Soil &amp; Leaf - Senseca Italy Srl","description":"Cerchi Soil &amp; Leaf? Scopri le caratteristiche di HD3901 - Sensore Bagnatura Fogliare di Senseca Italy Srl","robots":{"index":"index","follow":"follow","max-snippet":"max-snippet:-1","max-image-preview":"max-image-preview:large","max-video-preview":"max-video-preview:-1"},"canonical":"https:\/\/environmental.senseca.com\/it\/prodotto\/hd3901-sensore-bagnatura-fogliare\/","og_locale":"it_IT","og_type":"article","og_title":"HD3901 - Sensore Bagnatura Fogliare - Soil &amp; Leaf - Senseca Italy Srl","og_description":"Cerchi Soil &amp; Leaf? Scopri le caratteristiche di HD3901 - Sensore Bagnatura Fogliare di Senseca Italy Srl","og_url":"https:\/\/environmental.senseca.com\/it\/prodotto\/hd3901-sensore-bagnatura-fogliare\/","og_site_name":"Senseca Italy Srl","article_modified_time":"2024-10-21T12:34:45+00:00","og_image":[{"width":1000,"height":1000,"url":"https:\/\/environmental.senseca.com\/wp-content\/uploads\/2018\/07\/HD3901.jpg","type":"image\/jpeg"}],"twitter_card":"summary_large_image","twitter_misc":{"Tempo di lettura stimato":"1 minuto"},"schema":{"@context":"https:\/\/schema.org","@graph":[{"@type":"WebPage","@id":"https:\/\/environmental.senseca.com\/it\/prodotto\/hd3901-sensore-bagnatura-fogliare\/","url":"https:\/\/environmental.senseca.com\/it\/prodotto\/hd3901-sensore-bagnatura-fogliare\/","name":"HD3901 - Sensore Bagnatura Fogliare - Soil &amp; Leaf - Senseca Italy Srl","isPartOf":{"@id":"https:\/\/environmental.senseca.com\/#website"},"datePublished":"2018-07-31T14:43:29+00:00","dateModified":"2024-10-21T12:34:45+00:00","description":"Cerchi Soil &amp; Leaf? Scopri le caratteristiche di HD3901 - Sensore Bagnatura Fogliare di Senseca Italy Srl","breadcrumb":{"@id":"https:\/\/environmental.senseca.com\/it\/prodotto\/hd3901-sensore-bagnatura-fogliare\/#breadcrumb"},"inLanguage":"it-IT","potentialAction":[{"@type":"ReadAction","target":["https:\/\/environmental.senseca.com\/it\/prodotto\/hd3901-sensore-bagnatura-fogliare\/"]}]},{"@type":"BreadcrumbList","@id":"https:\/\/environmental.senseca.com\/it\/prodotto\/hd3901-sensore-bagnatura-fogliare\/#breadcrumb","itemListElement":[{"@type":"ListItem","position":1,"name":"Home","item":"https:\/\/environmental.senseca.com\/it\/"},{"@type":"ListItem","position":2,"name":"Prodotti","item":"https:\/\/environmental.senseca.com\/products\/"},{"@type":"ListItem","position":3,"name":"HD3901 &#8211; Sensore Bagnatura Fogliare"}]},{"@type":"WebSite","@id":"https:\/\/environmental.senseca.com\/#website","url":"https:\/\/environmental.senseca.com\/","name":"Senseca Italy Srl","description":"Member of GHM GROUP","publisher":{"@id":"https:\/\/environmental.senseca.com\/#organization"},"alternateName":"Senseca","potentialAction":[{"@type":"SearchAction","target":{"@type":"EntryPoint","urlTemplate":"https:\/\/environmental.senseca.com\/?s={search_term_string}"},"query-input":"required name=search_term_string"}],"inLanguage":"it-IT"},{"@type":"Organization","@id":"https:\/\/environmental.senseca.com\/#organization","name":"Senseca Italy Srl","url":"https:\/\/environmental.senseca.com\/","logo":{"@type":"ImageObject","inLanguage":"it-IT","@id":"https:\/\/environmental.senseca.com\/#\/schema\/logo\/image\/","url":"https:\/\/environmental.senseca.com\/wp-content\/uploads\/2018\/07\/logo_prodotti.jpg","contentUrl":"https:\/\/environmental.senseca.com\/wp-content\/uploads\/2018\/07\/logo_prodotti.jpg","width":1000,"height":1000,"caption":"Senseca Italy Srl"},"image":{"@id":"https:\/\/environmental.senseca.com\/#\/schema\/logo\/image\/"},"sameAs":["https:\/\/www.linkedin.com\/company\/senseca-measurement-solutions\/","https:\/\/www.youtube.com\/@senseca-measurement-solutions"]}]}},"_links":{"self":[{"href":"https:\/\/environmental.senseca.com\/it\/wp-json\/wp\/v2\/product\/13130"}],"collection":[{"href":"https:\/\/environmental.senseca.com\/it\/wp-json\/wp\/v2\/product"}],"about":[{"href":"https:\/\/environmental.senseca.com\/it\/wp-json\/wp\/v2\/types\/product"}],"wp:featuredmedia":[{"embeddable":true,"href":"https:\/\/environmental.senseca.com\/it\/wp-json\/wp\/v2\/media\/15957"}],"wp:attachment":[{"href":"https:\/\/environmental.senseca.com\/it\/wp-json\/wp\/v2\/media?parent=13130"}],"wp:term":[{"taxonomy":"product_cat","embeddable":true,"href":"https:\/\/environmental.senseca.com\/it\/wp-json\/wp\/v2\/product_cat?post=13130"},{"taxonomy":"product_tag","embeddable":true,"href":"https:\/\/environmental.senseca.com\/it\/wp-json\/wp\/v2\/product_tag?post=13130"}],"curies":[{"name":"wp","href":"https:\/\/api.w.org\/{rel}","templated":true}]}}