{"id":13189,"date":"2018-07-31T14:43:25","date_gmt":"2018-07-31T14:43:25","guid":{"rendered":"https:\/\/www.deltaohm.com\/product\/hd52-3d-serie-2-axis-ultrasonic-anemometer\/"},"modified":"2025-01-28T14:55:12","modified_gmt":"2025-01-28T14:55:12","slug":"hd52-3d-serie-anemometri-a-ultrasuoni-a-due-assi","status":"publish","type":"product","link":"https:\/\/environmental.senseca.com\/it\/prodotto\/hd52-3d-serie-anemometri-a-ultrasuoni-a-due-assi\/","title":{"rendered":"HD52.3D&#8230; Serie &#8211; Anemometri a Ultrasuoni a Due Assi"},"content":{"rendered":"<p>Gli strumenti della serie HD52.3D\u2026 sono anemometri statici a ultrasuoni a 2 assi per la misura di:<\/p>\n<ul>\n<li><strong>Velocit\u00e0 e direzione del vento, componenti cartesiane U-V della velocit\u00e0 del vento<\/strong><\/li>\n<li><strong>Wind Gust<\/strong><\/li>\n<li><strong>Umidit\u00e0 relativa e temperatura<\/strong> (opzionale),<\/li>\n<li><strong>Radiazione solare globale<\/strong> (opzionale)<\/li>\n<li><strong>Pressione atmosferica<\/strong> (opzionale)<\/li>\n<li><strong>Precipitazione<\/strong>\u00a0(opzionale)<\/li>\n<\/ul>\n<p>Le opzioni \u201cPrecipitazione\u201d e \u201cRadiazione solare globale\u201d sono alternative (non possono essere presenti entrambe nello stesso strumento).<\/p>\n<p>Tutti i modelli sono dotati di <strong>bussola magnetica.<\/strong><\/p>\n<p>Velocit\u00e0 e direzione del vento sono determinati misurando il tempo di transito di impulsi ultrasonici tra due coppie di trasduttori ultrasonici.<\/p>\n<p>Sono disponibili le interfacce seriali RS232, RS485, RS422 e SDI-12 con protocolli di comunicazione NMEA, MODBUS-RTU e SDI-12.<br \/>\nTutte le versioni hanno due uscite analogiche, per la velocit\u00e0 e la direzione del vento, configurabili di fabbrica a scelta tra 4\u00f720 mA (standard), 0\u00f71 V, 0\u00f75 V o 0\u00f710 V (da specificare al momento dell&#8217;ordine).<\/p>\n<p>Vantaggi:<\/p>\n<ul>\n<li>L&#8217;<strong>assenza di parti mobili<\/strong> minimizza la manutenzione;<\/li>\n<li><strong>Alta sensibilit\u00e0<\/strong> per rilevare velocit\u00e0 molto basse, che non sono rilevabili con metodi tradizionali;<\/li>\n<li>Il <strong>basso consum<\/strong>o dello strumento permette l&#8217;installazione in siti remoti, con alimentazione da pannello solare e batteria;<\/li>\n<li>L&#8217;<strong>opzione di riscaldamento &#8216;R<\/strong>&#8216; impedisce l&#8217;accumulo di neve e ghiaccio, permettendo misurazioni accurate in tutte le condizioni ambientali;<\/li>\n<li><strong>Installazione facile e veloce<\/strong>, allineamento facilitato dalla bussola integrata;<\/li>\n<li>Le opzioni di misurazione disponibili uniscono in un unico strumento, <strong>compatto e leggero<\/strong>, le principali variabili di interesse delle stazioni meteorologiche;<\/li>\n<li>L&#8217;uscita MODBUS-RTU permette il <strong>collegamento in rete<\/strong> dello strumento.<\/li>\n<\/ul>\n","protected":false},"excerpt":{"rendered":"<p>Misura della velocit\u00e0 e della direzione del vento. Opzionalmente, RH, temperatura, pressione, radiazione solare, precipitazione.<\/p>\n","protected":false},"featured_media":16061,"template":"","meta":[],"product_cat":[96,806],"product_tag":[454,1085,455,1086,602,989,996,609,439,1054,1044,451,1043,450],"brands":[{"id":68,"name":"Air and Wind Speed","slug":"air-and-wind-speed"},{"id":970,"name":"Stazioni Meteo","slug":"stazioni-meteo-it"},{"id":811,"name":"Velocit\u00e0 dell'Aria","slug":"velocita-dellaria"},{"id":75,"name":"Weather Station","slug":"weather-station"}],"yoast_head":"<!-- This site is optimized with the Yoast SEO plugin v21.1 - https:\/\/yoast.com\/wordpress\/plugins\/seo\/ -->\n<title>HD52.3D... Serie - Anemometri a Ultrasuoni a Due Assi - Air and Wind Speed, Stazioni Meteo, Velocit\u00e0 dell&#039;Aria, Weather Station - Senseca Italy Srl<\/title>\n<meta name=\"description\" content=\"Cerchi Air and Wind Speed, Stazioni Meteo, Velocit\u00e0 dell&#039;Aria, Weather Station? Scopri le caratteristiche di HD52.3D... Serie - Anemometri a Ultrasuoni a Due Assi di Senseca Italy Srl\" \/>\n<meta name=\"robots\" content=\"index, follow, max-snippet:-1, max-image-preview:large, max-video-preview:-1\" \/>\n<link rel=\"canonical\" href=\"https:\/\/environmental.senseca.com\/it\/prodotto\/hd52-3d-serie-anemometri-a-ultrasuoni-a-due-assi\/\" \/>\n<meta property=\"og:locale\" content=\"it_IT\" \/>\n<meta property=\"og:type\" content=\"article\" \/>\n<meta property=\"og:title\" content=\"HD52.3D... Serie - Anemometri a Ultrasuoni a Due Assi - Air and Wind Speed, Stazioni Meteo, Velocit\u00e0 dell&#039;Aria, Weather Station - Senseca Italy Srl\" \/>\n<meta property=\"og:description\" content=\"Cerchi Air and Wind Speed, Stazioni Meteo, Velocit\u00e0 dell&#039;Aria, Weather Station? Scopri le caratteristiche di HD52.3D... Serie - Anemometri a Ultrasuoni a Due Assi di Senseca Italy Srl\" \/>\n<meta property=\"og:url\" content=\"https:\/\/environmental.senseca.com\/it\/prodotto\/hd52-3d-serie-anemometri-a-ultrasuoni-a-due-assi\/\" \/>\n<meta property=\"og:site_name\" content=\"Senseca Italy Srl\" \/>\n<meta property=\"article:modified_time\" content=\"2025-01-28T14:55:12+00:00\" \/>\n<meta property=\"og:image\" content=\"https:\/\/environmental.senseca.com\/wp-content\/uploads\/2018\/07\/img_fam_HD52.3D17_front_web.jpg\" \/>\n\t<meta property=\"og:image:width\" content=\"1000\" \/>\n\t<meta property=\"og:image:height\" content=\"1000\" \/>\n\t<meta property=\"og:image:type\" content=\"image\/jpeg\" \/>\n<meta name=\"twitter:card\" content=\"summary_large_image\" \/>\n<meta name=\"twitter:label1\" content=\"Tempo di lettura stimato\" \/>\n\t<meta name=\"twitter:data1\" content=\"2 minuti\" \/>\n<script type=\"application\/ld+json\" class=\"yoast-schema-graph\">{\"@context\":\"https:\/\/schema.org\",\"@graph\":[{\"@type\":\"WebPage\",\"@id\":\"https:\/\/environmental.senseca.com\/it\/prodotto\/hd52-3d-serie-anemometri-a-ultrasuoni-a-due-assi\/\",\"url\":\"https:\/\/environmental.senseca.com\/it\/prodotto\/hd52-3d-serie-anemometri-a-ultrasuoni-a-due-assi\/\",\"name\":\"HD52.3D... Serie - Anemometri a Ultrasuoni a Due Assi - Air and Wind Speed, Stazioni Meteo, Velocit\u00e0 dell'Aria, Weather Station - Senseca Italy Srl\",\"isPartOf\":{\"@id\":\"https:\/\/environmental.senseca.com\/#website\"},\"datePublished\":\"2018-07-31T14:43:25+00:00\",\"dateModified\":\"2025-01-28T14:55:12+00:00\",\"description\":\"Cerchi Air and Wind Speed, Stazioni Meteo, Velocit\u00e0 dell'Aria, Weather Station? Scopri le caratteristiche di HD52.3D... Serie - Anemometri a Ultrasuoni a Due Assi di Senseca Italy Srl\",\"breadcrumb\":{\"@id\":\"https:\/\/environmental.senseca.com\/it\/prodotto\/hd52-3d-serie-anemometri-a-ultrasuoni-a-due-assi\/#breadcrumb\"},\"inLanguage\":\"it-IT\",\"potentialAction\":[{\"@type\":\"ReadAction\",\"target\":[\"https:\/\/environmental.senseca.com\/it\/prodotto\/hd52-3d-serie-anemometri-a-ultrasuoni-a-due-assi\/\"]}]},{\"@type\":\"BreadcrumbList\",\"@id\":\"https:\/\/environmental.senseca.com\/it\/prodotto\/hd52-3d-serie-anemometri-a-ultrasuoni-a-due-assi\/#breadcrumb\",\"itemListElement\":[{\"@type\":\"ListItem\",\"position\":1,\"name\":\"Home\",\"item\":\"https:\/\/environmental.senseca.com\/it\/\"},{\"@type\":\"ListItem\",\"position\":2,\"name\":\"Prodotti\",\"item\":\"https:\/\/environmental.senseca.com\/products\/\"},{\"@type\":\"ListItem\",\"position\":3,\"name\":\"HD52.3D&#8230; Serie &#8211; Anemometri a Ultrasuoni a Due Assi\"}]},{\"@type\":\"WebSite\",\"@id\":\"https:\/\/environmental.senseca.com\/#website\",\"url\":\"https:\/\/environmental.senseca.com\/\",\"name\":\"Senseca Italy Srl\",\"description\":\"Member of GHM GROUP\",\"publisher\":{\"@id\":\"https:\/\/environmental.senseca.com\/#organization\"},\"alternateName\":\"Senseca\",\"potentialAction\":[{\"@type\":\"SearchAction\",\"target\":{\"@type\":\"EntryPoint\",\"urlTemplate\":\"https:\/\/environmental.senseca.com\/?s={search_term_string}\"},\"query-input\":\"required name=search_term_string\"}],\"inLanguage\":\"it-IT\"},{\"@type\":\"Organization\",\"@id\":\"https:\/\/environmental.senseca.com\/#organization\",\"name\":\"Senseca Italy Srl\",\"url\":\"https:\/\/environmental.senseca.com\/\",\"logo\":{\"@type\":\"ImageObject\",\"inLanguage\":\"it-IT\",\"@id\":\"https:\/\/environmental.senseca.com\/#\/schema\/logo\/image\/\",\"url\":\"https:\/\/environmental.senseca.com\/wp-content\/uploads\/2018\/07\/logo_prodotti.jpg\",\"contentUrl\":\"https:\/\/environmental.senseca.com\/wp-content\/uploads\/2018\/07\/logo_prodotti.jpg\",\"width\":1000,\"height\":1000,\"caption\":\"Senseca Italy Srl\"},\"image\":{\"@id\":\"https:\/\/environmental.senseca.com\/#\/schema\/logo\/image\/\"},\"sameAs\":[\"https:\/\/www.linkedin.com\/company\/senseca-measurement-solutions\/\",\"https:\/\/www.youtube.com\/@senseca-measurement-solutions\"]}]}<\/script>\n<!-- \/ Yoast SEO plugin. -->","yoast_head_json":{"title":"HD52.3D... Serie - Anemometri a Ultrasuoni a Due Assi - Air and Wind Speed, Stazioni Meteo, Velocit\u00e0 dell'Aria, Weather Station - Senseca Italy Srl","description":"Cerchi Air and Wind Speed, Stazioni Meteo, Velocit\u00e0 dell'Aria, Weather Station? Scopri le caratteristiche di HD52.3D... Serie - Anemometri a Ultrasuoni a Due Assi di Senseca Italy Srl","robots":{"index":"index","follow":"follow","max-snippet":"max-snippet:-1","max-image-preview":"max-image-preview:large","max-video-preview":"max-video-preview:-1"},"canonical":"https:\/\/environmental.senseca.com\/it\/prodotto\/hd52-3d-serie-anemometri-a-ultrasuoni-a-due-assi\/","og_locale":"it_IT","og_type":"article","og_title":"HD52.3D... Serie - Anemometri a Ultrasuoni a Due Assi - Air and Wind Speed, Stazioni Meteo, Velocit\u00e0 dell'Aria, Weather Station - Senseca Italy Srl","og_description":"Cerchi Air and Wind Speed, Stazioni Meteo, Velocit\u00e0 dell'Aria, Weather Station? Scopri le caratteristiche di HD52.3D... Serie - Anemometri a Ultrasuoni a Due Assi di Senseca Italy Srl","og_url":"https:\/\/environmental.senseca.com\/it\/prodotto\/hd52-3d-serie-anemometri-a-ultrasuoni-a-due-assi\/","og_site_name":"Senseca Italy Srl","article_modified_time":"2025-01-28T14:55:12+00:00","og_image":[{"width":1000,"height":1000,"url":"https:\/\/environmental.senseca.com\/wp-content\/uploads\/2018\/07\/img_fam_HD52.3D17_front_web.jpg","type":"image\/jpeg"}],"twitter_card":"summary_large_image","twitter_misc":{"Tempo di lettura stimato":"2 minuti"},"schema":{"@context":"https:\/\/schema.org","@graph":[{"@type":"WebPage","@id":"https:\/\/environmental.senseca.com\/it\/prodotto\/hd52-3d-serie-anemometri-a-ultrasuoni-a-due-assi\/","url":"https:\/\/environmental.senseca.com\/it\/prodotto\/hd52-3d-serie-anemometri-a-ultrasuoni-a-due-assi\/","name":"HD52.3D... Serie - Anemometri a Ultrasuoni a Due Assi - Air and Wind Speed, Stazioni Meteo, Velocit\u00e0 dell'Aria, Weather Station - Senseca Italy Srl","isPartOf":{"@id":"https:\/\/environmental.senseca.com\/#website"},"datePublished":"2018-07-31T14:43:25+00:00","dateModified":"2025-01-28T14:55:12+00:00","description":"Cerchi Air and Wind Speed, Stazioni Meteo, Velocit\u00e0 dell'Aria, Weather Station? Scopri le caratteristiche di HD52.3D... Serie - Anemometri a Ultrasuoni a Due Assi di Senseca Italy Srl","breadcrumb":{"@id":"https:\/\/environmental.senseca.com\/it\/prodotto\/hd52-3d-serie-anemometri-a-ultrasuoni-a-due-assi\/#breadcrumb"},"inLanguage":"it-IT","potentialAction":[{"@type":"ReadAction","target":["https:\/\/environmental.senseca.com\/it\/prodotto\/hd52-3d-serie-anemometri-a-ultrasuoni-a-due-assi\/"]}]},{"@type":"BreadcrumbList","@id":"https:\/\/environmental.senseca.com\/it\/prodotto\/hd52-3d-serie-anemometri-a-ultrasuoni-a-due-assi\/#breadcrumb","itemListElement":[{"@type":"ListItem","position":1,"name":"Home","item":"https:\/\/environmental.senseca.com\/it\/"},{"@type":"ListItem","position":2,"name":"Prodotti","item":"https:\/\/environmental.senseca.com\/products\/"},{"@type":"ListItem","position":3,"name":"HD52.3D&#8230; Serie &#8211; Anemometri a Ultrasuoni a Due Assi"}]},{"@type":"WebSite","@id":"https:\/\/environmental.senseca.com\/#website","url":"https:\/\/environmental.senseca.com\/","name":"Senseca Italy Srl","description":"Member of GHM GROUP","publisher":{"@id":"https:\/\/environmental.senseca.com\/#organization"},"alternateName":"Senseca","potentialAction":[{"@type":"SearchAction","target":{"@type":"EntryPoint","urlTemplate":"https:\/\/environmental.senseca.com\/?s={search_term_string}"},"query-input":"required name=search_term_string"}],"inLanguage":"it-IT"},{"@type":"Organization","@id":"https:\/\/environmental.senseca.com\/#organization","name":"Senseca Italy Srl","url":"https:\/\/environmental.senseca.com\/","logo":{"@type":"ImageObject","inLanguage":"it-IT","@id":"https:\/\/environmental.senseca.com\/#\/schema\/logo\/image\/","url":"https:\/\/environmental.senseca.com\/wp-content\/uploads\/2018\/07\/logo_prodotti.jpg","contentUrl":"https:\/\/environmental.senseca.com\/wp-content\/uploads\/2018\/07\/logo_prodotti.jpg","width":1000,"height":1000,"caption":"Senseca Italy Srl"},"image":{"@id":"https:\/\/environmental.senseca.com\/#\/schema\/logo\/image\/"},"sameAs":["https:\/\/www.linkedin.com\/company\/senseca-measurement-solutions\/","https:\/\/www.youtube.com\/@senseca-measurement-solutions"]}]}},"_links":{"self":[{"href":"https:\/\/environmental.senseca.com\/it\/wp-json\/wp\/v2\/product\/13189"}],"collection":[{"href":"https:\/\/environmental.senseca.com\/it\/wp-json\/wp\/v2\/product"}],"about":[{"href":"https:\/\/environmental.senseca.com\/it\/wp-json\/wp\/v2\/types\/product"}],"wp:featuredmedia":[{"embeddable":true,"href":"https:\/\/environmental.senseca.com\/it\/wp-json\/wp\/v2\/media\/16061"}],"wp:attachment":[{"href":"https:\/\/environmental.senseca.com\/it\/wp-json\/wp\/v2\/media?parent=13189"}],"wp:term":[{"taxonomy":"product_cat","embeddable":true,"href":"https:\/\/environmental.senseca.com\/it\/wp-json\/wp\/v2\/product_cat?post=13189"},{"taxonomy":"product_tag","embeddable":true,"href":"https:\/\/environmental.senseca.com\/it\/wp-json\/wp\/v2\/product_tag?post=13189"}],"curies":[{"name":"wp","href":"https:\/\/api.w.org\/{rel}","templated":true}]}}