{"id":13225,"date":"2018-07-31T14:43:23","date_gmt":"2018-07-31T14:43:23","guid":{"rendered":"https:\/\/www.deltaohm.com\/product\/hd2903t-hd29v3t-active-air-speed-transmitters\/"},"modified":"2025-12-09T10:07:25","modified_gmt":"2025-12-09T10:07:25","slug":"hd29-trasmettitori-attivi-velocita-aria","status":"publish","type":"product","link":"https:\/\/environmental.senseca.com\/it\/prodotto\/hd29-trasmettitori-attivi-velocita-aria\/","title":{"rendered":"HD29 \u2013 Trasmettitori di Velocit\u00e0 dell\u2019Aria, Temperatura e Umidit\u00e0 Relativa"},"content":{"rendered":"<p>I <strong data-start=\"566\" data-end=\"588\">trasmettitori della serie HD29<\/strong> garantiscono una <strong data-start=\"606\" data-end=\"642\">misurazione precisa e affidabile<\/strong> di <strong data-start=\"646\" data-end=\"700\">velocit\u00e0 dell\u2019aria, temperatura e umidit\u00e0 relativa<\/strong> per applicazioni HVAC, clean room, impianti industriali, laboratori e monitoraggio ambientale.<br data-start=\"795\" data-end=\"798\" \/>Dotati di <strong data-start=\"808\" data-end=\"828\">sensori avanzati<\/strong> e <strong data-start=\"831\" data-end=\"856\">sonde in acciaio inox<\/strong>, assicurano <strong data-start=\"869\" data-end=\"901\">stabilit\u00e0 e durata nel tempo<\/strong>, anche in condizioni operative difficili.<\/p>\n<h4 data-start=\"611\" data-end=\"645\"><strong data-start=\"615\" data-end=\"645\">Caratteristiche principali<\/strong><\/h4>\n<ul data-start=\"646\" data-end=\"1215\">\n<li data-start=\"646\" data-end=\"762\">\n<p data-start=\"648\" data-end=\"762\">Misura della <strong data-start=\"661\" data-end=\"700\">velocit\u00e0 dell\u2019aria da 0,05 a 20 m\/s<\/strong>, <strong data-start=\"702\" data-end=\"728\">temperatura \u201310\u2026+60 \u00b0C<\/strong> e <strong data-start=\"731\" data-end=\"759\">umidit\u00e0 relativa 0\u2013100 %<\/strong>.<\/p>\n<\/li>\n<li data-start=\"763\" data-end=\"851\">\n<p data-start=\"765\" data-end=\"851\">Elettronica ad alta precisione e <strong data-start=\"798\" data-end=\"822\">taratura di fabbrica<\/strong> per un utilizzo immediato.<\/p>\n<\/li>\n<li data-start=\"852\" data-end=\"945\">\n<p data-start=\"854\" data-end=\"945\"><strong data-start=\"854\" data-end=\"888\">Sonda in acciaio inox AISI 304<\/strong> con filtro in rete metallica per prestazioni durature.<\/p>\n<\/li>\n<li data-start=\"946\" data-end=\"1036\">\n<p data-start=\"948\" data-end=\"1036\">Versioni con <strong data-start=\"961\" data-end=\"987\">sonda fissa o con cavo<\/strong> (2, 5 o 10 m) per un\u2019installazione flessibile.<\/p>\n<\/li>\n<li data-start=\"1037\" data-end=\"1108\">\n<p data-start=\"1039\" data-end=\"1108\"><strong data-start=\"1039\" data-end=\"1064\">Uscite configurabili:<\/strong> 4\u202620 mA, 0\u202610 V o RS485 Modbus-RTU\/ASCII.<\/p>\n<\/li>\n<li data-start=\"1109\" data-end=\"1215\">\n<p data-start=\"1111\" data-end=\"1215\">Modalit\u00e0 di risposta <strong data-start=\"1132\" data-end=\"1148\">FAST (0,2 s)<\/strong> o <strong data-start=\"1151\" data-end=\"1165\">SLOW (2 s)<\/strong> per letture stabili anche in flussi turbolenti.<\/p>\n<\/li>\n<\/ul>\n<h4 data-start=\"1560\" data-end=\"1580\"><strong data-start=\"1564\" data-end=\"1580\">Applicazioni<\/strong><\/h4>\n<p data-start=\"1581\" data-end=\"1778\">Ideali per <strong data-start=\"1592\" data-end=\"1608\">sistemi HVAC<\/strong>, <strong data-start=\"1610\" data-end=\"1618\">BEMS<\/strong>, <strong data-start=\"1620\" data-end=\"1648\">clean room farmaceutiche<\/strong>, <strong data-start=\"1650\" data-end=\"1659\">musei<\/strong>, <strong data-start=\"1661\" data-end=\"1685\">impianti industriali<\/strong> e <strong data-start=\"1688\" data-end=\"1709\">ambienti agricoli<\/strong>, dove la precisione nel monitoraggio del flusso d\u2019aria \u00e8 essenziale.<\/p>\n<p hidden=\"\">HD29A300TO1, HD29A300TO2, HD29A300TO3, HD29V300TO1, HD29V300TO2, HD29V300TO3, HD29S300TO1, HD29S300TO2, HD29S300TO3, HD29A300TC102, HD29A300TC105, HD29A300TC110, HD29A300TC202, HD29A300TC205, HD29A300TC210, HD29A300TC302, HD29A300TC305, HD29A300TC310, HD29V300TC102, HD29V300TC105, HD29V300TC110, HD29V300TC202, HD29V300TC205, HD29V300TC210, HD29V300TC302, D29V300TC305, HD29V300TC310, HD29S300TC102, HD29S300TC105, HD29S300TC110, HD29S300TC202, HD29S300TC205, HD29S300TC210, HD29S300TC302, HD29S300TC305, HD29S300TC310, HD29A370TO1, HD29A370TO2, HD29A370TO3, HD29V370TO1, HD29V370TO2, HD29V370TO3, HD29S370TO1, HD29S370TO2, HD29S370TO3, HD29A370TC102, HD29A370TC105, HD29A370TC110, HD29A370TC202, HD29A370TC205, HD29A370TC210, HD29A370TC302, HD29A370TC305, HD29A370TC310, HD29V370TC102, HD29V370TC105, HD29V370TC110, HD29V370TC202, HD29V370TC205, HD29V370TC210, HD29V370TC302, HD29V370TC305, HD29V370TC310, HD29S370TC102, HD29S370TC105, HD29S370TC110, HD29S370TC202, HD29S370TC205, HD29S370TC210, HD29S370TC302, HD29S370TC305, HD29S370TC310, HD29A371TO1, HD29A371TO2, HD29A371TO3, HD29V371TO1, HD29V371TO2, HD29V371TO3, HD29S371TO1, HD29S371TO2, HD29S371TO3, HD29A371TC102, HD29A371TC105, HD29A371TC110, HD29A371TC202, HD29A371TC205, HD29A371TC210, HD29A371TC302, HD29A371TC305, HD29A371TC310,<br \/>\nHD29V371TC102, HD29V371TC105, HD29V371TC110, HD29V371TC202, HD29V371TC205, HD29V371TC210, HD29V371TC302, HD29V371TC305, HD29V371TC310, HD29S371TC102, HD29S371TC105, HD29S371TC110, HD29S371TC202, HD29S371TC205, HD29S371TC210, HD29S371TC302, HD29S371TC305, HD29S371TC310, HD2903TO1 , HD2903TO2 , HD2903TO3 , HD2903TC12 , HD2903TC15 , HD2903TC110 , HD2903TC22 , HD2903TC25 , HD2903TC210 , HD2903TC32 , HD2903TC35 , HD2903TC310 , HD29V3TO1 , HD29V3TO2 , HD29V3TO3 , HD29V3TC12 , HD29V3TC15 , HD29V3TC110 , HD29V3TC22 , HD29V3TC25 , HD29V3TC210 , HD29V3TC32 , HD29V3TC35 , HD29V3TC310 , HD2937TO1 , HD2937TO2 , HD2937TO3 , HD2937TC12 , HD2937TC15 , HD2937TC110 , HD2937TC22 , HD2937TC25 , HD2937TC210 , HD2937TC32 , HD2937TC35 , HD2937TC310 , HD29V37TO1 , HD29V37TO2 , HD29V37TO3 , HD29V37TC12 , HD29V37TC15 , HD29V37TC110 , HD29V37TC22 , HD29V37TC25 , HD29V37TC210 , HD29V37TC32 , HD29V37TC35 , HD29V37TC310 , HD29371TO1 , HD29371TO2 , HD29371TO3 , HD29371TC12 , HD29371TC15 , HD29371TC110 , HD29371TC22 , HD29371TC25 , HD29371TC210 , HD29371TC32 , HD29371TC35 , HD29371TC310 , HD29V371TO1 , HD29V371TO2 , HD29V371TO3 , HD29V371TC12 , HD29V371TC15 , HD29V371TC110 , HD29V371TC22 , HD29V371TC25 , HD29V371TC210 , HD29V371TC32 , HD29V371TC35 , HD29V371TC310<\/p>\n","protected":false},"excerpt":{"rendered":"<p>Trasmettitori di velocit\u00e0 dell\u2019aria accurati e versatili per un controllo ambientale preciso. Misurano velocit\u00e0 dell\u2019aria, temperatura e umidit\u00e0 con uscite analogiche o digitali RS485 Modbus.<\/p>\n","protected":false},"featured_media":16401,"template":"","meta":[],"product_cat":[1303],"product_tag":[1190,1188,1191,1189],"brands":[{"id":810,"name":"Temperatura","slug":"temperatura"},{"id":764,"name":"Umidit\u00e0","slug":"umidita"},{"id":811,"name":"Velocit\u00e0 dell'Aria","slug":"velocita-dellaria"}],"yoast_head":"<!-- This site is optimized with the Yoast SEO plugin v21.1 - https:\/\/yoast.com\/wordpress\/plugins\/seo\/ -->\n<title>HD29 \u2013 Trasmettitori di Velocit\u00e0 dell\u2019Aria, Temperatura e Umidit\u00e0 Relativa - Temperatura, Umidit\u00e0, Velocit\u00e0 dell&#039;Aria - Senseca Italy Srl<\/title>\n<meta name=\"description\" content=\"Cerchi Temperatura, Umidit\u00e0, Velocit\u00e0 dell&#039;Aria? Scopri le caratteristiche di HD29 \u2013 Trasmettitori di Velocit\u00e0 dell\u2019Aria, Temperatura e Umidit\u00e0 Relativa di Senseca Italy Srl\" \/>\n<meta name=\"robots\" content=\"index, follow, max-snippet:-1, max-image-preview:large, max-video-preview:-1\" \/>\n<link rel=\"canonical\" href=\"https:\/\/environmental.senseca.com\/it\/prodotto\/hd29-trasmettitori-attivi-velocita-aria\/\" \/>\n<meta property=\"og:locale\" content=\"it_IT\" \/>\n<meta property=\"og:type\" content=\"article\" \/>\n<meta property=\"og:title\" content=\"HD29 \u2013 Trasmettitori di Velocit\u00e0 dell\u2019Aria, Temperatura e Umidit\u00e0 Relativa - Temperatura, Umidit\u00e0, Velocit\u00e0 dell&#039;Aria - Senseca Italy Srl\" \/>\n<meta property=\"og:description\" content=\"Cerchi Temperatura, Umidit\u00e0, Velocit\u00e0 dell&#039;Aria? Scopri le caratteristiche di HD29 \u2013 Trasmettitori di Velocit\u00e0 dell\u2019Aria, Temperatura e Umidit\u00e0 Relativa di Senseca Italy Srl\" \/>\n<meta property=\"og:url\" content=\"https:\/\/environmental.senseca.com\/it\/prodotto\/hd29-trasmettitori-attivi-velocita-aria\/\" \/>\n<meta property=\"og:site_name\" content=\"Senseca Italy Srl\" \/>\n<meta property=\"article:modified_time\" content=\"2025-12-09T10:07:25+00:00\" \/>\n<meta property=\"og:image\" content=\"https:\/\/environmental.senseca.com\/wp-content\/uploads\/2018\/07\/img_fam_HD29371TO_front-1024x1024.png\" \/>\n\t<meta property=\"og:image:width\" content=\"1024\" \/>\n\t<meta property=\"og:image:height\" content=\"1024\" \/>\n\t<meta property=\"og:image:type\" content=\"image\/png\" \/>\n<meta name=\"twitter:card\" content=\"summary_large_image\" \/>\n<meta name=\"twitter:label1\" content=\"Tempo di lettura stimato\" \/>\n\t<meta name=\"twitter:data1\" content=\"2 minuti\" \/>\n<script type=\"application\/ld+json\" class=\"yoast-schema-graph\">{\"@context\":\"https:\/\/schema.org\",\"@graph\":[{\"@type\":\"WebPage\",\"@id\":\"https:\/\/environmental.senseca.com\/it\/prodotto\/hd29-trasmettitori-attivi-velocita-aria\/\",\"url\":\"https:\/\/environmental.senseca.com\/it\/prodotto\/hd29-trasmettitori-attivi-velocita-aria\/\",\"name\":\"HD29 \u2013 Trasmettitori di Velocit\u00e0 dell\u2019Aria, Temperatura e Umidit\u00e0 Relativa - Temperatura, Umidit\u00e0, Velocit\u00e0 dell'Aria - Senseca Italy Srl\",\"isPartOf\":{\"@id\":\"https:\/\/environmental.senseca.com\/#website\"},\"datePublished\":\"2018-07-31T14:43:23+00:00\",\"dateModified\":\"2025-12-09T10:07:25+00:00\",\"description\":\"Cerchi Temperatura, Umidit\u00e0, Velocit\u00e0 dell'Aria? Scopri le caratteristiche di HD29 \u2013 Trasmettitori di Velocit\u00e0 dell\u2019Aria, Temperatura e Umidit\u00e0 Relativa di Senseca Italy Srl\",\"breadcrumb\":{\"@id\":\"https:\/\/environmental.senseca.com\/it\/prodotto\/hd29-trasmettitori-attivi-velocita-aria\/#breadcrumb\"},\"inLanguage\":\"it-IT\",\"potentialAction\":[{\"@type\":\"ReadAction\",\"target\":[\"https:\/\/environmental.senseca.com\/it\/prodotto\/hd29-trasmettitori-attivi-velocita-aria\/\"]}]},{\"@type\":\"BreadcrumbList\",\"@id\":\"https:\/\/environmental.senseca.com\/it\/prodotto\/hd29-trasmettitori-attivi-velocita-aria\/#breadcrumb\",\"itemListElement\":[{\"@type\":\"ListItem\",\"position\":1,\"name\":\"Home\",\"item\":\"https:\/\/environmental.senseca.com\/it\/\"},{\"@type\":\"ListItem\",\"position\":2,\"name\":\"Prodotti\",\"item\":\"https:\/\/environmental.senseca.com\/products\/\"},{\"@type\":\"ListItem\",\"position\":3,\"name\":\"HD29 \u2013 Trasmettitori di Velocit\u00e0 dell\u2019Aria, Temperatura e Umidit\u00e0 Relativa\"}]},{\"@type\":\"WebSite\",\"@id\":\"https:\/\/environmental.senseca.com\/#website\",\"url\":\"https:\/\/environmental.senseca.com\/\",\"name\":\"Senseca Italy Srl\",\"description\":\"Member of GHM GROUP\",\"publisher\":{\"@id\":\"https:\/\/environmental.senseca.com\/#organization\"},\"alternateName\":\"Senseca\",\"potentialAction\":[{\"@type\":\"SearchAction\",\"target\":{\"@type\":\"EntryPoint\",\"urlTemplate\":\"https:\/\/environmental.senseca.com\/?s={search_term_string}\"},\"query-input\":\"required name=search_term_string\"}],\"inLanguage\":\"it-IT\"},{\"@type\":\"Organization\",\"@id\":\"https:\/\/environmental.senseca.com\/#organization\",\"name\":\"Senseca Italy Srl\",\"url\":\"https:\/\/environmental.senseca.com\/\",\"logo\":{\"@type\":\"ImageObject\",\"inLanguage\":\"it-IT\",\"@id\":\"https:\/\/environmental.senseca.com\/#\/schema\/logo\/image\/\",\"url\":\"https:\/\/environmental.senseca.com\/wp-content\/uploads\/2018\/07\/logo_prodotti.jpg\",\"contentUrl\":\"https:\/\/environmental.senseca.com\/wp-content\/uploads\/2018\/07\/logo_prodotti.jpg\",\"width\":1000,\"height\":1000,\"caption\":\"Senseca Italy Srl\"},\"image\":{\"@id\":\"https:\/\/environmental.senseca.com\/#\/schema\/logo\/image\/\"},\"sameAs\":[\"https:\/\/www.linkedin.com\/company\/senseca-measurement-solutions\/\",\"https:\/\/www.youtube.com\/@senseca-measurement-solutions\"]}]}<\/script>\n<!-- \/ Yoast SEO plugin. -->","yoast_head_json":{"title":"HD29 \u2013 Trasmettitori di Velocit\u00e0 dell\u2019Aria, Temperatura e Umidit\u00e0 Relativa - Temperatura, Umidit\u00e0, Velocit\u00e0 dell'Aria - Senseca Italy Srl","description":"Cerchi Temperatura, Umidit\u00e0, Velocit\u00e0 dell'Aria? Scopri le caratteristiche di HD29 \u2013 Trasmettitori di Velocit\u00e0 dell\u2019Aria, Temperatura e Umidit\u00e0 Relativa di Senseca Italy Srl","robots":{"index":"index","follow":"follow","max-snippet":"max-snippet:-1","max-image-preview":"max-image-preview:large","max-video-preview":"max-video-preview:-1"},"canonical":"https:\/\/environmental.senseca.com\/it\/prodotto\/hd29-trasmettitori-attivi-velocita-aria\/","og_locale":"it_IT","og_type":"article","og_title":"HD29 \u2013 Trasmettitori di Velocit\u00e0 dell\u2019Aria, Temperatura e Umidit\u00e0 Relativa - Temperatura, Umidit\u00e0, Velocit\u00e0 dell'Aria - Senseca Italy Srl","og_description":"Cerchi Temperatura, Umidit\u00e0, Velocit\u00e0 dell'Aria? Scopri le caratteristiche di HD29 \u2013 Trasmettitori di Velocit\u00e0 dell\u2019Aria, Temperatura e Umidit\u00e0 Relativa di Senseca Italy Srl","og_url":"https:\/\/environmental.senseca.com\/it\/prodotto\/hd29-trasmettitori-attivi-velocita-aria\/","og_site_name":"Senseca Italy Srl","article_modified_time":"2025-12-09T10:07:25+00:00","og_image":[{"width":1024,"height":1024,"url":"https:\/\/environmental.senseca.com\/wp-content\/uploads\/2018\/07\/img_fam_HD29371TO_front-1024x1024.png","type":"image\/png"}],"twitter_card":"summary_large_image","twitter_misc":{"Tempo di lettura stimato":"2 minuti"},"schema":{"@context":"https:\/\/schema.org","@graph":[{"@type":"WebPage","@id":"https:\/\/environmental.senseca.com\/it\/prodotto\/hd29-trasmettitori-attivi-velocita-aria\/","url":"https:\/\/environmental.senseca.com\/it\/prodotto\/hd29-trasmettitori-attivi-velocita-aria\/","name":"HD29 \u2013 Trasmettitori di Velocit\u00e0 dell\u2019Aria, Temperatura e Umidit\u00e0 Relativa - Temperatura, Umidit\u00e0, Velocit\u00e0 dell'Aria - Senseca Italy Srl","isPartOf":{"@id":"https:\/\/environmental.senseca.com\/#website"},"datePublished":"2018-07-31T14:43:23+00:00","dateModified":"2025-12-09T10:07:25+00:00","description":"Cerchi Temperatura, Umidit\u00e0, Velocit\u00e0 dell'Aria? Scopri le caratteristiche di HD29 \u2013 Trasmettitori di Velocit\u00e0 dell\u2019Aria, Temperatura e Umidit\u00e0 Relativa di Senseca Italy Srl","breadcrumb":{"@id":"https:\/\/environmental.senseca.com\/it\/prodotto\/hd29-trasmettitori-attivi-velocita-aria\/#breadcrumb"},"inLanguage":"it-IT","potentialAction":[{"@type":"ReadAction","target":["https:\/\/environmental.senseca.com\/it\/prodotto\/hd29-trasmettitori-attivi-velocita-aria\/"]}]},{"@type":"BreadcrumbList","@id":"https:\/\/environmental.senseca.com\/it\/prodotto\/hd29-trasmettitori-attivi-velocita-aria\/#breadcrumb","itemListElement":[{"@type":"ListItem","position":1,"name":"Home","item":"https:\/\/environmental.senseca.com\/it\/"},{"@type":"ListItem","position":2,"name":"Prodotti","item":"https:\/\/environmental.senseca.com\/products\/"},{"@type":"ListItem","position":3,"name":"HD29 \u2013 Trasmettitori di Velocit\u00e0 dell\u2019Aria, Temperatura e Umidit\u00e0 Relativa"}]},{"@type":"WebSite","@id":"https:\/\/environmental.senseca.com\/#website","url":"https:\/\/environmental.senseca.com\/","name":"Senseca Italy Srl","description":"Member of GHM GROUP","publisher":{"@id":"https:\/\/environmental.senseca.com\/#organization"},"alternateName":"Senseca","potentialAction":[{"@type":"SearchAction","target":{"@type":"EntryPoint","urlTemplate":"https:\/\/environmental.senseca.com\/?s={search_term_string}"},"query-input":"required name=search_term_string"}],"inLanguage":"it-IT"},{"@type":"Organization","@id":"https:\/\/environmental.senseca.com\/#organization","name":"Senseca Italy Srl","url":"https:\/\/environmental.senseca.com\/","logo":{"@type":"ImageObject","inLanguage":"it-IT","@id":"https:\/\/environmental.senseca.com\/#\/schema\/logo\/image\/","url":"https:\/\/environmental.senseca.com\/wp-content\/uploads\/2018\/07\/logo_prodotti.jpg","contentUrl":"https:\/\/environmental.senseca.com\/wp-content\/uploads\/2018\/07\/logo_prodotti.jpg","width":1000,"height":1000,"caption":"Senseca Italy Srl"},"image":{"@id":"https:\/\/environmental.senseca.com\/#\/schema\/logo\/image\/"},"sameAs":["https:\/\/www.linkedin.com\/company\/senseca-measurement-solutions\/","https:\/\/www.youtube.com\/@senseca-measurement-solutions"]}]}},"_links":{"self":[{"href":"https:\/\/environmental.senseca.com\/it\/wp-json\/wp\/v2\/product\/13225"}],"collection":[{"href":"https:\/\/environmental.senseca.com\/it\/wp-json\/wp\/v2\/product"}],"about":[{"href":"https:\/\/environmental.senseca.com\/it\/wp-json\/wp\/v2\/types\/product"}],"wp:featuredmedia":[{"embeddable":true,"href":"https:\/\/environmental.senseca.com\/it\/wp-json\/wp\/v2\/media\/16401"}],"wp:attachment":[{"href":"https:\/\/environmental.senseca.com\/it\/wp-json\/wp\/v2\/media?parent=13225"}],"wp:term":[{"taxonomy":"product_cat","embeddable":true,"href":"https:\/\/environmental.senseca.com\/it\/wp-json\/wp\/v2\/product_cat?post=13225"},{"taxonomy":"product_tag","embeddable":true,"href":"https:\/\/environmental.senseca.com\/it\/wp-json\/wp\/v2\/product_tag?post=13225"}],"curies":[{"name":"wp","href":"https:\/\/api.w.org\/{rel}","templated":true}]}}