{"id":16580,"date":"2025-11-20T14:28:03","date_gmt":"2026-01-20T14:28:03","guid":{"rendered":"https:\/\/environmental.senseca.com\/product\/btd-200-sistema-di-allerta-fulmini-a-corto-raggio\/"},"modified":"2026-02-09T12:21:59","modified_gmt":"2026-02-09T12:21:59","slug":"btd-200-sistema-di-allerta-fulmini-a-corto-raggio","status":"publish","type":"product","link":"https:\/\/environmental.senseca.com\/it\/prodotto\/btd-200-sistema-di-allerta-fulmini-a-corto-raggio\/","title":{"rendered":"BTD-200 &#8211; Sistema di allerta fulmini a corto raggio"},"content":{"rendered":"<p data-start=\"183\" data-end=\"990\">Il <strong data-start=\"186\" data-end=\"197\">BTD 200<\/strong> \u00e8 un sistema di allerta fulmini autocontenuto, progettato per fornire avvisi precoci e affidabili dell\u2019attivit\u00e0 temporalesca. Basato sulla stessa tecnologia di rilevamento collaudata impiegata nei sistemi professionali Biral di grado aeronautico, identifica fulminazioni <strong data-start=\"469\" data-end=\"506\">nube-terra, nube-nube e intranube<\/strong>, oltre a <strong data-start=\"516\" data-end=\"541\">precipitazione carica<\/strong> e <strong data-start=\"544\" data-end=\"588\">disturbi del campo elettrico atmosferico<\/strong>. Questo consente al BTD 200 di segnalare il rischio di fulminazione \u201coverhead\u201d anche prima del primo fulmine, offrendo un livello di protezione non ottenibile con rilevatori basati su radiofrequenza. Con una portata di rilevamento di <strong data-start=\"823\" data-end=\"832\">35 km<\/strong> e un <strong data-start=\"838\" data-end=\"868\">tasso di falsi allarmi &lt;2%<\/strong>, il BTD 200 garantisce una consapevolezza situazionale affidabile per la sicurezza outdoor e la pianificazione operativa.<\/p>\n<h3 data-start=\"992\" data-end=\"1022\">Caratteristiche principali<\/h3>\n<ul>\n<li data-start=\"1025\" data-end=\"1098\">Sistema di allerta completo, pronto all\u2019uso, con installazione semplice<\/li>\n<li data-start=\"1025\" data-end=\"1098\">Rilevamento precoce del rischio di fulminazione overhead prima della prima scarica<\/li>\n<li data-start=\"1188\" data-end=\"1280\">Rileva tutti i tipi di fulminazione, oltre a precipitazione carica e forti campi elettrici<\/li>\n<li data-start=\"1283\" data-end=\"1365\">Portata di rilevamento 35 km con prestazioni di livello professionale comprovate<\/li>\n<li data-start=\"1368\" data-end=\"1453\">Autotest automatico avanzato per assicurare un funzionamento affidabile del sistema<\/li>\n<li data-start=\"1456\" data-end=\"1641\"><strong data-start=\"1456\" data-end=\"1500\">Tasso di falsi allarmi molto basso (&lt;2%)<\/strong>, grazie al rilevamento di <strong data-start=\"1527\" data-end=\"1577\">disturbi del campo elettrico a bassa frequenza<\/strong> e al filtraggio delle interferenze radio a frequenza pi\u00f9 alta<\/li>\n<li data-start=\"1644\" data-end=\"1737\">Fornito con il <strong data-start=\"1659\" data-end=\"1694\">software server Lightning Works<\/strong> per monitoraggio, allerta e data logging<\/li>\n<li data-start=\"1740\" data-end=\"1851\">Conforme a <strong data-start=\"1751\" data-end=\"1786\">EN50536:2011+A1:2012 (Classe 1)<\/strong> e conforme alle prestazioni previste da <strong data-start=\"1827\" data-end=\"1851\">IEC 62793 (Classe A)<\/strong><\/li>\n<\/ul>\n<h3 data-start=\"1853\" data-end=\"1877\">Applicazioni tipiche<\/h3>\n<p data-start=\"1878\" data-end=\"2256\">Il BTD 200 \u00e8 ideale per siti in cui avvisi fulmini accurati e precoci migliorano direttamente la sicurezza e la continuit\u00e0 operativa. Le applicazioni pi\u00f9 comuni includono impianti sportivi, sedi di eventi all\u2019aperto, scuole, strutture ricreative, siti industriali, cantieri e installazioni meteorologiche professionali che richiedono allerta temporali affidabili in tempo reale.<\/p>\n<p><a href=\"https:\/\/www.biral.com\/product\/btd-200-lightning-warning-system\/#product-overview\" target=\"_blank\" rel=\"noopener\">Clicca qui per tutti i dettagli su BTD-200 al sito Senseca UK.<\/a><\/p>\n<p>&nbsp;<\/p>\n","protected":false},"excerpt":{"rendered":"<p>Allerta temporali professionale per sicurezza e continuit\u00e0 operativa: rileva tutti i tipi di fulminazione, oltre a precipitazione carica e disturbi del campo elettrico, con software Lightning Works per monitoraggio e data logging.<\/p>\n","protected":false},"featured_media":16579,"template":"","meta":[],"product_cat":[806],"product_tag":[],"brands":[{"id":1299,"name":"Tuoni &amp; Fulmini","slug":"tuoni-fulmini"}],"yoast_head":"<!-- This site is optimized with the Yoast SEO plugin v21.1 - https:\/\/yoast.com\/wordpress\/plugins\/seo\/ -->\n<title>BTD-200 - Sistema di allerta fulmini a corto raggio - Senseca Italy Srl<\/title>\n<meta name=\"description\" content=\"Cerchi strumenti Tuoni &amp; Fulmini? Scopri le caratteristiche di BTD-200 - Sistema di allerta fulmini a corto raggio, con raggio di 35 km, di Senseca Italy Srl.\" \/>\n<meta name=\"robots\" content=\"index, follow, max-snippet:-1, max-image-preview:large, max-video-preview:-1\" \/>\n<link rel=\"canonical\" href=\"https:\/\/environmental.senseca.com\/it\/prodotto\/btd-200-sistema-di-allerta-fulmini-a-corto-raggio\/\" \/>\n<meta property=\"og:locale\" content=\"it_IT\" \/>\n<meta property=\"og:type\" content=\"article\" \/>\n<meta property=\"og:title\" content=\"BTD-200 - Sistema di allerta fulmini a corto raggio - Senseca Italy Srl\" \/>\n<meta property=\"og:description\" content=\"Cerchi strumenti Tuoni &amp; Fulmini? Scopri le caratteristiche di BTD-200 - Sistema di allerta fulmini a corto raggio, con raggio di 35 km, di Senseca Italy Srl.\" \/>\n<meta property=\"og:url\" content=\"https:\/\/environmental.senseca.com\/it\/prodotto\/btd-200-sistema-di-allerta-fulmini-a-corto-raggio\/\" \/>\n<meta property=\"og:site_name\" content=\"Senseca Italy Srl\" \/>\n<meta property=\"article:modified_time\" content=\"2026-02-09T12:21:59+00:00\" \/>\n<meta property=\"og:image\" content=\"https:\/\/environmental.senseca.com\/wp-content\/uploads\/2026\/01\/BTD_200_front.png\" \/>\n\t<meta property=\"og:image:width\" content=\"1000\" \/>\n\t<meta property=\"og:image:height\" content=\"1000\" \/>\n\t<meta property=\"og:image:type\" content=\"image\/png\" \/>\n<meta name=\"twitter:card\" content=\"summary_large_image\" \/>\n<meta name=\"twitter:label1\" content=\"Tempo di lettura stimato\" \/>\n\t<meta name=\"twitter:data1\" content=\"2 minuti\" \/>\n<script type=\"application\/ld+json\" class=\"yoast-schema-graph\">{\"@context\":\"https:\/\/schema.org\",\"@graph\":[{\"@type\":\"WebPage\",\"@id\":\"https:\/\/environmental.senseca.com\/it\/prodotto\/btd-200-sistema-di-allerta-fulmini-a-corto-raggio\/\",\"url\":\"https:\/\/environmental.senseca.com\/it\/prodotto\/btd-200-sistema-di-allerta-fulmini-a-corto-raggio\/\",\"name\":\"BTD-200 - Sistema di allerta fulmini a corto raggio - Senseca Italy Srl\",\"isPartOf\":{\"@id\":\"https:\/\/environmental.senseca.com\/#website\"},\"datePublished\":\"2026-01-20T14:28:03+00:00\",\"dateModified\":\"2026-02-09T12:21:59+00:00\",\"description\":\"Cerchi strumenti Tuoni &amp; Fulmini? Scopri le caratteristiche di BTD-200 - Sistema di allerta fulmini a corto raggio, con raggio di 35 km, di Senseca Italy Srl.\",\"breadcrumb\":{\"@id\":\"https:\/\/environmental.senseca.com\/it\/prodotto\/btd-200-sistema-di-allerta-fulmini-a-corto-raggio\/#breadcrumb\"},\"inLanguage\":\"it-IT\",\"potentialAction\":[{\"@type\":\"ReadAction\",\"target\":[\"https:\/\/environmental.senseca.com\/it\/prodotto\/btd-200-sistema-di-allerta-fulmini-a-corto-raggio\/\"]}]},{\"@type\":\"BreadcrumbList\",\"@id\":\"https:\/\/environmental.senseca.com\/it\/prodotto\/btd-200-sistema-di-allerta-fulmini-a-corto-raggio\/#breadcrumb\",\"itemListElement\":[{\"@type\":\"ListItem\",\"position\":1,\"name\":\"Home\",\"item\":\"https:\/\/environmental.senseca.com\/it\/\"},{\"@type\":\"ListItem\",\"position\":2,\"name\":\"Prodotti\",\"item\":\"https:\/\/environmental.senseca.com\/products\/\"},{\"@type\":\"ListItem\",\"position\":3,\"name\":\"BTD-200 &#8211; Sistema di allerta fulmini a corto raggio\"}]},{\"@type\":\"WebSite\",\"@id\":\"https:\/\/environmental.senseca.com\/#website\",\"url\":\"https:\/\/environmental.senseca.com\/\",\"name\":\"Senseca Italy Srl\",\"description\":\"Member of GHM GROUP\",\"publisher\":{\"@id\":\"https:\/\/environmental.senseca.com\/#organization\"},\"alternateName\":\"Senseca\",\"potentialAction\":[{\"@type\":\"SearchAction\",\"target\":{\"@type\":\"EntryPoint\",\"urlTemplate\":\"https:\/\/environmental.senseca.com\/?s={search_term_string}\"},\"query-input\":\"required name=search_term_string\"}],\"inLanguage\":\"it-IT\"},{\"@type\":\"Organization\",\"@id\":\"https:\/\/environmental.senseca.com\/#organization\",\"name\":\"Senseca Italy Srl\",\"url\":\"https:\/\/environmental.senseca.com\/\",\"logo\":{\"@type\":\"ImageObject\",\"inLanguage\":\"it-IT\",\"@id\":\"https:\/\/environmental.senseca.com\/#\/schema\/logo\/image\/\",\"url\":\"https:\/\/environmental.senseca.com\/wp-content\/uploads\/2018\/07\/logo_prodotti.jpg\",\"contentUrl\":\"https:\/\/environmental.senseca.com\/wp-content\/uploads\/2018\/07\/logo_prodotti.jpg\",\"width\":1000,\"height\":1000,\"caption\":\"Senseca Italy Srl\"},\"image\":{\"@id\":\"https:\/\/environmental.senseca.com\/#\/schema\/logo\/image\/\"},\"sameAs\":[\"https:\/\/www.linkedin.com\/company\/senseca-measurement-solutions\/\",\"https:\/\/www.youtube.com\/@senseca-measurement-solutions\"]}]}<\/script>\n<!-- \/ Yoast SEO plugin. -->","yoast_head_json":{"title":"BTD-200 - Sistema di allerta fulmini a corto raggio - Senseca Italy Srl","description":"Cerchi strumenti Tuoni &amp; Fulmini? Scopri le caratteristiche di BTD-200 - Sistema di allerta fulmini a corto raggio, con raggio di 35 km, di Senseca Italy Srl.","robots":{"index":"index","follow":"follow","max-snippet":"max-snippet:-1","max-image-preview":"max-image-preview:large","max-video-preview":"max-video-preview:-1"},"canonical":"https:\/\/environmental.senseca.com\/it\/prodotto\/btd-200-sistema-di-allerta-fulmini-a-corto-raggio\/","og_locale":"it_IT","og_type":"article","og_title":"BTD-200 - Sistema di allerta fulmini a corto raggio - Senseca Italy Srl","og_description":"Cerchi strumenti Tuoni &amp; Fulmini? Scopri le caratteristiche di BTD-200 - Sistema di allerta fulmini a corto raggio, con raggio di 35 km, di Senseca Italy Srl.","og_url":"https:\/\/environmental.senseca.com\/it\/prodotto\/btd-200-sistema-di-allerta-fulmini-a-corto-raggio\/","og_site_name":"Senseca Italy Srl","article_modified_time":"2026-02-09T12:21:59+00:00","og_image":[{"width":1000,"height":1000,"url":"https:\/\/environmental.senseca.com\/wp-content\/uploads\/2026\/01\/BTD_200_front.png","type":"image\/png"}],"twitter_card":"summary_large_image","twitter_misc":{"Tempo di lettura stimato":"2 minuti"},"schema":{"@context":"https:\/\/schema.org","@graph":[{"@type":"WebPage","@id":"https:\/\/environmental.senseca.com\/it\/prodotto\/btd-200-sistema-di-allerta-fulmini-a-corto-raggio\/","url":"https:\/\/environmental.senseca.com\/it\/prodotto\/btd-200-sistema-di-allerta-fulmini-a-corto-raggio\/","name":"BTD-200 - Sistema di allerta fulmini a corto raggio - Senseca Italy Srl","isPartOf":{"@id":"https:\/\/environmental.senseca.com\/#website"},"datePublished":"2026-01-20T14:28:03+00:00","dateModified":"2026-02-09T12:21:59+00:00","description":"Cerchi strumenti Tuoni &amp; Fulmini? Scopri le caratteristiche di BTD-200 - Sistema di allerta fulmini a corto raggio, con raggio di 35 km, di Senseca Italy Srl.","breadcrumb":{"@id":"https:\/\/environmental.senseca.com\/it\/prodotto\/btd-200-sistema-di-allerta-fulmini-a-corto-raggio\/#breadcrumb"},"inLanguage":"it-IT","potentialAction":[{"@type":"ReadAction","target":["https:\/\/environmental.senseca.com\/it\/prodotto\/btd-200-sistema-di-allerta-fulmini-a-corto-raggio\/"]}]},{"@type":"BreadcrumbList","@id":"https:\/\/environmental.senseca.com\/it\/prodotto\/btd-200-sistema-di-allerta-fulmini-a-corto-raggio\/#breadcrumb","itemListElement":[{"@type":"ListItem","position":1,"name":"Home","item":"https:\/\/environmental.senseca.com\/it\/"},{"@type":"ListItem","position":2,"name":"Prodotti","item":"https:\/\/environmental.senseca.com\/products\/"},{"@type":"ListItem","position":3,"name":"BTD-200 &#8211; Sistema di allerta fulmini a corto raggio"}]},{"@type":"WebSite","@id":"https:\/\/environmental.senseca.com\/#website","url":"https:\/\/environmental.senseca.com\/","name":"Senseca Italy Srl","description":"Member of GHM GROUP","publisher":{"@id":"https:\/\/environmental.senseca.com\/#organization"},"alternateName":"Senseca","potentialAction":[{"@type":"SearchAction","target":{"@type":"EntryPoint","urlTemplate":"https:\/\/environmental.senseca.com\/?s={search_term_string}"},"query-input":"required name=search_term_string"}],"inLanguage":"it-IT"},{"@type":"Organization","@id":"https:\/\/environmental.senseca.com\/#organization","name":"Senseca Italy Srl","url":"https:\/\/environmental.senseca.com\/","logo":{"@type":"ImageObject","inLanguage":"it-IT","@id":"https:\/\/environmental.senseca.com\/#\/schema\/logo\/image\/","url":"https:\/\/environmental.senseca.com\/wp-content\/uploads\/2018\/07\/logo_prodotti.jpg","contentUrl":"https:\/\/environmental.senseca.com\/wp-content\/uploads\/2018\/07\/logo_prodotti.jpg","width":1000,"height":1000,"caption":"Senseca Italy Srl"},"image":{"@id":"https:\/\/environmental.senseca.com\/#\/schema\/logo\/image\/"},"sameAs":["https:\/\/www.linkedin.com\/company\/senseca-measurement-solutions\/","https:\/\/www.youtube.com\/@senseca-measurement-solutions"]}]}},"_links":{"self":[{"href":"https:\/\/environmental.senseca.com\/it\/wp-json\/wp\/v2\/product\/16580"}],"collection":[{"href":"https:\/\/environmental.senseca.com\/it\/wp-json\/wp\/v2\/product"}],"about":[{"href":"https:\/\/environmental.senseca.com\/it\/wp-json\/wp\/v2\/types\/product"}],"wp:featuredmedia":[{"embeddable":true,"href":"https:\/\/environmental.senseca.com\/it\/wp-json\/wp\/v2\/media\/16579"}],"wp:attachment":[{"href":"https:\/\/environmental.senseca.com\/it\/wp-json\/wp\/v2\/media?parent=16580"}],"wp:term":[{"taxonomy":"product_cat","embeddable":true,"href":"https:\/\/environmental.senseca.com\/it\/wp-json\/wp\/v2\/product_cat?post=16580"},{"taxonomy":"product_tag","embeddable":true,"href":"https:\/\/environmental.senseca.com\/it\/wp-json\/wp\/v2\/product_tag?post=16580"}],"curies":[{"name":"wp","href":"https:\/\/api.w.org\/{rel}","templated":true}]}}