{"id":16619,"date":"2025-11-09T14:11:06","date_gmt":"2026-02-09T14:11:06","guid":{"rendered":"https:\/\/environmental.senseca.com\/product\/sws-200-sensore-di-visibilita-forward-scatter-e-tempo-presente\/"},"modified":"2026-02-09T14:11:06","modified_gmt":"2026-02-09T14:11:06","slug":"sws-200-sensore-di-visibilita-forward-scatter-e-tempo-presente","status":"publish","type":"product","link":"https:\/\/environmental.senseca.com\/it\/prodotto\/sws-200-sensore-di-visibilita-forward-scatter-e-tempo-presente\/","title":{"rendered":"SWS-200 \u2013 Sensore di Visibilit\u00e0 Forward-Scatter e Tempo Presente"},"content":{"rendered":"<p><strong data-start=\"229\" data-end=\"240\">SWS-200<\/strong> \u00e8 un sensore compatto <strong data-start=\"263\" data-end=\"282\">forward scatter<\/strong> con un ricevitore aggiuntivo <strong data-start=\"312\" data-end=\"327\">backscatter<\/strong>, progettato per la <strong data-start=\"347\" data-end=\"411\">misura della visibilit\u00e0 (MOR \u2013 Meteorological Optical Range)<\/strong> e la <strong data-start=\"417\" data-end=\"451\">rilevazione del tempo presente<\/strong>. La combinazione dei due canali consente una migliore discriminazione tra <strong data-start=\"526\" data-end=\"564\">precipitazioni liquide e congelate<\/strong>, aumentando l\u2019affidabilit\u00e0 del dato soprattutto in presenza di precipitazioni miste o in rapido cambiamento\u2014un vantaggio concreto per applicazioni operative come <strong data-start=\"727\" data-end=\"740\">aviazione<\/strong>, <strong data-start=\"742\" data-end=\"766\">reti di osservazione<\/strong> e sistemi di monitoraggio meteo stradale.<\/p>\n<p data-start=\"465\" data-end=\"833\">Il range di visibilit\u00e0 standard del sensore \u00e8 <strong data-start=\"511\" data-end=\"525\">10 m\u201320 km<\/strong>, mentre il valore massimo pu\u00f2 essere configurato dall\u2019utente fino a <strong data-start=\"594\" data-end=\"606\">99,99 km<\/strong> tramite un semplice comando di configurazione. La visibilit\u00e0 pu\u00f2 essere fornita con risoluzione <strong data-start=\"703\" data-end=\"710\">1 m<\/strong> o <strong data-start=\"713\" data-end=\"721\">10 m<\/strong>, risultando ideale sia per un monitoraggio dettagliato a corto raggio sia per una reportistica stabile su rete.<\/p>\n<p data-start=\"835\" data-end=\"1311\">Progettato per un funzionamento continuo in esterno con manutenzione minima, l\u2019SWS-200 integra <strong data-start=\"930\" data-end=\"967\">riscaldamento della cuffia (hood)<\/strong>, monitoraggio della contaminazione delle finestre con correzione automatica e funzioni di <strong data-start=\"1058\" data-end=\"1076\">stato\/autotest<\/strong> integrate per mantenere la qualit\u00e0 dei dati nel tempo. Le interfacce seriali standard semplificano l\u2019integrazione e uno slot opzionale per scheda di espansione amplia la connettivit\u00e0 per esigenze specifiche (es. <strong data-start=\"1289\" data-end=\"1296\">RVR<\/strong> o I\/O legacy).<\/p>\n<h3 data-start=\"1313\" data-end=\"1342\">Caratteristiche principali<\/h3>\n<ul data-start=\"1343\" data-end=\"1855\">\n<li data-start=\"1343\" data-end=\"1452\">\n<p data-start=\"1345\" data-end=\"1452\"><strong data-start=\"1345\" data-end=\"1382\">Misura e report della visibilit\u00e0:<\/strong> MOR (default <strong data-start=\"1396\" data-end=\"1410\">10 m\u201320 km<\/strong>, max configurabile fino a <strong data-start=\"1437\" data-end=\"1449\">99,99 km<\/strong>)<\/p>\n<\/li>\n<li data-start=\"1453\" data-end=\"1565\">\n<p data-start=\"1455\" data-end=\"1565\"><strong data-start=\"1455\" data-end=\"1495\">Misura forward scatter + backscatter<\/strong> per una migliore separazione tra precipitazioni congelate e liquide<\/p>\n<\/li>\n<li data-start=\"1566\" data-end=\"1625\">\n<p data-start=\"1568\" data-end=\"1625\"><strong data-start=\"1568\" data-end=\"1596\">Codici di tempo presente<\/strong> secondo <strong data-start=\"1605\" data-end=\"1623\">WMO Table 4680<\/strong><\/p>\n<\/li>\n<li data-start=\"1626\" data-end=\"1722\">\n<p data-start=\"1628\" data-end=\"1722\"><strong data-start=\"1628\" data-end=\"1643\">Interfacce:<\/strong> RS232 \/ RS422 \/ RS485 (con espansione opzionale per integrazioni specifiche)<\/p>\n<\/li>\n<li data-start=\"1723\" data-end=\"1833\">\n<p data-start=\"1725\" data-end=\"1833\"><strong data-start=\"1725\" data-end=\"1756\">Monitoraggio contaminazione<\/strong>, report <strong data-start=\"1765\" data-end=\"1783\">stato\/autotest<\/strong> e <strong data-start=\"1786\" data-end=\"1808\">riscaldamento hood<\/strong> per bassa manutenzione<\/p>\n<\/li>\n<li data-start=\"1834\" data-end=\"1855\">\n<p data-start=\"1836\" data-end=\"1855\"><strong data-start=\"1836\" data-end=\"1855\">Garanzia 3 anni<\/strong><\/p>\n<\/li>\n<\/ul>\n<h3 data-start=\"1857\" data-end=\"1880\">Applicazioni tipiche<\/h3>\n<p data-start=\"1881\" data-end=\"2028\">Aeroporti e sistemi <strong data-start=\"1901\" data-end=\"1908\">RVR<\/strong>, reti <strong data-start=\"1915\" data-end=\"1930\">AWOS\/AMeDAS<\/strong>, monitoraggio meteo per strade e tunnel, parchi eolici, reti di osservazione nazionali\/regionali.<\/p>\n<p data-start=\"2030\" data-end=\"2099\" data-is-last-node=\"\" data-is-only-node=\"\"><a href=\"https:\/\/www.biral.com\/product\/sws-200-visibility-present-weather-sensor\/#product-overview\" target=\"_blank\" rel=\"noopener\">Clicca qui per tutti i dettagli su SWS-200 al sito Senseca UK.<\/a><\/p>\n<p data-start=\"2030\" data-end=\"2099\" data-is-last-node=\"\" data-is-only-node=\"\">\n<p hidden=\"\">SWS200<\/p>\n<p>&nbsp;<\/p>\n","protected":false},"excerpt":{"rendered":"<p>Sensore compatto di visibilit\u00e0 e tempo presente con ottiche dual-channel per una migliore discriminazione pioggia\/neve e reporting MOR a lungo raggio configurabile.<\/p>\n","protected":false},"featured_media":16618,"template":"","meta":[],"product_cat":[96,806],"product_tag":[],"brands":[{"id":1301,"name":"Visibilit\u00e0 &amp; Tempo Presente","slug":"visibilita-e-tempo-presente"},{"id":1300,"name":"Visibility &amp; Present Weather","slug":"visibility-and-present-weather"}],"yoast_head":"<!-- This site is optimized with the Yoast SEO plugin v21.1 - https:\/\/yoast.com\/wordpress\/plugins\/seo\/ -->\n<title>SWS-200 \u2013 Sensore di Visibilit\u00e0 Forward-Scatter e Tempo Presente - Visibilit\u00e0 &amp; Tempo Presente, Visibility &amp; Present Weather - Senseca Italy Srl<\/title>\n<meta name=\"description\" content=\"Cerchi Visibilit\u00e0 &amp; Tempo Presente, Visibility &amp; Present Weather? Scopri le caratteristiche di SWS-200 \u2013 Sensore di Visibilit\u00e0 Forward-Scatter e Tempo Presente di Senseca Italy Srl\" \/>\n<meta name=\"robots\" content=\"index, follow, max-snippet:-1, max-image-preview:large, max-video-preview:-1\" \/>\n<link rel=\"canonical\" href=\"https:\/\/environmental.senseca.com\/it\/prodotto\/sws-200-sensore-di-visibilita-forward-scatter-e-tempo-presente\/\" \/>\n<meta property=\"og:locale\" content=\"it_IT\" \/>\n<meta property=\"og:type\" content=\"article\" \/>\n<meta property=\"og:title\" content=\"SWS-200 \u2013 Sensore di Visibilit\u00e0 Forward-Scatter e Tempo Presente - Visibilit\u00e0 &amp; Tempo Presente, Visibility &amp; Present Weather - Senseca Italy Srl\" \/>\n<meta property=\"og:description\" content=\"Cerchi Visibilit\u00e0 &amp; Tempo Presente, Visibility &amp; Present Weather? Scopri le caratteristiche di SWS-200 \u2013 Sensore di Visibilit\u00e0 Forward-Scatter e Tempo Presente di Senseca Italy Srl\" \/>\n<meta property=\"og:url\" content=\"https:\/\/environmental.senseca.com\/it\/prodotto\/sws-200-sensore-di-visibilita-forward-scatter-e-tempo-presente\/\" \/>\n<meta property=\"og:site_name\" content=\"Senseca Italy Srl\" \/>\n<meta property=\"og:image\" content=\"https:\/\/environmental.senseca.com\/wp-content\/uploads\/2026\/02\/img_fam_SWS_200_right.png\" \/>\n\t<meta property=\"og:image:width\" content=\"1000\" \/>\n\t<meta property=\"og:image:height\" content=\"1000\" \/>\n\t<meta property=\"og:image:type\" content=\"image\/png\" \/>\n<meta name=\"twitter:card\" content=\"summary_large_image\" \/>\n<meta name=\"twitter:label1\" content=\"Tempo di lettura stimato\" \/>\n\t<meta name=\"twitter:data1\" content=\"1 minuto\" \/>\n<script type=\"application\/ld+json\" class=\"yoast-schema-graph\">{\"@context\":\"https:\/\/schema.org\",\"@graph\":[{\"@type\":\"WebPage\",\"@id\":\"https:\/\/environmental.senseca.com\/it\/prodotto\/sws-200-sensore-di-visibilita-forward-scatter-e-tempo-presente\/\",\"url\":\"https:\/\/environmental.senseca.com\/it\/prodotto\/sws-200-sensore-di-visibilita-forward-scatter-e-tempo-presente\/\",\"name\":\"SWS-200 \u2013 Sensore di Visibilit\u00e0 Forward-Scatter e Tempo Presente - Visibilit\u00e0 &amp; Tempo Presente, Visibility &amp; Present Weather - Senseca Italy Srl\",\"isPartOf\":{\"@id\":\"https:\/\/environmental.senseca.com\/#website\"},\"datePublished\":\"2026-02-09T14:11:06+00:00\",\"dateModified\":\"2026-02-09T14:11:06+00:00\",\"description\":\"Cerchi Visibilit\u00e0 &amp; Tempo Presente, Visibility &amp; Present Weather? Scopri le caratteristiche di SWS-200 \u2013 Sensore di Visibilit\u00e0 Forward-Scatter e Tempo Presente di Senseca Italy Srl\",\"breadcrumb\":{\"@id\":\"https:\/\/environmental.senseca.com\/it\/prodotto\/sws-200-sensore-di-visibilita-forward-scatter-e-tempo-presente\/#breadcrumb\"},\"inLanguage\":\"it-IT\",\"potentialAction\":[{\"@type\":\"ReadAction\",\"target\":[\"https:\/\/environmental.senseca.com\/it\/prodotto\/sws-200-sensore-di-visibilita-forward-scatter-e-tempo-presente\/\"]}]},{\"@type\":\"BreadcrumbList\",\"@id\":\"https:\/\/environmental.senseca.com\/it\/prodotto\/sws-200-sensore-di-visibilita-forward-scatter-e-tempo-presente\/#breadcrumb\",\"itemListElement\":[{\"@type\":\"ListItem\",\"position\":1,\"name\":\"Home\",\"item\":\"https:\/\/environmental.senseca.com\/it\/\"},{\"@type\":\"ListItem\",\"position\":2,\"name\":\"Prodotti\",\"item\":\"https:\/\/environmental.senseca.com\/products\/\"},{\"@type\":\"ListItem\",\"position\":3,\"name\":\"SWS-200 \u2013 Sensore di Visibilit\u00e0 Forward-Scatter e Tempo Presente\"}]},{\"@type\":\"WebSite\",\"@id\":\"https:\/\/environmental.senseca.com\/#website\",\"url\":\"https:\/\/environmental.senseca.com\/\",\"name\":\"Senseca Italy Srl\",\"description\":\"Member of GHM GROUP\",\"publisher\":{\"@id\":\"https:\/\/environmental.senseca.com\/#organization\"},\"alternateName\":\"Senseca\",\"potentialAction\":[{\"@type\":\"SearchAction\",\"target\":{\"@type\":\"EntryPoint\",\"urlTemplate\":\"https:\/\/environmental.senseca.com\/?s={search_term_string}\"},\"query-input\":\"required name=search_term_string\"}],\"inLanguage\":\"it-IT\"},{\"@type\":\"Organization\",\"@id\":\"https:\/\/environmental.senseca.com\/#organization\",\"name\":\"Senseca Italy Srl\",\"url\":\"https:\/\/environmental.senseca.com\/\",\"logo\":{\"@type\":\"ImageObject\",\"inLanguage\":\"it-IT\",\"@id\":\"https:\/\/environmental.senseca.com\/#\/schema\/logo\/image\/\",\"url\":\"https:\/\/environmental.senseca.com\/wp-content\/uploads\/2018\/07\/logo_prodotti.jpg\",\"contentUrl\":\"https:\/\/environmental.senseca.com\/wp-content\/uploads\/2018\/07\/logo_prodotti.jpg\",\"width\":1000,\"height\":1000,\"caption\":\"Senseca Italy Srl\"},\"image\":{\"@id\":\"https:\/\/environmental.senseca.com\/#\/schema\/logo\/image\/\"},\"sameAs\":[\"https:\/\/www.linkedin.com\/company\/senseca-measurement-solutions\/\",\"https:\/\/www.youtube.com\/@senseca-measurement-solutions\"]}]}<\/script>\n<!-- \/ Yoast SEO plugin. -->","yoast_head_json":{"title":"SWS-200 \u2013 Sensore di Visibilit\u00e0 Forward-Scatter e Tempo Presente - Visibilit\u00e0 &amp; Tempo Presente, Visibility &amp; Present Weather - Senseca Italy Srl","description":"Cerchi Visibilit\u00e0 &amp; Tempo Presente, Visibility &amp; Present Weather? Scopri le caratteristiche di SWS-200 \u2013 Sensore di Visibilit\u00e0 Forward-Scatter e Tempo Presente di Senseca Italy Srl","robots":{"index":"index","follow":"follow","max-snippet":"max-snippet:-1","max-image-preview":"max-image-preview:large","max-video-preview":"max-video-preview:-1"},"canonical":"https:\/\/environmental.senseca.com\/it\/prodotto\/sws-200-sensore-di-visibilita-forward-scatter-e-tempo-presente\/","og_locale":"it_IT","og_type":"article","og_title":"SWS-200 \u2013 Sensore di Visibilit\u00e0 Forward-Scatter e Tempo Presente - Visibilit\u00e0 &amp; Tempo Presente, Visibility &amp; Present Weather - Senseca Italy Srl","og_description":"Cerchi Visibilit\u00e0 &amp; Tempo Presente, Visibility &amp; Present Weather? Scopri le caratteristiche di SWS-200 \u2013 Sensore di Visibilit\u00e0 Forward-Scatter e Tempo Presente di Senseca Italy Srl","og_url":"https:\/\/environmental.senseca.com\/it\/prodotto\/sws-200-sensore-di-visibilita-forward-scatter-e-tempo-presente\/","og_site_name":"Senseca Italy Srl","og_image":[{"width":1000,"height":1000,"url":"https:\/\/environmental.senseca.com\/wp-content\/uploads\/2026\/02\/img_fam_SWS_200_right.png","type":"image\/png"}],"twitter_card":"summary_large_image","twitter_misc":{"Tempo di lettura stimato":"1 minuto"},"schema":{"@context":"https:\/\/schema.org","@graph":[{"@type":"WebPage","@id":"https:\/\/environmental.senseca.com\/it\/prodotto\/sws-200-sensore-di-visibilita-forward-scatter-e-tempo-presente\/","url":"https:\/\/environmental.senseca.com\/it\/prodotto\/sws-200-sensore-di-visibilita-forward-scatter-e-tempo-presente\/","name":"SWS-200 \u2013 Sensore di Visibilit\u00e0 Forward-Scatter e Tempo Presente - Visibilit\u00e0 &amp; Tempo Presente, Visibility &amp; Present Weather - Senseca Italy Srl","isPartOf":{"@id":"https:\/\/environmental.senseca.com\/#website"},"datePublished":"2026-02-09T14:11:06+00:00","dateModified":"2026-02-09T14:11:06+00:00","description":"Cerchi Visibilit\u00e0 &amp; Tempo Presente, Visibility &amp; Present Weather? Scopri le caratteristiche di SWS-200 \u2013 Sensore di Visibilit\u00e0 Forward-Scatter e Tempo Presente di Senseca Italy Srl","breadcrumb":{"@id":"https:\/\/environmental.senseca.com\/it\/prodotto\/sws-200-sensore-di-visibilita-forward-scatter-e-tempo-presente\/#breadcrumb"},"inLanguage":"it-IT","potentialAction":[{"@type":"ReadAction","target":["https:\/\/environmental.senseca.com\/it\/prodotto\/sws-200-sensore-di-visibilita-forward-scatter-e-tempo-presente\/"]}]},{"@type":"BreadcrumbList","@id":"https:\/\/environmental.senseca.com\/it\/prodotto\/sws-200-sensore-di-visibilita-forward-scatter-e-tempo-presente\/#breadcrumb","itemListElement":[{"@type":"ListItem","position":1,"name":"Home","item":"https:\/\/environmental.senseca.com\/it\/"},{"@type":"ListItem","position":2,"name":"Prodotti","item":"https:\/\/environmental.senseca.com\/products\/"},{"@type":"ListItem","position":3,"name":"SWS-200 \u2013 Sensore di Visibilit\u00e0 Forward-Scatter e Tempo Presente"}]},{"@type":"WebSite","@id":"https:\/\/environmental.senseca.com\/#website","url":"https:\/\/environmental.senseca.com\/","name":"Senseca Italy Srl","description":"Member of GHM GROUP","publisher":{"@id":"https:\/\/environmental.senseca.com\/#organization"},"alternateName":"Senseca","potentialAction":[{"@type":"SearchAction","target":{"@type":"EntryPoint","urlTemplate":"https:\/\/environmental.senseca.com\/?s={search_term_string}"},"query-input":"required name=search_term_string"}],"inLanguage":"it-IT"},{"@type":"Organization","@id":"https:\/\/environmental.senseca.com\/#organization","name":"Senseca Italy Srl","url":"https:\/\/environmental.senseca.com\/","logo":{"@type":"ImageObject","inLanguage":"it-IT","@id":"https:\/\/environmental.senseca.com\/#\/schema\/logo\/image\/","url":"https:\/\/environmental.senseca.com\/wp-content\/uploads\/2018\/07\/logo_prodotti.jpg","contentUrl":"https:\/\/environmental.senseca.com\/wp-content\/uploads\/2018\/07\/logo_prodotti.jpg","width":1000,"height":1000,"caption":"Senseca Italy Srl"},"image":{"@id":"https:\/\/environmental.senseca.com\/#\/schema\/logo\/image\/"},"sameAs":["https:\/\/www.linkedin.com\/company\/senseca-measurement-solutions\/","https:\/\/www.youtube.com\/@senseca-measurement-solutions"]}]}},"_links":{"self":[{"href":"https:\/\/environmental.senseca.com\/it\/wp-json\/wp\/v2\/product\/16619"}],"collection":[{"href":"https:\/\/environmental.senseca.com\/it\/wp-json\/wp\/v2\/product"}],"about":[{"href":"https:\/\/environmental.senseca.com\/it\/wp-json\/wp\/v2\/types\/product"}],"wp:featuredmedia":[{"embeddable":true,"href":"https:\/\/environmental.senseca.com\/it\/wp-json\/wp\/v2\/media\/16618"}],"wp:attachment":[{"href":"https:\/\/environmental.senseca.com\/it\/wp-json\/wp\/v2\/media?parent=16619"}],"wp:term":[{"taxonomy":"product_cat","embeddable":true,"href":"https:\/\/environmental.senseca.com\/it\/wp-json\/wp\/v2\/product_cat?post=16619"},{"taxonomy":"product_tag","embeddable":true,"href":"https:\/\/environmental.senseca.com\/it\/wp-json\/wp\/v2\/product_tag?post=16619"}],"curies":[{"name":"wp","href":"https:\/\/api.w.org\/{rel}","templated":true}]}}